{"id":363,"date":"2017-02-05T12:33:02","date_gmt":"2017-02-05T11:33:02","guid":{"rendered":"https:\/\/iste.yhello.co\/product\/la-thermodynamique-concrete\/"},"modified":"2024-01-03T13:39:35","modified_gmt":"2024-01-03T13:39:35","slug":"la-thermodynamique-concrete","status":"publish","type":"product","link":"https:\/\/www.istegroup.com\/fr\/produit\/la-thermodynamique-concrete\/","title":{"rendered":"La thermodynamique concr\u00e8te"},"content":{"rendered":"<p>Cet ouvrage est le premier volume de la s\u00e9rie\u00a0<em>Equipements industriels pour le g\u00e9nie des proc\u00e9d\u00e9s<\/em>. Il propose une \u00e9tude approfondie et diversifi\u00e9e de cette discipline.<\/p>\n<p><em>La thermodynamique concr\u00e8te<\/em>\u00a0d\u00e9taille les concepts n\u00e9cessaires \u00e0 l\u2019\u00e9tude de l\u2019\u00e9nergie : les syst\u00e8mes, les \u00e9tats, les lois et les th\u00e9or\u00e8mes qui s\u2019y r\u00e9f\u00e8rent. Les \u00e9quilibres entre phases sont \u00e9tudi\u00e9s \u00e0 travers les notions d\u2019activit\u00e9 et de fugacit\u00e9. Les transferts de mati\u00e8re s\u2019en d\u00e9duisent facilement en particulier s\u2019ils sont accompagn\u00e9s de transfert de chaleur.<\/p>\n<p>Le choix et la description des \u00e9quipements, en particulier l\u2019indication de leur rendement, faciliteront la conception de logiciels utiles. Des annexes fournissent des compl\u00e9ments pour certains calculs complexes. Enfin, de nombreuses r\u00e9f\u00e9rences permettent au lecteur d\u2019approfondir les questions de son choix.<\/p>\n","protected":false},"excerpt":{"rendered":"<p>Cet ouvrage est le premier volume de la s\u00e9rie\u00a0Equipements industriels pour le g\u00e9nie des proc\u00e9d\u00e9s. Il propose une \u00e9tude approfondie et diversifi\u00e9e de cette discipline. La thermodynamique concr\u00e8te\u00a0d\u00e9taille les concepts n\u00e9cessaires \u00e0 l\u2019\u00e9tude de l\u2019\u00e9nergie : les syst\u00e8mes, les \u00e9tats, les lois et les th\u00e9or\u00e8mes qui s\u2019y r\u00e9f\u00e8rent. Les \u00e9quilibres entre phases sont \u00e9tudi\u00e9s \u00e0 [&hellip;]<\/p>\n","protected":false},"featured_media":364,"template":"","meta":{"_acf_changed":false,"_links_to":"","_links_to_target":""},"product_brand":[],"product_cat":[663,675,691],"product_tag":[447,31,196,296,433,460,448,449,248,197,198,199,21,200,22,250,201,451,203,204,63,25,172,209,452,212,38,192,145,28,453,454,457,455,456,458,459],"class_list":{"0":"post-363","1":"product","2":"type-product","3":"status-publish","4":"has-post-thumbnail","6":"product_cat-gnie-des-procds-12506436","7":"product_cat-nouveauts-12519446","8":"product_cat-srie-equipements-industriels-pour-le-gnie-des-procds-408089489","9":"product_tag-activite","10":"product_tag-ebook","11":"product_tag-ebooks","12":"product_tag-energie","13":"product_tag-equipement","14":"product_tag-etats","15":"product_tag-fonctions-thermodynamiques","16":"product_tag-fugacite","17":"product_tag-industriel","18":"product_tag-iste","19":"product_tag-iste-edition","20":"product_tag-iste-editions","21":"product_tag-iste-group","22":"product_tag-isteedition","23":"product_tag-istegroup","24":"product_tag-jean-paul-duroudier","25":"product_tag-kindle","26":"product_tag-la-thermodynamique-concrete","27":"product_tag-liseuse","28":"product_tag-livre","29":"product_tag-livre-electronique","30":"product_tag-livre-numerique","31":"product_tag-livre-scientifique","32":"product_tag-livres-scientifiques","33":"product_tag-matiere","34":"product_tag-ouvrage","35":"product_tag-ouvrage-numerique","36":"product_tag-ouvrage-science","37":"product_tag-ouvrage-scientifique","38":"product_tag-ouvrage-scientifique-francais","39":"product_tag-phases","40":"product_tag-systemes","41":"product_tag-theoremes","42":"product_tag-thermodynamique","43":"product_tag-thermodynamiques","44":"product_tag-transfert","45":"product_tag-transfert-de-chaleur","47":"first","48":"instock","49":"shipping-taxable","50":"purchasable","51":"product-type-variable"},"acf":[],"yoast_head":"<!-- This site is optimized with the Yoast SEO plugin v27.2 - https:\/\/yoast.com\/product\/yoast-seo-wordpress\/ -->\n<title>La thermodynamique concr\u00e8te - ISTE Group<\/title>\n<meta name=\"description\" content=\"La thermodynamique concr\u00e8te\u00a0d\u00e9taille les concepts n\u00e9cessaires \u00e0 l\u2019\u00e9tude de l\u2019\u00e9nergie : les syst\u00e8mes, les \u00e9tats, les lois et les th\u00e9or\u00e8mes qui s\u2019y r\u00e9f\u00e8rent.\" \/>\n<meta name=\"robots\" content=\"index, follow, max-snippet:-1, max-image-preview:large, max-video-preview:-1\" \/>\n<link rel=\"canonical\" href=\"https:\/\/www.istegroup.com\/en\/produit\/la-thermodynamique-concrete\/\" \/>\n<meta property=\"og:locale\" content=\"fr_FR\" \/>\n<meta property=\"og:type\" content=\"article\" \/>\n<meta property=\"og:title\" content=\"La thermodynamique concr\u00e8te - ISTE Group\" \/>\n<meta property=\"og:description\" content=\"La thermodynamique concr\u00e8te\u00a0d\u00e9taille les concepts n\u00e9cessaires \u00e0 l\u2019\u00e9tude de l\u2019\u00e9nergie : les syst\u00e8mes, les \u00e9tats, les lois et les th\u00e9or\u00e8mes qui s\u2019y r\u00e9f\u00e8rent.\" \/>\n<meta property=\"og:url\" content=\"https:\/\/www.istegroup.com\/en\/produit\/la-thermodynamique-concrete\/\" \/>\n<meta property=\"og:site_name\" content=\"ISTE Group\" \/>\n<meta property=\"article:modified_time\" content=\"2024-01-03T13:39:35+00:00\" \/>\n<meta property=\"og:image\" content=\"https:\/\/www.istegroup.com\/wp-content\/uploads\/2017\/07\/18561811409_8563040977-1.jpg\" \/>\n\t<meta property=\"og:image:width\" content=\"1366\" \/>\n\t<meta property=\"og:image:height\" content=\"2048\" \/>\n\t<meta property=\"og:image:type\" content=\"image\/jpeg\" \/>\n<meta name=\"twitter:card\" content=\"summary_large_image\" \/>\n<meta name=\"twitter:label1\" content=\"Est. reading time\" \/>\n\t<meta name=\"twitter:data1\" content=\"1 minute\" \/>\n<script type=\"application\/ld+json\" class=\"yoast-schema-graph\">{\"@context\":\"https:\/\/schema.org\",\"@graph\":[{\"@type\":\"WebPage\",\"@id\":\"https:\/\/www.istegroup.com\/en\/produit\/la-thermodynamique-concrete\/\",\"url\":\"https:\/\/www.istegroup.com\/en\/produit\/la-thermodynamique-concrete\/\",\"name\":\"La thermodynamique concr\u00e8te - ISTE Group\",\"isPartOf\":{\"@id\":\"https:\/\/www.istegroup.com\/#website\"},\"primaryImageOfPage\":{\"@id\":\"https:\/\/www.istegroup.com\/en\/produit\/la-thermodynamique-concrete\/#primaryimage\"},\"image\":{\"@id\":\"https:\/\/www.istegroup.com\/en\/produit\/la-thermodynamique-concrete\/#primaryimage\"},\"thumbnailUrl\":\"https:\/\/www.istegroup.com\/wp-content\/uploads\/2017\/07\/18561811409_8563040977-1.jpg\",\"datePublished\":\"2017-02-05T11:33:02+00:00\",\"dateModified\":\"2024-01-03T13:39:35+00:00\",\"description\":\"La thermodynamique concr\u00e8te\u00a0d\u00e9taille les concepts n\u00e9cessaires \u00e0 l\u2019\u00e9tude de l\u2019\u00e9nergie : les syst\u00e8mes, les \u00e9tats, les lois et les th\u00e9or\u00e8mes qui s\u2019y r\u00e9f\u00e8rent.\",\"breadcrumb\":{\"@id\":\"https:\/\/www.istegroup.com\/en\/produit\/la-thermodynamique-concrete\/#breadcrumb\"},\"inLanguage\":\"fr-FR\",\"potentialAction\":[{\"@type\":\"ReadAction\",\"target\":[\"https:\/\/www.istegroup.com\/en\/produit\/la-thermodynamique-concrete\/\"]}]},{\"@type\":\"ImageObject\",\"inLanguage\":\"fr-FR\",\"@id\":\"https:\/\/www.istegroup.com\/en\/produit\/la-thermodynamique-concrete\/#primaryimage\",\"url\":\"https:\/\/www.istegroup.com\/wp-content\/uploads\/2017\/07\/18561811409_8563040977-1.jpg\",\"contentUrl\":\"https:\/\/www.istegroup.com\/wp-content\/uploads\/2017\/07\/18561811409_8563040977-1.jpg\",\"width\":1366,\"height\":2048,\"caption\":\"La thermodynamique concr\u00e8te\"},{\"@type\":\"BreadcrumbList\",\"@id\":\"https:\/\/www.istegroup.com\/en\/produit\/la-thermodynamique-concrete\/#breadcrumb\",\"itemListElement\":[{\"@type\":\"ListItem\",\"position\":1,\"name\":\"Home\",\"item\":\"https:\/\/www.istegroup.com\/\"},{\"@type\":\"ListItem\",\"position\":2,\"name\":\"Shop\",\"item\":\"https:\/\/www.istegroup.com\/fr\/nouveautes\/\"},{\"@type\":\"ListItem\",\"position\":3,\"name\":\"La thermodynamique concr\u00e8te\"}]},{\"@type\":\"WebSite\",\"@id\":\"https:\/\/www.istegroup.com\/#website\",\"url\":\"https:\/\/www.istegroup.com\/\",\"name\":\"ISTE Group\",\"description\":\"\u00c9diteur des Sciences\",\"potentialAction\":[{\"@type\":\"SearchAction\",\"target\":{\"@type\":\"EntryPoint\",\"urlTemplate\":\"https:\/\/www.istegroup.com\/?s={search_term_string}\"},\"query-input\":{\"@type\":\"PropertyValueSpecification\",\"valueRequired\":true,\"valueName\":\"search_term_string\"}}],\"inLanguage\":\"fr-FR\"}]}<\/script>\n<!-- \/ Yoast SEO plugin. -->","yoast_head_json":{"title":"La thermodynamique concr\u00e8te - ISTE Group","description":"La thermodynamique concr\u00e8te\u00a0d\u00e9taille les concepts n\u00e9cessaires \u00e0 l\u2019\u00e9tude de l\u2019\u00e9nergie : les syst\u00e8mes, les \u00e9tats, les lois et les th\u00e9or\u00e8mes qui s\u2019y r\u00e9f\u00e8rent.","robots":{"index":"index","follow":"follow","max-snippet":"max-snippet:-1","max-image-preview":"max-image-preview:large","max-video-preview":"max-video-preview:-1"},"canonical":"https:\/\/www.istegroup.com\/en\/produit\/la-thermodynamique-concrete\/","og_locale":"fr_FR","og_type":"article","og_title":"La thermodynamique concr\u00e8te - ISTE Group","og_description":"La thermodynamique concr\u00e8te\u00a0d\u00e9taille les concepts n\u00e9cessaires \u00e0 l\u2019\u00e9tude de l\u2019\u00e9nergie : les syst\u00e8mes, les \u00e9tats, les lois et les th\u00e9or\u00e8mes qui s\u2019y r\u00e9f\u00e8rent.","og_url":"https:\/\/www.istegroup.com\/en\/produit\/la-thermodynamique-concrete\/","og_site_name":"ISTE Group","article_modified_time":"2024-01-03T13:39:35+00:00","og_image":[{"width":1366,"height":2048,"url":"https:\/\/www.istegroup.com\/wp-content\/uploads\/2017\/07\/18561811409_8563040977-1.jpg","type":"image\/jpeg"}],"twitter_card":"summary_large_image","twitter_misc":{"Est. reading time":"1 minute"},"schema":{"@context":"https:\/\/schema.org","@graph":[{"@type":"WebPage","@id":"https:\/\/www.istegroup.com\/en\/produit\/la-thermodynamique-concrete\/","url":"https:\/\/www.istegroup.com\/en\/produit\/la-thermodynamique-concrete\/","name":"La thermodynamique concr\u00e8te - ISTE Group","isPartOf":{"@id":"https:\/\/www.istegroup.com\/#website"},"primaryImageOfPage":{"@id":"https:\/\/www.istegroup.com\/en\/produit\/la-thermodynamique-concrete\/#primaryimage"},"image":{"@id":"https:\/\/www.istegroup.com\/en\/produit\/la-thermodynamique-concrete\/#primaryimage"},"thumbnailUrl":"https:\/\/www.istegroup.com\/wp-content\/uploads\/2017\/07\/18561811409_8563040977-1.jpg","datePublished":"2017-02-05T11:33:02+00:00","dateModified":"2024-01-03T13:39:35+00:00","description":"La thermodynamique concr\u00e8te\u00a0d\u00e9taille les concepts n\u00e9cessaires \u00e0 l\u2019\u00e9tude de l\u2019\u00e9nergie : les syst\u00e8mes, les \u00e9tats, les lois et les th\u00e9or\u00e8mes qui s\u2019y r\u00e9f\u00e8rent.","breadcrumb":{"@id":"https:\/\/www.istegroup.com\/en\/produit\/la-thermodynamique-concrete\/#breadcrumb"},"inLanguage":"fr-FR","potentialAction":[{"@type":"ReadAction","target":["https:\/\/www.istegroup.com\/en\/produit\/la-thermodynamique-concrete\/"]}]},{"@type":"ImageObject","inLanguage":"fr-FR","@id":"https:\/\/www.istegroup.com\/en\/produit\/la-thermodynamique-concrete\/#primaryimage","url":"https:\/\/www.istegroup.com\/wp-content\/uploads\/2017\/07\/18561811409_8563040977-1.jpg","contentUrl":"https:\/\/www.istegroup.com\/wp-content\/uploads\/2017\/07\/18561811409_8563040977-1.jpg","width":1366,"height":2048,"caption":"La thermodynamique concr\u00e8te"},{"@type":"BreadcrumbList","@id":"https:\/\/www.istegroup.com\/en\/produit\/la-thermodynamique-concrete\/#breadcrumb","itemListElement":[{"@type":"ListItem","position":1,"name":"Home","item":"https:\/\/www.istegroup.com\/"},{"@type":"ListItem","position":2,"name":"Shop","item":"https:\/\/www.istegroup.com\/fr\/nouveautes\/"},{"@type":"ListItem","position":3,"name":"La thermodynamique concr\u00e8te"}]},{"@type":"WebSite","@id":"https:\/\/www.istegroup.com\/#website","url":"https:\/\/www.istegroup.com\/","name":"ISTE Group","description":"\u00c9diteur des Sciences","potentialAction":[{"@type":"SearchAction","target":{"@type":"EntryPoint","urlTemplate":"https:\/\/www.istegroup.com\/?s={search_term_string}"},"query-input":{"@type":"PropertyValueSpecification","valueRequired":true,"valueName":"search_term_string"}}],"inLanguage":"fr-FR"}]}},"_links":{"self":[{"href":"https:\/\/www.istegroup.com\/fr\/wp-json\/wp\/v2\/product\/363","targetHints":{"allow":["GET"]}}],"collection":[{"href":"https:\/\/www.istegroup.com\/fr\/wp-json\/wp\/v2\/product"}],"about":[{"href":"https:\/\/www.istegroup.com\/fr\/wp-json\/wp\/v2\/types\/product"}],"wp:featuredmedia":[{"embeddable":true,"href":"https:\/\/www.istegroup.com\/fr\/wp-json\/wp\/v2\/media\/364"}],"wp:attachment":[{"href":"https:\/\/www.istegroup.com\/fr\/wp-json\/wp\/v2\/media?parent=363"}],"wp:term":[{"taxonomy":"product_brand","embeddable":true,"href":"https:\/\/www.istegroup.com\/fr\/wp-json\/wp\/v2\/product_brand?post=363"},{"taxonomy":"product_cat","embeddable":true,"href":"https:\/\/www.istegroup.com\/fr\/wp-json\/wp\/v2\/product_cat?post=363"},{"taxonomy":"product_tag","embeddable":true,"href":"https:\/\/www.istegroup.com\/fr\/wp-json\/wp\/v2\/product_tag?post=363"}],"curies":[{"name":"wp","href":"https:\/\/api.w.org\/{rel}","templated":true}]}}