{"id":355,"date":"2017-07-28T12:10:59","date_gmt":"2017-07-28T10:10:59","guid":{"rendered":"https:\/\/iste.yhello.co\/product\/la-recherche-dinformation-dans-les-environnements-numeriques\/"},"modified":"2024-01-03T13:43:42","modified_gmt":"2024-01-03T13:43:42","slug":"la-recherche-dinformation-dans-les-environnements-numeriques","status":"publish","type":"product","link":"https:\/\/www.istegroup.com\/fr\/produit\/la-recherche-dinformation-dans-les-environnements-numeriques\/","title":{"rendered":"La recherche d&rsquo;information dans les environnements num\u00e9riques"},"content":{"rendered":"<p>Au-del\u00e0 des contraintes technologiques, de bande passante ou d\u2019algorithmes, la recherche d\u2019information est avant tout une question humaine. Que ce soit pour apprendre, communiquer, se divertir ou se d\u00e9placer, nous disposons d\u2019un ensemble de solutions technologiques toujours plus performantes, plus rapides et plus mobiles. Mais si les d\u00e9couvertes techniques et technologiques ne cessent de progresser, les principaux facteurs expliquant les \u00e9checs rel\u00e8vent de facteurs humains.<\/p>\n<p>Cet ouvrage traite de la recherche d\u2019information dans les environnements num\u00e9riques sous l\u2019angle de la psychologie ergonomique, focalis\u00e9e sur l\u2019humain, ses comportements, ses besoins, ses attentes, ses limites et ses processus mentaux. Il analyse les principaux mod\u00e8les conceptuels et propose plusieurs exemples d\u2019\u00e9tudes centr\u00e9es-usagers afin de comprendre quels sont les int\u00e9r\u00eats de cette voie alliant ergonomie et psychologie.<\/p>\n","protected":false},"excerpt":{"rendered":"<p>Version papier \u00e9puis\u00e9e<\/p>\n","protected":false},"featured_media":356,"template":"","meta":{"_acf_changed":false,"_links_to":"","_links_to_target":""},"product_brand":[],"product_cat":[707],"product_tag":[31,196,1571,833,608,197,198,199,21,200,22,1572,201,1573,203,204,63,25,172,209,1530,212,38,192,145,28,253,262],"class_list":{"0":"post-355","1":"product","2":"type-product","3":"status-publish","4":"has-post-thumbnail","6":"product_cat-systmes-dinformation-web-et-socit-12506570","7":"product_tag-ebook","8":"product_tag-ebooks","9":"product_tag-environnements-numeriques","10":"product_tag-information","11":"product_tag-informatique","12":"product_tag-iste","13":"product_tag-iste-edition","14":"product_tag-iste-editions","15":"product_tag-iste-group","16":"product_tag-isteedition","17":"product_tag-istegroup","18":"product_tag-jerome-dinet","19":"product_tag-kindle","20":"product_tag-la-recherche-dinformation-dans-les-environnements-numeriques","21":"product_tag-liseuse","22":"product_tag-livre","23":"product_tag-livre-electronique","24":"product_tag-livre-numerique","25":"product_tag-livre-scientifique","26":"product_tag-livres-scientifiques","27":"product_tag-numeriques","28":"product_tag-ouvrage","29":"product_tag-ouvrage-numerique","30":"product_tag-ouvrage-science","31":"product_tag-ouvrage-scientifique","32":"product_tag-ouvrage-scientifique-francais","33":"product_tag-technologie","34":"product_tag-technologies","36":"first","37":"instock","38":"shipping-taxable","39":"purchasable","40":"product-type-variable"},"acf":[],"yoast_head":"<!-- This site is optimized with the Yoast SEO plugin v27.2 - https:\/\/yoast.com\/product\/yoast-seo-wordpress\/ -->\n<title>La recherche d&#039;information dans les environnements num\u00e9riques - ISTE Group<\/title>\n<meta name=\"description\" content=\"Cet ouvrage traite de la recherche d\u2019information dans les environnements num\u00e9riques sous l\u2019angle de la psychologie ergonomique.\" \/>\n<meta name=\"robots\" content=\"index, follow, max-snippet:-1, max-image-preview:large, max-video-preview:-1\" \/>\n<link rel=\"canonical\" href=\"https:\/\/www.istegroup.com\/fr\/produit\/la-recherche-dinformation-dans-les-environnements-numeriques\/\" \/>\n<meta property=\"og:locale\" content=\"fr_FR\" \/>\n<meta property=\"og:type\" content=\"article\" \/>\n<meta property=\"og:title\" content=\"La recherche d&#039;information dans les environnements num\u00e9riques - ISTE Group\" \/>\n<meta property=\"og:description\" content=\"Cet ouvrage traite de la recherche d\u2019information dans les environnements num\u00e9riques sous l\u2019angle de la psychologie ergonomique.\" \/>\n<meta property=\"og:url\" content=\"https:\/\/www.istegroup.com\/fr\/produit\/la-recherche-dinformation-dans-les-environnements-numeriques\/\" \/>\n<meta property=\"og:site_name\" content=\"ISTE Group\" \/>\n<meta property=\"article:modified_time\" content=\"2024-01-03T13:43:42+00:00\" \/>\n<meta property=\"og:image\" content=\"https:\/\/www.istegroup.com\/wp-content\/uploads\/2017\/07\/707642701_290346861-1.jpg\" \/>\n\t<meta property=\"og:image:width\" content=\"300\" \/>\n\t<meta property=\"og:image:height\" content=\"452\" \/>\n\t<meta property=\"og:image:type\" content=\"image\/jpeg\" \/>\n<meta name=\"twitter:card\" content=\"summary_large_image\" \/>\n<meta name=\"twitter:label1\" content=\"Est. reading time\" \/>\n\t<meta name=\"twitter:data1\" content=\"1 minute\" \/>\n<script type=\"application\/ld+json\" class=\"yoast-schema-graph\">{\"@context\":\"https:\/\/schema.org\",\"@graph\":[{\"@type\":\"WebPage\",\"@id\":\"https:\/\/www.istegroup.com\/fr\/produit\/la-recherche-dinformation-dans-les-environnements-numeriques\/\",\"url\":\"https:\/\/www.istegroup.com\/fr\/produit\/la-recherche-dinformation-dans-les-environnements-numeriques\/\",\"name\":\"La recherche d'information dans les environnements num\u00e9riques - ISTE Group\",\"isPartOf\":{\"@id\":\"https:\/\/www.istegroup.com\/#website\"},\"primaryImageOfPage\":{\"@id\":\"https:\/\/www.istegroup.com\/fr\/produit\/la-recherche-dinformation-dans-les-environnements-numeriques\/#primaryimage\"},\"image\":{\"@id\":\"https:\/\/www.istegroup.com\/fr\/produit\/la-recherche-dinformation-dans-les-environnements-numeriques\/#primaryimage\"},\"thumbnailUrl\":\"https:\/\/www.istegroup.com\/wp-content\/uploads\/2017\/07\/707642701_290346861-1.jpg\",\"datePublished\":\"2017-07-28T10:10:59+00:00\",\"dateModified\":\"2024-01-03T13:43:42+00:00\",\"description\":\"Cet ouvrage traite de la recherche d\u2019information dans les environnements num\u00e9riques sous l\u2019angle de la psychologie ergonomique.\",\"breadcrumb\":{\"@id\":\"https:\/\/www.istegroup.com\/fr\/produit\/la-recherche-dinformation-dans-les-environnements-numeriques\/#breadcrumb\"},\"inLanguage\":\"fr-FR\",\"potentialAction\":[{\"@type\":\"ReadAction\",\"target\":[\"https:\/\/www.istegroup.com\/fr\/produit\/la-recherche-dinformation-dans-les-environnements-numeriques\/\"]}]},{\"@type\":\"ImageObject\",\"inLanguage\":\"fr-FR\",\"@id\":\"https:\/\/www.istegroup.com\/fr\/produit\/la-recherche-dinformation-dans-les-environnements-numeriques\/#primaryimage\",\"url\":\"https:\/\/www.istegroup.com\/wp-content\/uploads\/2017\/07\/707642701_290346861-1.jpg\",\"contentUrl\":\"https:\/\/www.istegroup.com\/wp-content\/uploads\/2017\/07\/707642701_290346861-1.jpg\",\"width\":300,\"height\":452,\"caption\":\"La recherche d\u2019information dans les environnements num\u00e9riques\"},{\"@type\":\"BreadcrumbList\",\"@id\":\"https:\/\/www.istegroup.com\/fr\/produit\/la-recherche-dinformation-dans-les-environnements-numeriques\/#breadcrumb\",\"itemListElement\":[{\"@type\":\"ListItem\",\"position\":1,\"name\":\"Home\",\"item\":\"https:\/\/www.istegroup.com\/\"},{\"@type\":\"ListItem\",\"position\":2,\"name\":\"Shop\",\"item\":\"https:\/\/www.istegroup.com\/fr\/nouveautes\/\"},{\"@type\":\"ListItem\",\"position\":3,\"name\":\"La recherche d&rsquo;information dans les environnements num\u00e9riques\"}]},{\"@type\":\"WebSite\",\"@id\":\"https:\/\/www.istegroup.com\/#website\",\"url\":\"https:\/\/www.istegroup.com\/\",\"name\":\"ISTE Group\",\"description\":\"\u00c9diteur des Sciences\",\"potentialAction\":[{\"@type\":\"SearchAction\",\"target\":{\"@type\":\"EntryPoint\",\"urlTemplate\":\"https:\/\/www.istegroup.com\/?s={search_term_string}\"},\"query-input\":{\"@type\":\"PropertyValueSpecification\",\"valueRequired\":true,\"valueName\":\"search_term_string\"}}],\"inLanguage\":\"fr-FR\"}]}<\/script>\n<!-- \/ Yoast SEO plugin. -->","yoast_head_json":{"title":"La recherche d'information dans les environnements num\u00e9riques - ISTE Group","description":"Cet ouvrage traite de la recherche d\u2019information dans les environnements num\u00e9riques sous l\u2019angle de la psychologie ergonomique.","robots":{"index":"index","follow":"follow","max-snippet":"max-snippet:-1","max-image-preview":"max-image-preview:large","max-video-preview":"max-video-preview:-1"},"canonical":"https:\/\/www.istegroup.com\/fr\/produit\/la-recherche-dinformation-dans-les-environnements-numeriques\/","og_locale":"fr_FR","og_type":"article","og_title":"La recherche d'information dans les environnements num\u00e9riques - ISTE Group","og_description":"Cet ouvrage traite de la recherche d\u2019information dans les environnements num\u00e9riques sous l\u2019angle de la psychologie ergonomique.","og_url":"https:\/\/www.istegroup.com\/fr\/produit\/la-recherche-dinformation-dans-les-environnements-numeriques\/","og_site_name":"ISTE Group","article_modified_time":"2024-01-03T13:43:42+00:00","og_image":[{"width":300,"height":452,"url":"https:\/\/www.istegroup.com\/wp-content\/uploads\/2017\/07\/707642701_290346861-1.jpg","type":"image\/jpeg"}],"twitter_card":"summary_large_image","twitter_misc":{"Est. reading time":"1 minute"},"schema":{"@context":"https:\/\/schema.org","@graph":[{"@type":"WebPage","@id":"https:\/\/www.istegroup.com\/fr\/produit\/la-recherche-dinformation-dans-les-environnements-numeriques\/","url":"https:\/\/www.istegroup.com\/fr\/produit\/la-recherche-dinformation-dans-les-environnements-numeriques\/","name":"La recherche d'information dans les environnements num\u00e9riques - ISTE Group","isPartOf":{"@id":"https:\/\/www.istegroup.com\/#website"},"primaryImageOfPage":{"@id":"https:\/\/www.istegroup.com\/fr\/produit\/la-recherche-dinformation-dans-les-environnements-numeriques\/#primaryimage"},"image":{"@id":"https:\/\/www.istegroup.com\/fr\/produit\/la-recherche-dinformation-dans-les-environnements-numeriques\/#primaryimage"},"thumbnailUrl":"https:\/\/www.istegroup.com\/wp-content\/uploads\/2017\/07\/707642701_290346861-1.jpg","datePublished":"2017-07-28T10:10:59+00:00","dateModified":"2024-01-03T13:43:42+00:00","description":"Cet ouvrage traite de la recherche d\u2019information dans les environnements num\u00e9riques sous l\u2019angle de la psychologie ergonomique.","breadcrumb":{"@id":"https:\/\/www.istegroup.com\/fr\/produit\/la-recherche-dinformation-dans-les-environnements-numeriques\/#breadcrumb"},"inLanguage":"fr-FR","potentialAction":[{"@type":"ReadAction","target":["https:\/\/www.istegroup.com\/fr\/produit\/la-recherche-dinformation-dans-les-environnements-numeriques\/"]}]},{"@type":"ImageObject","inLanguage":"fr-FR","@id":"https:\/\/www.istegroup.com\/fr\/produit\/la-recherche-dinformation-dans-les-environnements-numeriques\/#primaryimage","url":"https:\/\/www.istegroup.com\/wp-content\/uploads\/2017\/07\/707642701_290346861-1.jpg","contentUrl":"https:\/\/www.istegroup.com\/wp-content\/uploads\/2017\/07\/707642701_290346861-1.jpg","width":300,"height":452,"caption":"La recherche d\u2019information dans les environnements num\u00e9riques"},{"@type":"BreadcrumbList","@id":"https:\/\/www.istegroup.com\/fr\/produit\/la-recherche-dinformation-dans-les-environnements-numeriques\/#breadcrumb","itemListElement":[{"@type":"ListItem","position":1,"name":"Home","item":"https:\/\/www.istegroup.com\/"},{"@type":"ListItem","position":2,"name":"Shop","item":"https:\/\/www.istegroup.com\/fr\/nouveautes\/"},{"@type":"ListItem","position":3,"name":"La recherche d&rsquo;information dans les environnements num\u00e9riques"}]},{"@type":"WebSite","@id":"https:\/\/www.istegroup.com\/#website","url":"https:\/\/www.istegroup.com\/","name":"ISTE Group","description":"\u00c9diteur des Sciences","potentialAction":[{"@type":"SearchAction","target":{"@type":"EntryPoint","urlTemplate":"https:\/\/www.istegroup.com\/?s={search_term_string}"},"query-input":{"@type":"PropertyValueSpecification","valueRequired":true,"valueName":"search_term_string"}}],"inLanguage":"fr-FR"}]}},"_links":{"self":[{"href":"https:\/\/www.istegroup.com\/fr\/wp-json\/wp\/v2\/product\/355","targetHints":{"allow":["GET"]}}],"collection":[{"href":"https:\/\/www.istegroup.com\/fr\/wp-json\/wp\/v2\/product"}],"about":[{"href":"https:\/\/www.istegroup.com\/fr\/wp-json\/wp\/v2\/types\/product"}],"wp:featuredmedia":[{"embeddable":true,"href":"https:\/\/www.istegroup.com\/fr\/wp-json\/wp\/v2\/media\/356"}],"wp:attachment":[{"href":"https:\/\/www.istegroup.com\/fr\/wp-json\/wp\/v2\/media?parent=355"}],"wp:term":[{"taxonomy":"product_brand","embeddable":true,"href":"https:\/\/www.istegroup.com\/fr\/wp-json\/wp\/v2\/product_brand?post=355"},{"taxonomy":"product_cat","embeddable":true,"href":"https:\/\/www.istegroup.com\/fr\/wp-json\/wp\/v2\/product_cat?post=355"},{"taxonomy":"product_tag","embeddable":true,"href":"https:\/\/www.istegroup.com\/fr\/wp-json\/wp\/v2\/product_tag?post=355"}],"curies":[{"name":"wp","href":"https:\/\/api.w.org\/{rel}","templated":true}]}}