{"id":353,"date":"2017-07-28T12:10:53","date_gmt":"2017-07-28T10:10:53","guid":{"rendered":"https:\/\/iste.yhello.co\/product\/la-prise-de-controle-dentreprises\/"},"modified":"2024-01-03T13:39:34","modified_gmt":"2024-01-03T13:39:34","slug":"la-prise-de-controle-dentreprises","status":"publish","type":"product","link":"https:\/\/www.istegroup.com\/fr\/produit\/la-prise-de-controle-dentreprises\/","title":{"rendered":"La prise de contr\u00f4le d\u2019entreprises"},"content":{"rendered":"<p>L\u2019expression \u00ab prise de contr\u00f4le \u00bb, dont la premi\u00e8re modalit\u00e9 est celle des fusions et acquisitions (F&amp;A), d\u00e9signe le transfert de la majorit\u00e9 du capital d\u2019une entreprise d\u2019un groupe d\u2019actionnaires \u00e0 un autre. Face \u00e0 l\u2019importance de ce ph\u00e9nom\u00e8ne et \u00e0 la question des r\u00e9elles motivations de ces op\u00e9rations, l\u2019identification des firmes susceptibles d\u2019en faire l\u2019objet est devenue essentielle.<\/p>\n<p>Cet ouvrage pr\u00e9sente ainsi les aspects juridiques, les justifications th\u00e9oriques et les contributions empiriques des prises de contr\u00f4le, et analyse les caract\u00e9ristiques \u00e9conomiques et financi\u00e8res des entreprises cibles afin d\u2019appr\u00e9cier leur probabilit\u00e9 d\u2019acquisition. Une d\u00e9marche empirique fond\u00e9e sur deux \u00e9tudes quantitatives est ensuite appliqu\u00e9e au march\u00e9 europ\u00e9en, encore vierge en termes de recherches acad\u00e9miques. Enfin, des mod\u00e8les de probabilit\u00e9 d\u2019acquisition sont \u00e9labor\u00e9s et pr\u00e9sentent un taux moyen de pr\u00e9vision correct des firmes cibles de l\u2019ordre de 72 %.<\/p>\n<p><em>La prise de contr\u00f4le d\u2019entreprises<\/em>\u00a0s\u2019adresse aux \u00e9tudiants et chercheurs en sciences \u00e9conomiques et de gestion, ainsi qu\u2019aux praticiens et consultants en F&amp;A.<\/p>\n","protected":false},"excerpt":{"rendered":"<p>L\u2019expression \u00ab prise de contr\u00f4le \u00bb, dont la premi\u00e8re modalit\u00e9 est celle des fusions et acquisitions (F&amp;A), d\u00e9signe le transfert de la majorit\u00e9 du capital d\u2019une entreprise d\u2019un groupe d\u2019actionnaires \u00e0 un autre. Face \u00e0 l\u2019importance de ce ph\u00e9nom\u00e8ne et \u00e0 la question des r\u00e9elles motivations de ces op\u00e9rations, l\u2019identification des firmes susceptibles d\u2019en faire [&hellip;]<\/p>\n","protected":false},"featured_media":354,"template":"","meta":{"_acf_changed":false,"_links_to":"","_links_to_target":""},"product_brand":[],"product_cat":[670,675],"product_tag":[1563,31,196,1570,1219,1564,1565,197,198,199,21,200,22,201,1566,203,204,63,25,172,208,209,1567,212,38,192,145,28,1568,1569],"class_list":{"0":"post-353","1":"product","2":"type-product","3":"status-publish","4":"has-post-thumbnail","6":"product_cat-innovation-entrepreneuriat-et-gestion-11041751","7":"product_cat-nouveauts-12519446","8":"product_tag-contributions-empiriques","9":"product_tag-ebook","10":"product_tag-ebooks","11":"product_tag-echange-en-europe","12":"product_tag-entreprises","13":"product_tag-entreprises-cibles","14":"product_tag-fusions-et-acquisitions","15":"product_tag-iste","16":"product_tag-iste-edition","17":"product_tag-iste-editions","18":"product_tag-iste-group","19":"product_tag-isteedition","20":"product_tag-istegroup","21":"product_tag-kindle","22":"product_tag-la-prise-de-controle-dentreprises","23":"product_tag-liseuse","24":"product_tag-livre","25":"product_tag-livre-electronique","26":"product_tag-livre-numerique","27":"product_tag-livre-scientifique","28":"product_tag-livres-scientifique","29":"product_tag-livres-scientifiques","30":"product_tag-offres-publiques-dachat","31":"product_tag-ouvrage","32":"product_tag-ouvrage-numerique","33":"product_tag-ouvrage-science","34":"product_tag-ouvrage-scientifique","35":"product_tag-ouvrage-scientifique-francais","36":"product_tag-prise-de-controle","37":"product_tag-recherches-academiques","39":"first","40":"instock","41":"shipping-taxable","42":"purchasable","43":"product-type-variable"},"acf":[],"yoast_head":"<!-- This site is optimized with the Yoast SEO plugin v27.2 - https:\/\/yoast.com\/product\/yoast-seo-wordpress\/ -->\n<title>La prise de contr\u00f4le d\u2019entreprises - ISTE Group<\/title>\n<meta name=\"description\" content=\"Cet ouvrage pr\u00e9sente ainsi les aspects juridiques, les justifications th\u00e9oriques et les contributions empiriques des prises de contr\u00f4le.\" \/>\n<meta name=\"robots\" content=\"index, follow, max-snippet:-1, max-image-preview:large, max-video-preview:-1\" \/>\n<link rel=\"canonical\" href=\"https:\/\/www.istegroup.com\/fr\/produit\/la-prise-de-controle-dentreprises\/\" \/>\n<meta property=\"og:locale\" content=\"fr_FR\" \/>\n<meta property=\"og:type\" content=\"article\" \/>\n<meta property=\"og:title\" content=\"La prise de contr\u00f4le d\u2019entreprises - ISTE Group\" \/>\n<meta property=\"og:description\" content=\"Cet ouvrage pr\u00e9sente ainsi les aspects juridiques, les justifications th\u00e9oriques et les contributions empiriques des prises de contr\u00f4le.\" \/>\n<meta property=\"og:url\" content=\"https:\/\/www.istegroup.com\/fr\/produit\/la-prise-de-controle-dentreprises\/\" \/>\n<meta property=\"og:site_name\" content=\"ISTE Group\" \/>\n<meta property=\"article:modified_time\" content=\"2024-01-03T13:39:34+00:00\" \/>\n<meta property=\"og:image\" content=\"https:\/\/www.istegroup.com\/wp-content\/uploads\/2017\/07\/9940342340_4331210500-1.png\" \/>\n\t<meta property=\"og:image:width\" content=\"632\" \/>\n\t<meta property=\"og:image:height\" content=\"959\" \/>\n\t<meta property=\"og:image:type\" content=\"image\/png\" \/>\n<meta name=\"twitter:card\" content=\"summary_large_image\" \/>\n<meta name=\"twitter:label1\" content=\"Est. reading time\" \/>\n\t<meta name=\"twitter:data1\" content=\"1 minute\" \/>\n<script type=\"application\/ld+json\" class=\"yoast-schema-graph\">{\"@context\":\"https:\/\/schema.org\",\"@graph\":[{\"@type\":\"WebPage\",\"@id\":\"https:\/\/www.istegroup.com\/fr\/produit\/la-prise-de-controle-dentreprises\/\",\"url\":\"https:\/\/www.istegroup.com\/fr\/produit\/la-prise-de-controle-dentreprises\/\",\"name\":\"La prise de contr\u00f4le d\u2019entreprises - ISTE Group\",\"isPartOf\":{\"@id\":\"https:\/\/www.istegroup.com\/#website\"},\"primaryImageOfPage\":{\"@id\":\"https:\/\/www.istegroup.com\/fr\/produit\/la-prise-de-controle-dentreprises\/#primaryimage\"},\"image\":{\"@id\":\"https:\/\/www.istegroup.com\/fr\/produit\/la-prise-de-controle-dentreprises\/#primaryimage\"},\"thumbnailUrl\":\"https:\/\/www.istegroup.com\/wp-content\/uploads\/2017\/07\/9940342340_4331210500-1.png\",\"datePublished\":\"2017-07-28T10:10:53+00:00\",\"dateModified\":\"2024-01-03T13:39:34+00:00\",\"description\":\"Cet ouvrage pr\u00e9sente ainsi les aspects juridiques, les justifications th\u00e9oriques et les contributions empiriques des prises de contr\u00f4le.\",\"breadcrumb\":{\"@id\":\"https:\/\/www.istegroup.com\/fr\/produit\/la-prise-de-controle-dentreprises\/#breadcrumb\"},\"inLanguage\":\"fr-FR\",\"potentialAction\":[{\"@type\":\"ReadAction\",\"target\":[\"https:\/\/www.istegroup.com\/fr\/produit\/la-prise-de-controle-dentreprises\/\"]}]},{\"@type\":\"ImageObject\",\"inLanguage\":\"fr-FR\",\"@id\":\"https:\/\/www.istegroup.com\/fr\/produit\/la-prise-de-controle-dentreprises\/#primaryimage\",\"url\":\"https:\/\/www.istegroup.com\/wp-content\/uploads\/2017\/07\/9940342340_4331210500-1.png\",\"contentUrl\":\"https:\/\/www.istegroup.com\/wp-content\/uploads\/2017\/07\/9940342340_4331210500-1.png\",\"width\":632,\"height\":959,\"caption\":\"Entreprises cibles et probabilit\u00e9s d\u2019acquisition\"},{\"@type\":\"BreadcrumbList\",\"@id\":\"https:\/\/www.istegroup.com\/fr\/produit\/la-prise-de-controle-dentreprises\/#breadcrumb\",\"itemListElement\":[{\"@type\":\"ListItem\",\"position\":1,\"name\":\"Home\",\"item\":\"https:\/\/www.istegroup.com\/\"},{\"@type\":\"ListItem\",\"position\":2,\"name\":\"Shop\",\"item\":\"https:\/\/www.istegroup.com\/fr\/nouveautes\/\"},{\"@type\":\"ListItem\",\"position\":3,\"name\":\"La prise de contr\u00f4le d\u2019entreprises\"}]},{\"@type\":\"WebSite\",\"@id\":\"https:\/\/www.istegroup.com\/#website\",\"url\":\"https:\/\/www.istegroup.com\/\",\"name\":\"ISTE Group\",\"description\":\"\u00c9diteur des Sciences\",\"potentialAction\":[{\"@type\":\"SearchAction\",\"target\":{\"@type\":\"EntryPoint\",\"urlTemplate\":\"https:\/\/www.istegroup.com\/?s={search_term_string}\"},\"query-input\":{\"@type\":\"PropertyValueSpecification\",\"valueRequired\":true,\"valueName\":\"search_term_string\"}}],\"inLanguage\":\"fr-FR\"}]}<\/script>\n<!-- \/ Yoast SEO plugin. -->","yoast_head_json":{"title":"La prise de contr\u00f4le d\u2019entreprises - ISTE Group","description":"Cet ouvrage pr\u00e9sente ainsi les aspects juridiques, les justifications th\u00e9oriques et les contributions empiriques des prises de contr\u00f4le.","robots":{"index":"index","follow":"follow","max-snippet":"max-snippet:-1","max-image-preview":"max-image-preview:large","max-video-preview":"max-video-preview:-1"},"canonical":"https:\/\/www.istegroup.com\/fr\/produit\/la-prise-de-controle-dentreprises\/","og_locale":"fr_FR","og_type":"article","og_title":"La prise de contr\u00f4le d\u2019entreprises - ISTE Group","og_description":"Cet ouvrage pr\u00e9sente ainsi les aspects juridiques, les justifications th\u00e9oriques et les contributions empiriques des prises de contr\u00f4le.","og_url":"https:\/\/www.istegroup.com\/fr\/produit\/la-prise-de-controle-dentreprises\/","og_site_name":"ISTE Group","article_modified_time":"2024-01-03T13:39:34+00:00","og_image":[{"width":632,"height":959,"url":"https:\/\/www.istegroup.com\/wp-content\/uploads\/2017\/07\/9940342340_4331210500-1.png","type":"image\/png"}],"twitter_card":"summary_large_image","twitter_misc":{"Est. reading time":"1 minute"},"schema":{"@context":"https:\/\/schema.org","@graph":[{"@type":"WebPage","@id":"https:\/\/www.istegroup.com\/fr\/produit\/la-prise-de-controle-dentreprises\/","url":"https:\/\/www.istegroup.com\/fr\/produit\/la-prise-de-controle-dentreprises\/","name":"La prise de contr\u00f4le d\u2019entreprises - ISTE Group","isPartOf":{"@id":"https:\/\/www.istegroup.com\/#website"},"primaryImageOfPage":{"@id":"https:\/\/www.istegroup.com\/fr\/produit\/la-prise-de-controle-dentreprises\/#primaryimage"},"image":{"@id":"https:\/\/www.istegroup.com\/fr\/produit\/la-prise-de-controle-dentreprises\/#primaryimage"},"thumbnailUrl":"https:\/\/www.istegroup.com\/wp-content\/uploads\/2017\/07\/9940342340_4331210500-1.png","datePublished":"2017-07-28T10:10:53+00:00","dateModified":"2024-01-03T13:39:34+00:00","description":"Cet ouvrage pr\u00e9sente ainsi les aspects juridiques, les justifications th\u00e9oriques et les contributions empiriques des prises de contr\u00f4le.","breadcrumb":{"@id":"https:\/\/www.istegroup.com\/fr\/produit\/la-prise-de-controle-dentreprises\/#breadcrumb"},"inLanguage":"fr-FR","potentialAction":[{"@type":"ReadAction","target":["https:\/\/www.istegroup.com\/fr\/produit\/la-prise-de-controle-dentreprises\/"]}]},{"@type":"ImageObject","inLanguage":"fr-FR","@id":"https:\/\/www.istegroup.com\/fr\/produit\/la-prise-de-controle-dentreprises\/#primaryimage","url":"https:\/\/www.istegroup.com\/wp-content\/uploads\/2017\/07\/9940342340_4331210500-1.png","contentUrl":"https:\/\/www.istegroup.com\/wp-content\/uploads\/2017\/07\/9940342340_4331210500-1.png","width":632,"height":959,"caption":"Entreprises cibles et probabilit\u00e9s d\u2019acquisition"},{"@type":"BreadcrumbList","@id":"https:\/\/www.istegroup.com\/fr\/produit\/la-prise-de-controle-dentreprises\/#breadcrumb","itemListElement":[{"@type":"ListItem","position":1,"name":"Home","item":"https:\/\/www.istegroup.com\/"},{"@type":"ListItem","position":2,"name":"Shop","item":"https:\/\/www.istegroup.com\/fr\/nouveautes\/"},{"@type":"ListItem","position":3,"name":"La prise de contr\u00f4le d\u2019entreprises"}]},{"@type":"WebSite","@id":"https:\/\/www.istegroup.com\/#website","url":"https:\/\/www.istegroup.com\/","name":"ISTE Group","description":"\u00c9diteur des Sciences","potentialAction":[{"@type":"SearchAction","target":{"@type":"EntryPoint","urlTemplate":"https:\/\/www.istegroup.com\/?s={search_term_string}"},"query-input":{"@type":"PropertyValueSpecification","valueRequired":true,"valueName":"search_term_string"}}],"inLanguage":"fr-FR"}]}},"_links":{"self":[{"href":"https:\/\/www.istegroup.com\/fr\/wp-json\/wp\/v2\/product\/353","targetHints":{"allow":["GET"]}}],"collection":[{"href":"https:\/\/www.istegroup.com\/fr\/wp-json\/wp\/v2\/product"}],"about":[{"href":"https:\/\/www.istegroup.com\/fr\/wp-json\/wp\/v2\/types\/product"}],"wp:featuredmedia":[{"embeddable":true,"href":"https:\/\/www.istegroup.com\/fr\/wp-json\/wp\/v2\/media\/354"}],"wp:attachment":[{"href":"https:\/\/www.istegroup.com\/fr\/wp-json\/wp\/v2\/media?parent=353"}],"wp:term":[{"taxonomy":"product_brand","embeddable":true,"href":"https:\/\/www.istegroup.com\/fr\/wp-json\/wp\/v2\/product_brand?post=353"},{"taxonomy":"product_cat","embeddable":true,"href":"https:\/\/www.istegroup.com\/fr\/wp-json\/wp\/v2\/product_cat?post=353"},{"taxonomy":"product_tag","embeddable":true,"href":"https:\/\/www.istegroup.com\/fr\/wp-json\/wp\/v2\/product_tag?post=353"}],"curies":[{"name":"wp","href":"https:\/\/api.w.org\/{rel}","templated":true}]}}