{"id":351,"date":"2017-07-28T12:10:48","date_gmt":"2017-07-28T10:10:48","guid":{"rendered":"https:\/\/iste.yhello.co\/product\/la-physique-au-siecle-des-lumieres\/"},"modified":"2024-01-03T13:39:34","modified_gmt":"2024-01-03T13:39:34","slug":"la-physique-au-siecle-des-lumieres","status":"publish","type":"product","link":"https:\/\/www.istegroup.com\/fr\/produit\/la-physique-au-siecle-des-lumieres\/","title":{"rendered":"La physique au si\u00e8cle des Lumi\u00e8res"},"content":{"rendered":"<p>Si le XVIIe si\u00e8cle ouvre la voie du savoir rationnel, le XVIIIe si\u00e8cle r\u00e9v\u00e8le le besoin imp\u00e9ratif de changer les choses pour que rien ne reste comme avant. Comme toutes les sciences, la physique s\u2019impr\u00e8gne des principes fondateurs des Lumi\u00e8res que sont la connaissance, la raison et le progr\u00e8s.<\/p>\n<p>Le mariage de la pens\u00e9e et de la r\u00e9alit\u00e9 ne se fait pourtant pas sans mal. Discussions, pol\u00e9miques et paradoxes jalonnent l\u2019histoire de la discipline, comme la fameuse querelle des forces vives qui vit \u00e0 tort la victoire du concept de force sur celui d\u2019\u00e9nergie.<\/p>\n<p>D\u2019Euler posant les bases de la m\u00e9canique rationnelle \u00e0 Lagrange \u00e9tudiant le mouvement des fluides,\u00a0<em>La physique au si\u00e8cle des Lumi\u00e8res<\/em>\u00a0revient sur les d\u00e9couvertes, les avanc\u00e9es et les d\u00e9bats qui ont aliment\u00e9 la compr\u00e9hension du r\u00e9el et font encore \u00e9cho aujourd\u2019hui.<\/p>\n","protected":false},"excerpt":{"rendered":"<p>Si le XVIIe si\u00e8cle ouvre la voie du savoir rationnel, le XVIIIe si\u00e8cle r\u00e9v\u00e8le le besoin imp\u00e9ratif de changer les choses pour que rien ne reste comme avant. Comme toutes les sciences, la physique s\u2019impr\u00e8gne des principes fondateurs des Lumi\u00e8res que sont la connaissance, la raison et le progr\u00e8s. Le mariage de la pens\u00e9e et [&hellip;]<\/p>\n","protected":false},"featured_media":352,"template":"","meta":{"_acf_changed":false,"_links_to":"","_links_to_target":""},"product_brand":[],"product_cat":[666,675],"product_tag":[1546,1547,31,196,1548,1549,1550,1551,1552,197,198,199,21,200,22,1553,201,1554,1555,1556,203,204,63,25,172,209,1557,1558,1560,1559,212,38,192,145,28,1561,1562],"class_list":{"0":"post-351","1":"product","2":"type-product","3":"status-publish","4":"has-post-thumbnail","6":"product_cat-histoire-des-sciences-et-des-techniques-166249028","7":"product_cat-nouveauts-12519446","8":"product_tag-alembert","9":"product_tag-construction-de-la-mecanique","10":"product_tag-ebook","11":"product_tag-ebooks","12":"product_tag-euler","13":"product_tag-famille-bernoulli","14":"product_tag-fermat-descartes","15":"product_tag-fontenelle-et-linfini","16":"product_tag-histoire-des-sciences","17":"product_tag-iste","18":"product_tag-iste-edition","19":"product_tag-iste-editions","20":"product_tag-iste-group","21":"product_tag-isteedition","22":"product_tag-istegroup","23":"product_tag-jacques-mauss","24":"product_tag-kindle","25":"product_tag-lagrange","26":"product_tag-laplace","27":"product_tag-lazare-carnot","28":"product_tag-liseuse","29":"product_tag-livre","30":"product_tag-livre-electronique","31":"product_tag-livre-numerique","32":"product_tag-livre-scientifique","33":"product_tag-livres-scientifiques","34":"product_tag-lumieres","35":"product_tag-maupertuis","36":"product_tag-mecanique-newtonienne","37":"product_tag-mouvement-des-fluides","38":"product_tag-ouvrage","39":"product_tag-ouvrage-numerique","40":"product_tag-ouvrage-science","41":"product_tag-ouvrage-scientifique","42":"product_tag-ouvrage-scientifique-francais","43":"product_tag-principes-fondateurs-des-lumieres","44":"product_tag-siecle-des-lumieres","46":"first","47":"instock","48":"shipping-taxable","49":"purchasable","50":"product-type-variable"},"acf":[],"yoast_head":"<!-- This site is optimized with the Yoast SEO plugin v27.2 - https:\/\/yoast.com\/product\/yoast-seo-wordpress\/ -->\n<title>La physique au si\u00e8cle des Lumi\u00e8res - ISTE Group<\/title>\n<meta name=\"description\" content=\"L&#039;ouvrage\u00a0revient sur les d\u00e9couvertes, les avanc\u00e9es et les d\u00e9bats qui ont aliment\u00e9 la compr\u00e9hension du r\u00e9el et font encore \u00e9cho aujourd\u2019hui.\" \/>\n<meta name=\"robots\" content=\"index, follow, max-snippet:-1, max-image-preview:large, max-video-preview:-1\" \/>\n<link rel=\"canonical\" href=\"https:\/\/www.istegroup.com\/fr\/produit\/la-physique-au-siecle-des-lumieres\/\" \/>\n<meta property=\"og:locale\" content=\"fr_FR\" \/>\n<meta property=\"og:type\" content=\"article\" \/>\n<meta property=\"og:title\" content=\"La physique au si\u00e8cle des Lumi\u00e8res - ISTE Group\" \/>\n<meta property=\"og:description\" content=\"L&#039;ouvrage\u00a0revient sur les d\u00e9couvertes, les avanc\u00e9es et les d\u00e9bats qui ont aliment\u00e9 la compr\u00e9hension du r\u00e9el et font encore \u00e9cho aujourd\u2019hui.\" \/>\n<meta property=\"og:url\" content=\"https:\/\/www.istegroup.com\/fr\/produit\/la-physique-au-siecle-des-lumieres\/\" \/>\n<meta property=\"og:site_name\" content=\"ISTE Group\" \/>\n<meta property=\"article:modified_time\" content=\"2024-01-03T13:39:34+00:00\" \/>\n<meta property=\"og:image\" content=\"https:\/\/www.istegroup.com\/wp-content\/uploads\/2017\/07\/9934932612_4329823236-1.png\" \/>\n\t<meta property=\"og:image:width\" content=\"632\" \/>\n\t<meta property=\"og:image:height\" content=\"960\" \/>\n\t<meta property=\"og:image:type\" content=\"image\/png\" \/>\n<meta name=\"twitter:card\" content=\"summary_large_image\" \/>\n<meta name=\"twitter:label1\" content=\"Est. reading time\" \/>\n\t<meta name=\"twitter:data1\" content=\"1 minute\" \/>\n<script type=\"application\/ld+json\" class=\"yoast-schema-graph\">{\"@context\":\"https:\/\/schema.org\",\"@graph\":[{\"@type\":\"WebPage\",\"@id\":\"https:\/\/www.istegroup.com\/fr\/produit\/la-physique-au-siecle-des-lumieres\/\",\"url\":\"https:\/\/www.istegroup.com\/fr\/produit\/la-physique-au-siecle-des-lumieres\/\",\"name\":\"La physique au si\u00e8cle des Lumi\u00e8res - ISTE Group\",\"isPartOf\":{\"@id\":\"https:\/\/www.istegroup.com\/#website\"},\"primaryImageOfPage\":{\"@id\":\"https:\/\/www.istegroup.com\/fr\/produit\/la-physique-au-siecle-des-lumieres\/#primaryimage\"},\"image\":{\"@id\":\"https:\/\/www.istegroup.com\/fr\/produit\/la-physique-au-siecle-des-lumieres\/#primaryimage\"},\"thumbnailUrl\":\"https:\/\/www.istegroup.com\/wp-content\/uploads\/2017\/07\/9934932612_4329823236-1.png\",\"datePublished\":\"2017-07-28T10:10:48+00:00\",\"dateModified\":\"2024-01-03T13:39:34+00:00\",\"description\":\"L'ouvrage\u00a0revient sur les d\u00e9couvertes, les avanc\u00e9es et les d\u00e9bats qui ont aliment\u00e9 la compr\u00e9hension du r\u00e9el et font encore \u00e9cho aujourd\u2019hui.\",\"breadcrumb\":{\"@id\":\"https:\/\/www.istegroup.com\/fr\/produit\/la-physique-au-siecle-des-lumieres\/#breadcrumb\"},\"inLanguage\":\"fr-FR\",\"potentialAction\":[{\"@type\":\"ReadAction\",\"target\":[\"https:\/\/www.istegroup.com\/fr\/produit\/la-physique-au-siecle-des-lumieres\/\"]}]},{\"@type\":\"ImageObject\",\"inLanguage\":\"fr-FR\",\"@id\":\"https:\/\/www.istegroup.com\/fr\/produit\/la-physique-au-siecle-des-lumieres\/#primaryimage\",\"url\":\"https:\/\/www.istegroup.com\/wp-content\/uploads\/2017\/07\/9934932612_4329823236-1.png\",\"contentUrl\":\"https:\/\/www.istegroup.com\/wp-content\/uploads\/2017\/07\/9934932612_4329823236-1.png\",\"width\":632,\"height\":960,\"caption\":\"La physique au si\u00e8cle des Lumi\u00e8res\"},{\"@type\":\"BreadcrumbList\",\"@id\":\"https:\/\/www.istegroup.com\/fr\/produit\/la-physique-au-siecle-des-lumieres\/#breadcrumb\",\"itemListElement\":[{\"@type\":\"ListItem\",\"position\":1,\"name\":\"Home\",\"item\":\"https:\/\/www.istegroup.com\/\"},{\"@type\":\"ListItem\",\"position\":2,\"name\":\"Shop\",\"item\":\"https:\/\/www.istegroup.com\/fr\/nouveautes\/\"},{\"@type\":\"ListItem\",\"position\":3,\"name\":\"La physique au si\u00e8cle des Lumi\u00e8res\"}]},{\"@type\":\"WebSite\",\"@id\":\"https:\/\/www.istegroup.com\/#website\",\"url\":\"https:\/\/www.istegroup.com\/\",\"name\":\"ISTE Group\",\"description\":\"\u00c9diteur des Sciences\",\"potentialAction\":[{\"@type\":\"SearchAction\",\"target\":{\"@type\":\"EntryPoint\",\"urlTemplate\":\"https:\/\/www.istegroup.com\/?s={search_term_string}\"},\"query-input\":{\"@type\":\"PropertyValueSpecification\",\"valueRequired\":true,\"valueName\":\"search_term_string\"}}],\"inLanguage\":\"fr-FR\"}]}<\/script>\n<!-- \/ Yoast SEO plugin. -->","yoast_head_json":{"title":"La physique au si\u00e8cle des Lumi\u00e8res - ISTE Group","description":"L'ouvrage\u00a0revient sur les d\u00e9couvertes, les avanc\u00e9es et les d\u00e9bats qui ont aliment\u00e9 la compr\u00e9hension du r\u00e9el et font encore \u00e9cho aujourd\u2019hui.","robots":{"index":"index","follow":"follow","max-snippet":"max-snippet:-1","max-image-preview":"max-image-preview:large","max-video-preview":"max-video-preview:-1"},"canonical":"https:\/\/www.istegroup.com\/fr\/produit\/la-physique-au-siecle-des-lumieres\/","og_locale":"fr_FR","og_type":"article","og_title":"La physique au si\u00e8cle des Lumi\u00e8res - ISTE Group","og_description":"L'ouvrage\u00a0revient sur les d\u00e9couvertes, les avanc\u00e9es et les d\u00e9bats qui ont aliment\u00e9 la compr\u00e9hension du r\u00e9el et font encore \u00e9cho aujourd\u2019hui.","og_url":"https:\/\/www.istegroup.com\/fr\/produit\/la-physique-au-siecle-des-lumieres\/","og_site_name":"ISTE Group","article_modified_time":"2024-01-03T13:39:34+00:00","og_image":[{"width":632,"height":960,"url":"https:\/\/www.istegroup.com\/wp-content\/uploads\/2017\/07\/9934932612_4329823236-1.png","type":"image\/png"}],"twitter_card":"summary_large_image","twitter_misc":{"Est. reading time":"1 minute"},"schema":{"@context":"https:\/\/schema.org","@graph":[{"@type":"WebPage","@id":"https:\/\/www.istegroup.com\/fr\/produit\/la-physique-au-siecle-des-lumieres\/","url":"https:\/\/www.istegroup.com\/fr\/produit\/la-physique-au-siecle-des-lumieres\/","name":"La physique au si\u00e8cle des Lumi\u00e8res - ISTE Group","isPartOf":{"@id":"https:\/\/www.istegroup.com\/#website"},"primaryImageOfPage":{"@id":"https:\/\/www.istegroup.com\/fr\/produit\/la-physique-au-siecle-des-lumieres\/#primaryimage"},"image":{"@id":"https:\/\/www.istegroup.com\/fr\/produit\/la-physique-au-siecle-des-lumieres\/#primaryimage"},"thumbnailUrl":"https:\/\/www.istegroup.com\/wp-content\/uploads\/2017\/07\/9934932612_4329823236-1.png","datePublished":"2017-07-28T10:10:48+00:00","dateModified":"2024-01-03T13:39:34+00:00","description":"L'ouvrage\u00a0revient sur les d\u00e9couvertes, les avanc\u00e9es et les d\u00e9bats qui ont aliment\u00e9 la compr\u00e9hension du r\u00e9el et font encore \u00e9cho aujourd\u2019hui.","breadcrumb":{"@id":"https:\/\/www.istegroup.com\/fr\/produit\/la-physique-au-siecle-des-lumieres\/#breadcrumb"},"inLanguage":"fr-FR","potentialAction":[{"@type":"ReadAction","target":["https:\/\/www.istegroup.com\/fr\/produit\/la-physique-au-siecle-des-lumieres\/"]}]},{"@type":"ImageObject","inLanguage":"fr-FR","@id":"https:\/\/www.istegroup.com\/fr\/produit\/la-physique-au-siecle-des-lumieres\/#primaryimage","url":"https:\/\/www.istegroup.com\/wp-content\/uploads\/2017\/07\/9934932612_4329823236-1.png","contentUrl":"https:\/\/www.istegroup.com\/wp-content\/uploads\/2017\/07\/9934932612_4329823236-1.png","width":632,"height":960,"caption":"La physique au si\u00e8cle des Lumi\u00e8res"},{"@type":"BreadcrumbList","@id":"https:\/\/www.istegroup.com\/fr\/produit\/la-physique-au-siecle-des-lumieres\/#breadcrumb","itemListElement":[{"@type":"ListItem","position":1,"name":"Home","item":"https:\/\/www.istegroup.com\/"},{"@type":"ListItem","position":2,"name":"Shop","item":"https:\/\/www.istegroup.com\/fr\/nouveautes\/"},{"@type":"ListItem","position":3,"name":"La physique au si\u00e8cle des Lumi\u00e8res"}]},{"@type":"WebSite","@id":"https:\/\/www.istegroup.com\/#website","url":"https:\/\/www.istegroup.com\/","name":"ISTE Group","description":"\u00c9diteur des Sciences","potentialAction":[{"@type":"SearchAction","target":{"@type":"EntryPoint","urlTemplate":"https:\/\/www.istegroup.com\/?s={search_term_string}"},"query-input":{"@type":"PropertyValueSpecification","valueRequired":true,"valueName":"search_term_string"}}],"inLanguage":"fr-FR"}]}},"_links":{"self":[{"href":"https:\/\/www.istegroup.com\/fr\/wp-json\/wp\/v2\/product\/351","targetHints":{"allow":["GET"]}}],"collection":[{"href":"https:\/\/www.istegroup.com\/fr\/wp-json\/wp\/v2\/product"}],"about":[{"href":"https:\/\/www.istegroup.com\/fr\/wp-json\/wp\/v2\/types\/product"}],"wp:featuredmedia":[{"embeddable":true,"href":"https:\/\/www.istegroup.com\/fr\/wp-json\/wp\/v2\/media\/352"}],"wp:attachment":[{"href":"https:\/\/www.istegroup.com\/fr\/wp-json\/wp\/v2\/media?parent=351"}],"wp:term":[{"taxonomy":"product_brand","embeddable":true,"href":"https:\/\/www.istegroup.com\/fr\/wp-json\/wp\/v2\/product_brand?post=351"},{"taxonomy":"product_cat","embeddable":true,"href":"https:\/\/www.istegroup.com\/fr\/wp-json\/wp\/v2\/product_cat?post=351"},{"taxonomy":"product_tag","embeddable":true,"href":"https:\/\/www.istegroup.com\/fr\/wp-json\/wp\/v2\/product_tag?post=351"}],"curies":[{"name":"wp","href":"https:\/\/api.w.org\/{rel}","templated":true}]}}