{"id":35013,"date":"2021-02-27T13:40:05","date_gmt":"2021-02-27T13:40:05","guid":{"rendered":"https:\/\/www.istegroup.com\/?post_type=product&#038;p=35013"},"modified":"2024-01-03T13:43:54","modified_gmt":"2024-01-03T13:43:54","slug":"langage-et-neurologie","status":"publish","type":"product","link":"https:\/\/www.istegroup.com\/fr\/produit\/langage-et-neurologie\/","title":{"rendered":"Langage et neurologie"},"content":{"rendered":"<p><em>Langage et neurologie : la maladie d\u2019Alzheimer<\/em> interroge les rapports et la compatibilit\u00e9 entre les postulats en vigueur en neurologie et les th\u00e9ories linguistiques textuelles contemporaines, la s\u00e9mantique interpr\u00e9tative et l\u2019analyse de discours.<\/p>\n<p>L\u2019ouvrage pr\u00e9sente d\u2019abord un examen critique du d\u00e9pistage de la d\u00e9mence de type Alzheimer par le biais des tests cognitifs, en particulier ceux dans lesquels le langage est mis \u00e0 contribution. Il analyse ensuite les diverses propri\u00e9t\u00e9s linguistiques (morphologiques, syntaxiques et s\u00e9mantiques) des discours de malades d\u2019Alzheimer qui sont troublants tant pour les aidants que pour leur environnement en g\u00e9n\u00e9ral.<\/p>\n<p>Plus qu\u2019une synth\u00e8se de r\u00e9flexions critiques linguistiques, cet ouvrage suscite une r\u00e9flexion fructueuse au travers d\u2019ajustements sugg\u00e9r\u00e9s par les acquis de la s\u00e9mantique textuelle.<\/p>","protected":false},"excerpt":{"rendered":"<p>Langage et neurologie : la maladie d\u2019Alzheimer interroge les rapports et la compatibilit\u00e9 entre les postulats en vigueur en neurologie et les th\u00e9ories linguistiques textuelles contemporaines, la s\u00e9mantique interpr\u00e9tative et l\u2019analyse de discours. L\u2019ouvrage pr\u00e9sente d\u2019abord un examen critique du d\u00e9pistage de la d\u00e9mence de type Alzheimer par le biais des tests cognitifs, en particulier [&hellip;]<\/p>\n","protected":false},"featured_media":35014,"template":"","meta":{"_acf_changed":false,"_links_to":"","_links_to_target":""},"product_brand":[],"product_cat":[3262],"product_tag":[],"class_list":{"0":"post-35013","1":"product","2":"type-product","3":"status-publish","4":"has-post-thumbnail","6":"product_cat-non-classe","8":"first","9":"instock","10":"shipping-taxable","11":"purchasable","12":"product-type-variable"},"acf":[],"yoast_head":"<!-- This site is optimized with the Yoast SEO plugin v27.2 - https:\/\/yoast.com\/product\/yoast-seo-wordpress\/ -->\n<title>Langage et neurologie - ISTE Group<\/title>\n<meta name=\"description\" content=\"Langage et neurologie : la maladie d\u2019Alzheimer interroge les rapports et la compatibilit\u00e9 entre les postulats en vigueur en neurologie et les th\u00e9ories linguistiques textuelles contemporaines, la s\u00e9mantique interpr\u00e9tative et l\u2019analyse de discours.\" \/>\n<meta name=\"robots\" content=\"index, follow, max-snippet:-1, max-image-preview:large, max-video-preview:-1\" \/>\n<link rel=\"canonical\" href=\"https:\/\/www.istegroup.com\/fr\/produit\/langage-et-neurologie\/\" \/>\n<meta property=\"og:locale\" content=\"fr_FR\" \/>\n<meta property=\"og:type\" content=\"article\" \/>\n<meta property=\"og:title\" content=\"Langage et neurologie - ISTE Group\" \/>\n<meta property=\"og:description\" content=\"Langage et neurologie : la maladie d\u2019Alzheimer interroge les rapports et la compatibilit\u00e9 entre les postulats en vigueur en neurologie et les th\u00e9ories linguistiques textuelles contemporaines, la s\u00e9mantique interpr\u00e9tative et l\u2019analyse de discours.\" \/>\n<meta property=\"og:url\" content=\"https:\/\/www.istegroup.com\/fr\/produit\/langage-et-neurologie\/\" \/>\n<meta property=\"og:site_name\" content=\"ISTE Group\" \/>\n<meta property=\"article:modified_time\" content=\"2024-01-03T13:43:54+00:00\" \/>\n<meta property=\"og:image\" content=\"https:\/\/www.istegroup.com\/wp-content\/uploads\/2020\/11\/717_Langage-et-neurologie_Cusimano-pdf.jpg\" \/>\n\t<meta property=\"og:image:width\" content=\"786\" \/>\n\t<meta property=\"og:image:height\" content=\"1179\" \/>\n\t<meta property=\"og:image:type\" content=\"image\/jpeg\" \/>\n<meta name=\"twitter:card\" content=\"summary_large_image\" \/>\n<meta name=\"twitter:label1\" content=\"Est. reading time\" \/>\n\t<meta name=\"twitter:data1\" content=\"1 minute\" \/>\n<script type=\"application\/ld+json\" class=\"yoast-schema-graph\">{\"@context\":\"https:\/\/schema.org\",\"@graph\":[{\"@type\":\"WebPage\",\"@id\":\"https:\/\/www.istegroup.com\/fr\/produit\/langage-et-neurologie\/\",\"url\":\"https:\/\/www.istegroup.com\/fr\/produit\/langage-et-neurologie\/\",\"name\":\"Langage et neurologie - ISTE Group\",\"isPartOf\":{\"@id\":\"https:\/\/www.istegroup.com\/#website\"},\"primaryImageOfPage\":{\"@id\":\"https:\/\/www.istegroup.com\/fr\/produit\/langage-et-neurologie\/#primaryimage\"},\"image\":{\"@id\":\"https:\/\/www.istegroup.com\/fr\/produit\/langage-et-neurologie\/#primaryimage\"},\"thumbnailUrl\":\"https:\/\/www.istegroup.com\/wp-content\/uploads\/2020\/11\/717_Langage-et-neurologie_Cusimano-pdf.jpg\",\"datePublished\":\"2021-02-27T13:40:05+00:00\",\"dateModified\":\"2024-01-03T13:43:54+00:00\",\"description\":\"Langage et neurologie : la maladie d\u2019Alzheimer interroge les rapports et la compatibilit\u00e9 entre les postulats en vigueur en neurologie et les th\u00e9ories linguistiques textuelles contemporaines, la s\u00e9mantique interpr\u00e9tative et l\u2019analyse de discours.\",\"breadcrumb\":{\"@id\":\"https:\/\/www.istegroup.com\/fr\/produit\/langage-et-neurologie\/#breadcrumb\"},\"inLanguage\":\"fr-FR\",\"potentialAction\":[{\"@type\":\"ReadAction\",\"target\":[\"https:\/\/www.istegroup.com\/fr\/produit\/langage-et-neurologie\/\"]}]},{\"@type\":\"ImageObject\",\"inLanguage\":\"fr-FR\",\"@id\":\"https:\/\/www.istegroup.com\/fr\/produit\/langage-et-neurologie\/#primaryimage\",\"url\":\"https:\/\/www.istegroup.com\/wp-content\/uploads\/2020\/11\/717_Langage-et-neurologie_Cusimano-pdf.jpg\",\"contentUrl\":\"https:\/\/www.istegroup.com\/wp-content\/uploads\/2020\/11\/717_Langage-et-neurologie_Cusimano-pdf.jpg\",\"width\":786,\"height\":1179,\"caption\":\"Livre scientifique - Langage et neurologie - Christophe Cusimano\"},{\"@type\":\"BreadcrumbList\",\"@id\":\"https:\/\/www.istegroup.com\/fr\/produit\/langage-et-neurologie\/#breadcrumb\",\"itemListElement\":[{\"@type\":\"ListItem\",\"position\":1,\"name\":\"Home\",\"item\":\"https:\/\/www.istegroup.com\/\"},{\"@type\":\"ListItem\",\"position\":2,\"name\":\"Shop\",\"item\":\"https:\/\/www.istegroup.com\/fr\/nouveautes\/\"},{\"@type\":\"ListItem\",\"position\":3,\"name\":\"Langage et neurologie\"}]},{\"@type\":\"WebSite\",\"@id\":\"https:\/\/www.istegroup.com\/#website\",\"url\":\"https:\/\/www.istegroup.com\/\",\"name\":\"ISTE Group\",\"description\":\"\u00c9diteur des Sciences\",\"potentialAction\":[{\"@type\":\"SearchAction\",\"target\":{\"@type\":\"EntryPoint\",\"urlTemplate\":\"https:\/\/www.istegroup.com\/?s={search_term_string}\"},\"query-input\":{\"@type\":\"PropertyValueSpecification\",\"valueRequired\":true,\"valueName\":\"search_term_string\"}}],\"inLanguage\":\"fr-FR\"}]}<\/script>\n<!-- \/ Yoast SEO plugin. -->","yoast_head_json":{"title":"Langage et neurologie - ISTE Group","description":"Langage et neurologie : la maladie d\u2019Alzheimer interroge les rapports et la compatibilit\u00e9 entre les postulats en vigueur en neurologie et les th\u00e9ories linguistiques textuelles contemporaines, la s\u00e9mantique interpr\u00e9tative et l\u2019analyse de discours.","robots":{"index":"index","follow":"follow","max-snippet":"max-snippet:-1","max-image-preview":"max-image-preview:large","max-video-preview":"max-video-preview:-1"},"canonical":"https:\/\/www.istegroup.com\/fr\/produit\/langage-et-neurologie\/","og_locale":"fr_FR","og_type":"article","og_title":"Langage et neurologie - ISTE Group","og_description":"Langage et neurologie : la maladie d\u2019Alzheimer interroge les rapports et la compatibilit\u00e9 entre les postulats en vigueur en neurologie et les th\u00e9ories linguistiques textuelles contemporaines, la s\u00e9mantique interpr\u00e9tative et l\u2019analyse de discours.","og_url":"https:\/\/www.istegroup.com\/fr\/produit\/langage-et-neurologie\/","og_site_name":"ISTE Group","article_modified_time":"2024-01-03T13:43:54+00:00","og_image":[{"width":786,"height":1179,"url":"https:\/\/www.istegroup.com\/wp-content\/uploads\/2020\/11\/717_Langage-et-neurologie_Cusimano-pdf.jpg","type":"image\/jpeg"}],"twitter_card":"summary_large_image","twitter_misc":{"Est. reading time":"1 minute"},"schema":{"@context":"https:\/\/schema.org","@graph":[{"@type":"WebPage","@id":"https:\/\/www.istegroup.com\/fr\/produit\/langage-et-neurologie\/","url":"https:\/\/www.istegroup.com\/fr\/produit\/langage-et-neurologie\/","name":"Langage et neurologie - ISTE Group","isPartOf":{"@id":"https:\/\/www.istegroup.com\/#website"},"primaryImageOfPage":{"@id":"https:\/\/www.istegroup.com\/fr\/produit\/langage-et-neurologie\/#primaryimage"},"image":{"@id":"https:\/\/www.istegroup.com\/fr\/produit\/langage-et-neurologie\/#primaryimage"},"thumbnailUrl":"https:\/\/www.istegroup.com\/wp-content\/uploads\/2020\/11\/717_Langage-et-neurologie_Cusimano-pdf.jpg","datePublished":"2021-02-27T13:40:05+00:00","dateModified":"2024-01-03T13:43:54+00:00","description":"Langage et neurologie : la maladie d\u2019Alzheimer interroge les rapports et la compatibilit\u00e9 entre les postulats en vigueur en neurologie et les th\u00e9ories linguistiques textuelles contemporaines, la s\u00e9mantique interpr\u00e9tative et l\u2019analyse de discours.","breadcrumb":{"@id":"https:\/\/www.istegroup.com\/fr\/produit\/langage-et-neurologie\/#breadcrumb"},"inLanguage":"fr-FR","potentialAction":[{"@type":"ReadAction","target":["https:\/\/www.istegroup.com\/fr\/produit\/langage-et-neurologie\/"]}]},{"@type":"ImageObject","inLanguage":"fr-FR","@id":"https:\/\/www.istegroup.com\/fr\/produit\/langage-et-neurologie\/#primaryimage","url":"https:\/\/www.istegroup.com\/wp-content\/uploads\/2020\/11\/717_Langage-et-neurologie_Cusimano-pdf.jpg","contentUrl":"https:\/\/www.istegroup.com\/wp-content\/uploads\/2020\/11\/717_Langage-et-neurologie_Cusimano-pdf.jpg","width":786,"height":1179,"caption":"Livre scientifique - Langage et neurologie - Christophe Cusimano"},{"@type":"BreadcrumbList","@id":"https:\/\/www.istegroup.com\/fr\/produit\/langage-et-neurologie\/#breadcrumb","itemListElement":[{"@type":"ListItem","position":1,"name":"Home","item":"https:\/\/www.istegroup.com\/"},{"@type":"ListItem","position":2,"name":"Shop","item":"https:\/\/www.istegroup.com\/fr\/nouveautes\/"},{"@type":"ListItem","position":3,"name":"Langage et neurologie"}]},{"@type":"WebSite","@id":"https:\/\/www.istegroup.com\/#website","url":"https:\/\/www.istegroup.com\/","name":"ISTE Group","description":"\u00c9diteur des Sciences","potentialAction":[{"@type":"SearchAction","target":{"@type":"EntryPoint","urlTemplate":"https:\/\/www.istegroup.com\/?s={search_term_string}"},"query-input":{"@type":"PropertyValueSpecification","valueRequired":true,"valueName":"search_term_string"}}],"inLanguage":"fr-FR"}]}},"_links":{"self":[{"href":"https:\/\/www.istegroup.com\/fr\/wp-json\/wp\/v2\/product\/35013","targetHints":{"allow":["GET"]}}],"collection":[{"href":"https:\/\/www.istegroup.com\/fr\/wp-json\/wp\/v2\/product"}],"about":[{"href":"https:\/\/www.istegroup.com\/fr\/wp-json\/wp\/v2\/types\/product"}],"wp:featuredmedia":[{"embeddable":true,"href":"https:\/\/www.istegroup.com\/fr\/wp-json\/wp\/v2\/media\/35014"}],"wp:attachment":[{"href":"https:\/\/www.istegroup.com\/fr\/wp-json\/wp\/v2\/media?parent=35013"}],"wp:term":[{"taxonomy":"product_brand","embeddable":true,"href":"https:\/\/www.istegroup.com\/fr\/wp-json\/wp\/v2\/product_brand?post=35013"},{"taxonomy":"product_cat","embeddable":true,"href":"https:\/\/www.istegroup.com\/fr\/wp-json\/wp\/v2\/product_cat?post=35013"},{"taxonomy":"product_tag","embeddable":true,"href":"https:\/\/www.istegroup.com\/fr\/wp-json\/wp\/v2\/product_tag?post=35013"}],"curies":[{"name":"wp","href":"https:\/\/api.w.org\/{rel}","templated":true}]}}