{"id":35002,"date":"2021-02-27T10:28:43","date_gmt":"2021-02-27T10:28:43","guid":{"rendered":"https:\/\/www.istegroup.com\/?post_type=product&#038;p=35002"},"modified":"2024-07-10T09:41:44","modified_gmt":"2024-07-10T08:41:44","slug":"les-implicatures","status":"publish","type":"product","link":"https:\/\/www.istegroup.com\/fr\/produit\/les-implicatures\/","title":{"rendered":"Les implicatures"},"content":{"rendered":"<p>Un \u00e9nonc\u00e9 ne se r\u00e9duit jamais \u00e0 son sens litt\u00e9ral. Sa signification d\u00e9passe toujours celle des mots utilis\u00e9s. Elle inclut ce que le locuteur laisse entendre et toutes les inf\u00e9rences que l\u2019interlocuteur fait en comparant ce qui a \u00e9t\u00e9 dit \u00e0 ce qui aurait pu \u00eatre dit. Ce sont ces \u00e9l\u00e9ments de signification qui viennent enrichir le sens litt\u00e9ral qu\u2019on appelle les implicatures. Elles conduisent par exemple \u00e0 interpr\u00e9ter \u00ab fromage ou dessert \u00bb dans un menu comme signifiant \u00ab l\u2019un ou l\u2019autre mais pas les deux \u00bb.<\/p>\n<p>Cet ouvrage retrace l\u2019histoire de la notion d\u2019implicature, en pr\u00e9sente une typologie et met l\u2019accent sur le renouveau des \u00e9tudes actuelles : \u00e9tudes exp\u00e9rimentales sur le calcul des implicatures conversationnelles, mise en \u00e9vidence de la dimension expressive des implicatures conventionnelles, et r\u00e9flexions sur les implicatures sociales conduisant \u00e0 pr\u00e9ciser l\u2019identit\u00e9 et le positionnement id\u00e9ologique d\u2019un locuteur.<\/p>","protected":false},"excerpt":{"rendered":"<p>Un \u00e9nonc\u00e9 ne se r\u00e9duit jamais \u00e0 son sens litt\u00e9ral. Sa signification d\u00e9passe toujours celle des mots utilis\u00e9s. Elle inclut ce que le locuteur laisse entendre et toutes les inf\u00e9rences que l\u2019interlocuteur fait en comparant ce qui a \u00e9t\u00e9 dit \u00e0 ce qui aurait pu \u00eatre dit. Ce sont ces \u00e9l\u00e9ments de signification qui viennent [&hellip;]<\/p>\n","protected":false},"featured_media":35003,"template":"","meta":{"_acf_changed":false,"_links_to":"","_links_to_target":""},"product_brand":[],"product_cat":[3262],"product_tag":[],"class_list":{"0":"post-35002","1":"product","2":"type-product","3":"status-publish","4":"has-post-thumbnail","6":"product_cat-non-classe","8":"first","9":"instock","10":"shipping-taxable","11":"purchasable","12":"product-type-variable"},"acf":[],"yoast_head":"<!-- This site is optimized with the Yoast SEO plugin v27.2 - https:\/\/yoast.com\/product\/yoast-seo-wordpress\/ -->\n<title>Les implicatures - ISTE Group<\/title>\n<meta name=\"description\" content=\"Cet ouvrage retrace l\u2019histoire de la notion d\u2019implicature, en pr\u00e9sente une typologie et met l\u2019accent sur le renouveau des \u00e9tudes actuelles.\" \/>\n<meta name=\"robots\" content=\"index, follow, max-snippet:-1, max-image-preview:large, max-video-preview:-1\" \/>\n<link rel=\"canonical\" href=\"https:\/\/www.istegroup.com\/en\/produit\/les-implicatures\/\" \/>\n<meta property=\"og:locale\" content=\"fr_FR\" \/>\n<meta property=\"og:type\" content=\"article\" \/>\n<meta property=\"og:title\" content=\"Les implicatures - ISTE Group\" \/>\n<meta property=\"og:description\" content=\"Cet ouvrage retrace l\u2019histoire de la notion d\u2019implicature, en pr\u00e9sente une typologie et met l\u2019accent sur le renouveau des \u00e9tudes actuelles.\" \/>\n<meta property=\"og:url\" content=\"https:\/\/www.istegroup.com\/en\/produit\/les-implicatures\/\" \/>\n<meta property=\"og:site_name\" content=\"ISTE Group\" \/>\n<meta property=\"article:modified_time\" content=\"2024-07-10T08:41:44+00:00\" \/>\n<meta property=\"og:image\" content=\"https:\/\/www.istegroup.com\/wp-content\/uploads\/2020\/11\/710_Les-implicatures_Beyssade-pdf.jpg\" \/>\n\t<meta property=\"og:image:width\" content=\"786\" \/>\n\t<meta property=\"og:image:height\" content=\"1179\" \/>\n\t<meta property=\"og:image:type\" content=\"image\/jpeg\" \/>\n<meta name=\"twitter:card\" content=\"summary_large_image\" \/>\n<meta name=\"twitter:label1\" content=\"Est. reading time\" \/>\n\t<meta name=\"twitter:data1\" content=\"1 minute\" \/>\n<script type=\"application\/ld+json\" class=\"yoast-schema-graph\">{\"@context\":\"https:\/\/schema.org\",\"@graph\":[{\"@type\":\"WebPage\",\"@id\":\"https:\/\/www.istegroup.com\/en\/produit\/les-implicatures\/\",\"url\":\"https:\/\/www.istegroup.com\/en\/produit\/les-implicatures\/\",\"name\":\"Les implicatures - ISTE Group\",\"isPartOf\":{\"@id\":\"https:\/\/www.istegroup.com\/#website\"},\"primaryImageOfPage\":{\"@id\":\"https:\/\/www.istegroup.com\/en\/produit\/les-implicatures\/#primaryimage\"},\"image\":{\"@id\":\"https:\/\/www.istegroup.com\/en\/produit\/les-implicatures\/#primaryimage\"},\"thumbnailUrl\":\"https:\/\/www.istegroup.com\/wp-content\/uploads\/2020\/11\/710_Les-implicatures_Beyssade-pdf.jpg\",\"datePublished\":\"2021-02-27T10:28:43+00:00\",\"dateModified\":\"2024-07-10T08:41:44+00:00\",\"description\":\"Cet ouvrage retrace l\u2019histoire de la notion d\u2019implicature, en pr\u00e9sente une typologie et met l\u2019accent sur le renouveau des \u00e9tudes actuelles.\",\"breadcrumb\":{\"@id\":\"https:\/\/www.istegroup.com\/en\/produit\/les-implicatures\/#breadcrumb\"},\"inLanguage\":\"fr-FR\",\"potentialAction\":[{\"@type\":\"ReadAction\",\"target\":[\"https:\/\/www.istegroup.com\/en\/produit\/les-implicatures\/\"]}]},{\"@type\":\"ImageObject\",\"inLanguage\":\"fr-FR\",\"@id\":\"https:\/\/www.istegroup.com\/en\/produit\/les-implicatures\/#primaryimage\",\"url\":\"https:\/\/www.istegroup.com\/wp-content\/uploads\/2020\/11\/710_Les-implicatures_Beyssade-pdf.jpg\",\"contentUrl\":\"https:\/\/www.istegroup.com\/wp-content\/uploads\/2020\/11\/710_Les-implicatures_Beyssade-pdf.jpg\",\"width\":786,\"height\":1179,\"caption\":\"Livre scientifique - Les implicatures - Claire Beyssade\"},{\"@type\":\"BreadcrumbList\",\"@id\":\"https:\/\/www.istegroup.com\/en\/produit\/les-implicatures\/#breadcrumb\",\"itemListElement\":[{\"@type\":\"ListItem\",\"position\":1,\"name\":\"Home\",\"item\":\"https:\/\/www.istegroup.com\/\"},{\"@type\":\"ListItem\",\"position\":2,\"name\":\"Shop\",\"item\":\"https:\/\/www.istegroup.com\/fr\/nouveautes\/\"},{\"@type\":\"ListItem\",\"position\":3,\"name\":\"Les implicatures\"}]},{\"@type\":\"WebSite\",\"@id\":\"https:\/\/www.istegroup.com\/#website\",\"url\":\"https:\/\/www.istegroup.com\/\",\"name\":\"ISTE Group\",\"description\":\"\u00c9diteur des Sciences\",\"potentialAction\":[{\"@type\":\"SearchAction\",\"target\":{\"@type\":\"EntryPoint\",\"urlTemplate\":\"https:\/\/www.istegroup.com\/?s={search_term_string}\"},\"query-input\":{\"@type\":\"PropertyValueSpecification\",\"valueRequired\":true,\"valueName\":\"search_term_string\"}}],\"inLanguage\":\"fr-FR\"}]}<\/script>\n<!-- \/ Yoast SEO plugin. -->","yoast_head_json":{"title":"Les implicatures - ISTE Group","description":"Cet ouvrage retrace l\u2019histoire de la notion d\u2019implicature, en pr\u00e9sente une typologie et met l\u2019accent sur le renouveau des \u00e9tudes actuelles.","robots":{"index":"index","follow":"follow","max-snippet":"max-snippet:-1","max-image-preview":"max-image-preview:large","max-video-preview":"max-video-preview:-1"},"canonical":"https:\/\/www.istegroup.com\/en\/produit\/les-implicatures\/","og_locale":"fr_FR","og_type":"article","og_title":"Les implicatures - ISTE Group","og_description":"Cet ouvrage retrace l\u2019histoire de la notion d\u2019implicature, en pr\u00e9sente une typologie et met l\u2019accent sur le renouveau des \u00e9tudes actuelles.","og_url":"https:\/\/www.istegroup.com\/en\/produit\/les-implicatures\/","og_site_name":"ISTE Group","article_modified_time":"2024-07-10T08:41:44+00:00","og_image":[{"width":786,"height":1179,"url":"https:\/\/www.istegroup.com\/wp-content\/uploads\/2020\/11\/710_Les-implicatures_Beyssade-pdf.jpg","type":"image\/jpeg"}],"twitter_card":"summary_large_image","twitter_misc":{"Est. reading time":"1 minute"},"schema":{"@context":"https:\/\/schema.org","@graph":[{"@type":"WebPage","@id":"https:\/\/www.istegroup.com\/en\/produit\/les-implicatures\/","url":"https:\/\/www.istegroup.com\/en\/produit\/les-implicatures\/","name":"Les implicatures - ISTE Group","isPartOf":{"@id":"https:\/\/www.istegroup.com\/#website"},"primaryImageOfPage":{"@id":"https:\/\/www.istegroup.com\/en\/produit\/les-implicatures\/#primaryimage"},"image":{"@id":"https:\/\/www.istegroup.com\/en\/produit\/les-implicatures\/#primaryimage"},"thumbnailUrl":"https:\/\/www.istegroup.com\/wp-content\/uploads\/2020\/11\/710_Les-implicatures_Beyssade-pdf.jpg","datePublished":"2021-02-27T10:28:43+00:00","dateModified":"2024-07-10T08:41:44+00:00","description":"Cet ouvrage retrace l\u2019histoire de la notion d\u2019implicature, en pr\u00e9sente une typologie et met l\u2019accent sur le renouveau des \u00e9tudes actuelles.","breadcrumb":{"@id":"https:\/\/www.istegroup.com\/en\/produit\/les-implicatures\/#breadcrumb"},"inLanguage":"fr-FR","potentialAction":[{"@type":"ReadAction","target":["https:\/\/www.istegroup.com\/en\/produit\/les-implicatures\/"]}]},{"@type":"ImageObject","inLanguage":"fr-FR","@id":"https:\/\/www.istegroup.com\/en\/produit\/les-implicatures\/#primaryimage","url":"https:\/\/www.istegroup.com\/wp-content\/uploads\/2020\/11\/710_Les-implicatures_Beyssade-pdf.jpg","contentUrl":"https:\/\/www.istegroup.com\/wp-content\/uploads\/2020\/11\/710_Les-implicatures_Beyssade-pdf.jpg","width":786,"height":1179,"caption":"Livre scientifique - Les implicatures - Claire Beyssade"},{"@type":"BreadcrumbList","@id":"https:\/\/www.istegroup.com\/en\/produit\/les-implicatures\/#breadcrumb","itemListElement":[{"@type":"ListItem","position":1,"name":"Home","item":"https:\/\/www.istegroup.com\/"},{"@type":"ListItem","position":2,"name":"Shop","item":"https:\/\/www.istegroup.com\/fr\/nouveautes\/"},{"@type":"ListItem","position":3,"name":"Les implicatures"}]},{"@type":"WebSite","@id":"https:\/\/www.istegroup.com\/#website","url":"https:\/\/www.istegroup.com\/","name":"ISTE Group","description":"\u00c9diteur des Sciences","potentialAction":[{"@type":"SearchAction","target":{"@type":"EntryPoint","urlTemplate":"https:\/\/www.istegroup.com\/?s={search_term_string}"},"query-input":{"@type":"PropertyValueSpecification","valueRequired":true,"valueName":"search_term_string"}}],"inLanguage":"fr-FR"}]}},"_links":{"self":[{"href":"https:\/\/www.istegroup.com\/fr\/wp-json\/wp\/v2\/product\/35002","targetHints":{"allow":["GET"]}}],"collection":[{"href":"https:\/\/www.istegroup.com\/fr\/wp-json\/wp\/v2\/product"}],"about":[{"href":"https:\/\/www.istegroup.com\/fr\/wp-json\/wp\/v2\/types\/product"}],"wp:featuredmedia":[{"embeddable":true,"href":"https:\/\/www.istegroup.com\/fr\/wp-json\/wp\/v2\/media\/35003"}],"wp:attachment":[{"href":"https:\/\/www.istegroup.com\/fr\/wp-json\/wp\/v2\/media?parent=35002"}],"wp:term":[{"taxonomy":"product_brand","embeddable":true,"href":"https:\/\/www.istegroup.com\/fr\/wp-json\/wp\/v2\/product_brand?post=35002"},{"taxonomy":"product_cat","embeddable":true,"href":"https:\/\/www.istegroup.com\/fr\/wp-json\/wp\/v2\/product_cat?post=35002"},{"taxonomy":"product_tag","embeddable":true,"href":"https:\/\/www.istegroup.com\/fr\/wp-json\/wp\/v2\/product_tag?post=35002"}],"curies":[{"name":"wp","href":"https:\/\/api.w.org\/{rel}","templated":true}]}}