{"id":34731,"date":"2022-09-12T08:48:50","date_gmt":"2022-09-12T07:48:50","guid":{"rendered":"https:\/\/www.istegroup.com\/?post_type=product&#038;p=34731"},"modified":"2025-01-03T11:57:57","modified_gmt":"2025-01-03T11:57:57","slug":"approches-statistiques-pour-les-variables-cachees-en-ecologie","status":"publish","type":"product","link":"https:\/\/www.istegroup.com\/fr\/produit\/approches-statistiques-pour-les-variables-cachees-en-ecologie\/","title":{"rendered":"Approches statistiques pour les variables cach\u00e9es en \u00e9cologie"},"content":{"rendered":"<p>L\u2019\u00e9tude des syst\u00e8mes \u00e9cologiques est souvent rendue difficile car certaines composantes \u00e9chappent \u00e0 une observation parfaite, comme les trajectoires d\u2019animaux en mouvement ou la banque de graines des plantes. La mod\u00e9lisation statistique permet de traiter efficacement ces composantes cach\u00e9es en utilisant le cadre des variables latentes, qui permet de mod\u00e9liser une structure d\u2019interaction sous-jacente entre les variables, d\u2019inclure des effets al\u00e9atoires dans les mod\u00e8les de r\u00e9gression ou d\u2019effectuer une classification des donn\u00e9es, autant de t\u00e2ches utiles dans l\u2019analyse des donn\u00e9es \u00e9cologiques.<\/p>\n<p><em>Approches statistiques pour les variables cach\u00e9es en \u00e9cologie<\/em>\u00a0pr\u00e9sente des travaux r\u00e9cents sur la mod\u00e9lisation statistique et l\u2019estimation dans des mod\u00e8les avec variables latentes. Ces \u00e9tudes sont illustr\u00e9es par des exemples \u00e9cologiques impliquant diff\u00e9rents types de variables latentes, \u00e0 diff\u00e9rentes \u00e9chelles d\u2019organisation, des individus aux \u00e9cosyst\u00e8mes.<\/p>\n<p>Les lecteurs, qui ont acc\u00e8s aux donn\u00e9es et aux codes R pour faciliter la compr\u00e9hension des mod\u00e8les, pourront ainsi adapter les outils d\u2019inf\u00e9rence \u00e0 leurs propres donn\u00e9es.<\/p>","protected":false},"excerpt":{"rendered":"<p>L\u2019\u00e9tude des syst\u00e8mes \u00e9cologiques est souvent rendue difficile car certaines composantes \u00e9chappent \u00e0 une observation parfaite, comme les trajectoires d\u2019animaux en mouvement ou la banque de graines des plantes. La mod\u00e9lisation statistique permet de traiter efficacement ces composantes cach\u00e9es en utilisant le cadre des variables latentes, qui permet de mod\u00e9liser une structure d\u2019interaction sous-jacente entre [&hellip;]<\/p>\n","protected":false},"featured_media":47631,"template":"","meta":{"_acf_changed":false,"_links_to":"","_links_to_target":""},"product_brand":[],"product_cat":[4289],"product_tag":[],"class_list":{"0":"post-34731","1":"product","2":"type-product","3":"status-publish","4":"has-post-thumbnail","6":"product_cat-sciences","8":"first","9":"instock","10":"shipping-taxable","11":"purchasable","12":"product-type-variable"},"acf":[],"yoast_head":"<!-- This site is optimized with the Yoast SEO plugin v27.2 - https:\/\/yoast.com\/product\/yoast-seo-wordpress\/ -->\n<title>Approches statistiques pour les variables cach\u00e9es en \u00e9cologie - ISTE Group<\/title>\n<meta name=\"description\" content=\"Approches statistiques pour les variables cach\u00e9es en \u00e9cologie\u00a0pr\u00e9sente des travaux r\u00e9cents sur la mod\u00e9lisation statistique et l\u2019estimation dans des mod\u00e8les avec variables latentes.\" \/>\n<meta name=\"robots\" content=\"index, follow, max-snippet:-1, max-image-preview:large, max-video-preview:-1\" \/>\n<link rel=\"canonical\" href=\"https:\/\/www.istegroup.com\/fr\/produit\/approches-statistiques-pour-les-variables-cachees-en-ecologie\/\" \/>\n<meta property=\"og:locale\" content=\"fr_FR\" \/>\n<meta property=\"og:type\" content=\"article\" \/>\n<meta property=\"og:title\" content=\"Approches statistiques pour les variables cach\u00e9es en \u00e9cologie - ISTE Group\" \/>\n<meta property=\"og:description\" content=\"Approches statistiques pour les variables cach\u00e9es en \u00e9cologie\u00a0pr\u00e9sente des travaux r\u00e9cents sur la mod\u00e9lisation statistique et l\u2019estimation dans des mod\u00e8les avec variables latentes.\" \/>\n<meta property=\"og:url\" content=\"https:\/\/www.istegroup.com\/fr\/produit\/approches-statistiques-pour-les-variables-cachees-en-ecologie\/\" \/>\n<meta property=\"og:site_name\" content=\"ISTE Group\" \/>\n<meta property=\"article:modified_time\" content=\"2025-01-03T11:57:57+00:00\" \/>\n<meta property=\"og:image\" content=\"https:\/\/www.istegroup.com\/wp-content\/uploads\/2022\/08\/Approches-statistiques-pour-les-variables-cachees-en-ecologie.jpeg\" \/>\n\t<meta property=\"og:image:width\" content=\"300\" \/>\n\t<meta property=\"og:image:height\" content=\"450\" \/>\n\t<meta property=\"og:image:type\" content=\"image\/jpeg\" \/>\n<meta name=\"twitter:card\" content=\"summary_large_image\" \/>\n<meta name=\"twitter:label1\" content=\"Est. reading time\" \/>\n\t<meta name=\"twitter:data1\" content=\"1 minute\" \/>\n<script type=\"application\/ld+json\" class=\"yoast-schema-graph\">{\"@context\":\"https:\/\/schema.org\",\"@graph\":[{\"@type\":\"WebPage\",\"@id\":\"https:\/\/www.istegroup.com\/fr\/produit\/approches-statistiques-pour-les-variables-cachees-en-ecologie\/\",\"url\":\"https:\/\/www.istegroup.com\/fr\/produit\/approches-statistiques-pour-les-variables-cachees-en-ecologie\/\",\"name\":\"Approches statistiques pour les variables cach\u00e9es en \u00e9cologie - ISTE Group\",\"isPartOf\":{\"@id\":\"https:\/\/www.istegroup.com\/#website\"},\"primaryImageOfPage\":{\"@id\":\"https:\/\/www.istegroup.com\/fr\/produit\/approches-statistiques-pour-les-variables-cachees-en-ecologie\/#primaryimage\"},\"image\":{\"@id\":\"https:\/\/www.istegroup.com\/fr\/produit\/approches-statistiques-pour-les-variables-cachees-en-ecologie\/#primaryimage\"},\"thumbnailUrl\":\"https:\/\/www.istegroup.com\/wp-content\/uploads\/2022\/08\/Approches-statistiques-pour-les-variables-cachees-en-ecologie.jpeg\",\"datePublished\":\"2022-09-12T07:48:50+00:00\",\"dateModified\":\"2025-01-03T11:57:57+00:00\",\"description\":\"Approches statistiques pour les variables cach\u00e9es en \u00e9cologie\u00a0pr\u00e9sente des travaux r\u00e9cents sur la mod\u00e9lisation statistique et l\u2019estimation dans des mod\u00e8les avec variables latentes.\",\"breadcrumb\":{\"@id\":\"https:\/\/www.istegroup.com\/fr\/produit\/approches-statistiques-pour-les-variables-cachees-en-ecologie\/#breadcrumb\"},\"inLanguage\":\"fr-FR\",\"potentialAction\":[{\"@type\":\"ReadAction\",\"target\":[\"https:\/\/www.istegroup.com\/fr\/produit\/approches-statistiques-pour-les-variables-cachees-en-ecologie\/\"]}]},{\"@type\":\"ImageObject\",\"inLanguage\":\"fr-FR\",\"@id\":\"https:\/\/www.istegroup.com\/fr\/produit\/approches-statistiques-pour-les-variables-cachees-en-ecologie\/#primaryimage\",\"url\":\"https:\/\/www.istegroup.com\/wp-content\/uploads\/2022\/08\/Approches-statistiques-pour-les-variables-cachees-en-ecologie.jpeg\",\"contentUrl\":\"https:\/\/www.istegroup.com\/wp-content\/uploads\/2022\/08\/Approches-statistiques-pour-les-variables-cachees-en-ecologie.jpeg\",\"width\":300,\"height\":450,\"caption\":\"Livre scientifique - Approches statistiques pour les variables cach\u00e9es en \u00e9cologie - Encyclop\u00e9die SCIENCES\"},{\"@type\":\"BreadcrumbList\",\"@id\":\"https:\/\/www.istegroup.com\/fr\/produit\/approches-statistiques-pour-les-variables-cachees-en-ecologie\/#breadcrumb\",\"itemListElement\":[{\"@type\":\"ListItem\",\"position\":1,\"name\":\"Home\",\"item\":\"https:\/\/www.istegroup.com\/\"},{\"@type\":\"ListItem\",\"position\":2,\"name\":\"Shop\",\"item\":\"https:\/\/www.istegroup.com\/fr\/nouveautes\/\"},{\"@type\":\"ListItem\",\"position\":3,\"name\":\"Approches statistiques pour les variables cach\u00e9es en \u00e9cologie\"}]},{\"@type\":\"WebSite\",\"@id\":\"https:\/\/www.istegroup.com\/#website\",\"url\":\"https:\/\/www.istegroup.com\/\",\"name\":\"ISTE Group\",\"description\":\"\u00c9diteur des Sciences\",\"potentialAction\":[{\"@type\":\"SearchAction\",\"target\":{\"@type\":\"EntryPoint\",\"urlTemplate\":\"https:\/\/www.istegroup.com\/?s={search_term_string}\"},\"query-input\":{\"@type\":\"PropertyValueSpecification\",\"valueRequired\":true,\"valueName\":\"search_term_string\"}}],\"inLanguage\":\"fr-FR\"}]}<\/script>\n<!-- \/ Yoast SEO plugin. -->","yoast_head_json":{"title":"Approches statistiques pour les variables cach\u00e9es en \u00e9cologie - ISTE Group","description":"Approches statistiques pour les variables cach\u00e9es en \u00e9cologie\u00a0pr\u00e9sente des travaux r\u00e9cents sur la mod\u00e9lisation statistique et l\u2019estimation dans des mod\u00e8les avec variables latentes.","robots":{"index":"index","follow":"follow","max-snippet":"max-snippet:-1","max-image-preview":"max-image-preview:large","max-video-preview":"max-video-preview:-1"},"canonical":"https:\/\/www.istegroup.com\/fr\/produit\/approches-statistiques-pour-les-variables-cachees-en-ecologie\/","og_locale":"fr_FR","og_type":"article","og_title":"Approches statistiques pour les variables cach\u00e9es en \u00e9cologie - ISTE Group","og_description":"Approches statistiques pour les variables cach\u00e9es en \u00e9cologie\u00a0pr\u00e9sente des travaux r\u00e9cents sur la mod\u00e9lisation statistique et l\u2019estimation dans des mod\u00e8les avec variables latentes.","og_url":"https:\/\/www.istegroup.com\/fr\/produit\/approches-statistiques-pour-les-variables-cachees-en-ecologie\/","og_site_name":"ISTE Group","article_modified_time":"2025-01-03T11:57:57+00:00","og_image":[{"width":300,"height":450,"url":"https:\/\/www.istegroup.com\/wp-content\/uploads\/2022\/08\/Approches-statistiques-pour-les-variables-cachees-en-ecologie.jpeg","type":"image\/jpeg"}],"twitter_card":"summary_large_image","twitter_misc":{"Est. reading time":"1 minute"},"schema":{"@context":"https:\/\/schema.org","@graph":[{"@type":"WebPage","@id":"https:\/\/www.istegroup.com\/fr\/produit\/approches-statistiques-pour-les-variables-cachees-en-ecologie\/","url":"https:\/\/www.istegroup.com\/fr\/produit\/approches-statistiques-pour-les-variables-cachees-en-ecologie\/","name":"Approches statistiques pour les variables cach\u00e9es en \u00e9cologie - ISTE Group","isPartOf":{"@id":"https:\/\/www.istegroup.com\/#website"},"primaryImageOfPage":{"@id":"https:\/\/www.istegroup.com\/fr\/produit\/approches-statistiques-pour-les-variables-cachees-en-ecologie\/#primaryimage"},"image":{"@id":"https:\/\/www.istegroup.com\/fr\/produit\/approches-statistiques-pour-les-variables-cachees-en-ecologie\/#primaryimage"},"thumbnailUrl":"https:\/\/www.istegroup.com\/wp-content\/uploads\/2022\/08\/Approches-statistiques-pour-les-variables-cachees-en-ecologie.jpeg","datePublished":"2022-09-12T07:48:50+00:00","dateModified":"2025-01-03T11:57:57+00:00","description":"Approches statistiques pour les variables cach\u00e9es en \u00e9cologie\u00a0pr\u00e9sente des travaux r\u00e9cents sur la mod\u00e9lisation statistique et l\u2019estimation dans des mod\u00e8les avec variables latentes.","breadcrumb":{"@id":"https:\/\/www.istegroup.com\/fr\/produit\/approches-statistiques-pour-les-variables-cachees-en-ecologie\/#breadcrumb"},"inLanguage":"fr-FR","potentialAction":[{"@type":"ReadAction","target":["https:\/\/www.istegroup.com\/fr\/produit\/approches-statistiques-pour-les-variables-cachees-en-ecologie\/"]}]},{"@type":"ImageObject","inLanguage":"fr-FR","@id":"https:\/\/www.istegroup.com\/fr\/produit\/approches-statistiques-pour-les-variables-cachees-en-ecologie\/#primaryimage","url":"https:\/\/www.istegroup.com\/wp-content\/uploads\/2022\/08\/Approches-statistiques-pour-les-variables-cachees-en-ecologie.jpeg","contentUrl":"https:\/\/www.istegroup.com\/wp-content\/uploads\/2022\/08\/Approches-statistiques-pour-les-variables-cachees-en-ecologie.jpeg","width":300,"height":450,"caption":"Livre scientifique - Approches statistiques pour les variables cach\u00e9es en \u00e9cologie - Encyclop\u00e9die SCIENCES"},{"@type":"BreadcrumbList","@id":"https:\/\/www.istegroup.com\/fr\/produit\/approches-statistiques-pour-les-variables-cachees-en-ecologie\/#breadcrumb","itemListElement":[{"@type":"ListItem","position":1,"name":"Home","item":"https:\/\/www.istegroup.com\/"},{"@type":"ListItem","position":2,"name":"Shop","item":"https:\/\/www.istegroup.com\/fr\/nouveautes\/"},{"@type":"ListItem","position":3,"name":"Approches statistiques pour les variables cach\u00e9es en \u00e9cologie"}]},{"@type":"WebSite","@id":"https:\/\/www.istegroup.com\/#website","url":"https:\/\/www.istegroup.com\/","name":"ISTE Group","description":"\u00c9diteur des Sciences","potentialAction":[{"@type":"SearchAction","target":{"@type":"EntryPoint","urlTemplate":"https:\/\/www.istegroup.com\/?s={search_term_string}"},"query-input":{"@type":"PropertyValueSpecification","valueRequired":true,"valueName":"search_term_string"}}],"inLanguage":"fr-FR"}]}},"_links":{"self":[{"href":"https:\/\/www.istegroup.com\/fr\/wp-json\/wp\/v2\/product\/34731","targetHints":{"allow":["GET"]}}],"collection":[{"href":"https:\/\/www.istegroup.com\/fr\/wp-json\/wp\/v2\/product"}],"about":[{"href":"https:\/\/www.istegroup.com\/fr\/wp-json\/wp\/v2\/types\/product"}],"wp:featuredmedia":[{"embeddable":true,"href":"https:\/\/www.istegroup.com\/fr\/wp-json\/wp\/v2\/media\/47631"}],"wp:attachment":[{"href":"https:\/\/www.istegroup.com\/fr\/wp-json\/wp\/v2\/media?parent=34731"}],"wp:term":[{"taxonomy":"product_brand","embeddable":true,"href":"https:\/\/www.istegroup.com\/fr\/wp-json\/wp\/v2\/product_brand?post=34731"},{"taxonomy":"product_cat","embeddable":true,"href":"https:\/\/www.istegroup.com\/fr\/wp-json\/wp\/v2\/product_cat?post=34731"},{"taxonomy":"product_tag","embeddable":true,"href":"https:\/\/www.istegroup.com\/fr\/wp-json\/wp\/v2\/product_tag?post=34731"}],"curies":[{"name":"wp","href":"https:\/\/api.w.org\/{rel}","templated":true}]}}