{"id":34666,"date":"2022-09-12T11:44:33","date_gmt":"2022-09-12T10:44:33","guid":{"rendered":"https:\/\/www.istegroup.com\/?post_type=product&#038;p=34666"},"modified":"2025-01-03T11:57:28","modified_gmt":"2025-01-03T11:57:28","slug":"analyses-des-sites-web","status":"publish","type":"product","link":"https:\/\/www.istegroup.com\/fr\/produit\/analyses-des-sites-web\/","title":{"rendered":"Analyses des sites web"},"content":{"rendered":"<p>D\u2019un ensemble de pages HTML interconnect\u00e9es aux plateformes de services en ligne, les sites web n\u2019ont cess\u00e9 de changer de formes et de fonctions. Ces mutations ont amen\u00e9, d\u2019une part, les sciences humaines et sociales \u00e0 renouveler ou \u00e0 inventer des m\u00e9thodologies d\u2019analyse et, d\u2019autre part, \u00e0 repenser les pratiques des non-sp\u00e9cialistes et des professionnels du num\u00e9rique.<\/p>\n<p>La fabrique du Web s\u2019est \u00e9galement inscrite \u00e0 l\u2019agenda des formations en communication, selon une approche diff\u00e9rente et compl\u00e9mentaire de celle mise en oeuvre pour les informaticiens.<\/p>\n<p>Sous l\u2019angle de ces deux perspectives, et en prenant appui sur plusieurs \u00e9tudes de cas, <em>Analyses des sites web<\/em> pr\u00e9sente des contributions \u00e0 la fois \u00e9pist\u00e9mologiques et m\u00e9thodologiques de chercheurs en sciences de l\u2019information et de la communication afin d\u2019analyser les sites web comme dispositifs sociotechniques, s\u00e9mio-discursifs et communicationnels. Cette \u00e9tude va de leur conception \u00e0 leur int\u00e9gration dans les strat\u00e9gies num\u00e9riques des organisations du secteur public, associatif ou priv\u00e9.<\/p>","protected":false},"excerpt":{"rendered":"<p>D\u2019un ensemble de pages HTML interconnect\u00e9es aux plateformes de services en ligne, les sites web n\u2019ont cess\u00e9 de changer de formes et de fonctions. Ces mutations ont amen\u00e9, d\u2019une part, les sciences humaines et sociales \u00e0 renouveler ou \u00e0 inventer des m\u00e9thodologies d\u2019analyse et, d\u2019autre part, \u00e0 repenser les pratiques des non-sp\u00e9cialistes et des professionnels [&hellip;]<\/p>\n","protected":false},"featured_media":47624,"template":"","meta":{"_acf_changed":false,"_links_to":"","_links_to_target":""},"product_brand":[],"product_cat":[4289],"product_tag":[],"class_list":{"0":"post-34666","1":"product","2":"type-product","3":"status-publish","4":"has-post-thumbnail","6":"product_cat-sciences","8":"first","9":"instock","10":"shipping-taxable","11":"purchasable","12":"product-type-variable"},"acf":[],"yoast_head":"<!-- This site is optimized with the Yoast SEO plugin v27.2 - https:\/\/yoast.com\/product\/yoast-seo-wordpress\/ -->\n<title>Analyses des sites web - ISTE Group<\/title>\n<meta name=\"robots\" content=\"index, follow, max-snippet:-1, max-image-preview:large, max-video-preview:-1\" \/>\n<link rel=\"canonical\" href=\"https:\/\/www.istegroup.com\/fr\/produit\/analyses-des-sites-web\/\" \/>\n<meta property=\"og:locale\" content=\"fr_FR\" \/>\n<meta property=\"og:type\" content=\"article\" \/>\n<meta property=\"og:title\" content=\"Analyses des sites web - ISTE Group\" \/>\n<meta property=\"og:description\" content=\"D\u2019un ensemble de pages HTML interconnect\u00e9es aux plateformes de services en ligne, les sites web n\u2019ont cess\u00e9 de changer de formes et de fonctions. Ces mutations ont amen\u00e9, d\u2019une part, les sciences humaines et sociales \u00e0 renouveler ou \u00e0 inventer des m\u00e9thodologies d\u2019analyse et, d\u2019autre part, \u00e0 repenser les pratiques des non-sp\u00e9cialistes et des professionnels [&hellip;]\" \/>\n<meta property=\"og:url\" content=\"https:\/\/www.istegroup.com\/fr\/produit\/analyses-des-sites-web\/\" \/>\n<meta property=\"og:site_name\" content=\"ISTE Group\" \/>\n<meta property=\"article:modified_time\" content=\"2025-01-03T11:57:28+00:00\" \/>\n<meta property=\"og:image\" content=\"https:\/\/www.istegroup.com\/wp-content\/uploads\/2022\/08\/Analyser-les-sites-web.jpeg\" \/>\n\t<meta property=\"og:image:width\" content=\"300\" \/>\n\t<meta property=\"og:image:height\" content=\"450\" \/>\n\t<meta property=\"og:image:type\" content=\"image\/jpeg\" \/>\n<meta name=\"twitter:card\" content=\"summary_large_image\" \/>\n<meta name=\"twitter:label1\" content=\"Est. reading time\" \/>\n\t<meta name=\"twitter:data1\" content=\"1 minute\" \/>\n<script type=\"application\/ld+json\" class=\"yoast-schema-graph\">{\"@context\":\"https:\/\/schema.org\",\"@graph\":[{\"@type\":\"WebPage\",\"@id\":\"https:\/\/www.istegroup.com\/fr\/produit\/analyses-des-sites-web\/\",\"url\":\"https:\/\/www.istegroup.com\/fr\/produit\/analyses-des-sites-web\/\",\"name\":\"Analyses des sites web - ISTE Group\",\"isPartOf\":{\"@id\":\"https:\/\/www.istegroup.com\/#website\"},\"primaryImageOfPage\":{\"@id\":\"https:\/\/www.istegroup.com\/fr\/produit\/analyses-des-sites-web\/#primaryimage\"},\"image\":{\"@id\":\"https:\/\/www.istegroup.com\/fr\/produit\/analyses-des-sites-web\/#primaryimage\"},\"thumbnailUrl\":\"https:\/\/www.istegroup.com\/wp-content\/uploads\/2022\/08\/Analyser-les-sites-web.jpeg\",\"datePublished\":\"2022-09-12T10:44:33+00:00\",\"dateModified\":\"2025-01-03T11:57:28+00:00\",\"breadcrumb\":{\"@id\":\"https:\/\/www.istegroup.com\/fr\/produit\/analyses-des-sites-web\/#breadcrumb\"},\"inLanguage\":\"fr-FR\",\"potentialAction\":[{\"@type\":\"ReadAction\",\"target\":[\"https:\/\/www.istegroup.com\/fr\/produit\/analyses-des-sites-web\/\"]}]},{\"@type\":\"ImageObject\",\"inLanguage\":\"fr-FR\",\"@id\":\"https:\/\/www.istegroup.com\/fr\/produit\/analyses-des-sites-web\/#primaryimage\",\"url\":\"https:\/\/www.istegroup.com\/wp-content\/uploads\/2022\/08\/Analyser-les-sites-web.jpeg\",\"contentUrl\":\"https:\/\/www.istegroup.com\/wp-content\/uploads\/2022\/08\/Analyser-les-sites-web.jpeg\",\"width\":300,\"height\":450,\"caption\":\"Livre scientifique - Analyser les sites web - Encyclop\u00e9die SCIENCES\"},{\"@type\":\"BreadcrumbList\",\"@id\":\"https:\/\/www.istegroup.com\/fr\/produit\/analyses-des-sites-web\/#breadcrumb\",\"itemListElement\":[{\"@type\":\"ListItem\",\"position\":1,\"name\":\"Home\",\"item\":\"https:\/\/www.istegroup.com\/\"},{\"@type\":\"ListItem\",\"position\":2,\"name\":\"Shop\",\"item\":\"https:\/\/www.istegroup.com\/fr\/nouveautes\/\"},{\"@type\":\"ListItem\",\"position\":3,\"name\":\"Analyses des sites web\"}]},{\"@type\":\"WebSite\",\"@id\":\"https:\/\/www.istegroup.com\/#website\",\"url\":\"https:\/\/www.istegroup.com\/\",\"name\":\"ISTE Group\",\"description\":\"\u00c9diteur des Sciences\",\"potentialAction\":[{\"@type\":\"SearchAction\",\"target\":{\"@type\":\"EntryPoint\",\"urlTemplate\":\"https:\/\/www.istegroup.com\/?s={search_term_string}\"},\"query-input\":{\"@type\":\"PropertyValueSpecification\",\"valueRequired\":true,\"valueName\":\"search_term_string\"}}],\"inLanguage\":\"fr-FR\"}]}<\/script>\n<!-- \/ Yoast SEO plugin. -->","yoast_head_json":{"title":"Analyses des sites web - ISTE Group","robots":{"index":"index","follow":"follow","max-snippet":"max-snippet:-1","max-image-preview":"max-image-preview:large","max-video-preview":"max-video-preview:-1"},"canonical":"https:\/\/www.istegroup.com\/fr\/produit\/analyses-des-sites-web\/","og_locale":"fr_FR","og_type":"article","og_title":"Analyses des sites web - ISTE Group","og_description":"D\u2019un ensemble de pages HTML interconnect\u00e9es aux plateformes de services en ligne, les sites web n\u2019ont cess\u00e9 de changer de formes et de fonctions. Ces mutations ont amen\u00e9, d\u2019une part, les sciences humaines et sociales \u00e0 renouveler ou \u00e0 inventer des m\u00e9thodologies d\u2019analyse et, d\u2019autre part, \u00e0 repenser les pratiques des non-sp\u00e9cialistes et des professionnels [&hellip;]","og_url":"https:\/\/www.istegroup.com\/fr\/produit\/analyses-des-sites-web\/","og_site_name":"ISTE Group","article_modified_time":"2025-01-03T11:57:28+00:00","og_image":[{"width":300,"height":450,"url":"https:\/\/www.istegroup.com\/wp-content\/uploads\/2022\/08\/Analyser-les-sites-web.jpeg","type":"image\/jpeg"}],"twitter_card":"summary_large_image","twitter_misc":{"Est. reading time":"1 minute"},"schema":{"@context":"https:\/\/schema.org","@graph":[{"@type":"WebPage","@id":"https:\/\/www.istegroup.com\/fr\/produit\/analyses-des-sites-web\/","url":"https:\/\/www.istegroup.com\/fr\/produit\/analyses-des-sites-web\/","name":"Analyses des sites web - ISTE Group","isPartOf":{"@id":"https:\/\/www.istegroup.com\/#website"},"primaryImageOfPage":{"@id":"https:\/\/www.istegroup.com\/fr\/produit\/analyses-des-sites-web\/#primaryimage"},"image":{"@id":"https:\/\/www.istegroup.com\/fr\/produit\/analyses-des-sites-web\/#primaryimage"},"thumbnailUrl":"https:\/\/www.istegroup.com\/wp-content\/uploads\/2022\/08\/Analyser-les-sites-web.jpeg","datePublished":"2022-09-12T10:44:33+00:00","dateModified":"2025-01-03T11:57:28+00:00","breadcrumb":{"@id":"https:\/\/www.istegroup.com\/fr\/produit\/analyses-des-sites-web\/#breadcrumb"},"inLanguage":"fr-FR","potentialAction":[{"@type":"ReadAction","target":["https:\/\/www.istegroup.com\/fr\/produit\/analyses-des-sites-web\/"]}]},{"@type":"ImageObject","inLanguage":"fr-FR","@id":"https:\/\/www.istegroup.com\/fr\/produit\/analyses-des-sites-web\/#primaryimage","url":"https:\/\/www.istegroup.com\/wp-content\/uploads\/2022\/08\/Analyser-les-sites-web.jpeg","contentUrl":"https:\/\/www.istegroup.com\/wp-content\/uploads\/2022\/08\/Analyser-les-sites-web.jpeg","width":300,"height":450,"caption":"Livre scientifique - Analyser les sites web - Encyclop\u00e9die SCIENCES"},{"@type":"BreadcrumbList","@id":"https:\/\/www.istegroup.com\/fr\/produit\/analyses-des-sites-web\/#breadcrumb","itemListElement":[{"@type":"ListItem","position":1,"name":"Home","item":"https:\/\/www.istegroup.com\/"},{"@type":"ListItem","position":2,"name":"Shop","item":"https:\/\/www.istegroup.com\/fr\/nouveautes\/"},{"@type":"ListItem","position":3,"name":"Analyses des sites web"}]},{"@type":"WebSite","@id":"https:\/\/www.istegroup.com\/#website","url":"https:\/\/www.istegroup.com\/","name":"ISTE Group","description":"\u00c9diteur des Sciences","potentialAction":[{"@type":"SearchAction","target":{"@type":"EntryPoint","urlTemplate":"https:\/\/www.istegroup.com\/?s={search_term_string}"},"query-input":{"@type":"PropertyValueSpecification","valueRequired":true,"valueName":"search_term_string"}}],"inLanguage":"fr-FR"}]}},"_links":{"self":[{"href":"https:\/\/www.istegroup.com\/fr\/wp-json\/wp\/v2\/product\/34666","targetHints":{"allow":["GET"]}}],"collection":[{"href":"https:\/\/www.istegroup.com\/fr\/wp-json\/wp\/v2\/product"}],"about":[{"href":"https:\/\/www.istegroup.com\/fr\/wp-json\/wp\/v2\/types\/product"}],"wp:featuredmedia":[{"embeddable":true,"href":"https:\/\/www.istegroup.com\/fr\/wp-json\/wp\/v2\/media\/47624"}],"wp:attachment":[{"href":"https:\/\/www.istegroup.com\/fr\/wp-json\/wp\/v2\/media?parent=34666"}],"wp:term":[{"taxonomy":"product_brand","embeddable":true,"href":"https:\/\/www.istegroup.com\/fr\/wp-json\/wp\/v2\/product_brand?post=34666"},{"taxonomy":"product_cat","embeddable":true,"href":"https:\/\/www.istegroup.com\/fr\/wp-json\/wp\/v2\/product_cat?post=34666"},{"taxonomy":"product_tag","embeddable":true,"href":"https:\/\/www.istegroup.com\/fr\/wp-json\/wp\/v2\/product_tag?post=34666"}],"curies":[{"name":"wp","href":"https:\/\/api.w.org\/{rel}","templated":true}]}}