{"id":34652,"date":"2022-07-05T17:17:51","date_gmt":"2022-07-05T16:17:51","guid":{"rendered":"https:\/\/www.istegroup.com\/?post_type=product&#038;p=34652"},"modified":"2025-01-03T11:58:20","modified_gmt":"2025-01-03T11:58:20","slug":"la-decision-en-innovation","status":"publish","type":"product","link":"https:\/\/www.istegroup.com\/fr\/produit\/la-decision-en-innovation\/","title":{"rendered":"La d\u00e9cision en innovation"},"content":{"rendered":"<p>Les r\u00e9flexions scientifiques sur la mani\u00e8re de piloter l\u2019innovation se sont r\u00e9cemment d\u00e9velopp\u00e9es. Le constat est le suivant : allant de l\u2019id\u00e9ation jusqu\u2019\u00e0 la mise en \u00e9chelle, le processus d\u2019innovation est compos\u00e9 d\u2019une succession de prises de d\u00e9cisions qui n\u00e9cessitent de faire, de mani\u00e8re simultan\u00e9e, des compromis techniques, \u00e9conomiques, organisationnels et durables. Dans toutes les activit\u00e9s innovantes de l\u2019entreprise, les parties prenantes doivent chercher le meilleur compromis entre diverses dimensions, souvent contradictoires, d\u2019un m\u00eame probl\u00e8me.<\/p>\n<p>\u00c0 travers des cas pratiques issus de domaines vari\u00e9s (\u00e9nergie, marketing, d\u00e9veloppement durable, etc.), <em>La d\u00e9cision en innovation<\/em> parcourt l\u2019ensemble des \u00e9tapes du processus d\u2019innovation et met en lumi\u00e8re les principales d\u00e9cisions qui peuvent en r\u00e9sulter.<\/p>\n<p>Cet ouvrage s\u2019appuie sur les travaux de recherches historiques conduites \u00e0 l\u2019Universit\u00e9 de Lorraine et pr\u00e9sente six bonnes pratiques d\u2019innovation (strat\u00e9gie, cr\u00e9ativit\u00e9, conception, gestion de projet, ressources humaines et capitalisation des connaissances) illustr\u00e9es par des exemples d\u2019application de m\u00e9thodes d\u2019aide \u00e0 la d\u00e9cision.<\/p>","protected":false},"excerpt":{"rendered":"<p>Les r\u00e9flexions scientifiques sur la mani\u00e8re de piloter l\u2019innovation se sont r\u00e9cemment d\u00e9velopp\u00e9es. Le constat est le suivant : allant de l\u2019id\u00e9ation jusqu\u2019\u00e0 la mise en \u00e9chelle, le processus d\u2019innovation est compos\u00e9 d\u2019une succession de prises de d\u00e9cisions qui n\u00e9cessitent de faire, de mani\u00e8re simultan\u00e9e, des compromis techniques, \u00e9conomiques, organisationnels et durables. Dans toutes les [&hellip;]<\/p>\n","protected":false},"featured_media":47044,"template":"","meta":{"_acf_changed":false,"_links_to":"","_links_to_target":""},"product_brand":[],"product_cat":[4289],"product_tag":[],"class_list":{"0":"post-34652","1":"product","2":"type-product","3":"status-publish","4":"has-post-thumbnail","6":"product_cat-sciences","8":"first","9":"instock","10":"shipping-taxable","11":"purchasable","12":"product-type-variable"},"acf":[],"yoast_head":"<!-- This site is optimized with the Yoast SEO plugin v27.2 - https:\/\/yoast.com\/product\/yoast-seo-wordpress\/ -->\n<title>La d\u00e9cision en innovation - ISTE Group<\/title>\n<meta name=\"description\" content=\"La d\u00e9cision en innovation parcourt l\u2019ensemble des \u00e9tapes du processus d\u2019innovation et met en lumi\u00e8re les principales d\u00e9cisions qui peuvent en r\u00e9sulter.\" \/>\n<meta name=\"robots\" content=\"index, follow, max-snippet:-1, max-image-preview:large, max-video-preview:-1\" \/>\n<link rel=\"canonical\" href=\"https:\/\/www.istegroup.com\/fr\/produit\/la-decision-en-innovation\/\" \/>\n<meta property=\"og:locale\" content=\"fr_FR\" \/>\n<meta property=\"og:type\" content=\"article\" \/>\n<meta property=\"og:title\" content=\"La d\u00e9cision en innovation - ISTE Group\" \/>\n<meta property=\"og:description\" content=\"La d\u00e9cision en innovation parcourt l\u2019ensemble des \u00e9tapes du processus d\u2019innovation et met en lumi\u00e8re les principales d\u00e9cisions qui peuvent en r\u00e9sulter.\" \/>\n<meta property=\"og:url\" content=\"https:\/\/www.istegroup.com\/fr\/produit\/la-decision-en-innovation\/\" \/>\n<meta property=\"og:site_name\" content=\"ISTE Group\" \/>\n<meta property=\"article:modified_time\" content=\"2025-01-03T11:58:20+00:00\" \/>\n<meta property=\"og:image\" content=\"https:\/\/www.istegroup.com\/wp-content\/uploads\/2022\/06\/La-decision-en-innovation.jpeg\" \/>\n\t<meta property=\"og:image:width\" content=\"300\" \/>\n\t<meta property=\"og:image:height\" content=\"450\" \/>\n\t<meta property=\"og:image:type\" content=\"image\/jpeg\" \/>\n<meta name=\"twitter:card\" content=\"summary_large_image\" \/>\n<meta name=\"twitter:label1\" content=\"Est. reading time\" \/>\n\t<meta name=\"twitter:data1\" content=\"1 minute\" \/>\n<script type=\"application\/ld+json\" class=\"yoast-schema-graph\">{\"@context\":\"https:\/\/schema.org\",\"@graph\":[{\"@type\":\"WebPage\",\"@id\":\"https:\/\/www.istegroup.com\/fr\/produit\/la-decision-en-innovation\/\",\"url\":\"https:\/\/www.istegroup.com\/fr\/produit\/la-decision-en-innovation\/\",\"name\":\"La d\u00e9cision en innovation - ISTE Group\",\"isPartOf\":{\"@id\":\"https:\/\/www.istegroup.com\/#website\"},\"primaryImageOfPage\":{\"@id\":\"https:\/\/www.istegroup.com\/fr\/produit\/la-decision-en-innovation\/#primaryimage\"},\"image\":{\"@id\":\"https:\/\/www.istegroup.com\/fr\/produit\/la-decision-en-innovation\/#primaryimage\"},\"thumbnailUrl\":\"https:\/\/www.istegroup.com\/wp-content\/uploads\/2022\/06\/La-decision-en-innovation.jpeg\",\"datePublished\":\"2022-07-05T16:17:51+00:00\",\"dateModified\":\"2025-01-03T11:58:20+00:00\",\"description\":\"La d\u00e9cision en innovation parcourt l\u2019ensemble des \u00e9tapes du processus d\u2019innovation et met en lumi\u00e8re les principales d\u00e9cisions qui peuvent en r\u00e9sulter.\",\"breadcrumb\":{\"@id\":\"https:\/\/www.istegroup.com\/fr\/produit\/la-decision-en-innovation\/#breadcrumb\"},\"inLanguage\":\"fr-FR\",\"potentialAction\":[{\"@type\":\"ReadAction\",\"target\":[\"https:\/\/www.istegroup.com\/fr\/produit\/la-decision-en-innovation\/\"]}]},{\"@type\":\"ImageObject\",\"inLanguage\":\"fr-FR\",\"@id\":\"https:\/\/www.istegroup.com\/fr\/produit\/la-decision-en-innovation\/#primaryimage\",\"url\":\"https:\/\/www.istegroup.com\/wp-content\/uploads\/2022\/06\/La-decision-en-innovation.jpeg\",\"contentUrl\":\"https:\/\/www.istegroup.com\/wp-content\/uploads\/2022\/06\/La-decision-en-innovation.jpeg\",\"width\":300,\"height\":450,\"caption\":\"Livre scientifique - La d\u00e9cision en innovation - Encyclop\u00e9die SCIENCES\"},{\"@type\":\"BreadcrumbList\",\"@id\":\"https:\/\/www.istegroup.com\/fr\/produit\/la-decision-en-innovation\/#breadcrumb\",\"itemListElement\":[{\"@type\":\"ListItem\",\"position\":1,\"name\":\"Home\",\"item\":\"https:\/\/www.istegroup.com\/\"},{\"@type\":\"ListItem\",\"position\":2,\"name\":\"Shop\",\"item\":\"https:\/\/www.istegroup.com\/fr\/nouveautes\/\"},{\"@type\":\"ListItem\",\"position\":3,\"name\":\"La d\u00e9cision en innovation\"}]},{\"@type\":\"WebSite\",\"@id\":\"https:\/\/www.istegroup.com\/#website\",\"url\":\"https:\/\/www.istegroup.com\/\",\"name\":\"ISTE Group\",\"description\":\"\u00c9diteur des Sciences\",\"potentialAction\":[{\"@type\":\"SearchAction\",\"target\":{\"@type\":\"EntryPoint\",\"urlTemplate\":\"https:\/\/www.istegroup.com\/?s={search_term_string}\"},\"query-input\":{\"@type\":\"PropertyValueSpecification\",\"valueRequired\":true,\"valueName\":\"search_term_string\"}}],\"inLanguage\":\"fr-FR\"}]}<\/script>\n<!-- \/ Yoast SEO plugin. -->","yoast_head_json":{"title":"La d\u00e9cision en innovation - ISTE Group","description":"La d\u00e9cision en innovation parcourt l\u2019ensemble des \u00e9tapes du processus d\u2019innovation et met en lumi\u00e8re les principales d\u00e9cisions qui peuvent en r\u00e9sulter.","robots":{"index":"index","follow":"follow","max-snippet":"max-snippet:-1","max-image-preview":"max-image-preview:large","max-video-preview":"max-video-preview:-1"},"canonical":"https:\/\/www.istegroup.com\/fr\/produit\/la-decision-en-innovation\/","og_locale":"fr_FR","og_type":"article","og_title":"La d\u00e9cision en innovation - ISTE Group","og_description":"La d\u00e9cision en innovation parcourt l\u2019ensemble des \u00e9tapes du processus d\u2019innovation et met en lumi\u00e8re les principales d\u00e9cisions qui peuvent en r\u00e9sulter.","og_url":"https:\/\/www.istegroup.com\/fr\/produit\/la-decision-en-innovation\/","og_site_name":"ISTE Group","article_modified_time":"2025-01-03T11:58:20+00:00","og_image":[{"width":300,"height":450,"url":"https:\/\/www.istegroup.com\/wp-content\/uploads\/2022\/06\/La-decision-en-innovation.jpeg","type":"image\/jpeg"}],"twitter_card":"summary_large_image","twitter_misc":{"Est. reading time":"1 minute"},"schema":{"@context":"https:\/\/schema.org","@graph":[{"@type":"WebPage","@id":"https:\/\/www.istegroup.com\/fr\/produit\/la-decision-en-innovation\/","url":"https:\/\/www.istegroup.com\/fr\/produit\/la-decision-en-innovation\/","name":"La d\u00e9cision en innovation - ISTE Group","isPartOf":{"@id":"https:\/\/www.istegroup.com\/#website"},"primaryImageOfPage":{"@id":"https:\/\/www.istegroup.com\/fr\/produit\/la-decision-en-innovation\/#primaryimage"},"image":{"@id":"https:\/\/www.istegroup.com\/fr\/produit\/la-decision-en-innovation\/#primaryimage"},"thumbnailUrl":"https:\/\/www.istegroup.com\/wp-content\/uploads\/2022\/06\/La-decision-en-innovation.jpeg","datePublished":"2022-07-05T16:17:51+00:00","dateModified":"2025-01-03T11:58:20+00:00","description":"La d\u00e9cision en innovation parcourt l\u2019ensemble des \u00e9tapes du processus d\u2019innovation et met en lumi\u00e8re les principales d\u00e9cisions qui peuvent en r\u00e9sulter.","breadcrumb":{"@id":"https:\/\/www.istegroup.com\/fr\/produit\/la-decision-en-innovation\/#breadcrumb"},"inLanguage":"fr-FR","potentialAction":[{"@type":"ReadAction","target":["https:\/\/www.istegroup.com\/fr\/produit\/la-decision-en-innovation\/"]}]},{"@type":"ImageObject","inLanguage":"fr-FR","@id":"https:\/\/www.istegroup.com\/fr\/produit\/la-decision-en-innovation\/#primaryimage","url":"https:\/\/www.istegroup.com\/wp-content\/uploads\/2022\/06\/La-decision-en-innovation.jpeg","contentUrl":"https:\/\/www.istegroup.com\/wp-content\/uploads\/2022\/06\/La-decision-en-innovation.jpeg","width":300,"height":450,"caption":"Livre scientifique - La d\u00e9cision en innovation - Encyclop\u00e9die SCIENCES"},{"@type":"BreadcrumbList","@id":"https:\/\/www.istegroup.com\/fr\/produit\/la-decision-en-innovation\/#breadcrumb","itemListElement":[{"@type":"ListItem","position":1,"name":"Home","item":"https:\/\/www.istegroup.com\/"},{"@type":"ListItem","position":2,"name":"Shop","item":"https:\/\/www.istegroup.com\/fr\/nouveautes\/"},{"@type":"ListItem","position":3,"name":"La d\u00e9cision en innovation"}]},{"@type":"WebSite","@id":"https:\/\/www.istegroup.com\/#website","url":"https:\/\/www.istegroup.com\/","name":"ISTE Group","description":"\u00c9diteur des Sciences","potentialAction":[{"@type":"SearchAction","target":{"@type":"EntryPoint","urlTemplate":"https:\/\/www.istegroup.com\/?s={search_term_string}"},"query-input":{"@type":"PropertyValueSpecification","valueRequired":true,"valueName":"search_term_string"}}],"inLanguage":"fr-FR"}]}},"_links":{"self":[{"href":"https:\/\/www.istegroup.com\/fr\/wp-json\/wp\/v2\/product\/34652","targetHints":{"allow":["GET"]}}],"collection":[{"href":"https:\/\/www.istegroup.com\/fr\/wp-json\/wp\/v2\/product"}],"about":[{"href":"https:\/\/www.istegroup.com\/fr\/wp-json\/wp\/v2\/types\/product"}],"wp:featuredmedia":[{"embeddable":true,"href":"https:\/\/www.istegroup.com\/fr\/wp-json\/wp\/v2\/media\/47044"}],"wp:attachment":[{"href":"https:\/\/www.istegroup.com\/fr\/wp-json\/wp\/v2\/media?parent=34652"}],"wp:term":[{"taxonomy":"product_brand","embeddable":true,"href":"https:\/\/www.istegroup.com\/fr\/wp-json\/wp\/v2\/product_brand?post=34652"},{"taxonomy":"product_cat","embeddable":true,"href":"https:\/\/www.istegroup.com\/fr\/wp-json\/wp\/v2\/product_cat?post=34652"},{"taxonomy":"product_tag","embeddable":true,"href":"https:\/\/www.istegroup.com\/fr\/wp-json\/wp\/v2\/product_tag?post=34652"}],"curies":[{"name":"wp","href":"https:\/\/api.w.org\/{rel}","templated":true}]}}