{"id":34649,"date":"2025-06-20T09:46:17","date_gmt":"2025-06-20T08:46:17","guid":{"rendered":"https:\/\/www.istegroup.com\/?post_type=product&#038;p=34649"},"modified":"2025-07-18T14:40:51","modified_gmt":"2025-07-18T13:40:51","slug":"fabrication-des-professions-production-des-professionnalites-et-montee-des-professionnalismes","status":"publish","type":"product","link":"https:\/\/www.istegroup.com\/fr\/produit\/fabrication-des-professions-production-des-professionnalites-et-montee-des-professionnalismes\/","title":{"rendered":"Encyclop\u00e9die de la professionnalisation"},"content":{"rendered":"<p>La professionnalisation est devenue une \u00e9vidence dans le monde du travail et de l&rsquo;\u00e9ducation. Elle constitue une r\u00e9alit\u00e9 incontournable pour une grande vari\u00e9t\u00e9 de professions, d&rsquo;organisations publiques et priv\u00e9es, ainsi que pour les fili\u00e8res de formation et de perfectionnement. Cependant, il s\u2019agit d\u2019une notion polys\u00e9mique, aux significations parfois contradictoires. Elle repr\u00e9sente tout autant un imp\u00e9ratif manag\u00e9rial impos\u00e9 par les hi\u00e9rarchies dans les organisations productives qu\u2019un id\u00e9al de service ou de qualit\u00e9 du travail, d\u00e9fini et d\u00e9fendu par les professionnels.<\/p>\n<p><em>Encyclop\u00e9die de la professionnalisation<\/em> explore et explicite les d\u00e9bats suscit\u00e9s par la professionnalisation, \u00e0 partir de traditions de recherche ancr\u00e9es dans des disciplines plurielles, d\u2019enqu\u00eates empiriques rigoureuses et de conceptualisations renouvel\u00e9es.<\/p>\n<p>Trois grandes acceptions de la professionnalisation sont d\u00e9gag\u00e9es et examin\u00e9es : la structuration de m\u00e9tiers en qu\u00eate de reconnaissance et d\u2019autonomie ; la mont\u00e9e de professionnalismes porteurs de nouvelles exigences au travail ; et la production de professionnalit\u00e9s renouvel\u00e9es, \u00e0 travers des dispositifs de formation comme au coeur des situations de travail.<\/p>\n","protected":false},"excerpt":{"rendered":"<p>La professionnalisation est devenue une \u00e9vidence dans le monde du travail et de l&rsquo;\u00e9ducation. Elle constitue une r\u00e9alit\u00e9 incontournable pour une grande vari\u00e9t\u00e9 de professions, d&rsquo;organisations publiques et priv\u00e9es, ainsi que pour les fili\u00e8res de formation et de perfectionnement. Cependant, il s\u2019agit d\u2019une notion polys\u00e9mique, aux significations parfois contradictoires. Elle repr\u00e9sente tout autant un imp\u00e9ratif [&hellip;]<\/p>\n","protected":false},"featured_media":60680,"template":"","meta":{"_acf_changed":false,"_links_to":"","_links_to_target":""},"product_brand":[],"product_cat":[4289],"product_tag":[],"class_list":{"0":"post-34649","1":"product","2":"type-product","3":"status-publish","4":"has-post-thumbnail","6":"product_cat-sciences","8":"first","9":"instock","10":"shipping-taxable","11":"purchasable","12":"product-type-variable"},"acf":[],"yoast_head":"<!-- This site is optimized with the Yoast SEO plugin v27.2 - https:\/\/yoast.com\/product\/yoast-seo-wordpress\/ -->\n<title>Encyclop\u00e9die de la professionnalisation - ISTE Group<\/title>\n<meta name=\"description\" content=\"Encyclop\u00e9die de la professionnalisation explore et explicite les d\u00e9bats suscit\u00e9s par la professionnalisation, \u00e0 partir de traditions de recherche ancr\u00e9es dans des disciplines plurielles, d\u2019enqu\u00eates empiriques rigoureuses et de conceptualisations renouvel\u00e9es.\" \/>\n<meta name=\"robots\" content=\"index, follow, max-snippet:-1, max-image-preview:large, max-video-preview:-1\" \/>\n<link rel=\"canonical\" href=\"https:\/\/www.istegroup.com\/produit\/fabrication-des-professions-production-des-professionnalites-et-montee-des-professionnalismes\/\" \/>\n<meta property=\"og:locale\" content=\"fr_FR\" \/>\n<meta property=\"og:type\" content=\"article\" \/>\n<meta property=\"og:title\" content=\"Encyclop\u00e9die de la professionnalisation - ISTE Group\" \/>\n<meta property=\"og:description\" content=\"Encyclop\u00e9die de la professionnalisation explore et explicite les d\u00e9bats suscit\u00e9s par la professionnalisation, \u00e0 partir de traditions de recherche ancr\u00e9es dans des disciplines plurielles, d\u2019enqu\u00eates empiriques rigoureuses et de conceptualisations renouvel\u00e9es.\" \/>\n<meta property=\"og:url\" content=\"https:\/\/www.istegroup.com\/produit\/fabrication-des-professions-production-des-professionnalites-et-montee-des-professionnalismes\/\" \/>\n<meta property=\"og:site_name\" content=\"ISTE Group\" \/>\n<meta property=\"article:modified_time\" content=\"2025-07-18T13:40:51+00:00\" \/>\n<meta property=\"og:image\" content=\"https:\/\/www.istegroup.com\/wp-content\/uploads\/2019\/09\/183_Encyclopedie-de-la-professionnalisation.jpeg\" \/>\n\t<meta property=\"og:image:width\" content=\"300\" \/>\n\t<meta property=\"og:image:height\" content=\"450\" \/>\n\t<meta property=\"og:image:type\" content=\"image\/jpeg\" \/>\n<meta name=\"twitter:card\" content=\"summary_large_image\" \/>\n<meta name=\"twitter:label1\" content=\"Est. reading time\" \/>\n\t<meta name=\"twitter:data1\" content=\"2 minutes\" \/>\n<script type=\"application\/ld+json\" class=\"yoast-schema-graph\">{\"@context\":\"https:\/\/schema.org\",\"@graph\":[{\"@type\":\"WebPage\",\"@id\":\"https:\/\/www.istegroup.com\/produit\/fabrication-des-professions-production-des-professionnalites-et-montee-des-professionnalismes\/\",\"url\":\"https:\/\/www.istegroup.com\/produit\/fabrication-des-professions-production-des-professionnalites-et-montee-des-professionnalismes\/\",\"name\":\"Encyclop\u00e9die de la professionnalisation - ISTE Group\",\"isPartOf\":{\"@id\":\"https:\/\/www.istegroup.com\/#website\"},\"primaryImageOfPage\":{\"@id\":\"https:\/\/www.istegroup.com\/produit\/fabrication-des-professions-production-des-professionnalites-et-montee-des-professionnalismes\/#primaryimage\"},\"image\":{\"@id\":\"https:\/\/www.istegroup.com\/produit\/fabrication-des-professions-production-des-professionnalites-et-montee-des-professionnalismes\/#primaryimage\"},\"thumbnailUrl\":\"https:\/\/www.istegroup.com\/wp-content\/uploads\/2019\/09\/183_Encyclopedie-de-la-professionnalisation.jpeg\",\"datePublished\":\"2025-06-20T08:46:17+00:00\",\"dateModified\":\"2025-07-18T13:40:51+00:00\",\"description\":\"Encyclop\u00e9die de la professionnalisation explore et explicite les d\u00e9bats suscit\u00e9s par la professionnalisation, \u00e0 partir de traditions de recherche ancr\u00e9es dans des disciplines plurielles, d\u2019enqu\u00eates empiriques rigoureuses et de conceptualisations renouvel\u00e9es.\",\"breadcrumb\":{\"@id\":\"https:\/\/www.istegroup.com\/produit\/fabrication-des-professions-production-des-professionnalites-et-montee-des-professionnalismes\/#breadcrumb\"},\"inLanguage\":\"fr-FR\",\"potentialAction\":[{\"@type\":\"ReadAction\",\"target\":[\"https:\/\/www.istegroup.com\/produit\/fabrication-des-professions-production-des-professionnalites-et-montee-des-professionnalismes\/\"]}]},{\"@type\":\"ImageObject\",\"inLanguage\":\"fr-FR\",\"@id\":\"https:\/\/www.istegroup.com\/produit\/fabrication-des-professions-production-des-professionnalites-et-montee-des-professionnalismes\/#primaryimage\",\"url\":\"https:\/\/www.istegroup.com\/wp-content\/uploads\/2019\/09\/183_Encyclopedie-de-la-professionnalisation.jpeg\",\"contentUrl\":\"https:\/\/www.istegroup.com\/wp-content\/uploads\/2019\/09\/183_Encyclopedie-de-la-professionnalisation.jpeg\",\"width\":300,\"height\":450},{\"@type\":\"BreadcrumbList\",\"@id\":\"https:\/\/www.istegroup.com\/produit\/fabrication-des-professions-production-des-professionnalites-et-montee-des-professionnalismes\/#breadcrumb\",\"itemListElement\":[{\"@type\":\"ListItem\",\"position\":1,\"name\":\"Home\",\"item\":\"https:\/\/www.istegroup.com\/\"},{\"@type\":\"ListItem\",\"position\":2,\"name\":\"Shop\",\"item\":\"https:\/\/www.istegroup.com\/fr\/nouveautes\/\"},{\"@type\":\"ListItem\",\"position\":3,\"name\":\"Encyclop\u00e9die de la professionnalisation\"}]},{\"@type\":\"WebSite\",\"@id\":\"https:\/\/www.istegroup.com\/#website\",\"url\":\"https:\/\/www.istegroup.com\/\",\"name\":\"ISTE Group\",\"description\":\"\u00c9diteur des Sciences\",\"potentialAction\":[{\"@type\":\"SearchAction\",\"target\":{\"@type\":\"EntryPoint\",\"urlTemplate\":\"https:\/\/www.istegroup.com\/?s={search_term_string}\"},\"query-input\":{\"@type\":\"PropertyValueSpecification\",\"valueRequired\":true,\"valueName\":\"search_term_string\"}}],\"inLanguage\":\"fr-FR\"}]}<\/script>\n<!-- \/ Yoast SEO plugin. -->","yoast_head_json":{"title":"Encyclop\u00e9die de la professionnalisation - ISTE Group","description":"Encyclop\u00e9die de la professionnalisation explore et explicite les d\u00e9bats suscit\u00e9s par la professionnalisation, \u00e0 partir de traditions de recherche ancr\u00e9es dans des disciplines plurielles, d\u2019enqu\u00eates empiriques rigoureuses et de conceptualisations renouvel\u00e9es.","robots":{"index":"index","follow":"follow","max-snippet":"max-snippet:-1","max-image-preview":"max-image-preview:large","max-video-preview":"max-video-preview:-1"},"canonical":"https:\/\/www.istegroup.com\/produit\/fabrication-des-professions-production-des-professionnalites-et-montee-des-professionnalismes\/","og_locale":"fr_FR","og_type":"article","og_title":"Encyclop\u00e9die de la professionnalisation - ISTE Group","og_description":"Encyclop\u00e9die de la professionnalisation explore et explicite les d\u00e9bats suscit\u00e9s par la professionnalisation, \u00e0 partir de traditions de recherche ancr\u00e9es dans des disciplines plurielles, d\u2019enqu\u00eates empiriques rigoureuses et de conceptualisations renouvel\u00e9es.","og_url":"https:\/\/www.istegroup.com\/produit\/fabrication-des-professions-production-des-professionnalites-et-montee-des-professionnalismes\/","og_site_name":"ISTE Group","article_modified_time":"2025-07-18T13:40:51+00:00","og_image":[{"width":300,"height":450,"url":"https:\/\/www.istegroup.com\/wp-content\/uploads\/2019\/09\/183_Encyclopedie-de-la-professionnalisation.jpeg","type":"image\/jpeg"}],"twitter_card":"summary_large_image","twitter_misc":{"Est. reading time":"2 minutes"},"schema":{"@context":"https:\/\/schema.org","@graph":[{"@type":"WebPage","@id":"https:\/\/www.istegroup.com\/produit\/fabrication-des-professions-production-des-professionnalites-et-montee-des-professionnalismes\/","url":"https:\/\/www.istegroup.com\/produit\/fabrication-des-professions-production-des-professionnalites-et-montee-des-professionnalismes\/","name":"Encyclop\u00e9die de la professionnalisation - ISTE Group","isPartOf":{"@id":"https:\/\/www.istegroup.com\/#website"},"primaryImageOfPage":{"@id":"https:\/\/www.istegroup.com\/produit\/fabrication-des-professions-production-des-professionnalites-et-montee-des-professionnalismes\/#primaryimage"},"image":{"@id":"https:\/\/www.istegroup.com\/produit\/fabrication-des-professions-production-des-professionnalites-et-montee-des-professionnalismes\/#primaryimage"},"thumbnailUrl":"https:\/\/www.istegroup.com\/wp-content\/uploads\/2019\/09\/183_Encyclopedie-de-la-professionnalisation.jpeg","datePublished":"2025-06-20T08:46:17+00:00","dateModified":"2025-07-18T13:40:51+00:00","description":"Encyclop\u00e9die de la professionnalisation explore et explicite les d\u00e9bats suscit\u00e9s par la professionnalisation, \u00e0 partir de traditions de recherche ancr\u00e9es dans des disciplines plurielles, d\u2019enqu\u00eates empiriques rigoureuses et de conceptualisations renouvel\u00e9es.","breadcrumb":{"@id":"https:\/\/www.istegroup.com\/produit\/fabrication-des-professions-production-des-professionnalites-et-montee-des-professionnalismes\/#breadcrumb"},"inLanguage":"fr-FR","potentialAction":[{"@type":"ReadAction","target":["https:\/\/www.istegroup.com\/produit\/fabrication-des-professions-production-des-professionnalites-et-montee-des-professionnalismes\/"]}]},{"@type":"ImageObject","inLanguage":"fr-FR","@id":"https:\/\/www.istegroup.com\/produit\/fabrication-des-professions-production-des-professionnalites-et-montee-des-professionnalismes\/#primaryimage","url":"https:\/\/www.istegroup.com\/wp-content\/uploads\/2019\/09\/183_Encyclopedie-de-la-professionnalisation.jpeg","contentUrl":"https:\/\/www.istegroup.com\/wp-content\/uploads\/2019\/09\/183_Encyclopedie-de-la-professionnalisation.jpeg","width":300,"height":450},{"@type":"BreadcrumbList","@id":"https:\/\/www.istegroup.com\/produit\/fabrication-des-professions-production-des-professionnalites-et-montee-des-professionnalismes\/#breadcrumb","itemListElement":[{"@type":"ListItem","position":1,"name":"Home","item":"https:\/\/www.istegroup.com\/"},{"@type":"ListItem","position":2,"name":"Shop","item":"https:\/\/www.istegroup.com\/fr\/nouveautes\/"},{"@type":"ListItem","position":3,"name":"Encyclop\u00e9die de la professionnalisation"}]},{"@type":"WebSite","@id":"https:\/\/www.istegroup.com\/#website","url":"https:\/\/www.istegroup.com\/","name":"ISTE Group","description":"\u00c9diteur des Sciences","potentialAction":[{"@type":"SearchAction","target":{"@type":"EntryPoint","urlTemplate":"https:\/\/www.istegroup.com\/?s={search_term_string}"},"query-input":{"@type":"PropertyValueSpecification","valueRequired":true,"valueName":"search_term_string"}}],"inLanguage":"fr-FR"}]}},"_links":{"self":[{"href":"https:\/\/www.istegroup.com\/fr\/wp-json\/wp\/v2\/product\/34649","targetHints":{"allow":["GET"]}}],"collection":[{"href":"https:\/\/www.istegroup.com\/fr\/wp-json\/wp\/v2\/product"}],"about":[{"href":"https:\/\/www.istegroup.com\/fr\/wp-json\/wp\/v2\/types\/product"}],"wp:featuredmedia":[{"embeddable":true,"href":"https:\/\/www.istegroup.com\/fr\/wp-json\/wp\/v2\/media\/60680"}],"wp:attachment":[{"href":"https:\/\/www.istegroup.com\/fr\/wp-json\/wp\/v2\/media?parent=34649"}],"wp:term":[{"taxonomy":"product_brand","embeddable":true,"href":"https:\/\/www.istegroup.com\/fr\/wp-json\/wp\/v2\/product_brand?post=34649"},{"taxonomy":"product_cat","embeddable":true,"href":"https:\/\/www.istegroup.com\/fr\/wp-json\/wp\/v2\/product_cat?post=34649"},{"taxonomy":"product_tag","embeddable":true,"href":"https:\/\/www.istegroup.com\/fr\/wp-json\/wp\/v2\/product_tag?post=34649"}],"curies":[{"name":"wp","href":"https:\/\/api.w.org\/{rel}","templated":true}]}}