{"id":34580,"date":"2024-03-10T09:51:35","date_gmt":"2024-03-10T09:51:35","guid":{"rendered":"https:\/\/www.istegroup.com\/?post_type=product&#038;p=34580"},"modified":"2025-01-03T11:01:31","modified_gmt":"2025-01-03T11:01:31","slug":"urbanisme-et-amenagement-des-villes","status":"publish","type":"product","link":"https:\/\/www.istegroup.com\/fr\/produit\/urbanisme-et-amenagement-des-villes\/","title":{"rendered":"Urbanisme et am\u00e9nagement des villes"},"content":{"rendered":"<p>L\u2019urbanisme durable et le renouvellement urbain constituent un d\u00e9fi majeur du XXIe si\u00e8cle. Dans ce contexte, <em>Urbanisme et am\u00e9nagement des villes<\/em> offre une approche g\u00e9ohistorique de la construction urbaine.<\/p>\n<p>La ville et ses quartiers sont \u00e9tudi\u00e9s \u00e0 travers leurs mat\u00e9riaux et leur plan g\u00e9n\u00e9ral. Ils r\u00e9v\u00e8lent une logique de rentabilit\u00e9 \u00e9conomique, de prestige, d\u2019\u00e9quit\u00e9 sociale ou encore une d\u00e9marche plus innovante d\u2019un point de vue environnemental. \u00c0 travers ces \u00e9l\u00e9ments, les espaces non b\u00e2tis (rues et places caract\u00e9ristiques) et les espaces b\u00e2tis (commerciaux et r\u00e9sidentiels, individuels ou collectifs) forment une trame tridimensionnelle de \u00ab vides \u00bb et de \u00ab pleins \u00bb caract\u00e9ristique des paysages et des modes de vie urbains.<\/p>\n<p>Richement illustr\u00e9 de dessins originaux, cet ouvrage pr\u00e9sente une synth\u00e8se des \u00e9l\u00e9ments les plus tangibles de l\u2019urbanisme et de l\u2019am\u00e9nagement urbain, \u00e9l\u00e9ments qui sont mis en perspective pour r\u00e9fl\u00e9chir concr\u00e8tement \u00e0 l\u2019am\u00e9nagement des villes de demain.<\/p>","protected":false},"excerpt":{"rendered":"<p>L\u2019urbanisme durable et le renouvellement urbain constituent un d\u00e9fi majeur du XXIe si\u00e8cle. Dans ce contexte, Urbanisme et am\u00e9nagement des villes offre une approche g\u00e9ohistorique de la construction urbaine. La ville et ses quartiers sont \u00e9tudi\u00e9s \u00e0 travers leurs mat\u00e9riaux et leur plan g\u00e9n\u00e9ral. Ils r\u00e9v\u00e8lent une logique de rentabilit\u00e9 \u00e9conomique, de prestige, d\u2019\u00e9quit\u00e9 sociale [&hellip;]<\/p>\n","protected":false},"featured_media":55936,"template":"","meta":{"_acf_changed":false,"_links_to":"","_links_to_target":""},"product_brand":[],"product_cat":[4289],"product_tag":[],"class_list":{"0":"post-34580","1":"product","2":"type-product","3":"status-publish","4":"has-post-thumbnail","6":"product_cat-sciences","8":"first","9":"instock","10":"shipping-taxable","11":"purchasable","12":"product-type-variable"},"acf":[],"yoast_head":"<!-- This site is optimized with the Yoast SEO plugin v27.2 - https:\/\/yoast.com\/product\/yoast-seo-wordpress\/ -->\n<title>Urbanisme et am\u00e9nagement des villes - ISTE Group<\/title>\n<meta name=\"description\" content=\"L\u2019urbanisme durable et le renouvellement urbain constituent un d\u00e9fi majeur du XXIe si\u00e8cle. Dans ce contexte, Urbanisme et am\u00e9nagement des villes offre une approche g\u00e9ohistorique de la construction urbaine.\" \/>\n<meta name=\"robots\" content=\"index, follow, max-snippet:-1, max-image-preview:large, max-video-preview:-1\" \/>\n<link rel=\"canonical\" href=\"https:\/\/www.istegroup.com\/fr\/produit\/urbanisme-et-amenagement-des-villes\/\" \/>\n<meta property=\"og:locale\" content=\"fr_FR\" \/>\n<meta property=\"og:type\" content=\"article\" \/>\n<meta property=\"og:title\" content=\"Urbanisme et am\u00e9nagement des villes - ISTE Group\" \/>\n<meta property=\"og:description\" content=\"L\u2019urbanisme durable et le renouvellement urbain constituent un d\u00e9fi majeur du XXIe si\u00e8cle. Dans ce contexte, Urbanisme et am\u00e9nagement des villes offre une approche g\u00e9ohistorique de la construction urbaine.\" \/>\n<meta property=\"og:url\" content=\"https:\/\/www.istegroup.com\/fr\/produit\/urbanisme-et-amenagement-des-villes\/\" \/>\n<meta property=\"og:site_name\" content=\"ISTE Group\" \/>\n<meta property=\"article:modified_time\" content=\"2025-01-03T11:01:31+00:00\" \/>\n<meta property=\"og:image\" content=\"https:\/\/www.istegroup.com\/wp-content\/uploads\/2019\/09\/Urbanisme-et-amenagement-des-villes.jpeg\" \/>\n\t<meta property=\"og:image:width\" content=\"300\" \/>\n\t<meta property=\"og:image:height\" content=\"450\" \/>\n\t<meta property=\"og:image:type\" content=\"image\/jpeg\" \/>\n<meta name=\"twitter:card\" content=\"summary_large_image\" \/>\n<meta name=\"twitter:label1\" content=\"Est. reading time\" \/>\n\t<meta name=\"twitter:data1\" content=\"1 minute\" \/>\n<script type=\"application\/ld+json\" class=\"yoast-schema-graph\">{\"@context\":\"https:\/\/schema.org\",\"@graph\":[{\"@type\":\"WebPage\",\"@id\":\"https:\/\/www.istegroup.com\/fr\/produit\/urbanisme-et-amenagement-des-villes\/\",\"url\":\"https:\/\/www.istegroup.com\/fr\/produit\/urbanisme-et-amenagement-des-villes\/\",\"name\":\"Urbanisme et am\u00e9nagement des villes - ISTE Group\",\"isPartOf\":{\"@id\":\"https:\/\/www.istegroup.com\/#website\"},\"primaryImageOfPage\":{\"@id\":\"https:\/\/www.istegroup.com\/fr\/produit\/urbanisme-et-amenagement-des-villes\/#primaryimage\"},\"image\":{\"@id\":\"https:\/\/www.istegroup.com\/fr\/produit\/urbanisme-et-amenagement-des-villes\/#primaryimage\"},\"thumbnailUrl\":\"https:\/\/www.istegroup.com\/wp-content\/uploads\/2019\/09\/Urbanisme-et-amenagement-des-villes.jpeg\",\"datePublished\":\"2024-03-10T09:51:35+00:00\",\"dateModified\":\"2025-01-03T11:01:31+00:00\",\"description\":\"L\u2019urbanisme durable et le renouvellement urbain constituent un d\u00e9fi majeur du XXIe si\u00e8cle. Dans ce contexte, Urbanisme et am\u00e9nagement des villes offre une approche g\u00e9ohistorique de la construction urbaine.\",\"breadcrumb\":{\"@id\":\"https:\/\/www.istegroup.com\/fr\/produit\/urbanisme-et-amenagement-des-villes\/#breadcrumb\"},\"inLanguage\":\"fr-FR\",\"potentialAction\":[{\"@type\":\"ReadAction\",\"target\":[\"https:\/\/www.istegroup.com\/fr\/produit\/urbanisme-et-amenagement-des-villes\/\"]}]},{\"@type\":\"ImageObject\",\"inLanguage\":\"fr-FR\",\"@id\":\"https:\/\/www.istegroup.com\/fr\/produit\/urbanisme-et-amenagement-des-villes\/#primaryimage\",\"url\":\"https:\/\/www.istegroup.com\/wp-content\/uploads\/2019\/09\/Urbanisme-et-amenagement-des-villes.jpeg\",\"contentUrl\":\"https:\/\/www.istegroup.com\/wp-content\/uploads\/2019\/09\/Urbanisme-et-amenagement-des-villes.jpeg\",\"width\":300,\"height\":450,\"caption\":\"Livre scientifique - Urbanisme et am\u00e9nagement des villes\"},{\"@type\":\"BreadcrumbList\",\"@id\":\"https:\/\/www.istegroup.com\/fr\/produit\/urbanisme-et-amenagement-des-villes\/#breadcrumb\",\"itemListElement\":[{\"@type\":\"ListItem\",\"position\":1,\"name\":\"Home\",\"item\":\"https:\/\/www.istegroup.com\/\"},{\"@type\":\"ListItem\",\"position\":2,\"name\":\"Shop\",\"item\":\"https:\/\/www.istegroup.com\/fr\/nouveautes\/\"},{\"@type\":\"ListItem\",\"position\":3,\"name\":\"Urbanisme et am\u00e9nagement des villes\"}]},{\"@type\":\"WebSite\",\"@id\":\"https:\/\/www.istegroup.com\/#website\",\"url\":\"https:\/\/www.istegroup.com\/\",\"name\":\"ISTE Group\",\"description\":\"\u00c9diteur des Sciences\",\"potentialAction\":[{\"@type\":\"SearchAction\",\"target\":{\"@type\":\"EntryPoint\",\"urlTemplate\":\"https:\/\/www.istegroup.com\/?s={search_term_string}\"},\"query-input\":{\"@type\":\"PropertyValueSpecification\",\"valueRequired\":true,\"valueName\":\"search_term_string\"}}],\"inLanguage\":\"fr-FR\"}]}<\/script>\n<!-- \/ Yoast SEO plugin. -->","yoast_head_json":{"title":"Urbanisme et am\u00e9nagement des villes - ISTE Group","description":"L\u2019urbanisme durable et le renouvellement urbain constituent un d\u00e9fi majeur du XXIe si\u00e8cle. Dans ce contexte, Urbanisme et am\u00e9nagement des villes offre une approche g\u00e9ohistorique de la construction urbaine.","robots":{"index":"index","follow":"follow","max-snippet":"max-snippet:-1","max-image-preview":"max-image-preview:large","max-video-preview":"max-video-preview:-1"},"canonical":"https:\/\/www.istegroup.com\/fr\/produit\/urbanisme-et-amenagement-des-villes\/","og_locale":"fr_FR","og_type":"article","og_title":"Urbanisme et am\u00e9nagement des villes - ISTE Group","og_description":"L\u2019urbanisme durable et le renouvellement urbain constituent un d\u00e9fi majeur du XXIe si\u00e8cle. Dans ce contexte, Urbanisme et am\u00e9nagement des villes offre une approche g\u00e9ohistorique de la construction urbaine.","og_url":"https:\/\/www.istegroup.com\/fr\/produit\/urbanisme-et-amenagement-des-villes\/","og_site_name":"ISTE Group","article_modified_time":"2025-01-03T11:01:31+00:00","og_image":[{"width":300,"height":450,"url":"https:\/\/www.istegroup.com\/wp-content\/uploads\/2019\/09\/Urbanisme-et-amenagement-des-villes.jpeg","type":"image\/jpeg"}],"twitter_card":"summary_large_image","twitter_misc":{"Est. reading time":"1 minute"},"schema":{"@context":"https:\/\/schema.org","@graph":[{"@type":"WebPage","@id":"https:\/\/www.istegroup.com\/fr\/produit\/urbanisme-et-amenagement-des-villes\/","url":"https:\/\/www.istegroup.com\/fr\/produit\/urbanisme-et-amenagement-des-villes\/","name":"Urbanisme et am\u00e9nagement des villes - ISTE Group","isPartOf":{"@id":"https:\/\/www.istegroup.com\/#website"},"primaryImageOfPage":{"@id":"https:\/\/www.istegroup.com\/fr\/produit\/urbanisme-et-amenagement-des-villes\/#primaryimage"},"image":{"@id":"https:\/\/www.istegroup.com\/fr\/produit\/urbanisme-et-amenagement-des-villes\/#primaryimage"},"thumbnailUrl":"https:\/\/www.istegroup.com\/wp-content\/uploads\/2019\/09\/Urbanisme-et-amenagement-des-villes.jpeg","datePublished":"2024-03-10T09:51:35+00:00","dateModified":"2025-01-03T11:01:31+00:00","description":"L\u2019urbanisme durable et le renouvellement urbain constituent un d\u00e9fi majeur du XXIe si\u00e8cle. Dans ce contexte, Urbanisme et am\u00e9nagement des villes offre une approche g\u00e9ohistorique de la construction urbaine.","breadcrumb":{"@id":"https:\/\/www.istegroup.com\/fr\/produit\/urbanisme-et-amenagement-des-villes\/#breadcrumb"},"inLanguage":"fr-FR","potentialAction":[{"@type":"ReadAction","target":["https:\/\/www.istegroup.com\/fr\/produit\/urbanisme-et-amenagement-des-villes\/"]}]},{"@type":"ImageObject","inLanguage":"fr-FR","@id":"https:\/\/www.istegroup.com\/fr\/produit\/urbanisme-et-amenagement-des-villes\/#primaryimage","url":"https:\/\/www.istegroup.com\/wp-content\/uploads\/2019\/09\/Urbanisme-et-amenagement-des-villes.jpeg","contentUrl":"https:\/\/www.istegroup.com\/wp-content\/uploads\/2019\/09\/Urbanisme-et-amenagement-des-villes.jpeg","width":300,"height":450,"caption":"Livre scientifique - Urbanisme et am\u00e9nagement des villes"},{"@type":"BreadcrumbList","@id":"https:\/\/www.istegroup.com\/fr\/produit\/urbanisme-et-amenagement-des-villes\/#breadcrumb","itemListElement":[{"@type":"ListItem","position":1,"name":"Home","item":"https:\/\/www.istegroup.com\/"},{"@type":"ListItem","position":2,"name":"Shop","item":"https:\/\/www.istegroup.com\/fr\/nouveautes\/"},{"@type":"ListItem","position":3,"name":"Urbanisme et am\u00e9nagement des villes"}]},{"@type":"WebSite","@id":"https:\/\/www.istegroup.com\/#website","url":"https:\/\/www.istegroup.com\/","name":"ISTE Group","description":"\u00c9diteur des Sciences","potentialAction":[{"@type":"SearchAction","target":{"@type":"EntryPoint","urlTemplate":"https:\/\/www.istegroup.com\/?s={search_term_string}"},"query-input":{"@type":"PropertyValueSpecification","valueRequired":true,"valueName":"search_term_string"}}],"inLanguage":"fr-FR"}]}},"_links":{"self":[{"href":"https:\/\/www.istegroup.com\/fr\/wp-json\/wp\/v2\/product\/34580","targetHints":{"allow":["GET"]}}],"collection":[{"href":"https:\/\/www.istegroup.com\/fr\/wp-json\/wp\/v2\/product"}],"about":[{"href":"https:\/\/www.istegroup.com\/fr\/wp-json\/wp\/v2\/types\/product"}],"wp:featuredmedia":[{"embeddable":true,"href":"https:\/\/www.istegroup.com\/fr\/wp-json\/wp\/v2\/media\/55936"}],"wp:attachment":[{"href":"https:\/\/www.istegroup.com\/fr\/wp-json\/wp\/v2\/media?parent=34580"}],"wp:term":[{"taxonomy":"product_brand","embeddable":true,"href":"https:\/\/www.istegroup.com\/fr\/wp-json\/wp\/v2\/product_brand?post=34580"},{"taxonomy":"product_cat","embeddable":true,"href":"https:\/\/www.istegroup.com\/fr\/wp-json\/wp\/v2\/product_cat?post=34580"},{"taxonomy":"product_tag","embeddable":true,"href":"https:\/\/www.istegroup.com\/fr\/wp-json\/wp\/v2\/product_tag?post=34580"}],"curies":[{"name":"wp","href":"https:\/\/api.w.org\/{rel}","templated":true}]}}