{"id":34531,"date":"2021-09-23T09:08:36","date_gmt":"2021-09-23T08:08:36","guid":{"rendered":"https:\/\/www.istegroup.com\/?post_type=product&#038;p=34531"},"modified":"2025-01-03T12:10:33","modified_gmt":"2025-01-03T12:10:33","slug":"materiaux-et-procedes-demballage-pour-les-industries-alimentaires-cosmetiques-et-pharmaceutiques","status":"publish","type":"product","link":"https:\/\/www.istegroup.com\/fr\/produit\/materiaux-et-procedes-demballage-pour-les-industries-alimentaires-cosmetiques-et-pharmaceutiques\/","title":{"rendered":"Mat\u00e9riaux et proc\u00e9d\u00e9s d\u2019emballage pour les industries alimentaires, cosm\u00e9tiques et pharmaceutiques"},"content":{"rendered":"<p>Les produits alimentaires, cosm\u00e9tiques et pharmaceutiques sont soumis \u00e0 des contraintes d\u2019hygi\u00e8ne et de qualit\u00e9 qui ne peuvent \u00eatre garanties, apr\u00e8s les \u00e9tapes de transformation, que par un conditionnement ad\u00e9quat.<\/p>\n<p>Cet ouvrage propose un \u00e9tat de l\u2019art des connaissances actuelles dans le domaine de l\u2019emballage, tant au niveau des mat\u00e9riaux, de leurs composition et propri\u00e9t\u00e9s, que de leur application. Il d\u00e9crit les mat\u00e9riaux utilis\u00e9s, qu\u2019ils soient traditionnels (bois, papier, carton, verre, m\u00e9tal), plastiques, complexes et multicouches, biomat\u00e9riaux et bioplastiques, et pr\u00e9sente les syst\u00e8mes de fermetures, les auxiliaires et l\u2019\u00e9tiquetage, ainsi que les emballages actifs et intelligents. Les aspects r\u00e9glementaires et de s\u00e9curit\u00e9 du consommateur sont \u00e9galement pr\u00e9cis\u00e9s pour chacun des mat\u00e9riaux. Enfin, il \u00e9tudie l\u2019ad\u00e9quation entre les caract\u00e9ristiques des aliments et les mat\u00e9riaux\/proc\u00e9d\u00e9s d\u2019emballage.<\/p>\n","protected":false},"excerpt":{"rendered":"<p>Les produits alimentaires, cosm\u00e9tiques et pharmaceutiques sont soumis \u00e0 des contraintes d\u2019hygi\u00e8ne et de qualit\u00e9 qui ne peuvent \u00eatre garanties, apr\u00e8s les \u00e9tapes de transformation, que par un conditionnement ad\u00e9quat. Cet ouvrage propose un \u00e9tat de l\u2019art des connaissances actuelles dans le domaine de l\u2019emballage, tant au niveau des mat\u00e9riaux, de leurs composition et propri\u00e9t\u00e9s, [&hellip;]<\/p>\n","protected":false},"featured_media":45320,"template":"","meta":{"_acf_changed":false,"_links_to":"","_links_to_target":""},"product_brand":[],"product_cat":[4289],"product_tag":[],"class_list":{"0":"post-34531","1":"product","2":"type-product","3":"status-publish","4":"has-post-thumbnail","6":"product_cat-sciences","8":"first","9":"instock","10":"shipping-taxable","11":"purchasable","12":"product-type-variable"},"acf":[],"yoast_head":"<!-- This site is optimized with the Yoast SEO plugin v27.2 - https:\/\/yoast.com\/product\/yoast-seo-wordpress\/ -->\n<title>Mat\u00e9riaux et proc\u00e9d\u00e9s d\u2019emballage pour les industries alimentaires, cosm\u00e9tiques et pharmaceutiques - ISTE Group<\/title>\n<meta name=\"description\" content=\"Cet ouvrage propose un \u00e9tat de l\u2019art des connaissances actuelles dans le domaine de l\u2019emballage, tant au niveau des mat\u00e9riaux, de leurs composition et propri\u00e9t\u00e9s, que de leur application.\" \/>\n<meta name=\"robots\" content=\"index, follow, max-snippet:-1, max-image-preview:large, max-video-preview:-1\" \/>\n<link rel=\"canonical\" href=\"https:\/\/www.istegroup.com\/fr\/produit\/materiaux-et-procedes-demballage-pour-les-industries-alimentaires-cosmetiques-et-pharmaceutiques\/\" \/>\n<meta property=\"og:locale\" content=\"fr_FR\" \/>\n<meta property=\"og:type\" content=\"article\" \/>\n<meta property=\"og:title\" content=\"Mat\u00e9riaux et proc\u00e9d\u00e9s d\u2019emballage pour les industries alimentaires, cosm\u00e9tiques et pharmaceutiques - ISTE Group\" \/>\n<meta property=\"og:description\" content=\"Cet ouvrage propose un \u00e9tat de l\u2019art des connaissances actuelles dans le domaine de l\u2019emballage, tant au niveau des mat\u00e9riaux, de leurs composition et propri\u00e9t\u00e9s, que de leur application.\" \/>\n<meta property=\"og:url\" content=\"https:\/\/www.istegroup.com\/fr\/produit\/materiaux-et-procedes-demballage-pour-les-industries-alimentaires-cosmetiques-et-pharmaceutiques\/\" \/>\n<meta property=\"og:site_name\" content=\"ISTE Group\" \/>\n<meta property=\"article:modified_time\" content=\"2025-01-03T12:10:33+00:00\" \/>\n<meta property=\"og:image\" content=\"https:\/\/www.istegroup.com\/wp-content\/uploads\/2022\/02\/couv-Materiaux-et-procedes-demballage-pour-les-industries-alimentaires-cosmetiques-et-pharmaceutiques.jpg\" \/>\n\t<meta property=\"og:image:width\" content=\"300\" \/>\n\t<meta property=\"og:image:height\" content=\"450\" \/>\n\t<meta property=\"og:image:type\" content=\"image\/jpeg\" \/>\n<meta name=\"twitter:card\" content=\"summary_large_image\" \/>\n<meta name=\"twitter:label1\" content=\"Est. reading time\" \/>\n\t<meta name=\"twitter:data1\" content=\"1 minute\" \/>\n<script type=\"application\/ld+json\" class=\"yoast-schema-graph\">{\"@context\":\"https:\/\/schema.org\",\"@graph\":[{\"@type\":\"WebPage\",\"@id\":\"https:\/\/www.istegroup.com\/fr\/produit\/materiaux-et-procedes-demballage-pour-les-industries-alimentaires-cosmetiques-et-pharmaceutiques\/\",\"url\":\"https:\/\/www.istegroup.com\/fr\/produit\/materiaux-et-procedes-demballage-pour-les-industries-alimentaires-cosmetiques-et-pharmaceutiques\/\",\"name\":\"Mat\u00e9riaux et proc\u00e9d\u00e9s d\u2019emballage pour les industries alimentaires, cosm\u00e9tiques et pharmaceutiques - ISTE Group\",\"isPartOf\":{\"@id\":\"https:\/\/www.istegroup.com\/#website\"},\"primaryImageOfPage\":{\"@id\":\"https:\/\/www.istegroup.com\/fr\/produit\/materiaux-et-procedes-demballage-pour-les-industries-alimentaires-cosmetiques-et-pharmaceutiques\/#primaryimage\"},\"image\":{\"@id\":\"https:\/\/www.istegroup.com\/fr\/produit\/materiaux-et-procedes-demballage-pour-les-industries-alimentaires-cosmetiques-et-pharmaceutiques\/#primaryimage\"},\"thumbnailUrl\":\"https:\/\/www.istegroup.com\/wp-content\/uploads\/2022\/02\/couv-Materiaux-et-procedes-demballage-pour-les-industries-alimentaires-cosmetiques-et-pharmaceutiques.jpg\",\"datePublished\":\"2021-09-23T08:08:36+00:00\",\"dateModified\":\"2025-01-03T12:10:33+00:00\",\"description\":\"Cet ouvrage propose un \u00e9tat de l\u2019art des connaissances actuelles dans le domaine de l\u2019emballage, tant au niveau des mat\u00e9riaux, de leurs composition et propri\u00e9t\u00e9s, que de leur application.\",\"breadcrumb\":{\"@id\":\"https:\/\/www.istegroup.com\/fr\/produit\/materiaux-et-procedes-demballage-pour-les-industries-alimentaires-cosmetiques-et-pharmaceutiques\/#breadcrumb\"},\"inLanguage\":\"fr-FR\",\"potentialAction\":[{\"@type\":\"ReadAction\",\"target\":[\"https:\/\/www.istegroup.com\/fr\/produit\/materiaux-et-procedes-demballage-pour-les-industries-alimentaires-cosmetiques-et-pharmaceutiques\/\"]}]},{\"@type\":\"ImageObject\",\"inLanguage\":\"fr-FR\",\"@id\":\"https:\/\/www.istegroup.com\/fr\/produit\/materiaux-et-procedes-demballage-pour-les-industries-alimentaires-cosmetiques-et-pharmaceutiques\/#primaryimage\",\"url\":\"https:\/\/www.istegroup.com\/wp-content\/uploads\/2022\/02\/couv-Materiaux-et-procedes-demballage-pour-les-industries-alimentaires-cosmetiques-et-pharmaceutiques.jpg\",\"contentUrl\":\"https:\/\/www.istegroup.com\/wp-content\/uploads\/2022\/02\/couv-Materiaux-et-procedes-demballage-pour-les-industries-alimentaires-cosmetiques-et-pharmaceutiques.jpg\",\"width\":300,\"height\":450,\"caption\":\"Livre scientifique - Mat\u00e9riaux et proc\u00e9d\u00e9s d\u2019emballage pour les industries alimentaires, cosm\u00e9tiques et pharmaceutiques - Encyclop\u00e9die SCIENCES\"},{\"@type\":\"BreadcrumbList\",\"@id\":\"https:\/\/www.istegroup.com\/fr\/produit\/materiaux-et-procedes-demballage-pour-les-industries-alimentaires-cosmetiques-et-pharmaceutiques\/#breadcrumb\",\"itemListElement\":[{\"@type\":\"ListItem\",\"position\":1,\"name\":\"Home\",\"item\":\"https:\/\/www.istegroup.com\/\"},{\"@type\":\"ListItem\",\"position\":2,\"name\":\"Shop\",\"item\":\"https:\/\/www.istegroup.com\/fr\/nouveautes\/\"},{\"@type\":\"ListItem\",\"position\":3,\"name\":\"Mat\u00e9riaux et proc\u00e9d\u00e9s d\u2019emballage pour les industries alimentaires, cosm\u00e9tiques et pharmaceutiques\"}]},{\"@type\":\"WebSite\",\"@id\":\"https:\/\/www.istegroup.com\/#website\",\"url\":\"https:\/\/www.istegroup.com\/\",\"name\":\"ISTE Group\",\"description\":\"\u00c9diteur des Sciences\",\"potentialAction\":[{\"@type\":\"SearchAction\",\"target\":{\"@type\":\"EntryPoint\",\"urlTemplate\":\"https:\/\/www.istegroup.com\/?s={search_term_string}\"},\"query-input\":{\"@type\":\"PropertyValueSpecification\",\"valueRequired\":true,\"valueName\":\"search_term_string\"}}],\"inLanguage\":\"fr-FR\"}]}<\/script>\n<!-- \/ Yoast SEO plugin. -->","yoast_head_json":{"title":"Mat\u00e9riaux et proc\u00e9d\u00e9s d\u2019emballage pour les industries alimentaires, cosm\u00e9tiques et pharmaceutiques - ISTE Group","description":"Cet ouvrage propose un \u00e9tat de l\u2019art des connaissances actuelles dans le domaine de l\u2019emballage, tant au niveau des mat\u00e9riaux, de leurs composition et propri\u00e9t\u00e9s, que de leur application.","robots":{"index":"index","follow":"follow","max-snippet":"max-snippet:-1","max-image-preview":"max-image-preview:large","max-video-preview":"max-video-preview:-1"},"canonical":"https:\/\/www.istegroup.com\/fr\/produit\/materiaux-et-procedes-demballage-pour-les-industries-alimentaires-cosmetiques-et-pharmaceutiques\/","og_locale":"fr_FR","og_type":"article","og_title":"Mat\u00e9riaux et proc\u00e9d\u00e9s d\u2019emballage pour les industries alimentaires, cosm\u00e9tiques et pharmaceutiques - ISTE Group","og_description":"Cet ouvrage propose un \u00e9tat de l\u2019art des connaissances actuelles dans le domaine de l\u2019emballage, tant au niveau des mat\u00e9riaux, de leurs composition et propri\u00e9t\u00e9s, que de leur application.","og_url":"https:\/\/www.istegroup.com\/fr\/produit\/materiaux-et-procedes-demballage-pour-les-industries-alimentaires-cosmetiques-et-pharmaceutiques\/","og_site_name":"ISTE Group","article_modified_time":"2025-01-03T12:10:33+00:00","og_image":[{"width":300,"height":450,"url":"https:\/\/www.istegroup.com\/wp-content\/uploads\/2022\/02\/couv-Materiaux-et-procedes-demballage-pour-les-industries-alimentaires-cosmetiques-et-pharmaceutiques.jpg","type":"image\/jpeg"}],"twitter_card":"summary_large_image","twitter_misc":{"Est. reading time":"1 minute"},"schema":{"@context":"https:\/\/schema.org","@graph":[{"@type":"WebPage","@id":"https:\/\/www.istegroup.com\/fr\/produit\/materiaux-et-procedes-demballage-pour-les-industries-alimentaires-cosmetiques-et-pharmaceutiques\/","url":"https:\/\/www.istegroup.com\/fr\/produit\/materiaux-et-procedes-demballage-pour-les-industries-alimentaires-cosmetiques-et-pharmaceutiques\/","name":"Mat\u00e9riaux et proc\u00e9d\u00e9s d\u2019emballage pour les industries alimentaires, cosm\u00e9tiques et pharmaceutiques - ISTE Group","isPartOf":{"@id":"https:\/\/www.istegroup.com\/#website"},"primaryImageOfPage":{"@id":"https:\/\/www.istegroup.com\/fr\/produit\/materiaux-et-procedes-demballage-pour-les-industries-alimentaires-cosmetiques-et-pharmaceutiques\/#primaryimage"},"image":{"@id":"https:\/\/www.istegroup.com\/fr\/produit\/materiaux-et-procedes-demballage-pour-les-industries-alimentaires-cosmetiques-et-pharmaceutiques\/#primaryimage"},"thumbnailUrl":"https:\/\/www.istegroup.com\/wp-content\/uploads\/2022\/02\/couv-Materiaux-et-procedes-demballage-pour-les-industries-alimentaires-cosmetiques-et-pharmaceutiques.jpg","datePublished":"2021-09-23T08:08:36+00:00","dateModified":"2025-01-03T12:10:33+00:00","description":"Cet ouvrage propose un \u00e9tat de l\u2019art des connaissances actuelles dans le domaine de l\u2019emballage, tant au niveau des mat\u00e9riaux, de leurs composition et propri\u00e9t\u00e9s, que de leur application.","breadcrumb":{"@id":"https:\/\/www.istegroup.com\/fr\/produit\/materiaux-et-procedes-demballage-pour-les-industries-alimentaires-cosmetiques-et-pharmaceutiques\/#breadcrumb"},"inLanguage":"fr-FR","potentialAction":[{"@type":"ReadAction","target":["https:\/\/www.istegroup.com\/fr\/produit\/materiaux-et-procedes-demballage-pour-les-industries-alimentaires-cosmetiques-et-pharmaceutiques\/"]}]},{"@type":"ImageObject","inLanguage":"fr-FR","@id":"https:\/\/www.istegroup.com\/fr\/produit\/materiaux-et-procedes-demballage-pour-les-industries-alimentaires-cosmetiques-et-pharmaceutiques\/#primaryimage","url":"https:\/\/www.istegroup.com\/wp-content\/uploads\/2022\/02\/couv-Materiaux-et-procedes-demballage-pour-les-industries-alimentaires-cosmetiques-et-pharmaceutiques.jpg","contentUrl":"https:\/\/www.istegroup.com\/wp-content\/uploads\/2022\/02\/couv-Materiaux-et-procedes-demballage-pour-les-industries-alimentaires-cosmetiques-et-pharmaceutiques.jpg","width":300,"height":450,"caption":"Livre scientifique - Mat\u00e9riaux et proc\u00e9d\u00e9s d\u2019emballage pour les industries alimentaires, cosm\u00e9tiques et pharmaceutiques - Encyclop\u00e9die SCIENCES"},{"@type":"BreadcrumbList","@id":"https:\/\/www.istegroup.com\/fr\/produit\/materiaux-et-procedes-demballage-pour-les-industries-alimentaires-cosmetiques-et-pharmaceutiques\/#breadcrumb","itemListElement":[{"@type":"ListItem","position":1,"name":"Home","item":"https:\/\/www.istegroup.com\/"},{"@type":"ListItem","position":2,"name":"Shop","item":"https:\/\/www.istegroup.com\/fr\/nouveautes\/"},{"@type":"ListItem","position":3,"name":"Mat\u00e9riaux et proc\u00e9d\u00e9s d\u2019emballage pour les industries alimentaires, cosm\u00e9tiques et pharmaceutiques"}]},{"@type":"WebSite","@id":"https:\/\/www.istegroup.com\/#website","url":"https:\/\/www.istegroup.com\/","name":"ISTE Group","description":"\u00c9diteur des Sciences","potentialAction":[{"@type":"SearchAction","target":{"@type":"EntryPoint","urlTemplate":"https:\/\/www.istegroup.com\/?s={search_term_string}"},"query-input":{"@type":"PropertyValueSpecification","valueRequired":true,"valueName":"search_term_string"}}],"inLanguage":"fr-FR"}]}},"_links":{"self":[{"href":"https:\/\/www.istegroup.com\/fr\/wp-json\/wp\/v2\/product\/34531","targetHints":{"allow":["GET"]}}],"collection":[{"href":"https:\/\/www.istegroup.com\/fr\/wp-json\/wp\/v2\/product"}],"about":[{"href":"https:\/\/www.istegroup.com\/fr\/wp-json\/wp\/v2\/types\/product"}],"wp:featuredmedia":[{"embeddable":true,"href":"https:\/\/www.istegroup.com\/fr\/wp-json\/wp\/v2\/media\/45320"}],"wp:attachment":[{"href":"https:\/\/www.istegroup.com\/fr\/wp-json\/wp\/v2\/media?parent=34531"}],"wp:term":[{"taxonomy":"product_brand","embeddable":true,"href":"https:\/\/www.istegroup.com\/fr\/wp-json\/wp\/v2\/product_brand?post=34531"},{"taxonomy":"product_cat","embeddable":true,"href":"https:\/\/www.istegroup.com\/fr\/wp-json\/wp\/v2\/product_cat?post=34531"},{"taxonomy":"product_tag","embeddable":true,"href":"https:\/\/www.istegroup.com\/fr\/wp-json\/wp\/v2\/product_tag?post=34531"}],"curies":[{"name":"wp","href":"https:\/\/api.w.org\/{rel}","templated":true}]}}