{"id":34513,"date":"2026-04-01T09:01:21","date_gmt":"2026-04-01T08:01:21","guid":{"rendered":"https:\/\/www.istegroup.com\/?post_type=product&#038;p=34513"},"modified":"2026-04-02T14:52:11","modified_gmt":"2026-04-02T13:52:11","slug":"exploitations-agricoles-et-territoires","status":"publish","type":"product","link":"https:\/\/www.istegroup.com\/fr\/produit\/exploitations-agricoles-et-territoires\/","title":{"rendered":"Exploitations agricoles et territoires"},"content":{"rendered":"<p>Quelles nouvelles relations se tissent entre territoires et exploitations agricoles ? Cet ouvrage explore cette question \u00e0 travers une diversit\u00e9 de paysages, des montagnes aux plaines c\u00e9r\u00e9ali\u00e8res, fa\u00e7onn\u00e9s par des acteurs qui exploitent, g\u00e8rent et prot\u00e8gent des ressources telles que le foncier, la biodiversit\u00e9 sauvage ou domestique.<\/p>\n<p><em>Exploitations agricoles et territoires<\/em> met en lumi\u00e8re les interactions renouvel\u00e9es entre exploitations et acteurs des territoires, notamment autour de l\u2019usage de la biomasse alimentaire, \u00e9nerg\u00e9tique ou destin\u00e9e \u00e0 l\u2019affouragement des troupeaux. Les d\u00e9veloppements pr\u00e9sentent \u00e9galement des outils et m\u00e9thodes permettant de diagnostiquer, concevoir ou \u00e9valuer les dynamiques agricoles territoriales : appariement de bases de donn\u00e9es, analyse des flux de mati\u00e8re et d\u2019\u00e9nergie, d\u00e9marches de co-conception, etc.<\/p>\n<p>Les contributions denses et document\u00e9es explorent les relations complexes entre exploitation et territoire, \u00e0 travers les travaux d\u2019\u00e9quipes de recherche soucieuses de comprendre les mutations du monde agricole et leurs r\u00e9percussions sur l\u2019environnement, l\u2019\u00e9conomie et la soci\u00e9t\u00e9.<\/p>\n","protected":false},"excerpt":{"rendered":"<p>Quelles nouvelles relations se tissent entre territoires et exploitations agricoles ? Cet ouvrage explore cette question \u00e0 travers une diversit\u00e9 de paysages, des montagnes aux plaines c\u00e9r\u00e9ali\u00e8res, fa\u00e7onn\u00e9s par des acteurs qui exploitent, g\u00e8rent et prot\u00e8gent des ressources telles que le foncier, la biodiversit\u00e9 sauvage ou domestique. Exploitations agricoles et territoires met en lumi\u00e8re les [&hellip;]<\/p>\n","protected":false},"featured_media":63501,"template":"","meta":{"_acf_changed":false,"_links_to":"","_links_to_target":""},"product_brand":[],"product_cat":[4289],"product_tag":[],"class_list":{"0":"post-34513","1":"product","2":"type-product","3":"status-publish","4":"has-post-thumbnail","6":"product_cat-sciences","8":"first","9":"instock","10":"shipping-taxable","11":"purchasable","12":"product-type-variable"},"acf":[],"yoast_head":"<!-- This site is optimized with the Yoast SEO plugin v27.2 - https:\/\/yoast.com\/product\/yoast-seo-wordpress\/ -->\n<title>Exploitations agricoles et territoires - ISTE Group<\/title>\n<meta name=\"description\" content=\"Exploitations agricoles et territoires met en lumi\u00e8re les interactions renouvel\u00e9es entre exploitations et acteurs des territoires, notamment autour de l\u2019usage de la biomasse alimentaire, \u00e9nerg\u00e9tique ou destin\u00e9e \u00e0 l\u2019affouragement des troupeaux.\" \/>\n<meta name=\"robots\" content=\"index, follow, max-snippet:-1, max-image-preview:large, max-video-preview:-1\" \/>\n<link rel=\"canonical\" href=\"https:\/\/www.istegroup.com\/produit\/exploitations-agricoles-et-territoires\/\" \/>\n<meta property=\"og:locale\" content=\"fr_FR\" \/>\n<meta property=\"og:type\" content=\"article\" \/>\n<meta property=\"og:title\" content=\"Exploitations agricoles et territoires - ISTE Group\" \/>\n<meta property=\"og:description\" content=\"Exploitations agricoles et territoires met en lumi\u00e8re les interactions renouvel\u00e9es entre exploitations et acteurs des territoires, notamment autour de l\u2019usage de la biomasse alimentaire, \u00e9nerg\u00e9tique ou destin\u00e9e \u00e0 l\u2019affouragement des troupeaux.\" \/>\n<meta property=\"og:url\" content=\"https:\/\/www.istegroup.com\/produit\/exploitations-agricoles-et-territoires\/\" \/>\n<meta property=\"og:site_name\" content=\"ISTE Group\" \/>\n<meta property=\"article:modified_time\" content=\"2026-04-02T13:52:11+00:00\" \/>\n<meta property=\"og:image\" content=\"https:\/\/www.istegroup.com\/wp-content\/uploads\/2019\/09\/Exploitations-agricoles-et-territoires.jpg\" \/>\n\t<meta property=\"og:image:width\" content=\"300\" \/>\n\t<meta property=\"og:image:height\" content=\"450\" \/>\n\t<meta property=\"og:image:type\" content=\"image\/jpeg\" \/>\n<meta name=\"twitter:card\" content=\"summary_large_image\" \/>\n<meta name=\"twitter:label1\" content=\"Est. reading time\" \/>\n\t<meta name=\"twitter:data1\" content=\"1 minute\" \/>\n<script type=\"application\/ld+json\" class=\"yoast-schema-graph\">{\"@context\":\"https:\/\/schema.org\",\"@graph\":[{\"@type\":\"WebPage\",\"@id\":\"https:\/\/www.istegroup.com\/produit\/exploitations-agricoles-et-territoires\/\",\"url\":\"https:\/\/www.istegroup.com\/produit\/exploitations-agricoles-et-territoires\/\",\"name\":\"Exploitations agricoles et territoires - ISTE Group\",\"isPartOf\":{\"@id\":\"https:\/\/www.istegroup.com\/#website\"},\"primaryImageOfPage\":{\"@id\":\"https:\/\/www.istegroup.com\/produit\/exploitations-agricoles-et-territoires\/#primaryimage\"},\"image\":{\"@id\":\"https:\/\/www.istegroup.com\/produit\/exploitations-agricoles-et-territoires\/#primaryimage\"},\"thumbnailUrl\":\"https:\/\/www.istegroup.com\/wp-content\/uploads\/2019\/09\/Exploitations-agricoles-et-territoires.jpg\",\"datePublished\":\"2026-04-01T08:01:21+00:00\",\"dateModified\":\"2026-04-02T13:52:11+00:00\",\"description\":\"Exploitations agricoles et territoires met en lumi\u00e8re les interactions renouvel\u00e9es entre exploitations et acteurs des territoires, notamment autour de l\u2019usage de la biomasse alimentaire, \u00e9nerg\u00e9tique ou destin\u00e9e \u00e0 l\u2019affouragement des troupeaux.\",\"breadcrumb\":{\"@id\":\"https:\/\/www.istegroup.com\/produit\/exploitations-agricoles-et-territoires\/#breadcrumb\"},\"inLanguage\":\"fr-FR\",\"potentialAction\":[{\"@type\":\"ReadAction\",\"target\":[\"https:\/\/www.istegroup.com\/produit\/exploitations-agricoles-et-territoires\/\"]}]},{\"@type\":\"ImageObject\",\"inLanguage\":\"fr-FR\",\"@id\":\"https:\/\/www.istegroup.com\/produit\/exploitations-agricoles-et-territoires\/#primaryimage\",\"url\":\"https:\/\/www.istegroup.com\/wp-content\/uploads\/2019\/09\/Exploitations-agricoles-et-territoires.jpg\",\"contentUrl\":\"https:\/\/www.istegroup.com\/wp-content\/uploads\/2019\/09\/Exploitations-agricoles-et-territoires.jpg\",\"width\":300,\"height\":450},{\"@type\":\"BreadcrumbList\",\"@id\":\"https:\/\/www.istegroup.com\/produit\/exploitations-agricoles-et-territoires\/#breadcrumb\",\"itemListElement\":[{\"@type\":\"ListItem\",\"position\":1,\"name\":\"Home\",\"item\":\"https:\/\/www.istegroup.com\/\"},{\"@type\":\"ListItem\",\"position\":2,\"name\":\"Shop\",\"item\":\"https:\/\/www.istegroup.com\/fr\/nouveautes\/\"},{\"@type\":\"ListItem\",\"position\":3,\"name\":\"Exploitations agricoles et territoires\"}]},{\"@type\":\"WebSite\",\"@id\":\"https:\/\/www.istegroup.com\/#website\",\"url\":\"https:\/\/www.istegroup.com\/\",\"name\":\"ISTE Group\",\"description\":\"\u00c9diteur des Sciences\",\"potentialAction\":[{\"@type\":\"SearchAction\",\"target\":{\"@type\":\"EntryPoint\",\"urlTemplate\":\"https:\/\/www.istegroup.com\/?s={search_term_string}\"},\"query-input\":{\"@type\":\"PropertyValueSpecification\",\"valueRequired\":true,\"valueName\":\"search_term_string\"}}],\"inLanguage\":\"fr-FR\"}]}<\/script>\n<!-- \/ Yoast SEO plugin. -->","yoast_head_json":{"title":"Exploitations agricoles et territoires - ISTE Group","description":"Exploitations agricoles et territoires met en lumi\u00e8re les interactions renouvel\u00e9es entre exploitations et acteurs des territoires, notamment autour de l\u2019usage de la biomasse alimentaire, \u00e9nerg\u00e9tique ou destin\u00e9e \u00e0 l\u2019affouragement des troupeaux.","robots":{"index":"index","follow":"follow","max-snippet":"max-snippet:-1","max-image-preview":"max-image-preview:large","max-video-preview":"max-video-preview:-1"},"canonical":"https:\/\/www.istegroup.com\/produit\/exploitations-agricoles-et-territoires\/","og_locale":"fr_FR","og_type":"article","og_title":"Exploitations agricoles et territoires - ISTE Group","og_description":"Exploitations agricoles et territoires met en lumi\u00e8re les interactions renouvel\u00e9es entre exploitations et acteurs des territoires, notamment autour de l\u2019usage de la biomasse alimentaire, \u00e9nerg\u00e9tique ou destin\u00e9e \u00e0 l\u2019affouragement des troupeaux.","og_url":"https:\/\/www.istegroup.com\/produit\/exploitations-agricoles-et-territoires\/","og_site_name":"ISTE Group","article_modified_time":"2026-04-02T13:52:11+00:00","og_image":[{"width":300,"height":450,"url":"https:\/\/www.istegroup.com\/wp-content\/uploads\/2019\/09\/Exploitations-agricoles-et-territoires.jpg","type":"image\/jpeg"}],"twitter_card":"summary_large_image","twitter_misc":{"Est. reading time":"1 minute"},"schema":{"@context":"https:\/\/schema.org","@graph":[{"@type":"WebPage","@id":"https:\/\/www.istegroup.com\/produit\/exploitations-agricoles-et-territoires\/","url":"https:\/\/www.istegroup.com\/produit\/exploitations-agricoles-et-territoires\/","name":"Exploitations agricoles et territoires - ISTE Group","isPartOf":{"@id":"https:\/\/www.istegroup.com\/#website"},"primaryImageOfPage":{"@id":"https:\/\/www.istegroup.com\/produit\/exploitations-agricoles-et-territoires\/#primaryimage"},"image":{"@id":"https:\/\/www.istegroup.com\/produit\/exploitations-agricoles-et-territoires\/#primaryimage"},"thumbnailUrl":"https:\/\/www.istegroup.com\/wp-content\/uploads\/2019\/09\/Exploitations-agricoles-et-territoires.jpg","datePublished":"2026-04-01T08:01:21+00:00","dateModified":"2026-04-02T13:52:11+00:00","description":"Exploitations agricoles et territoires met en lumi\u00e8re les interactions renouvel\u00e9es entre exploitations et acteurs des territoires, notamment autour de l\u2019usage de la biomasse alimentaire, \u00e9nerg\u00e9tique ou destin\u00e9e \u00e0 l\u2019affouragement des troupeaux.","breadcrumb":{"@id":"https:\/\/www.istegroup.com\/produit\/exploitations-agricoles-et-territoires\/#breadcrumb"},"inLanguage":"fr-FR","potentialAction":[{"@type":"ReadAction","target":["https:\/\/www.istegroup.com\/produit\/exploitations-agricoles-et-territoires\/"]}]},{"@type":"ImageObject","inLanguage":"fr-FR","@id":"https:\/\/www.istegroup.com\/produit\/exploitations-agricoles-et-territoires\/#primaryimage","url":"https:\/\/www.istegroup.com\/wp-content\/uploads\/2019\/09\/Exploitations-agricoles-et-territoires.jpg","contentUrl":"https:\/\/www.istegroup.com\/wp-content\/uploads\/2019\/09\/Exploitations-agricoles-et-territoires.jpg","width":300,"height":450},{"@type":"BreadcrumbList","@id":"https:\/\/www.istegroup.com\/produit\/exploitations-agricoles-et-territoires\/#breadcrumb","itemListElement":[{"@type":"ListItem","position":1,"name":"Home","item":"https:\/\/www.istegroup.com\/"},{"@type":"ListItem","position":2,"name":"Shop","item":"https:\/\/www.istegroup.com\/fr\/nouveautes\/"},{"@type":"ListItem","position":3,"name":"Exploitations agricoles et territoires"}]},{"@type":"WebSite","@id":"https:\/\/www.istegroup.com\/#website","url":"https:\/\/www.istegroup.com\/","name":"ISTE Group","description":"\u00c9diteur des Sciences","potentialAction":[{"@type":"SearchAction","target":{"@type":"EntryPoint","urlTemplate":"https:\/\/www.istegroup.com\/?s={search_term_string}"},"query-input":{"@type":"PropertyValueSpecification","valueRequired":true,"valueName":"search_term_string"}}],"inLanguage":"fr-FR"}]}},"_links":{"self":[{"href":"https:\/\/www.istegroup.com\/fr\/wp-json\/wp\/v2\/product\/34513","targetHints":{"allow":["GET"]}}],"collection":[{"href":"https:\/\/www.istegroup.com\/fr\/wp-json\/wp\/v2\/product"}],"about":[{"href":"https:\/\/www.istegroup.com\/fr\/wp-json\/wp\/v2\/types\/product"}],"wp:featuredmedia":[{"embeddable":true,"href":"https:\/\/www.istegroup.com\/fr\/wp-json\/wp\/v2\/media\/63501"}],"wp:attachment":[{"href":"https:\/\/www.istegroup.com\/fr\/wp-json\/wp\/v2\/media?parent=34513"}],"wp:term":[{"taxonomy":"product_brand","embeddable":true,"href":"https:\/\/www.istegroup.com\/fr\/wp-json\/wp\/v2\/product_brand?post=34513"},{"taxonomy":"product_cat","embeddable":true,"href":"https:\/\/www.istegroup.com\/fr\/wp-json\/wp\/v2\/product_cat?post=34513"},{"taxonomy":"product_tag","embeddable":true,"href":"https:\/\/www.istegroup.com\/fr\/wp-json\/wp\/v2\/product_tag?post=34513"}],"curies":[{"name":"wp","href":"https:\/\/api.w.org\/{rel}","templated":true}]}}