{"id":34507,"date":"2025-07-16T08:59:16","date_gmt":"2025-07-16T07:59:16","guid":{"rendered":"https:\/\/www.istegroup.com\/?post_type=product&#038;p=34507"},"modified":"2025-07-28T10:34:58","modified_gmt":"2025-07-28T09:34:58","slug":"agropedologie","status":"publish","type":"product","link":"https:\/\/www.istegroup.com\/fr\/produit\/agropedologie\/","title":{"rendered":"Agrop\u00e9dologie"},"content":{"rendered":"<p>Les sols sont une ressource essentielle pour la production agricole. <em>Agrop\u00e9dologie<\/em> vise \u00e0 apporter des \u00e9l\u00e9ments de compr\u00e9hension du fonctionnement des sols agricoles, indispensables \u00e0 la gestion de leurs fonctions au sein des agro\u00e9cosyst\u00e8mes.<\/p>\n<p>L\u2019approche des sols est ici pluridisciplinaire, allant des sciences de la nature aux sciences humaines et sociales. Un \u00e9clairage est apport\u00e9 sur les particularit\u00e9s des sols agricoles de certaines r\u00e9gions g\u00e9ographiques (sols m\u00e9diterran\u00e9ens, sols tropicaux) ou de certains milieux (sols urbains). Par ailleurs, cet ouvrage donne \u00e0 voir comment certaines th\u00e9matiques de la science des sols agricoles sont aujourd\u2019hui trait\u00e9es dans le cadre de l\u2019enseignement sup\u00e9rieur, tel qu\u2019il se pratique aujourd\u2019hui notamment \u00e0 AgroParisTech et \u00e0 l\u2019Universit\u00e9 Paris-Saclay, o\u00f9 enseignent la majorit\u00e9 des contributeurs de cet ouvrage.<\/p>\n<p>\u00c0 l\u2019heure de la transition \u00e9cologique, les sols doivent retrouver une place centrale dans le pilotage des agro\u00e9cosyst\u00e8mes ; cet ouvrage cherche \u00e0 y contribuer.<\/p>\n","protected":false},"excerpt":{"rendered":"<p>Les sols sont une ressource essentielle pour la production agricole. Agrop\u00e9dologie vise \u00e0 apporter des \u00e9l\u00e9ments de compr\u00e9hension du fonctionnement des sols agricoles, indispensables \u00e0 la gestion de leurs fonctions au sein des agro\u00e9cosyst\u00e8mes. L\u2019approche des sols est ici pluridisciplinaire, allant des sciences de la nature aux sciences humaines et sociales. Un \u00e9clairage est apport\u00e9 [&hellip;]<\/p>\n","protected":false},"featured_media":60996,"template":"","meta":{"_acf_changed":false,"_links_to":"","_links_to_target":""},"product_brand":[],"product_cat":[4289],"product_tag":[],"class_list":{"0":"post-34507","1":"product","2":"type-product","3":"status-publish","4":"has-post-thumbnail","6":"product_cat-sciences","8":"first","9":"instock","10":"shipping-taxable","11":"purchasable","12":"product-type-variable"},"acf":[],"yoast_head":"<!-- This site is optimized with the Yoast SEO plugin v27.2 - https:\/\/yoast.com\/product\/yoast-seo-wordpress\/ -->\n<title>Agrop\u00e9dologie - ISTE Group<\/title>\n<meta name=\"description\" content=\"Agrop\u00e9dologie vise \u00e0 apporter des \u00e9l\u00e9ments de compr\u00e9hension du fonctionnement des sols agricoles, indispensables \u00e0 la gestion de leurs fonctions au sein des agro\u00e9cosyst\u00e8mes.\" \/>\n<meta name=\"robots\" content=\"index, follow, max-snippet:-1, max-image-preview:large, max-video-preview:-1\" \/>\n<link rel=\"canonical\" href=\"https:\/\/www.istegroup.com\/produit\/agropedologie\/\" \/>\n<meta property=\"og:locale\" content=\"fr_FR\" \/>\n<meta property=\"og:type\" content=\"article\" \/>\n<meta property=\"og:title\" content=\"Agrop\u00e9dologie - ISTE Group\" \/>\n<meta property=\"og:description\" content=\"Agrop\u00e9dologie vise \u00e0 apporter des \u00e9l\u00e9ments de compr\u00e9hension du fonctionnement des sols agricoles, indispensables \u00e0 la gestion de leurs fonctions au sein des agro\u00e9cosyst\u00e8mes.\" \/>\n<meta property=\"og:url\" content=\"https:\/\/www.istegroup.com\/produit\/agropedologie\/\" \/>\n<meta property=\"og:site_name\" content=\"ISTE Group\" \/>\n<meta property=\"article:modified_time\" content=\"2025-07-28T09:34:58+00:00\" \/>\n<meta property=\"og:image\" content=\"https:\/\/www.istegroup.com\/wp-content\/uploads\/2019\/09\/Agropedologie.jpeg\" \/>\n\t<meta property=\"og:image:width\" content=\"300\" \/>\n\t<meta property=\"og:image:height\" content=\"450\" \/>\n\t<meta property=\"og:image:type\" content=\"image\/jpeg\" \/>\n<meta name=\"twitter:card\" content=\"summary_large_image\" \/>\n<meta name=\"twitter:label1\" content=\"Est. reading time\" \/>\n\t<meta name=\"twitter:data1\" content=\"1 minute\" \/>\n<script type=\"application\/ld+json\" class=\"yoast-schema-graph\">{\"@context\":\"https:\/\/schema.org\",\"@graph\":[{\"@type\":\"WebPage\",\"@id\":\"https:\/\/www.istegroup.com\/produit\/agropedologie\/\",\"url\":\"https:\/\/www.istegroup.com\/produit\/agropedologie\/\",\"name\":\"Agrop\u00e9dologie - ISTE Group\",\"isPartOf\":{\"@id\":\"https:\/\/www.istegroup.com\/#website\"},\"primaryImageOfPage\":{\"@id\":\"https:\/\/www.istegroup.com\/produit\/agropedologie\/#primaryimage\"},\"image\":{\"@id\":\"https:\/\/www.istegroup.com\/produit\/agropedologie\/#primaryimage\"},\"thumbnailUrl\":\"https:\/\/www.istegroup.com\/wp-content\/uploads\/2019\/09\/Agropedologie.jpeg\",\"datePublished\":\"2025-07-16T07:59:16+00:00\",\"dateModified\":\"2025-07-28T09:34:58+00:00\",\"description\":\"Agrop\u00e9dologie vise \u00e0 apporter des \u00e9l\u00e9ments de compr\u00e9hension du fonctionnement des sols agricoles, indispensables \u00e0 la gestion de leurs fonctions au sein des agro\u00e9cosyst\u00e8mes.\",\"breadcrumb\":{\"@id\":\"https:\/\/www.istegroup.com\/produit\/agropedologie\/#breadcrumb\"},\"inLanguage\":\"fr-FR\",\"potentialAction\":[{\"@type\":\"ReadAction\",\"target\":[\"https:\/\/www.istegroup.com\/produit\/agropedologie\/\"]}]},{\"@type\":\"ImageObject\",\"inLanguage\":\"fr-FR\",\"@id\":\"https:\/\/www.istegroup.com\/produit\/agropedologie\/#primaryimage\",\"url\":\"https:\/\/www.istegroup.com\/wp-content\/uploads\/2019\/09\/Agropedologie.jpeg\",\"contentUrl\":\"https:\/\/www.istegroup.com\/wp-content\/uploads\/2019\/09\/Agropedologie.jpeg\",\"width\":300,\"height\":450},{\"@type\":\"BreadcrumbList\",\"@id\":\"https:\/\/www.istegroup.com\/produit\/agropedologie\/#breadcrumb\",\"itemListElement\":[{\"@type\":\"ListItem\",\"position\":1,\"name\":\"Home\",\"item\":\"https:\/\/www.istegroup.com\/\"},{\"@type\":\"ListItem\",\"position\":2,\"name\":\"Shop\",\"item\":\"https:\/\/www.istegroup.com\/fr\/nouveautes\/\"},{\"@type\":\"ListItem\",\"position\":3,\"name\":\"Agrop\u00e9dologie\"}]},{\"@type\":\"WebSite\",\"@id\":\"https:\/\/www.istegroup.com\/#website\",\"url\":\"https:\/\/www.istegroup.com\/\",\"name\":\"ISTE Group\",\"description\":\"\u00c9diteur des Sciences\",\"potentialAction\":[{\"@type\":\"SearchAction\",\"target\":{\"@type\":\"EntryPoint\",\"urlTemplate\":\"https:\/\/www.istegroup.com\/?s={search_term_string}\"},\"query-input\":{\"@type\":\"PropertyValueSpecification\",\"valueRequired\":true,\"valueName\":\"search_term_string\"}}],\"inLanguage\":\"fr-FR\"}]}<\/script>\n<!-- \/ Yoast SEO plugin. -->","yoast_head_json":{"title":"Agrop\u00e9dologie - ISTE Group","description":"Agrop\u00e9dologie vise \u00e0 apporter des \u00e9l\u00e9ments de compr\u00e9hension du fonctionnement des sols agricoles, indispensables \u00e0 la gestion de leurs fonctions au sein des agro\u00e9cosyst\u00e8mes.","robots":{"index":"index","follow":"follow","max-snippet":"max-snippet:-1","max-image-preview":"max-image-preview:large","max-video-preview":"max-video-preview:-1"},"canonical":"https:\/\/www.istegroup.com\/produit\/agropedologie\/","og_locale":"fr_FR","og_type":"article","og_title":"Agrop\u00e9dologie - ISTE Group","og_description":"Agrop\u00e9dologie vise \u00e0 apporter des \u00e9l\u00e9ments de compr\u00e9hension du fonctionnement des sols agricoles, indispensables \u00e0 la gestion de leurs fonctions au sein des agro\u00e9cosyst\u00e8mes.","og_url":"https:\/\/www.istegroup.com\/produit\/agropedologie\/","og_site_name":"ISTE Group","article_modified_time":"2025-07-28T09:34:58+00:00","og_image":[{"width":300,"height":450,"url":"https:\/\/www.istegroup.com\/wp-content\/uploads\/2019\/09\/Agropedologie.jpeg","type":"image\/jpeg"}],"twitter_card":"summary_large_image","twitter_misc":{"Est. reading time":"1 minute"},"schema":{"@context":"https:\/\/schema.org","@graph":[{"@type":"WebPage","@id":"https:\/\/www.istegroup.com\/produit\/agropedologie\/","url":"https:\/\/www.istegroup.com\/produit\/agropedologie\/","name":"Agrop\u00e9dologie - ISTE Group","isPartOf":{"@id":"https:\/\/www.istegroup.com\/#website"},"primaryImageOfPage":{"@id":"https:\/\/www.istegroup.com\/produit\/agropedologie\/#primaryimage"},"image":{"@id":"https:\/\/www.istegroup.com\/produit\/agropedologie\/#primaryimage"},"thumbnailUrl":"https:\/\/www.istegroup.com\/wp-content\/uploads\/2019\/09\/Agropedologie.jpeg","datePublished":"2025-07-16T07:59:16+00:00","dateModified":"2025-07-28T09:34:58+00:00","description":"Agrop\u00e9dologie vise \u00e0 apporter des \u00e9l\u00e9ments de compr\u00e9hension du fonctionnement des sols agricoles, indispensables \u00e0 la gestion de leurs fonctions au sein des agro\u00e9cosyst\u00e8mes.","breadcrumb":{"@id":"https:\/\/www.istegroup.com\/produit\/agropedologie\/#breadcrumb"},"inLanguage":"fr-FR","potentialAction":[{"@type":"ReadAction","target":["https:\/\/www.istegroup.com\/produit\/agropedologie\/"]}]},{"@type":"ImageObject","inLanguage":"fr-FR","@id":"https:\/\/www.istegroup.com\/produit\/agropedologie\/#primaryimage","url":"https:\/\/www.istegroup.com\/wp-content\/uploads\/2019\/09\/Agropedologie.jpeg","contentUrl":"https:\/\/www.istegroup.com\/wp-content\/uploads\/2019\/09\/Agropedologie.jpeg","width":300,"height":450},{"@type":"BreadcrumbList","@id":"https:\/\/www.istegroup.com\/produit\/agropedologie\/#breadcrumb","itemListElement":[{"@type":"ListItem","position":1,"name":"Home","item":"https:\/\/www.istegroup.com\/"},{"@type":"ListItem","position":2,"name":"Shop","item":"https:\/\/www.istegroup.com\/fr\/nouveautes\/"},{"@type":"ListItem","position":3,"name":"Agrop\u00e9dologie"}]},{"@type":"WebSite","@id":"https:\/\/www.istegroup.com\/#website","url":"https:\/\/www.istegroup.com\/","name":"ISTE Group","description":"\u00c9diteur des Sciences","potentialAction":[{"@type":"SearchAction","target":{"@type":"EntryPoint","urlTemplate":"https:\/\/www.istegroup.com\/?s={search_term_string}"},"query-input":{"@type":"PropertyValueSpecification","valueRequired":true,"valueName":"search_term_string"}}],"inLanguage":"fr-FR"}]}},"_links":{"self":[{"href":"https:\/\/www.istegroup.com\/fr\/wp-json\/wp\/v2\/product\/34507","targetHints":{"allow":["GET"]}}],"collection":[{"href":"https:\/\/www.istegroup.com\/fr\/wp-json\/wp\/v2\/product"}],"about":[{"href":"https:\/\/www.istegroup.com\/fr\/wp-json\/wp\/v2\/types\/product"}],"wp:featuredmedia":[{"embeddable":true,"href":"https:\/\/www.istegroup.com\/fr\/wp-json\/wp\/v2\/media\/60996"}],"wp:attachment":[{"href":"https:\/\/www.istegroup.com\/fr\/wp-json\/wp\/v2\/media?parent=34507"}],"wp:term":[{"taxonomy":"product_brand","embeddable":true,"href":"https:\/\/www.istegroup.com\/fr\/wp-json\/wp\/v2\/product_brand?post=34507"},{"taxonomy":"product_cat","embeddable":true,"href":"https:\/\/www.istegroup.com\/fr\/wp-json\/wp\/v2\/product_cat?post=34507"},{"taxonomy":"product_tag","embeddable":true,"href":"https:\/\/www.istegroup.com\/fr\/wp-json\/wp\/v2\/product_tag?post=34507"}],"curies":[{"name":"wp","href":"https:\/\/api.w.org\/{rel}","templated":true}]}}