{"id":335,"date":"2017-07-28T12:02:15","date_gmt":"2017-07-28T10:02:15","guid":{"rendered":"https:\/\/iste.yhello.co\/product\/la-formalisation-des-langues\/"},"modified":"2025-02-21T13:41:15","modified_gmt":"2025-02-21T13:41:15","slug":"la-formalisation-des-langues","status":"publish","type":"product","link":"https:\/\/www.istegroup.com\/fr\/produit\/la-formalisation-des-langues\/","title":{"rendered":"La formalisation des langues"},"content":{"rendered":"<p>Au carrefour de la linguistique descriptive, de la linguistique formelle, du Traitement automatique des langues, de l\u2019informatique formelle et de l\u2019algorithmique de textes, cet ouvrage pr\u00e9sente un projet complet de description formalis\u00e9e des langues naturelles via l\u2019approche de NooJ.<\/p>\n<p>Il analyse la repr\u00e9sentation des objets linguistiques de base (lettres, mots et expressions), puis caract\u00e9rise les dictionnaires \u00e9lectroniques, les diff\u00e9renciant ainsi des dictionnaires \u00e9ditoriaux. Une d\u00e9finition math\u00e9matique des langages, des grammaires et des machines formelles est donn\u00e9e, et les quatre niveaux de la hi\u00e9rarchie de Chomsky sont pr\u00e9sent\u00e9s (langages rationnels, alg\u00e9briques, contextuels et non restreints). Afin d\u2019effectuer des analyses lexicales, syntaxiques et s\u00e9mantiques automatiques, l\u2019ouvrage d\u00e9taille \u00e9galement la construction d\u2019analyseurs linguistiques automatiques et en \u00e9tudie les applications en TAL.<\/p>\n<p>S\u2019appuyant sur les diff\u00e9rents outils fournis par la plateforme de d\u00e9veloppement gratuite\u00a0<em>Nooj<\/em>,\u00a0<em>La formalisation des langues<\/em>\u00a0propose des exemples et des exercices qui permettent de recenser et de d\u00e9crire le plus grand nombre de ph\u00e9nom\u00e8nes linguistiques.<\/p>\n","protected":false},"excerpt":{"rendered":"<p>Au carrefour de la linguistique descriptive, de la linguistique formelle, du Traitement automatique des langues, de l\u2019informatique formelle et de l\u2019algorithmique de textes, cet ouvrage pr\u00e9sente un projet complet de description formalis\u00e9e des langues naturelles via l\u2019approche de NooJ. Il analyse la repr\u00e9sentation des objets linguistiques de base (lettres, mots et expressions), puis caract\u00e9rise les [&hellip;]<\/p>\n","protected":false},"featured_media":336,"template":"","meta":{"_acf_changed":false,"_links_to":"","_links_to_target":""},"product_brand":[],"product_cat":[682],"product_tag":[31,196,1489,197,198,199,21,200,22,201,1490,1491,1492,1493,203,204,63,25,172,209,1494,1495,212,38,192,145,28],"class_list":{"0":"post-335","1":"product","2":"type-product","3":"status-publish","4":"has-post-thumbnail","6":"product_cat-sciences-cognitives-12506546","7":"product_tag-ebook","8":"product_tag-ebooks","9":"product_tag-formalisation","10":"product_tag-iste","11":"product_tag-iste-edition","12":"product_tag-iste-editions","13":"product_tag-iste-group","14":"product_tag-isteedition","15":"product_tag-istegroup","16":"product_tag-kindle","17":"product_tag-la-formalisation-des-langues","18":"product_tag-langues","19":"product_tag-linguistique-descriptive","20":"product_tag-linguistique-formelle","21":"product_tag-liseuse","22":"product_tag-livre","23":"product_tag-livre-electronique","24":"product_tag-livre-numerique","25":"product_tag-livre-scientifique","26":"product_tag-livres-scientifiques","27":"product_tag-max-silberztein","28":"product_tag-nooj","29":"product_tag-ouvrage","30":"product_tag-ouvrage-numerique","31":"product_tag-ouvrage-science","32":"product_tag-ouvrage-scientifique","33":"product_tag-ouvrage-scientifique-francais","35":"first","36":"instock","37":"shipping-taxable","38":"purchasable","39":"product-type-variable"},"acf":[],"yoast_head":"<!-- This site is optimized with the Yoast SEO plugin v27.2 - https:\/\/yoast.com\/product\/yoast-seo-wordpress\/ -->\n<title>La formalisation des langues - ISTE Group<\/title>\n<meta name=\"description\" content=\"L&#039;ouvrage pr\u00e9sente un projet complet de description formalis\u00e9e des langues naturelles via l\u2019approche de NooJ.\" \/>\n<meta name=\"robots\" content=\"index, follow, max-snippet:-1, max-image-preview:large, max-video-preview:-1\" \/>\n<link rel=\"canonical\" href=\"https:\/\/www.istegroup.com\/produit\/la-formalisation-des-langues\/\" \/>\n<meta property=\"og:locale\" content=\"fr_FR\" \/>\n<meta property=\"og:type\" content=\"article\" \/>\n<meta property=\"og:title\" content=\"La formalisation des langues - ISTE Group\" \/>\n<meta property=\"og:description\" content=\"L&#039;ouvrage pr\u00e9sente un projet complet de description formalis\u00e9e des langues naturelles via l\u2019approche de NooJ.\" \/>\n<meta property=\"og:url\" content=\"https:\/\/www.istegroup.com\/produit\/la-formalisation-des-langues\/\" \/>\n<meta property=\"og:site_name\" content=\"ISTE Group\" \/>\n<meta property=\"article:modified_time\" content=\"2025-02-21T13:41:15+00:00\" \/>\n<meta property=\"og:image\" content=\"https:\/\/www.istegroup.com\/wp-content\/uploads\/2017\/07\/1119644252_392661260-1.jpg\" \/>\n\t<meta property=\"og:image:width\" content=\"300\" \/>\n\t<meta property=\"og:image:height\" content=\"452\" \/>\n\t<meta property=\"og:image:type\" content=\"image\/jpeg\" \/>\n<meta name=\"twitter:card\" content=\"summary_large_image\" \/>\n<meta name=\"twitter:label1\" content=\"Est. reading time\" \/>\n\t<meta name=\"twitter:data1\" content=\"1 minute\" \/>\n<script type=\"application\/ld+json\" class=\"yoast-schema-graph\">{\"@context\":\"https:\/\/schema.org\",\"@graph\":[{\"@type\":\"WebPage\",\"@id\":\"https:\/\/www.istegroup.com\/produit\/la-formalisation-des-langues\/\",\"url\":\"https:\/\/www.istegroup.com\/produit\/la-formalisation-des-langues\/\",\"name\":\"La formalisation des langues - ISTE Group\",\"isPartOf\":{\"@id\":\"https:\/\/www.istegroup.com\/#website\"},\"primaryImageOfPage\":{\"@id\":\"https:\/\/www.istegroup.com\/produit\/la-formalisation-des-langues\/#primaryimage\"},\"image\":{\"@id\":\"https:\/\/www.istegroup.com\/produit\/la-formalisation-des-langues\/#primaryimage\"},\"thumbnailUrl\":\"https:\/\/www.istegroup.com\/wp-content\/uploads\/2017\/07\/1119644252_392661260-1.jpg\",\"datePublished\":\"2017-07-28T10:02:15+00:00\",\"dateModified\":\"2025-02-21T13:41:15+00:00\",\"description\":\"L'ouvrage pr\u00e9sente un projet complet de description formalis\u00e9e des langues naturelles via l\u2019approche de NooJ.\",\"breadcrumb\":{\"@id\":\"https:\/\/www.istegroup.com\/produit\/la-formalisation-des-langues\/#breadcrumb\"},\"inLanguage\":\"fr-FR\",\"potentialAction\":[{\"@type\":\"ReadAction\",\"target\":[\"https:\/\/www.istegroup.com\/produit\/la-formalisation-des-langues\/\"]}]},{\"@type\":\"ImageObject\",\"inLanguage\":\"fr-FR\",\"@id\":\"https:\/\/www.istegroup.com\/produit\/la-formalisation-des-langues\/#primaryimage\",\"url\":\"https:\/\/www.istegroup.com\/wp-content\/uploads\/2017\/07\/1119644252_392661260-1.jpg\",\"contentUrl\":\"https:\/\/www.istegroup.com\/wp-content\/uploads\/2017\/07\/1119644252_392661260-1.jpg\",\"width\":300,\"height\":452,\"caption\":\"L'approche de NooJ\"},{\"@type\":\"BreadcrumbList\",\"@id\":\"https:\/\/www.istegroup.com\/produit\/la-formalisation-des-langues\/#breadcrumb\",\"itemListElement\":[{\"@type\":\"ListItem\",\"position\":1,\"name\":\"Home\",\"item\":\"https:\/\/www.istegroup.com\/\"},{\"@type\":\"ListItem\",\"position\":2,\"name\":\"Shop\",\"item\":\"https:\/\/www.istegroup.com\/fr\/nouveautes\/\"},{\"@type\":\"ListItem\",\"position\":3,\"name\":\"La formalisation des langues\"}]},{\"@type\":\"WebSite\",\"@id\":\"https:\/\/www.istegroup.com\/#website\",\"url\":\"https:\/\/www.istegroup.com\/\",\"name\":\"ISTE Group\",\"description\":\"\u00c9diteur des Sciences\",\"potentialAction\":[{\"@type\":\"SearchAction\",\"target\":{\"@type\":\"EntryPoint\",\"urlTemplate\":\"https:\/\/www.istegroup.com\/?s={search_term_string}\"},\"query-input\":{\"@type\":\"PropertyValueSpecification\",\"valueRequired\":true,\"valueName\":\"search_term_string\"}}],\"inLanguage\":\"fr-FR\"}]}<\/script>\n<!-- \/ Yoast SEO plugin. -->","yoast_head_json":{"title":"La formalisation des langues - ISTE Group","description":"L'ouvrage pr\u00e9sente un projet complet de description formalis\u00e9e des langues naturelles via l\u2019approche de NooJ.","robots":{"index":"index","follow":"follow","max-snippet":"max-snippet:-1","max-image-preview":"max-image-preview:large","max-video-preview":"max-video-preview:-1"},"canonical":"https:\/\/www.istegroup.com\/produit\/la-formalisation-des-langues\/","og_locale":"fr_FR","og_type":"article","og_title":"La formalisation des langues - ISTE Group","og_description":"L'ouvrage pr\u00e9sente un projet complet de description formalis\u00e9e des langues naturelles via l\u2019approche de NooJ.","og_url":"https:\/\/www.istegroup.com\/produit\/la-formalisation-des-langues\/","og_site_name":"ISTE Group","article_modified_time":"2025-02-21T13:41:15+00:00","og_image":[{"width":300,"height":452,"url":"https:\/\/www.istegroup.com\/wp-content\/uploads\/2017\/07\/1119644252_392661260-1.jpg","type":"image\/jpeg"}],"twitter_card":"summary_large_image","twitter_misc":{"Est. reading time":"1 minute"},"schema":{"@context":"https:\/\/schema.org","@graph":[{"@type":"WebPage","@id":"https:\/\/www.istegroup.com\/produit\/la-formalisation-des-langues\/","url":"https:\/\/www.istegroup.com\/produit\/la-formalisation-des-langues\/","name":"La formalisation des langues - ISTE Group","isPartOf":{"@id":"https:\/\/www.istegroup.com\/#website"},"primaryImageOfPage":{"@id":"https:\/\/www.istegroup.com\/produit\/la-formalisation-des-langues\/#primaryimage"},"image":{"@id":"https:\/\/www.istegroup.com\/produit\/la-formalisation-des-langues\/#primaryimage"},"thumbnailUrl":"https:\/\/www.istegroup.com\/wp-content\/uploads\/2017\/07\/1119644252_392661260-1.jpg","datePublished":"2017-07-28T10:02:15+00:00","dateModified":"2025-02-21T13:41:15+00:00","description":"L'ouvrage pr\u00e9sente un projet complet de description formalis\u00e9e des langues naturelles via l\u2019approche de NooJ.","breadcrumb":{"@id":"https:\/\/www.istegroup.com\/produit\/la-formalisation-des-langues\/#breadcrumb"},"inLanguage":"fr-FR","potentialAction":[{"@type":"ReadAction","target":["https:\/\/www.istegroup.com\/produit\/la-formalisation-des-langues\/"]}]},{"@type":"ImageObject","inLanguage":"fr-FR","@id":"https:\/\/www.istegroup.com\/produit\/la-formalisation-des-langues\/#primaryimage","url":"https:\/\/www.istegroup.com\/wp-content\/uploads\/2017\/07\/1119644252_392661260-1.jpg","contentUrl":"https:\/\/www.istegroup.com\/wp-content\/uploads\/2017\/07\/1119644252_392661260-1.jpg","width":300,"height":452,"caption":"L'approche de NooJ"},{"@type":"BreadcrumbList","@id":"https:\/\/www.istegroup.com\/produit\/la-formalisation-des-langues\/#breadcrumb","itemListElement":[{"@type":"ListItem","position":1,"name":"Home","item":"https:\/\/www.istegroup.com\/"},{"@type":"ListItem","position":2,"name":"Shop","item":"https:\/\/www.istegroup.com\/fr\/nouveautes\/"},{"@type":"ListItem","position":3,"name":"La formalisation des langues"}]},{"@type":"WebSite","@id":"https:\/\/www.istegroup.com\/#website","url":"https:\/\/www.istegroup.com\/","name":"ISTE Group","description":"\u00c9diteur des Sciences","potentialAction":[{"@type":"SearchAction","target":{"@type":"EntryPoint","urlTemplate":"https:\/\/www.istegroup.com\/?s={search_term_string}"},"query-input":{"@type":"PropertyValueSpecification","valueRequired":true,"valueName":"search_term_string"}}],"inLanguage":"fr-FR"}]}},"_links":{"self":[{"href":"https:\/\/www.istegroup.com\/fr\/wp-json\/wp\/v2\/product\/335","targetHints":{"allow":["GET"]}}],"collection":[{"href":"https:\/\/www.istegroup.com\/fr\/wp-json\/wp\/v2\/product"}],"about":[{"href":"https:\/\/www.istegroup.com\/fr\/wp-json\/wp\/v2\/types\/product"}],"wp:featuredmedia":[{"embeddable":true,"href":"https:\/\/www.istegroup.com\/fr\/wp-json\/wp\/v2\/media\/336"}],"wp:attachment":[{"href":"https:\/\/www.istegroup.com\/fr\/wp-json\/wp\/v2\/media?parent=335"}],"wp:term":[{"taxonomy":"product_brand","embeddable":true,"href":"https:\/\/www.istegroup.com\/fr\/wp-json\/wp\/v2\/product_brand?post=335"},{"taxonomy":"product_cat","embeddable":true,"href":"https:\/\/www.istegroup.com\/fr\/wp-json\/wp\/v2\/product_cat?post=335"},{"taxonomy":"product_tag","embeddable":true,"href":"https:\/\/www.istegroup.com\/fr\/wp-json\/wp\/v2\/product_tag?post=335"}],"curies":[{"name":"wp","href":"https:\/\/api.w.org\/{rel}","templated":true}]}}