{"id":33269,"date":"2020-10-28T12:36:43","date_gmt":"2020-10-28T12:36:43","guid":{"rendered":"https:\/\/www.istegroup.com\/?post_type=product&#038;p=33269"},"modified":"2024-01-03T13:43:48","modified_gmt":"2024-01-03T13:43:48","slug":"cao-de-circuits-et-de-systemes-integres","status":"publish","type":"product","link":"https:\/\/www.istegroup.com\/fr\/produit\/cao-de-circuits-et-de-systemes-integres\/","title":{"rendered":"CAO de circuits et de syst\u00e8mes int\u00e9gr\u00e9s"},"content":{"rendered":"<p><em>CAO de circuits et de syst\u00e8mes int\u00e9gr\u00e9s<\/em> pr\u00e9sente des techniques de d\u00e9veloppement d\u2019algorithmes \u00e0 base d\u2019heuristiques ou de m\u00e9taheuristiques qui permettent de r\u00e9pondre \u00e0 des probl\u00e8mes concrets d\u2019aide \u00e0 la conception de circuits et de syst\u00e8mes int\u00e9gr\u00e9s.<\/p>\n<p>Il \u00e9tudie d\u2019abord la notion de complexit\u00e9 algorithmique qui permet de diff\u00e9rencier les probl\u00e8mes polynomiaux des probl\u00e8mes non polynomiaux. Il analyse \u00e9galement les notions fondamentales sur la conception de circuits et de syst\u00e8mes int\u00e9gr\u00e9s en se basant sur le flot de conception standard (flot en Y, diagramme de Gajski) permettant de repr\u00e9senter une entit\u00e9 donn\u00e9e du point de vue comportemental, structurel et physique, \u00e0 chaque niveau d\u2019abstraction. Il traite enfin du compromis temps CPU\/qualit\u00e9 de la solution, gr\u00e2ce \u00e0 des techniques de r\u00e9duction de l\u2019espace des solutions, ainsi que des probl\u00e8mes d\u2019optimisation de temps sous la contrainte de la consommation d\u2019\u00e9nergie et d\u2019optimisation de la consommation d\u2019\u00e9nergie sous la contrainte de temps.<\/p>\n","protected":false},"excerpt":{"rendered":"<p>CAO de circuits et de syst\u00e8mes int\u00e9gr\u00e9s pr\u00e9sente des techniques de d\u00e9veloppement d\u2019algorithmes \u00e0 base d\u2019heuristiques ou de m\u00e9taheuristiques qui permettent de r\u00e9pondre \u00e0 des probl\u00e8mes concrets d\u2019aide \u00e0 la conception de circuits et de syst\u00e8mes int\u00e9gr\u00e9s. Il \u00e9tudie d\u2019abord la notion de complexit\u00e9 algorithmique qui permet de diff\u00e9rencier les probl\u00e8mes polynomiaux des probl\u00e8mes non [&hellip;]<\/p>\n","protected":false},"featured_media":33277,"template":"","meta":{"_acf_changed":false,"_links_to":"","_links_to_target":""},"product_brand":[],"product_cat":[3262],"product_tag":[],"class_list":{"0":"post-33269","1":"product","2":"type-product","3":"status-publish","4":"has-post-thumbnail","6":"product_cat-non-classe","8":"first","9":"instock","10":"shipping-taxable","11":"purchasable","12":"product-type-variable"},"acf":[],"yoast_head":"<!-- This site is optimized with the Yoast SEO plugin v27.2 - https:\/\/yoast.com\/product\/yoast-seo-wordpress\/ -->\n<title>CAO de circuits et de syst\u00e8mes int\u00e9gr\u00e9s - ISTE Group<\/title>\n<meta name=\"description\" content=\"CAO de circuits et de syst\u00e8mes int\u00e9gr\u00e9s pr\u00e9sente des techniques de d\u00e9veloppement d\u2019algorithmes \u00e0 base d\u2019heuristiques ou de m\u00e9taheuristiques qui permettent de r\u00e9pondre \u00e0 des probl\u00e8mes concrets d\u2019aide \u00e0 la conception de circuits et de syst\u00e8mes int\u00e9gr\u00e9s.\" \/>\n<meta name=\"robots\" content=\"index, follow, max-snippet:-1, max-image-preview:large, max-video-preview:-1\" \/>\n<link rel=\"canonical\" href=\"https:\/\/www.istegroup.com\/en\/produit\/cao-de-circuits-et-de-systemes-integres\/\" \/>\n<meta property=\"og:locale\" content=\"fr_FR\" \/>\n<meta property=\"og:type\" content=\"article\" \/>\n<meta property=\"og:title\" content=\"CAO de circuits et de syst\u00e8mes int\u00e9gr\u00e9s - ISTE Group\" \/>\n<meta property=\"og:description\" content=\"CAO de circuits et de syst\u00e8mes int\u00e9gr\u00e9s pr\u00e9sente des techniques de d\u00e9veloppement d\u2019algorithmes \u00e0 base d\u2019heuristiques ou de m\u00e9taheuristiques qui permettent de r\u00e9pondre \u00e0 des probl\u00e8mes concrets d\u2019aide \u00e0 la conception de circuits et de syst\u00e8mes int\u00e9gr\u00e9s.\" \/>\n<meta property=\"og:url\" content=\"https:\/\/www.istegroup.com\/en\/produit\/cao-de-circuits-et-de-systemes-integres\/\" \/>\n<meta property=\"og:site_name\" content=\"ISTE Group\" \/>\n<meta property=\"article:modified_time\" content=\"2024-01-03T13:43:48+00:00\" \/>\n<meta property=\"og:image\" content=\"https:\/\/www.istegroup.com\/wp-content\/uploads\/2020\/08\/CAO-de-circuits-et-de-syst\u00e8mes-int\u00e9gr\u00e9s.jpg\" \/>\n\t<meta property=\"og:image:width\" content=\"300\" \/>\n\t<meta property=\"og:image:height\" content=\"451\" \/>\n\t<meta property=\"og:image:type\" content=\"image\/jpeg\" \/>\n<meta name=\"twitter:card\" content=\"summary_large_image\" \/>\n<meta name=\"twitter:label1\" content=\"Est. reading time\" \/>\n\t<meta name=\"twitter:data1\" content=\"1 minute\" \/>\n<script type=\"application\/ld+json\" class=\"yoast-schema-graph\">{\"@context\":\"https:\/\/schema.org\",\"@graph\":[{\"@type\":\"WebPage\",\"@id\":\"https:\/\/www.istegroup.com\/en\/produit\/cao-de-circuits-et-de-systemes-integres\/\",\"url\":\"https:\/\/www.istegroup.com\/en\/produit\/cao-de-circuits-et-de-systemes-integres\/\",\"name\":\"CAO de circuits et de syst\u00e8mes int\u00e9gr\u00e9s - ISTE Group\",\"isPartOf\":{\"@id\":\"https:\/\/www.istegroup.com\/#website\"},\"primaryImageOfPage\":{\"@id\":\"https:\/\/www.istegroup.com\/en\/produit\/cao-de-circuits-et-de-systemes-integres\/#primaryimage\"},\"image\":{\"@id\":\"https:\/\/www.istegroup.com\/en\/produit\/cao-de-circuits-et-de-systemes-integres\/#primaryimage\"},\"thumbnailUrl\":\"https:\/\/www.istegroup.com\/wp-content\/uploads\/2020\/08\/CAO-de-circuits-et-de-syst\u00e8mes-int\u00e9gr\u00e9s.jpg\",\"datePublished\":\"2020-10-28T12:36:43+00:00\",\"dateModified\":\"2024-01-03T13:43:48+00:00\",\"description\":\"CAO de circuits et de syst\u00e8mes int\u00e9gr\u00e9s pr\u00e9sente des techniques de d\u00e9veloppement d\u2019algorithmes \u00e0 base d\u2019heuristiques ou de m\u00e9taheuristiques qui permettent de r\u00e9pondre \u00e0 des probl\u00e8mes concrets d\u2019aide \u00e0 la conception de circuits et de syst\u00e8mes int\u00e9gr\u00e9s.\",\"breadcrumb\":{\"@id\":\"https:\/\/www.istegroup.com\/en\/produit\/cao-de-circuits-et-de-systemes-integres\/#breadcrumb\"},\"inLanguage\":\"fr-FR\",\"potentialAction\":[{\"@type\":\"ReadAction\",\"target\":[\"https:\/\/www.istegroup.com\/en\/produit\/cao-de-circuits-et-de-systemes-integres\/\"]}]},{\"@type\":\"ImageObject\",\"inLanguage\":\"fr-FR\",\"@id\":\"https:\/\/www.istegroup.com\/en\/produit\/cao-de-circuits-et-de-systemes-integres\/#primaryimage\",\"url\":\"https:\/\/www.istegroup.com\/wp-content\/uploads\/2020\/08\/CAO-de-circuits-et-de-syst\u00e8mes-int\u00e9gr\u00e9s.jpg\",\"contentUrl\":\"https:\/\/www.istegroup.com\/wp-content\/uploads\/2020\/08\/CAO-de-circuits-et-de-syst\u00e8mes-int\u00e9gr\u00e9s.jpg\",\"width\":300,\"height\":451,\"caption\":\"Livre CAO de circuits et de syst\u00e8mes int\u00e9gr\u00e9s - Ali Mahdoum\"},{\"@type\":\"BreadcrumbList\",\"@id\":\"https:\/\/www.istegroup.com\/en\/produit\/cao-de-circuits-et-de-systemes-integres\/#breadcrumb\",\"itemListElement\":[{\"@type\":\"ListItem\",\"position\":1,\"name\":\"Home\",\"item\":\"https:\/\/www.istegroup.com\/\"},{\"@type\":\"ListItem\",\"position\":2,\"name\":\"Shop\",\"item\":\"https:\/\/www.istegroup.com\/fr\/nouveautes\/\"},{\"@type\":\"ListItem\",\"position\":3,\"name\":\"CAO de circuits et de syst\u00e8mes int\u00e9gr\u00e9s\"}]},{\"@type\":\"WebSite\",\"@id\":\"https:\/\/www.istegroup.com\/#website\",\"url\":\"https:\/\/www.istegroup.com\/\",\"name\":\"ISTE Group\",\"description\":\"\u00c9diteur des Sciences\",\"potentialAction\":[{\"@type\":\"SearchAction\",\"target\":{\"@type\":\"EntryPoint\",\"urlTemplate\":\"https:\/\/www.istegroup.com\/?s={search_term_string}\"},\"query-input\":{\"@type\":\"PropertyValueSpecification\",\"valueRequired\":true,\"valueName\":\"search_term_string\"}}],\"inLanguage\":\"fr-FR\"}]}<\/script>\n<!-- \/ Yoast SEO plugin. -->","yoast_head_json":{"title":"CAO de circuits et de syst\u00e8mes int\u00e9gr\u00e9s - ISTE Group","description":"CAO de circuits et de syst\u00e8mes int\u00e9gr\u00e9s pr\u00e9sente des techniques de d\u00e9veloppement d\u2019algorithmes \u00e0 base d\u2019heuristiques ou de m\u00e9taheuristiques qui permettent de r\u00e9pondre \u00e0 des probl\u00e8mes concrets d\u2019aide \u00e0 la conception de circuits et de syst\u00e8mes int\u00e9gr\u00e9s.","robots":{"index":"index","follow":"follow","max-snippet":"max-snippet:-1","max-image-preview":"max-image-preview:large","max-video-preview":"max-video-preview:-1"},"canonical":"https:\/\/www.istegroup.com\/en\/produit\/cao-de-circuits-et-de-systemes-integres\/","og_locale":"fr_FR","og_type":"article","og_title":"CAO de circuits et de syst\u00e8mes int\u00e9gr\u00e9s - ISTE Group","og_description":"CAO de circuits et de syst\u00e8mes int\u00e9gr\u00e9s pr\u00e9sente des techniques de d\u00e9veloppement d\u2019algorithmes \u00e0 base d\u2019heuristiques ou de m\u00e9taheuristiques qui permettent de r\u00e9pondre \u00e0 des probl\u00e8mes concrets d\u2019aide \u00e0 la conception de circuits et de syst\u00e8mes int\u00e9gr\u00e9s.","og_url":"https:\/\/www.istegroup.com\/en\/produit\/cao-de-circuits-et-de-systemes-integres\/","og_site_name":"ISTE Group","article_modified_time":"2024-01-03T13:43:48+00:00","og_image":[{"width":300,"height":451,"url":"https:\/\/www.istegroup.com\/wp-content\/uploads\/2020\/08\/CAO-de-circuits-et-de-syst\u00e8mes-int\u00e9gr\u00e9s.jpg","type":"image\/jpeg"}],"twitter_card":"summary_large_image","twitter_misc":{"Est. reading time":"1 minute"},"schema":{"@context":"https:\/\/schema.org","@graph":[{"@type":"WebPage","@id":"https:\/\/www.istegroup.com\/en\/produit\/cao-de-circuits-et-de-systemes-integres\/","url":"https:\/\/www.istegroup.com\/en\/produit\/cao-de-circuits-et-de-systemes-integres\/","name":"CAO de circuits et de syst\u00e8mes int\u00e9gr\u00e9s - ISTE Group","isPartOf":{"@id":"https:\/\/www.istegroup.com\/#website"},"primaryImageOfPage":{"@id":"https:\/\/www.istegroup.com\/en\/produit\/cao-de-circuits-et-de-systemes-integres\/#primaryimage"},"image":{"@id":"https:\/\/www.istegroup.com\/en\/produit\/cao-de-circuits-et-de-systemes-integres\/#primaryimage"},"thumbnailUrl":"https:\/\/www.istegroup.com\/wp-content\/uploads\/2020\/08\/CAO-de-circuits-et-de-syst\u00e8mes-int\u00e9gr\u00e9s.jpg","datePublished":"2020-10-28T12:36:43+00:00","dateModified":"2024-01-03T13:43:48+00:00","description":"CAO de circuits et de syst\u00e8mes int\u00e9gr\u00e9s pr\u00e9sente des techniques de d\u00e9veloppement d\u2019algorithmes \u00e0 base d\u2019heuristiques ou de m\u00e9taheuristiques qui permettent de r\u00e9pondre \u00e0 des probl\u00e8mes concrets d\u2019aide \u00e0 la conception de circuits et de syst\u00e8mes int\u00e9gr\u00e9s.","breadcrumb":{"@id":"https:\/\/www.istegroup.com\/en\/produit\/cao-de-circuits-et-de-systemes-integres\/#breadcrumb"},"inLanguage":"fr-FR","potentialAction":[{"@type":"ReadAction","target":["https:\/\/www.istegroup.com\/en\/produit\/cao-de-circuits-et-de-systemes-integres\/"]}]},{"@type":"ImageObject","inLanguage":"fr-FR","@id":"https:\/\/www.istegroup.com\/en\/produit\/cao-de-circuits-et-de-systemes-integres\/#primaryimage","url":"https:\/\/www.istegroup.com\/wp-content\/uploads\/2020\/08\/CAO-de-circuits-et-de-syst\u00e8mes-int\u00e9gr\u00e9s.jpg","contentUrl":"https:\/\/www.istegroup.com\/wp-content\/uploads\/2020\/08\/CAO-de-circuits-et-de-syst\u00e8mes-int\u00e9gr\u00e9s.jpg","width":300,"height":451,"caption":"Livre CAO de circuits et de syst\u00e8mes int\u00e9gr\u00e9s - Ali Mahdoum"},{"@type":"BreadcrumbList","@id":"https:\/\/www.istegroup.com\/en\/produit\/cao-de-circuits-et-de-systemes-integres\/#breadcrumb","itemListElement":[{"@type":"ListItem","position":1,"name":"Home","item":"https:\/\/www.istegroup.com\/"},{"@type":"ListItem","position":2,"name":"Shop","item":"https:\/\/www.istegroup.com\/fr\/nouveautes\/"},{"@type":"ListItem","position":3,"name":"CAO de circuits et de syst\u00e8mes int\u00e9gr\u00e9s"}]},{"@type":"WebSite","@id":"https:\/\/www.istegroup.com\/#website","url":"https:\/\/www.istegroup.com\/","name":"ISTE Group","description":"\u00c9diteur des Sciences","potentialAction":[{"@type":"SearchAction","target":{"@type":"EntryPoint","urlTemplate":"https:\/\/www.istegroup.com\/?s={search_term_string}"},"query-input":{"@type":"PropertyValueSpecification","valueRequired":true,"valueName":"search_term_string"}}],"inLanguage":"fr-FR"}]}},"_links":{"self":[{"href":"https:\/\/www.istegroup.com\/fr\/wp-json\/wp\/v2\/product\/33269","targetHints":{"allow":["GET"]}}],"collection":[{"href":"https:\/\/www.istegroup.com\/fr\/wp-json\/wp\/v2\/product"}],"about":[{"href":"https:\/\/www.istegroup.com\/fr\/wp-json\/wp\/v2\/types\/product"}],"wp:featuredmedia":[{"embeddable":true,"href":"https:\/\/www.istegroup.com\/fr\/wp-json\/wp\/v2\/media\/33277"}],"wp:attachment":[{"href":"https:\/\/www.istegroup.com\/fr\/wp-json\/wp\/v2\/media?parent=33269"}],"wp:term":[{"taxonomy":"product_brand","embeddable":true,"href":"https:\/\/www.istegroup.com\/fr\/wp-json\/wp\/v2\/product_brand?post=33269"},{"taxonomy":"product_cat","embeddable":true,"href":"https:\/\/www.istegroup.com\/fr\/wp-json\/wp\/v2\/product_cat?post=33269"},{"taxonomy":"product_tag","embeddable":true,"href":"https:\/\/www.istegroup.com\/fr\/wp-json\/wp\/v2\/product_tag?post=33269"}],"curies":[{"name":"wp","href":"https:\/\/api.w.org\/{rel}","templated":true}]}}