{"id":33187,"date":"2020-12-05T10:31:29","date_gmt":"2020-12-05T10:31:29","guid":{"rendered":"https:\/\/www.istegroup.com\/?post_type=product&#038;p=33187"},"modified":"2024-01-03T13:43:49","modified_gmt":"2024-01-03T13:43:49","slug":"systemes-de-communication","status":"publish","type":"product","link":"https:\/\/www.istegroup.com\/fr\/produit\/systemes-de-communication\/","title":{"rendered":"Syst\u00e8mes de communication"},"content":{"rendered":"<p>D\u2019importants d\u00e9veloppements dans les technologies de l\u2019information et de la communication ont conduit \u00e0 une augmentation du nombre d\u2019applications disponibles, ainsi que de leur variabilit\u00e9. Il est devenu important de comprendre et de ma\u00eetriser les probl\u00e8mes li\u00e9s \u00e0 l\u2019\u00e9tablissement de liaisons radio, la disposition et le flux des donn\u00e9es sources, la puissance disponible des antennes, la s\u00e9lectivit\u00e9 et la sensibilit\u00e9 des r\u00e9cepteurs, etc.<\/p>\n<p><em>Syst\u00e8mes de communication<\/em> traite des modulations num\u00e9riques, de leurs extensions et de leur environnement ainsi que d\u2019outils math\u00e9matiques de base tels que la transform\u00e9e en z, les distributions de Dirac, les convolutions ou les transform\u00e9es de Fourier.<\/p>\n<p>Les techniques de communication num\u00e9rique s\u2019adressent aux professionnels, ing\u00e9nieurs, \u00e9tudiants de master et chercheurs dont l\u2019activit\u00e9 porte sur des domaines connexes tels que les boucles \u00e0 verrouillage de phase, les oscillateurs \u00e0 tension command\u00e9e ainsi que le bruit de phase.<\/p>\n","protected":false},"excerpt":{"rendered":"<p>D\u2019importants d\u00e9veloppements dans les technologies de l\u2019information et de la communication ont conduit \u00e0 une augmentation du nombre d\u2019applications disponibles, ainsi que de leur variabilit\u00e9. Il est devenu important de comprendre et de ma\u00eetriser les probl\u00e8mes li\u00e9s \u00e0 l\u2019\u00e9tablissement de liaisons radio, la disposition et le flux des donn\u00e9es sources, la puissance disponible des antennes, [&hellip;]<\/p>\n","protected":false},"featured_media":33196,"template":"","meta":{"_acf_changed":false,"_links_to":"","_links_to_target":""},"product_brand":[],"product_cat":[3262],"product_tag":[],"class_list":{"0":"post-33187","1":"product","2":"type-product","3":"status-publish","4":"has-post-thumbnail","6":"product_cat-non-classe","8":"first","9":"instock","10":"shipping-taxable","11":"purchasable","12":"product-type-variable"},"acf":[],"yoast_head":"<!-- This site is optimized with the Yoast SEO plugin v27.2 - https:\/\/yoast.com\/product\/yoast-seo-wordpress\/ -->\n<title>Syst\u00e8mes de communication - ISTE Group<\/title>\n<meta name=\"description\" content=\"Syst\u00e8mes de communication traite des modulations num\u00e9riques, de leurs extensions et de leur environnement ainsi que d\u2019outils math\u00e9matiques de base tels que la transform\u00e9e en z, les distributions de Dirac, les convolutions ou les transform\u00e9es de Fourier.\" \/>\n<meta name=\"robots\" content=\"index, follow, max-snippet:-1, max-image-preview:large, max-video-preview:-1\" \/>\n<link rel=\"canonical\" href=\"https:\/\/www.istegroup.com\/en\/produit\/systemes-de-communication\/\" \/>\n<meta property=\"og:locale\" content=\"fr_FR\" \/>\n<meta property=\"og:type\" content=\"article\" \/>\n<meta property=\"og:title\" content=\"Syst\u00e8mes de communication - ISTE Group\" \/>\n<meta property=\"og:description\" content=\"Syst\u00e8mes de communication traite des modulations num\u00e9riques, de leurs extensions et de leur environnement ainsi que d\u2019outils math\u00e9matiques de base tels que la transform\u00e9e en z, les distributions de Dirac, les convolutions ou les transform\u00e9es de Fourier.\" \/>\n<meta property=\"og:url\" content=\"https:\/\/www.istegroup.com\/en\/produit\/systemes-de-communication\/\" \/>\n<meta property=\"og:site_name\" content=\"ISTE Group\" \/>\n<meta property=\"article:modified_time\" content=\"2024-01-03T13:43:49+00:00\" \/>\n<meta property=\"og:image\" content=\"https:\/\/www.istegroup.com\/wp-content\/uploads\/2020\/08\/Syst\u00e8mes-de-communication.jpg\" \/>\n\t<meta property=\"og:image:width\" content=\"300\" \/>\n\t<meta property=\"og:image:height\" content=\"452\" \/>\n\t<meta property=\"og:image:type\" content=\"image\/jpeg\" \/>\n<meta name=\"twitter:card\" content=\"summary_large_image\" \/>\n<meta name=\"twitter:label1\" content=\"Est. reading time\" \/>\n\t<meta name=\"twitter:data1\" content=\"1 minute\" \/>\n<script type=\"application\/ld+json\" class=\"yoast-schema-graph\">{\"@context\":\"https:\/\/schema.org\",\"@graph\":[{\"@type\":\"WebPage\",\"@id\":\"https:\/\/www.istegroup.com\/en\/produit\/systemes-de-communication\/\",\"url\":\"https:\/\/www.istegroup.com\/en\/produit\/systemes-de-communication\/\",\"name\":\"Syst\u00e8mes de communication - ISTE Group\",\"isPartOf\":{\"@id\":\"https:\/\/www.istegroup.com\/#website\"},\"primaryImageOfPage\":{\"@id\":\"https:\/\/www.istegroup.com\/en\/produit\/systemes-de-communication\/#primaryimage\"},\"image\":{\"@id\":\"https:\/\/www.istegroup.com\/en\/produit\/systemes-de-communication\/#primaryimage\"},\"thumbnailUrl\":\"https:\/\/www.istegroup.com\/wp-content\/uploads\/2020\/08\/Syst\u00e8mes-de-communication.jpg\",\"datePublished\":\"2020-12-05T10:31:29+00:00\",\"dateModified\":\"2024-01-03T13:43:49+00:00\",\"description\":\"Syst\u00e8mes de communication traite des modulations num\u00e9riques, de leurs extensions et de leur environnement ainsi que d\u2019outils math\u00e9matiques de base tels que la transform\u00e9e en z, les distributions de Dirac, les convolutions ou les transform\u00e9es de Fourier.\",\"breadcrumb\":{\"@id\":\"https:\/\/www.istegroup.com\/en\/produit\/systemes-de-communication\/#breadcrumb\"},\"inLanguage\":\"fr-FR\",\"potentialAction\":[{\"@type\":\"ReadAction\",\"target\":[\"https:\/\/www.istegroup.com\/en\/produit\/systemes-de-communication\/\"]}]},{\"@type\":\"ImageObject\",\"inLanguage\":\"fr-FR\",\"@id\":\"https:\/\/www.istegroup.com\/en\/produit\/systemes-de-communication\/#primaryimage\",\"url\":\"https:\/\/www.istegroup.com\/wp-content\/uploads\/2020\/08\/Syst\u00e8mes-de-communication.jpg\",\"contentUrl\":\"https:\/\/www.istegroup.com\/wp-content\/uploads\/2020\/08\/Syst\u00e8mes-de-communication.jpg\",\"width\":300,\"height\":452,\"caption\":\"Livre Syst\u00e8mes de communication - Christian Gontrand\"},{\"@type\":\"BreadcrumbList\",\"@id\":\"https:\/\/www.istegroup.com\/en\/produit\/systemes-de-communication\/#breadcrumb\",\"itemListElement\":[{\"@type\":\"ListItem\",\"position\":1,\"name\":\"Home\",\"item\":\"https:\/\/www.istegroup.com\/\"},{\"@type\":\"ListItem\",\"position\":2,\"name\":\"Shop\",\"item\":\"https:\/\/www.istegroup.com\/fr\/nouveautes\/\"},{\"@type\":\"ListItem\",\"position\":3,\"name\":\"Syst\u00e8mes de communication\"}]},{\"@type\":\"WebSite\",\"@id\":\"https:\/\/www.istegroup.com\/#website\",\"url\":\"https:\/\/www.istegroup.com\/\",\"name\":\"ISTE Group\",\"description\":\"\u00c9diteur des Sciences\",\"potentialAction\":[{\"@type\":\"SearchAction\",\"target\":{\"@type\":\"EntryPoint\",\"urlTemplate\":\"https:\/\/www.istegroup.com\/?s={search_term_string}\"},\"query-input\":{\"@type\":\"PropertyValueSpecification\",\"valueRequired\":true,\"valueName\":\"search_term_string\"}}],\"inLanguage\":\"fr-FR\"}]}<\/script>\n<!-- \/ Yoast SEO plugin. -->","yoast_head_json":{"title":"Syst\u00e8mes de communication - ISTE Group","description":"Syst\u00e8mes de communication traite des modulations num\u00e9riques, de leurs extensions et de leur environnement ainsi que d\u2019outils math\u00e9matiques de base tels que la transform\u00e9e en z, les distributions de Dirac, les convolutions ou les transform\u00e9es de Fourier.","robots":{"index":"index","follow":"follow","max-snippet":"max-snippet:-1","max-image-preview":"max-image-preview:large","max-video-preview":"max-video-preview:-1"},"canonical":"https:\/\/www.istegroup.com\/en\/produit\/systemes-de-communication\/","og_locale":"fr_FR","og_type":"article","og_title":"Syst\u00e8mes de communication - ISTE Group","og_description":"Syst\u00e8mes de communication traite des modulations num\u00e9riques, de leurs extensions et de leur environnement ainsi que d\u2019outils math\u00e9matiques de base tels que la transform\u00e9e en z, les distributions de Dirac, les convolutions ou les transform\u00e9es de Fourier.","og_url":"https:\/\/www.istegroup.com\/en\/produit\/systemes-de-communication\/","og_site_name":"ISTE Group","article_modified_time":"2024-01-03T13:43:49+00:00","og_image":[{"width":300,"height":452,"url":"https:\/\/www.istegroup.com\/wp-content\/uploads\/2020\/08\/Syst\u00e8mes-de-communication.jpg","type":"image\/jpeg"}],"twitter_card":"summary_large_image","twitter_misc":{"Est. reading time":"1 minute"},"schema":{"@context":"https:\/\/schema.org","@graph":[{"@type":"WebPage","@id":"https:\/\/www.istegroup.com\/en\/produit\/systemes-de-communication\/","url":"https:\/\/www.istegroup.com\/en\/produit\/systemes-de-communication\/","name":"Syst\u00e8mes de communication - ISTE Group","isPartOf":{"@id":"https:\/\/www.istegroup.com\/#website"},"primaryImageOfPage":{"@id":"https:\/\/www.istegroup.com\/en\/produit\/systemes-de-communication\/#primaryimage"},"image":{"@id":"https:\/\/www.istegroup.com\/en\/produit\/systemes-de-communication\/#primaryimage"},"thumbnailUrl":"https:\/\/www.istegroup.com\/wp-content\/uploads\/2020\/08\/Syst\u00e8mes-de-communication.jpg","datePublished":"2020-12-05T10:31:29+00:00","dateModified":"2024-01-03T13:43:49+00:00","description":"Syst\u00e8mes de communication traite des modulations num\u00e9riques, de leurs extensions et de leur environnement ainsi que d\u2019outils math\u00e9matiques de base tels que la transform\u00e9e en z, les distributions de Dirac, les convolutions ou les transform\u00e9es de Fourier.","breadcrumb":{"@id":"https:\/\/www.istegroup.com\/en\/produit\/systemes-de-communication\/#breadcrumb"},"inLanguage":"fr-FR","potentialAction":[{"@type":"ReadAction","target":["https:\/\/www.istegroup.com\/en\/produit\/systemes-de-communication\/"]}]},{"@type":"ImageObject","inLanguage":"fr-FR","@id":"https:\/\/www.istegroup.com\/en\/produit\/systemes-de-communication\/#primaryimage","url":"https:\/\/www.istegroup.com\/wp-content\/uploads\/2020\/08\/Syst\u00e8mes-de-communication.jpg","contentUrl":"https:\/\/www.istegroup.com\/wp-content\/uploads\/2020\/08\/Syst\u00e8mes-de-communication.jpg","width":300,"height":452,"caption":"Livre Syst\u00e8mes de communication - Christian Gontrand"},{"@type":"BreadcrumbList","@id":"https:\/\/www.istegroup.com\/en\/produit\/systemes-de-communication\/#breadcrumb","itemListElement":[{"@type":"ListItem","position":1,"name":"Home","item":"https:\/\/www.istegroup.com\/"},{"@type":"ListItem","position":2,"name":"Shop","item":"https:\/\/www.istegroup.com\/fr\/nouveautes\/"},{"@type":"ListItem","position":3,"name":"Syst\u00e8mes de communication"}]},{"@type":"WebSite","@id":"https:\/\/www.istegroup.com\/#website","url":"https:\/\/www.istegroup.com\/","name":"ISTE Group","description":"\u00c9diteur des Sciences","potentialAction":[{"@type":"SearchAction","target":{"@type":"EntryPoint","urlTemplate":"https:\/\/www.istegroup.com\/?s={search_term_string}"},"query-input":{"@type":"PropertyValueSpecification","valueRequired":true,"valueName":"search_term_string"}}],"inLanguage":"fr-FR"}]}},"_links":{"self":[{"href":"https:\/\/www.istegroup.com\/fr\/wp-json\/wp\/v2\/product\/33187","targetHints":{"allow":["GET"]}}],"collection":[{"href":"https:\/\/www.istegroup.com\/fr\/wp-json\/wp\/v2\/product"}],"about":[{"href":"https:\/\/www.istegroup.com\/fr\/wp-json\/wp\/v2\/types\/product"}],"wp:featuredmedia":[{"embeddable":true,"href":"https:\/\/www.istegroup.com\/fr\/wp-json\/wp\/v2\/media\/33196"}],"wp:attachment":[{"href":"https:\/\/www.istegroup.com\/fr\/wp-json\/wp\/v2\/media?parent=33187"}],"wp:term":[{"taxonomy":"product_brand","embeddable":true,"href":"https:\/\/www.istegroup.com\/fr\/wp-json\/wp\/v2\/product_brand?post=33187"},{"taxonomy":"product_cat","embeddable":true,"href":"https:\/\/www.istegroup.com\/fr\/wp-json\/wp\/v2\/product_cat?post=33187"},{"taxonomy":"product_tag","embeddable":true,"href":"https:\/\/www.istegroup.com\/fr\/wp-json\/wp\/v2\/product_tag?post=33187"}],"curies":[{"name":"wp","href":"https:\/\/api.w.org\/{rel}","templated":true}]}}