{"id":331,"date":"2017-04-05T12:02:03","date_gmt":"2017-04-05T10:02:03","guid":{"rendered":"https:\/\/iste.yhello.co\/product\/la-deliberation-des-meilleurs-des-mondes\/"},"modified":"2024-01-03T13:39:27","modified_gmt":"2024-01-03T13:39:27","slug":"la-deliberation-des-meilleurs-des-mondes","status":"publish","type":"product","link":"https:\/\/www.istegroup.com\/fr\/produit\/la-deliberation-des-meilleurs-des-mondes\/","title":{"rendered":"La d\u00e9lib\u00e9ration des meilleurs des mondes"},"content":{"rendered":"<p>Pratique et conceptuelle, la s\u00e9rie\u00a0<em>Innovation et recherche responsables<\/em>\u00a0contribue \u00e0 la clarification de cette nouvelle exigence pour toutes les sciences et l\u2019innovation technologique. Elle aborde la responsabilit\u00e9 de fa\u00e7on pluraliste et internationale, en exploitant diverses ressources philosophiques. Elle traite notamment des th\u00e8mes suivants : \u00e9thique, contingence, \u00e9conomie normative, libert\u00e9, responsabilit\u00e9 soci\u00e9tale des entreprises (RSE), \u00e9valuation technologique participative, d\u00e9veloppement durable, g\u00e9oengineering, principe de pr\u00e9caution, normes, interdisciplinarit\u00e9 et gouvernance climatique.<\/p>\n<p>S\u2019appuyant sur des contributions philosophiques, politiques et scientifiques, cet ouvrage va au-del\u00e0 de l\u2019univers de la recherche et de l\u2019innovation et offre une discussion d\u00e9mocratique et multidimensionnelle du meilleur des mondes. L\u2019auteur y pr\u00e9sente une \u00e9thique des sciences renouvel\u00e9e et pluraliste (m\u00e9ta-\u00e9thique) englobant des aspects politiques et \u00e9conomiques.<\/p>\n<p>L\u2019apport de\u00a0<em>La d\u00e9lib\u00e9ration des meilleurs des mondes<\/em>\u00a0est double. En plus d\u2019aider \u00e0 la d\u00e9cision responsable en contexte d\u2019incertitude scientifique, il offre une nouvelle interpr\u00e9tation du principe de pr\u00e9caution comme forme de gouvernance interdisciplinaire apte \u00e0 anticiper les mondes \u00e0 venir.<\/p>\n","protected":false},"excerpt":{"rendered":"<p>Pratique et conceptuelle, la s\u00e9rie\u00a0Innovation et recherche responsables\u00a0contribue \u00e0 la clarification de cette nouvelle exigence pour toutes les sciences et l\u2019innovation technologique. Elle aborde la responsabilit\u00e9 de fa\u00e7on pluraliste et internationale, en exploitant diverses ressources philosophiques. Elle traite notamment des th\u00e8mes suivants : \u00e9thique, contingence, \u00e9conomie normative, libert\u00e9, responsabilit\u00e9 soci\u00e9tale des entreprises (RSE), \u00e9valuation technologique [&hellip;]<\/p>\n","protected":false},"featured_media":332,"template":"","meta":{"_acf_changed":false,"_links_to":"","_links_to_target":""},"product_brand":[],"product_cat":[675,684,698],"product_tag":[175,176,31,18,19,20,177,21,22,178,26,27,179,145,28,29],"class_list":{"0":"post-331","1":"product","2":"type-product","3":"status-publish","4":"has-post-thumbnail","6":"product_cat-nouveauts-12519446","7":"product_cat-sciences-socit-et-nouvelles-technologies-188422468","8":"product_cat-srie-innovation-et-recherche-responsables-76965636","9":"product_tag-bernard-reber","10":"product_tag-deliberation","11":"product_tag-ebook","12":"product_tag-edition-scientifique","13":"product_tag-editions-francaise","14":"product_tag-editions-technique","15":"product_tag-entre-precaution-et-pluralisme","16":"product_tag-iste-group","17":"product_tag-istegroup","18":"product_tag-la-deliberation-des-meilleurs-des-mondes","19":"product_tag-livre-scientifique-francais","20":"product_tag-livre-technique-francais","21":"product_tag-meilleurs-des-mondes","22":"product_tag-ouvrage-scientifique","23":"product_tag-ouvrage-scientifique-francais","24":"product_tag-ouvrage-technique","26":"first","27":"instock","28":"shipping-taxable","29":"purchasable","30":"product-type-variable"},"acf":[],"yoast_head":"<!-- This site is optimized with the Yoast SEO plugin v27.2 - https:\/\/yoast.com\/product\/yoast-seo-wordpress\/ -->\n<title>La d\u00e9lib\u00e9ration des meilleurs des mondes - ISTE Group<\/title>\n<meta name=\"description\" content=\"Cet ouvrage va au-del\u00e0 de l\u2019univers de la recherche et de l\u2019innovation et offre une discussion d\u00e9mocratique et multidimensionnelle du meilleur des mondes.\" \/>\n<meta name=\"robots\" content=\"index, follow, max-snippet:-1, max-image-preview:large, max-video-preview:-1\" \/>\n<link rel=\"canonical\" href=\"https:\/\/www.istegroup.com\/fr\/produit\/la-deliberation-des-meilleurs-des-mondes\/\" \/>\n<meta property=\"og:locale\" content=\"fr_FR\" \/>\n<meta property=\"og:type\" content=\"article\" \/>\n<meta property=\"og:title\" content=\"La d\u00e9lib\u00e9ration des meilleurs des mondes - ISTE Group\" \/>\n<meta property=\"og:description\" content=\"Cet ouvrage va au-del\u00e0 de l\u2019univers de la recherche et de l\u2019innovation et offre une discussion d\u00e9mocratique et multidimensionnelle du meilleur des mondes.\" \/>\n<meta property=\"og:url\" content=\"https:\/\/www.istegroup.com\/fr\/produit\/la-deliberation-des-meilleurs-des-mondes\/\" \/>\n<meta property=\"og:site_name\" content=\"ISTE Group\" \/>\n<meta property=\"article:modified_time\" content=\"2024-01-03T13:39:27+00:00\" \/>\n<meta property=\"og:image\" content=\"https:\/\/www.istegroup.com\/wp-content\/uploads\/2017\/07\/19873125009_8910506641-1.jpg\" \/>\n\t<meta property=\"og:image:width\" content=\"1364\" \/>\n\t<meta property=\"og:image:height\" content=\"2048\" \/>\n\t<meta property=\"og:image:type\" content=\"image\/jpeg\" \/>\n<meta name=\"twitter:card\" content=\"summary_large_image\" \/>\n<meta name=\"twitter:label1\" content=\"Est. reading time\" \/>\n\t<meta name=\"twitter:data1\" content=\"1 minute\" \/>\n<script type=\"application\/ld+json\" class=\"yoast-schema-graph\">{\"@context\":\"https:\/\/schema.org\",\"@graph\":[{\"@type\":\"WebPage\",\"@id\":\"https:\/\/www.istegroup.com\/fr\/produit\/la-deliberation-des-meilleurs-des-mondes\/\",\"url\":\"https:\/\/www.istegroup.com\/fr\/produit\/la-deliberation-des-meilleurs-des-mondes\/\",\"name\":\"La d\u00e9lib\u00e9ration des meilleurs des mondes - ISTE Group\",\"isPartOf\":{\"@id\":\"https:\/\/www.istegroup.com\/#website\"},\"primaryImageOfPage\":{\"@id\":\"https:\/\/www.istegroup.com\/fr\/produit\/la-deliberation-des-meilleurs-des-mondes\/#primaryimage\"},\"image\":{\"@id\":\"https:\/\/www.istegroup.com\/fr\/produit\/la-deliberation-des-meilleurs-des-mondes\/#primaryimage\"},\"thumbnailUrl\":\"https:\/\/www.istegroup.com\/wp-content\/uploads\/2017\/07\/19873125009_8910506641-1.jpg\",\"datePublished\":\"2017-04-05T10:02:03+00:00\",\"dateModified\":\"2024-01-03T13:39:27+00:00\",\"description\":\"Cet ouvrage va au-del\u00e0 de l\u2019univers de la recherche et de l\u2019innovation et offre une discussion d\u00e9mocratique et multidimensionnelle du meilleur des mondes.\",\"breadcrumb\":{\"@id\":\"https:\/\/www.istegroup.com\/fr\/produit\/la-deliberation-des-meilleurs-des-mondes\/#breadcrumb\"},\"inLanguage\":\"fr-FR\",\"potentialAction\":[{\"@type\":\"ReadAction\",\"target\":[\"https:\/\/www.istegroup.com\/fr\/produit\/la-deliberation-des-meilleurs-des-mondes\/\"]}]},{\"@type\":\"ImageObject\",\"inLanguage\":\"fr-FR\",\"@id\":\"https:\/\/www.istegroup.com\/fr\/produit\/la-deliberation-des-meilleurs-des-mondes\/#primaryimage\",\"url\":\"https:\/\/www.istegroup.com\/wp-content\/uploads\/2017\/07\/19873125009_8910506641-1.jpg\",\"contentUrl\":\"https:\/\/www.istegroup.com\/wp-content\/uploads\/2017\/07\/19873125009_8910506641-1.jpg\",\"width\":1364,\"height\":2048,\"caption\":\"Entre pr\u00e9caution et pluralisme\"},{\"@type\":\"BreadcrumbList\",\"@id\":\"https:\/\/www.istegroup.com\/fr\/produit\/la-deliberation-des-meilleurs-des-mondes\/#breadcrumb\",\"itemListElement\":[{\"@type\":\"ListItem\",\"position\":1,\"name\":\"Home\",\"item\":\"https:\/\/www.istegroup.com\/\"},{\"@type\":\"ListItem\",\"position\":2,\"name\":\"Shop\",\"item\":\"https:\/\/www.istegroup.com\/fr\/nouveautes\/\"},{\"@type\":\"ListItem\",\"position\":3,\"name\":\"La d\u00e9lib\u00e9ration des meilleurs des mondes\"}]},{\"@type\":\"WebSite\",\"@id\":\"https:\/\/www.istegroup.com\/#website\",\"url\":\"https:\/\/www.istegroup.com\/\",\"name\":\"ISTE Group\",\"description\":\"\u00c9diteur des Sciences\",\"potentialAction\":[{\"@type\":\"SearchAction\",\"target\":{\"@type\":\"EntryPoint\",\"urlTemplate\":\"https:\/\/www.istegroup.com\/?s={search_term_string}\"},\"query-input\":{\"@type\":\"PropertyValueSpecification\",\"valueRequired\":true,\"valueName\":\"search_term_string\"}}],\"inLanguage\":\"fr-FR\"}]}<\/script>\n<!-- \/ Yoast SEO plugin. -->","yoast_head_json":{"title":"La d\u00e9lib\u00e9ration des meilleurs des mondes - ISTE Group","description":"Cet ouvrage va au-del\u00e0 de l\u2019univers de la recherche et de l\u2019innovation et offre une discussion d\u00e9mocratique et multidimensionnelle du meilleur des mondes.","robots":{"index":"index","follow":"follow","max-snippet":"max-snippet:-1","max-image-preview":"max-image-preview:large","max-video-preview":"max-video-preview:-1"},"canonical":"https:\/\/www.istegroup.com\/fr\/produit\/la-deliberation-des-meilleurs-des-mondes\/","og_locale":"fr_FR","og_type":"article","og_title":"La d\u00e9lib\u00e9ration des meilleurs des mondes - ISTE Group","og_description":"Cet ouvrage va au-del\u00e0 de l\u2019univers de la recherche et de l\u2019innovation et offre une discussion d\u00e9mocratique et multidimensionnelle du meilleur des mondes.","og_url":"https:\/\/www.istegroup.com\/fr\/produit\/la-deliberation-des-meilleurs-des-mondes\/","og_site_name":"ISTE Group","article_modified_time":"2024-01-03T13:39:27+00:00","og_image":[{"width":1364,"height":2048,"url":"https:\/\/www.istegroup.com\/wp-content\/uploads\/2017\/07\/19873125009_8910506641-1.jpg","type":"image\/jpeg"}],"twitter_card":"summary_large_image","twitter_misc":{"Est. reading time":"1 minute"},"schema":{"@context":"https:\/\/schema.org","@graph":[{"@type":"WebPage","@id":"https:\/\/www.istegroup.com\/fr\/produit\/la-deliberation-des-meilleurs-des-mondes\/","url":"https:\/\/www.istegroup.com\/fr\/produit\/la-deliberation-des-meilleurs-des-mondes\/","name":"La d\u00e9lib\u00e9ration des meilleurs des mondes - ISTE Group","isPartOf":{"@id":"https:\/\/www.istegroup.com\/#website"},"primaryImageOfPage":{"@id":"https:\/\/www.istegroup.com\/fr\/produit\/la-deliberation-des-meilleurs-des-mondes\/#primaryimage"},"image":{"@id":"https:\/\/www.istegroup.com\/fr\/produit\/la-deliberation-des-meilleurs-des-mondes\/#primaryimage"},"thumbnailUrl":"https:\/\/www.istegroup.com\/wp-content\/uploads\/2017\/07\/19873125009_8910506641-1.jpg","datePublished":"2017-04-05T10:02:03+00:00","dateModified":"2024-01-03T13:39:27+00:00","description":"Cet ouvrage va au-del\u00e0 de l\u2019univers de la recherche et de l\u2019innovation et offre une discussion d\u00e9mocratique et multidimensionnelle du meilleur des mondes.","breadcrumb":{"@id":"https:\/\/www.istegroup.com\/fr\/produit\/la-deliberation-des-meilleurs-des-mondes\/#breadcrumb"},"inLanguage":"fr-FR","potentialAction":[{"@type":"ReadAction","target":["https:\/\/www.istegroup.com\/fr\/produit\/la-deliberation-des-meilleurs-des-mondes\/"]}]},{"@type":"ImageObject","inLanguage":"fr-FR","@id":"https:\/\/www.istegroup.com\/fr\/produit\/la-deliberation-des-meilleurs-des-mondes\/#primaryimage","url":"https:\/\/www.istegroup.com\/wp-content\/uploads\/2017\/07\/19873125009_8910506641-1.jpg","contentUrl":"https:\/\/www.istegroup.com\/wp-content\/uploads\/2017\/07\/19873125009_8910506641-1.jpg","width":1364,"height":2048,"caption":"Entre pr\u00e9caution et pluralisme"},{"@type":"BreadcrumbList","@id":"https:\/\/www.istegroup.com\/fr\/produit\/la-deliberation-des-meilleurs-des-mondes\/#breadcrumb","itemListElement":[{"@type":"ListItem","position":1,"name":"Home","item":"https:\/\/www.istegroup.com\/"},{"@type":"ListItem","position":2,"name":"Shop","item":"https:\/\/www.istegroup.com\/fr\/nouveautes\/"},{"@type":"ListItem","position":3,"name":"La d\u00e9lib\u00e9ration des meilleurs des mondes"}]},{"@type":"WebSite","@id":"https:\/\/www.istegroup.com\/#website","url":"https:\/\/www.istegroup.com\/","name":"ISTE Group","description":"\u00c9diteur des Sciences","potentialAction":[{"@type":"SearchAction","target":{"@type":"EntryPoint","urlTemplate":"https:\/\/www.istegroup.com\/?s={search_term_string}"},"query-input":{"@type":"PropertyValueSpecification","valueRequired":true,"valueName":"search_term_string"}}],"inLanguage":"fr-FR"}]}},"_links":{"self":[{"href":"https:\/\/www.istegroup.com\/fr\/wp-json\/wp\/v2\/product\/331","targetHints":{"allow":["GET"]}}],"collection":[{"href":"https:\/\/www.istegroup.com\/fr\/wp-json\/wp\/v2\/product"}],"about":[{"href":"https:\/\/www.istegroup.com\/fr\/wp-json\/wp\/v2\/types\/product"}],"wp:featuredmedia":[{"embeddable":true,"href":"https:\/\/www.istegroup.com\/fr\/wp-json\/wp\/v2\/media\/332"}],"wp:attachment":[{"href":"https:\/\/www.istegroup.com\/fr\/wp-json\/wp\/v2\/media?parent=331"}],"wp:term":[{"taxonomy":"product_brand","embeddable":true,"href":"https:\/\/www.istegroup.com\/fr\/wp-json\/wp\/v2\/product_brand?post=331"},{"taxonomy":"product_cat","embeddable":true,"href":"https:\/\/www.istegroup.com\/fr\/wp-json\/wp\/v2\/product_cat?post=331"},{"taxonomy":"product_tag","embeddable":true,"href":"https:\/\/www.istegroup.com\/fr\/wp-json\/wp\/v2\/product_tag?post=331"}],"curies":[{"name":"wp","href":"https:\/\/api.w.org\/{rel}","templated":true}]}}