{"id":327,"date":"2017-07-28T12:01:52","date_gmt":"2017-07-28T10:01:52","guid":{"rendered":"https:\/\/iste.yhello.co\/product\/la-coordination-des-equipes-en-environnement-extreme\/"},"modified":"2024-01-03T13:39:26","modified_gmt":"2024-01-03T13:39:26","slug":"la-coordination-des-equipes-en-environnement-extreme","status":"publish","type":"product","link":"https:\/\/www.istegroup.com\/fr\/produit\/la-coordination-des-equipes-en-environnement-extreme\/","title":{"rendered":"La coordination des \u00e9quipes en environnement extr\u00eame"},"content":{"rendered":"<p>Les entreprises oeuvrent d\u00e9sormais dans un environnement extr\u00eame marqu\u00e9 par un niveau \u00e9lev\u00e9 d\u2019incertitude, de changement et de risque. Elles sont soumises \u00e0 une forte comp\u00e9titivit\u00e9, \u00e0 une n\u00e9cessit\u00e9 d\u2019innovation et \u00e0 des interd\u00e9pendances complexes qui les obligent \u00e0 mettre en oeuvre de nouveaux processus de management d\u2019\u00e9quipes. La question de la coordination devient une pr\u00e9occupation majeure, l\u2019entreprise doit d\u00e9velopper et p\u00e9renniser des collectifs de travail pour pouvoir mener \u00e0 bien ses projets complexes.<\/p>\n<p>Cet ouvrage permet de comprendre comment les \u00e9quipes se coordonnent en environnement extr\u00eame. Adoptant une perspective de la coordination dite \u00ab en pratique \u00bb, il s\u2019appuie sur des \u00e9tudes de cas et des illustrations issues du monde militaire afin d\u2019identifier les pratiques de travail et les usages technologiques qui n\u00e9cessitent une coordination collective efficace. Il offre \u00e9galement des pistes concr\u00e8tes aux managers concernant les dispositifs \u00e0 introduire dans l\u2019entreprise pour faciliter la coordination au sein des \u00e9quipes.<\/p>\n","protected":false},"excerpt":{"rendered":"<p>Les entreprises oeuvrent d\u00e9sormais dans un environnement extr\u00eame marqu\u00e9 par un niveau \u00e9lev\u00e9 d\u2019incertitude, de changement et de risque. Elles sont soumises \u00e0 une forte comp\u00e9titivit\u00e9, \u00e0 une n\u00e9cessit\u00e9 d\u2019innovation et \u00e0 des interd\u00e9pendances complexes qui les obligent \u00e0 mettre en oeuvre de nouveaux processus de management d\u2019\u00e9quipes. La question de la coordination devient une [&hellip;]<\/p>\n","protected":false},"featured_media":328,"template":"","meta":{"_acf_changed":false,"_links_to":"","_links_to_target":""},"product_brand":[],"product_cat":[670],"product_tag":[1475,170,1473,1474,31,196,135,1476,1477,1488,1478,832,1479,197,198,199,21,200,22,201,1480,203,204,63,25,172,209,1008,1481,1011,212,38,192,145,28,442,1482,1483,1484,1485,1486,1487],"class_list":{"0":"post-327","1":"product","2":"type-product","3":"status-publish","4":"has-post-thumbnail","6":"product_cat-innovation-entrepreneuriat-et-gestion-11041751","7":"product_tag-cecile-gode","8":"product_tag-communication","9":"product_tag-competitivite","10":"product_tag-coordination","11":"product_tag-ebook","12":"product_tag-ebooks","13":"product_tag-entreprise","14":"product_tag-environnement-extreme","15":"product_tag-environnemet","16":"product_tag-equipe","17":"product_tag-extreme","18":"product_tag-gestion","19":"product_tag-incertitude","20":"product_tag-iste","21":"product_tag-iste-edition","22":"product_tag-iste-editions","23":"product_tag-iste-group","24":"product_tag-isteedition","25":"product_tag-istegroup","26":"product_tag-kindle","27":"product_tag-la-coordination-des-equipes-en-environnement-extreme","28":"product_tag-liseuse","29":"product_tag-livre","30":"product_tag-livre-electronique","31":"product_tag-livre-numerique","32":"product_tag-livre-scientifique","33":"product_tag-livres-scientifiques","34":"product_tag-management","35":"product_tag-managerial","36":"product_tag-organisation","37":"product_tag-ouvrage","38":"product_tag-ouvrage-numerique","39":"product_tag-ouvrage-science","40":"product_tag-ouvrage-scientifique","41":"product_tag-ouvrage-scientifique-francais","42":"product_tag-pratique","43":"product_tag-reflexivite","44":"product_tag-situation","45":"product_tag-socialisation","46":"product_tag-technologique","47":"product_tag-travail","48":"product_tag-usage","50":"first","51":"instock","52":"shipping-taxable","53":"purchasable","54":"product-type-variable"},"acf":[],"yoast_head":"<!-- This site is optimized with the Yoast SEO plugin v27.2 - https:\/\/yoast.com\/product\/yoast-seo-wordpress\/ -->\n<title>La coordination des \u00e9quipes en environnement extr\u00eame - ISTE Group<\/title>\n<meta name=\"description\" content=\"L&#039;ouvrage s\u2019appuie sur des \u00e9tudes de cas et illustrations issues du monde militaire pour comprendre comment les \u00e9quipes se coordonnent en environnement extr\u00eame\" \/>\n<meta name=\"robots\" content=\"index, follow, max-snippet:-1, max-image-preview:large, max-video-preview:-1\" \/>\n<link rel=\"canonical\" href=\"https:\/\/www.istegroup.com\/fr\/produit\/la-coordination-des-equipes-en-environnement-extreme\/\" \/>\n<meta property=\"og:locale\" content=\"fr_FR\" \/>\n<meta property=\"og:type\" content=\"article\" \/>\n<meta property=\"og:title\" content=\"La coordination des \u00e9quipes en environnement extr\u00eame - ISTE Group\" \/>\n<meta property=\"og:description\" content=\"L&#039;ouvrage s\u2019appuie sur des \u00e9tudes de cas et illustrations issues du monde militaire pour comprendre comment les \u00e9quipes se coordonnent en environnement extr\u00eame\" \/>\n<meta property=\"og:url\" content=\"https:\/\/www.istegroup.com\/fr\/produit\/la-coordination-des-equipes-en-environnement-extreme\/\" \/>\n<meta property=\"og:site_name\" content=\"ISTE Group\" \/>\n<meta property=\"article:modified_time\" content=\"2024-01-03T13:39:26+00:00\" \/>\n<meta property=\"og:image\" content=\"https:\/\/www.istegroup.com\/wp-content\/uploads\/2017\/07\/16839275208_1813275524-1.png\" \/>\n\t<meta property=\"og:image:width\" content=\"300\" \/>\n\t<meta property=\"og:image:height\" content=\"452\" \/>\n\t<meta property=\"og:image:type\" content=\"image\/png\" \/>\n<meta name=\"twitter:card\" content=\"summary_large_image\" \/>\n<meta name=\"twitter:label1\" content=\"Est. reading time\" \/>\n\t<meta name=\"twitter:data1\" content=\"1 minute\" \/>\n<script type=\"application\/ld+json\" class=\"yoast-schema-graph\">{\"@context\":\"https:\/\/schema.org\",\"@graph\":[{\"@type\":\"WebPage\",\"@id\":\"https:\/\/www.istegroup.com\/fr\/produit\/la-coordination-des-equipes-en-environnement-extreme\/\",\"url\":\"https:\/\/www.istegroup.com\/fr\/produit\/la-coordination-des-equipes-en-environnement-extreme\/\",\"name\":\"La coordination des \u00e9quipes en environnement extr\u00eame - ISTE Group\",\"isPartOf\":{\"@id\":\"https:\/\/www.istegroup.com\/#website\"},\"primaryImageOfPage\":{\"@id\":\"https:\/\/www.istegroup.com\/fr\/produit\/la-coordination-des-equipes-en-environnement-extreme\/#primaryimage\"},\"image\":{\"@id\":\"https:\/\/www.istegroup.com\/fr\/produit\/la-coordination-des-equipes-en-environnement-extreme\/#primaryimage\"},\"thumbnailUrl\":\"https:\/\/www.istegroup.com\/wp-content\/uploads\/2017\/07\/16839275208_1813275524-1.png\",\"datePublished\":\"2017-07-28T10:01:52+00:00\",\"dateModified\":\"2024-01-03T13:39:26+00:00\",\"description\":\"L'ouvrage s\u2019appuie sur des \u00e9tudes de cas et illustrations issues du monde militaire pour comprendre comment les \u00e9quipes se coordonnent en environnement extr\u00eame\",\"breadcrumb\":{\"@id\":\"https:\/\/www.istegroup.com\/fr\/produit\/la-coordination-des-equipes-en-environnement-extreme\/#breadcrumb\"},\"inLanguage\":\"fr-FR\",\"potentialAction\":[{\"@type\":\"ReadAction\",\"target\":[\"https:\/\/www.istegroup.com\/fr\/produit\/la-coordination-des-equipes-en-environnement-extreme\/\"]}]},{\"@type\":\"ImageObject\",\"inLanguage\":\"fr-FR\",\"@id\":\"https:\/\/www.istegroup.com\/fr\/produit\/la-coordination-des-equipes-en-environnement-extreme\/#primaryimage\",\"url\":\"https:\/\/www.istegroup.com\/wp-content\/uploads\/2017\/07\/16839275208_1813275524-1.png\",\"contentUrl\":\"https:\/\/www.istegroup.com\/wp-content\/uploads\/2017\/07\/16839275208_1813275524-1.png\",\"width\":300,\"height\":452,\"caption\":\"Pratiques de travail et usages technologiques en situation d\u2019incertitude\"},{\"@type\":\"BreadcrumbList\",\"@id\":\"https:\/\/www.istegroup.com\/fr\/produit\/la-coordination-des-equipes-en-environnement-extreme\/#breadcrumb\",\"itemListElement\":[{\"@type\":\"ListItem\",\"position\":1,\"name\":\"Home\",\"item\":\"https:\/\/www.istegroup.com\/\"},{\"@type\":\"ListItem\",\"position\":2,\"name\":\"Shop\",\"item\":\"https:\/\/www.istegroup.com\/fr\/nouveautes\/\"},{\"@type\":\"ListItem\",\"position\":3,\"name\":\"La coordination des \u00e9quipes en environnement extr\u00eame\"}]},{\"@type\":\"WebSite\",\"@id\":\"https:\/\/www.istegroup.com\/#website\",\"url\":\"https:\/\/www.istegroup.com\/\",\"name\":\"ISTE Group\",\"description\":\"\u00c9diteur des Sciences\",\"potentialAction\":[{\"@type\":\"SearchAction\",\"target\":{\"@type\":\"EntryPoint\",\"urlTemplate\":\"https:\/\/www.istegroup.com\/?s={search_term_string}\"},\"query-input\":{\"@type\":\"PropertyValueSpecification\",\"valueRequired\":true,\"valueName\":\"search_term_string\"}}],\"inLanguage\":\"fr-FR\"}]}<\/script>\n<!-- \/ Yoast SEO plugin. -->","yoast_head_json":{"title":"La coordination des \u00e9quipes en environnement extr\u00eame - ISTE Group","description":"L'ouvrage s\u2019appuie sur des \u00e9tudes de cas et illustrations issues du monde militaire pour comprendre comment les \u00e9quipes se coordonnent en environnement extr\u00eame","robots":{"index":"index","follow":"follow","max-snippet":"max-snippet:-1","max-image-preview":"max-image-preview:large","max-video-preview":"max-video-preview:-1"},"canonical":"https:\/\/www.istegroup.com\/fr\/produit\/la-coordination-des-equipes-en-environnement-extreme\/","og_locale":"fr_FR","og_type":"article","og_title":"La coordination des \u00e9quipes en environnement extr\u00eame - ISTE Group","og_description":"L'ouvrage s\u2019appuie sur des \u00e9tudes de cas et illustrations issues du monde militaire pour comprendre comment les \u00e9quipes se coordonnent en environnement extr\u00eame","og_url":"https:\/\/www.istegroup.com\/fr\/produit\/la-coordination-des-equipes-en-environnement-extreme\/","og_site_name":"ISTE Group","article_modified_time":"2024-01-03T13:39:26+00:00","og_image":[{"width":300,"height":452,"url":"https:\/\/www.istegroup.com\/wp-content\/uploads\/2017\/07\/16839275208_1813275524-1.png","type":"image\/png"}],"twitter_card":"summary_large_image","twitter_misc":{"Est. reading time":"1 minute"},"schema":{"@context":"https:\/\/schema.org","@graph":[{"@type":"WebPage","@id":"https:\/\/www.istegroup.com\/fr\/produit\/la-coordination-des-equipes-en-environnement-extreme\/","url":"https:\/\/www.istegroup.com\/fr\/produit\/la-coordination-des-equipes-en-environnement-extreme\/","name":"La coordination des \u00e9quipes en environnement extr\u00eame - ISTE Group","isPartOf":{"@id":"https:\/\/www.istegroup.com\/#website"},"primaryImageOfPage":{"@id":"https:\/\/www.istegroup.com\/fr\/produit\/la-coordination-des-equipes-en-environnement-extreme\/#primaryimage"},"image":{"@id":"https:\/\/www.istegroup.com\/fr\/produit\/la-coordination-des-equipes-en-environnement-extreme\/#primaryimage"},"thumbnailUrl":"https:\/\/www.istegroup.com\/wp-content\/uploads\/2017\/07\/16839275208_1813275524-1.png","datePublished":"2017-07-28T10:01:52+00:00","dateModified":"2024-01-03T13:39:26+00:00","description":"L'ouvrage s\u2019appuie sur des \u00e9tudes de cas et illustrations issues du monde militaire pour comprendre comment les \u00e9quipes se coordonnent en environnement extr\u00eame","breadcrumb":{"@id":"https:\/\/www.istegroup.com\/fr\/produit\/la-coordination-des-equipes-en-environnement-extreme\/#breadcrumb"},"inLanguage":"fr-FR","potentialAction":[{"@type":"ReadAction","target":["https:\/\/www.istegroup.com\/fr\/produit\/la-coordination-des-equipes-en-environnement-extreme\/"]}]},{"@type":"ImageObject","inLanguage":"fr-FR","@id":"https:\/\/www.istegroup.com\/fr\/produit\/la-coordination-des-equipes-en-environnement-extreme\/#primaryimage","url":"https:\/\/www.istegroup.com\/wp-content\/uploads\/2017\/07\/16839275208_1813275524-1.png","contentUrl":"https:\/\/www.istegroup.com\/wp-content\/uploads\/2017\/07\/16839275208_1813275524-1.png","width":300,"height":452,"caption":"Pratiques de travail et usages technologiques en situation d\u2019incertitude"},{"@type":"BreadcrumbList","@id":"https:\/\/www.istegroup.com\/fr\/produit\/la-coordination-des-equipes-en-environnement-extreme\/#breadcrumb","itemListElement":[{"@type":"ListItem","position":1,"name":"Home","item":"https:\/\/www.istegroup.com\/"},{"@type":"ListItem","position":2,"name":"Shop","item":"https:\/\/www.istegroup.com\/fr\/nouveautes\/"},{"@type":"ListItem","position":3,"name":"La coordination des \u00e9quipes en environnement extr\u00eame"}]},{"@type":"WebSite","@id":"https:\/\/www.istegroup.com\/#website","url":"https:\/\/www.istegroup.com\/","name":"ISTE Group","description":"\u00c9diteur des Sciences","potentialAction":[{"@type":"SearchAction","target":{"@type":"EntryPoint","urlTemplate":"https:\/\/www.istegroup.com\/?s={search_term_string}"},"query-input":{"@type":"PropertyValueSpecification","valueRequired":true,"valueName":"search_term_string"}}],"inLanguage":"fr-FR"}]}},"_links":{"self":[{"href":"https:\/\/www.istegroup.com\/fr\/wp-json\/wp\/v2\/product\/327","targetHints":{"allow":["GET"]}}],"collection":[{"href":"https:\/\/www.istegroup.com\/fr\/wp-json\/wp\/v2\/product"}],"about":[{"href":"https:\/\/www.istegroup.com\/fr\/wp-json\/wp\/v2\/types\/product"}],"wp:featuredmedia":[{"embeddable":true,"href":"https:\/\/www.istegroup.com\/fr\/wp-json\/wp\/v2\/media\/328"}],"wp:attachment":[{"href":"https:\/\/www.istegroup.com\/fr\/wp-json\/wp\/v2\/media?parent=327"}],"wp:term":[{"taxonomy":"product_brand","embeddable":true,"href":"https:\/\/www.istegroup.com\/fr\/wp-json\/wp\/v2\/product_brand?post=327"},{"taxonomy":"product_cat","embeddable":true,"href":"https:\/\/www.istegroup.com\/fr\/wp-json\/wp\/v2\/product_cat?post=327"},{"taxonomy":"product_tag","embeddable":true,"href":"https:\/\/www.istegroup.com\/fr\/wp-json\/wp\/v2\/product_tag?post=327"}],"curies":[{"name":"wp","href":"https:\/\/api.w.org\/{rel}","templated":true}]}}