{"id":303,"date":"2017-05-01T11:52:59","date_gmt":"2017-05-01T09:52:59","guid":{"rendered":"https:\/\/iste.yhello.co\/product\/internet-des-objets\/"},"modified":"2024-01-03T14:18:04","modified_gmt":"2024-01-03T14:18:04","slug":"internet-des-objets","status":"publish","type":"product","link":"https:\/\/www.istegroup.com\/fr\/produit\/internet-des-objets\/","title":{"rendered":"Internet des objets"},"content":{"rendered":"<p>Le d\u00e9veloppement des objets connect\u00e9s et communicants ne cesse de progresser. De plus en plus d\u2019objets sont disponibles sur le march\u00e9, cette \u00e9volution de l\u2019Internet des objets engendre davantage de champs \u00e0 explorer par les sciences de l\u2019information et de la communication.<\/p>\n<p>Cet ouvrage analyse l\u2019\u00e9cosyst\u00e8me de l\u2019Internet des objets. Il retrace le contexte historique et technologique de l\u2019\u00e9volution du web traditionnel vers le web dynamique, social et s\u00e9mantique pour arriver finalement \u00e0 cet \u00e9cosyst\u00e8me des objets connect\u00e9s. Il relate ainsi l\u2019\u00e9volution des concepts de l\u2019Internet des objets \u00e0 travers un panorama d\u2019exemples concrets d\u2019objets connect\u00e9s qu\u2019ils soient destin\u00e9s \u00e0 la vie quotidienne ou \u00e0 d\u2019autres usages.<\/p>\n<p>Les enjeux de ces nouveaux bouleversements technologiques et num\u00e9riques dans un monde \u00ab hyperconnect\u00e9 \u00bb et l\u2019arriv\u00e9e massive de ces nouveaux objets sur les march\u00e9s sont trait\u00e9s. La question cruciale de l\u2019intrusion dans la vie priv\u00e9e des utilisateurs ainsi que celle de la s\u00e9curit\u00e9 sont \u00e9tudi\u00e9es.<\/p>\n","protected":false},"excerpt":{"rendered":"<p>Le d\u00e9veloppement des objets connect\u00e9s et communicants ne cesse de progresser. De plus en plus d\u2019objets sont disponibles sur le march\u00e9, cette \u00e9volution de l\u2019Internet des objets engendre davantage de champs \u00e0 explorer par les sciences de l\u2019information et de la communication. Cet ouvrage analyse l\u2019\u00e9cosyst\u00e8me de l\u2019Internet des objets. Il retrace le contexte historique [&hellip;]<\/p>\n","protected":false},"featured_media":15654,"template":"","meta":{"_acf_changed":false,"_links_to":"","_links_to_target":""},"product_brand":[],"product_cat":[675,717,707],"product_tag":[18,19,20,143,144,21,22,26,27,102,38,145,28,29,146],"class_list":{"0":"post-303","1":"product","2":"type-product","3":"status-publish","4":"has-post-thumbnail","6":"product_cat-nouveauts-12519446","7":"product_cat-srie-outils-et-usages-numriques-423147153","8":"product_cat-systmes-dinformation-web-et-socit-12506570","9":"product_tag-edition-scientifique","10":"product_tag-editions-francaise","11":"product_tag-editions-technique","12":"product_tag-imad-saleh","13":"product_tag-internet-des-objets","14":"product_tag-iste-group","15":"product_tag-istegroup","16":"product_tag-livre-scientifique-francais","17":"product_tag-livre-technique-francais","18":"product_tag-nasreddine-bouhai","19":"product_tag-ouvrage-numerique","20":"product_tag-ouvrage-scientifique","21":"product_tag-ouvrage-scientifique-francais","22":"product_tag-ouvrage-technique","23":"product_tag-web","25":"first","26":"instock","27":"shipping-taxable","28":"purchasable","29":"product-type-variable"},"acf":[],"yoast_head":"<!-- This site is optimized with the Yoast SEO plugin v27.2 - https:\/\/yoast.com\/product\/yoast-seo-wordpress\/ -->\n<title>Internet des objets - ISTE Group<\/title>\n<meta name=\"description\" content=\"Cet ouvrage analyse l\u2019\u00e9cosyst\u00e8me de l\u2019Internet des objets, et relate l\u2019\u00e9volution des concepts de l\u2019Internet des objets \u00e0 travers un panorama d\u2019exemples concrets d\u2019objets connect\u00e9s.\" \/>\n<meta name=\"robots\" content=\"index, follow, max-snippet:-1, max-image-preview:large, max-video-preview:-1\" \/>\n<link rel=\"canonical\" href=\"https:\/\/www.istegroup.com\/fr\/produit\/internet-des-objets\/\" \/>\n<meta property=\"og:locale\" content=\"fr_FR\" \/>\n<meta property=\"og:type\" content=\"article\" \/>\n<meta property=\"og:title\" content=\"Internet des objets - ISTE Group\" \/>\n<meta property=\"og:description\" content=\"Cet ouvrage analyse l\u2019\u00e9cosyst\u00e8me de l\u2019Internet des objets, et relate l\u2019\u00e9volution des concepts de l\u2019Internet des objets \u00e0 travers un panorama d\u2019exemples concrets d\u2019objets connect\u00e9s.\" \/>\n<meta property=\"og:url\" content=\"https:\/\/www.istegroup.com\/fr\/produit\/internet-des-objets\/\" \/>\n<meta property=\"og:site_name\" content=\"ISTE Group\" \/>\n<meta property=\"article:modified_time\" content=\"2024-01-03T14:18:04+00:00\" \/>\n<meta property=\"og:image\" content=\"https:\/\/www.istegroup.com\/wp-content\/uploads\/2018\/11\/Bouhai_Front.Cover_-scaled.jpg\" \/>\n\t<meta property=\"og:image:width\" content=\"1663\" \/>\n\t<meta property=\"og:image:height\" content=\"2560\" \/>\n\t<meta property=\"og:image:type\" content=\"image\/jpeg\" \/>\n<meta name=\"twitter:card\" content=\"summary_large_image\" \/>\n<meta name=\"twitter:label1\" content=\"Est. reading time\" \/>\n\t<meta name=\"twitter:data1\" content=\"1 minute\" \/>\n<script type=\"application\/ld+json\" class=\"yoast-schema-graph\">{\"@context\":\"https:\/\/schema.org\",\"@graph\":[{\"@type\":\"WebPage\",\"@id\":\"https:\/\/www.istegroup.com\/fr\/produit\/internet-des-objets\/\",\"url\":\"https:\/\/www.istegroup.com\/fr\/produit\/internet-des-objets\/\",\"name\":\"Internet des objets - ISTE Group\",\"isPartOf\":{\"@id\":\"https:\/\/www.istegroup.com\/#website\"},\"primaryImageOfPage\":{\"@id\":\"https:\/\/www.istegroup.com\/fr\/produit\/internet-des-objets\/#primaryimage\"},\"image\":{\"@id\":\"https:\/\/www.istegroup.com\/fr\/produit\/internet-des-objets\/#primaryimage\"},\"thumbnailUrl\":\"https:\/\/www.istegroup.com\/wp-content\/uploads\/2018\/11\/Bouhai_Front.Cover_-scaled.jpg\",\"datePublished\":\"2017-05-01T09:52:59+00:00\",\"dateModified\":\"2024-01-03T14:18:04+00:00\",\"description\":\"Cet ouvrage analyse l\u2019\u00e9cosyst\u00e8me de l\u2019Internet des objets, et relate l\u2019\u00e9volution des concepts de l\u2019Internet des objets \u00e0 travers un panorama d\u2019exemples concrets d\u2019objets connect\u00e9s.\",\"breadcrumb\":{\"@id\":\"https:\/\/www.istegroup.com\/fr\/produit\/internet-des-objets\/#breadcrumb\"},\"inLanguage\":\"fr-FR\",\"potentialAction\":[{\"@type\":\"ReadAction\",\"target\":[\"https:\/\/www.istegroup.com\/fr\/produit\/internet-des-objets\/\"]}]},{\"@type\":\"ImageObject\",\"inLanguage\":\"fr-FR\",\"@id\":\"https:\/\/www.istegroup.com\/fr\/produit\/internet-des-objets\/#primaryimage\",\"url\":\"https:\/\/www.istegroup.com\/wp-content\/uploads\/2018\/11\/Bouhai_Front.Cover_-scaled.jpg\",\"contentUrl\":\"https:\/\/www.istegroup.com\/wp-content\/uploads\/2018\/11\/Bouhai_Front.Cover_-scaled.jpg\",\"width\":1663,\"height\":2560,\"caption\":\"Evolutions et innovations\"},{\"@type\":\"BreadcrumbList\",\"@id\":\"https:\/\/www.istegroup.com\/fr\/produit\/internet-des-objets\/#breadcrumb\",\"itemListElement\":[{\"@type\":\"ListItem\",\"position\":1,\"name\":\"Home\",\"item\":\"https:\/\/www.istegroup.com\/\"},{\"@type\":\"ListItem\",\"position\":2,\"name\":\"Shop\",\"item\":\"https:\/\/www.istegroup.com\/fr\/nouveautes\/\"},{\"@type\":\"ListItem\",\"position\":3,\"name\":\"Internet des objets\"}]},{\"@type\":\"WebSite\",\"@id\":\"https:\/\/www.istegroup.com\/#website\",\"url\":\"https:\/\/www.istegroup.com\/\",\"name\":\"ISTE Group\",\"description\":\"\u00c9diteur des Sciences\",\"potentialAction\":[{\"@type\":\"SearchAction\",\"target\":{\"@type\":\"EntryPoint\",\"urlTemplate\":\"https:\/\/www.istegroup.com\/?s={search_term_string}\"},\"query-input\":{\"@type\":\"PropertyValueSpecification\",\"valueRequired\":true,\"valueName\":\"search_term_string\"}}],\"inLanguage\":\"fr-FR\"}]}<\/script>\n<!-- \/ Yoast SEO plugin. -->","yoast_head_json":{"title":"Internet des objets - ISTE Group","description":"Cet ouvrage analyse l\u2019\u00e9cosyst\u00e8me de l\u2019Internet des objets, et relate l\u2019\u00e9volution des concepts de l\u2019Internet des objets \u00e0 travers un panorama d\u2019exemples concrets d\u2019objets connect\u00e9s.","robots":{"index":"index","follow":"follow","max-snippet":"max-snippet:-1","max-image-preview":"max-image-preview:large","max-video-preview":"max-video-preview:-1"},"canonical":"https:\/\/www.istegroup.com\/fr\/produit\/internet-des-objets\/","og_locale":"fr_FR","og_type":"article","og_title":"Internet des objets - ISTE Group","og_description":"Cet ouvrage analyse l\u2019\u00e9cosyst\u00e8me de l\u2019Internet des objets, et relate l\u2019\u00e9volution des concepts de l\u2019Internet des objets \u00e0 travers un panorama d\u2019exemples concrets d\u2019objets connect\u00e9s.","og_url":"https:\/\/www.istegroup.com\/fr\/produit\/internet-des-objets\/","og_site_name":"ISTE Group","article_modified_time":"2024-01-03T14:18:04+00:00","og_image":[{"width":1663,"height":2560,"url":"https:\/\/www.istegroup.com\/wp-content\/uploads\/2018\/11\/Bouhai_Front.Cover_-scaled.jpg","type":"image\/jpeg"}],"twitter_card":"summary_large_image","twitter_misc":{"Est. reading time":"1 minute"},"schema":{"@context":"https:\/\/schema.org","@graph":[{"@type":"WebPage","@id":"https:\/\/www.istegroup.com\/fr\/produit\/internet-des-objets\/","url":"https:\/\/www.istegroup.com\/fr\/produit\/internet-des-objets\/","name":"Internet des objets - ISTE Group","isPartOf":{"@id":"https:\/\/www.istegroup.com\/#website"},"primaryImageOfPage":{"@id":"https:\/\/www.istegroup.com\/fr\/produit\/internet-des-objets\/#primaryimage"},"image":{"@id":"https:\/\/www.istegroup.com\/fr\/produit\/internet-des-objets\/#primaryimage"},"thumbnailUrl":"https:\/\/www.istegroup.com\/wp-content\/uploads\/2018\/11\/Bouhai_Front.Cover_-scaled.jpg","datePublished":"2017-05-01T09:52:59+00:00","dateModified":"2024-01-03T14:18:04+00:00","description":"Cet ouvrage analyse l\u2019\u00e9cosyst\u00e8me de l\u2019Internet des objets, et relate l\u2019\u00e9volution des concepts de l\u2019Internet des objets \u00e0 travers un panorama d\u2019exemples concrets d\u2019objets connect\u00e9s.","breadcrumb":{"@id":"https:\/\/www.istegroup.com\/fr\/produit\/internet-des-objets\/#breadcrumb"},"inLanguage":"fr-FR","potentialAction":[{"@type":"ReadAction","target":["https:\/\/www.istegroup.com\/fr\/produit\/internet-des-objets\/"]}]},{"@type":"ImageObject","inLanguage":"fr-FR","@id":"https:\/\/www.istegroup.com\/fr\/produit\/internet-des-objets\/#primaryimage","url":"https:\/\/www.istegroup.com\/wp-content\/uploads\/2018\/11\/Bouhai_Front.Cover_-scaled.jpg","contentUrl":"https:\/\/www.istegroup.com\/wp-content\/uploads\/2018\/11\/Bouhai_Front.Cover_-scaled.jpg","width":1663,"height":2560,"caption":"Evolutions et innovations"},{"@type":"BreadcrumbList","@id":"https:\/\/www.istegroup.com\/fr\/produit\/internet-des-objets\/#breadcrumb","itemListElement":[{"@type":"ListItem","position":1,"name":"Home","item":"https:\/\/www.istegroup.com\/"},{"@type":"ListItem","position":2,"name":"Shop","item":"https:\/\/www.istegroup.com\/fr\/nouveautes\/"},{"@type":"ListItem","position":3,"name":"Internet des objets"}]},{"@type":"WebSite","@id":"https:\/\/www.istegroup.com\/#website","url":"https:\/\/www.istegroup.com\/","name":"ISTE Group","description":"\u00c9diteur des Sciences","potentialAction":[{"@type":"SearchAction","target":{"@type":"EntryPoint","urlTemplate":"https:\/\/www.istegroup.com\/?s={search_term_string}"},"query-input":{"@type":"PropertyValueSpecification","valueRequired":true,"valueName":"search_term_string"}}],"inLanguage":"fr-FR"}]}},"_links":{"self":[{"href":"https:\/\/www.istegroup.com\/fr\/wp-json\/wp\/v2\/product\/303","targetHints":{"allow":["GET"]}}],"collection":[{"href":"https:\/\/www.istegroup.com\/fr\/wp-json\/wp\/v2\/product"}],"about":[{"href":"https:\/\/www.istegroup.com\/fr\/wp-json\/wp\/v2\/types\/product"}],"wp:featuredmedia":[{"embeddable":true,"href":"https:\/\/www.istegroup.com\/fr\/wp-json\/wp\/v2\/media\/15654"}],"wp:attachment":[{"href":"https:\/\/www.istegroup.com\/fr\/wp-json\/wp\/v2\/media?parent=303"}],"wp:term":[{"taxonomy":"product_brand","embeddable":true,"href":"https:\/\/www.istegroup.com\/fr\/wp-json\/wp\/v2\/product_brand?post=303"},{"taxonomy":"product_cat","embeddable":true,"href":"https:\/\/www.istegroup.com\/fr\/wp-json\/wp\/v2\/product_cat?post=303"},{"taxonomy":"product_tag","embeddable":true,"href":"https:\/\/www.istegroup.com\/fr\/wp-json\/wp\/v2\/product_tag?post=303"}],"curies":[{"name":"wp","href":"https:\/\/api.w.org\/{rel}","templated":true}]}}