{"id":301,"date":"2017-07-28T11:52:54","date_gmt":"2017-07-28T09:52:54","guid":{"rendered":"https:\/\/iste.yhello.co\/product\/interactions-sur-tablettes-numeriques-dans-le-cadre-de-lapprentissage-de-la-geometrie-dans-lespace\/"},"modified":"2024-01-03T13:39:18","modified_gmt":"2024-01-03T13:39:18","slug":"interactions-sur-tablettes-numeriques-dans-le-cadre-de-lapprentissage-de-la-geometrie-dans-lespace","status":"publish","type":"product","link":"https:\/\/www.istegroup.com\/fr\/produit\/interactions-sur-tablettes-numeriques-dans-le-cadre-de-lapprentissage-de-la-geometrie-dans-lespace\/","title":{"rendered":"Interactions sur tablettes num\u00e9riques dans le cadre de l\u2019apprentissage de la g\u00e9om\u00e9trie dans l\u2019espace"},"content":{"rendered":"<p>De nombreux enseignants et de nombreuses institutions scolaires se posent la question du b\u00e9n\u00e9fice p\u00e9dagogique apport\u00e9 par les tablettes num\u00e9riques. Cet ouvrage montre l\u2019impact positif de l\u2019utilisation des nouvelles technologies qui permettent aux \u00e9l\u00e8ves de 9 \u00e0 15 ans de manipuler, d\u2019observer et de modifier des sc\u00e8nes 3D.<\/p>\n<p>Bas\u00e9 sur une double approche issue des interactions homme-machine et des sciences de l\u2019\u00e9ducation,\u00a0<em>Interactions sur tablettes num\u00e9riques dans le cadre de l\u2019apprentissage de la g\u00e9om\u00e9trie dans l\u2019espace<\/em>\u00a0\u00e9tudie les apports p\u00e9dagogiques d\u2019une d\u00e9marche non pas technocentr\u00e9e, mais anthropocentr\u00e9e.<\/p>\n<p>Apr\u00e8s avoir pos\u00e9 le cadre th\u00e9orique en didactique de la g\u00e9om\u00e9trie dans l\u2019espace et celui des interactions li\u00e9es aux p\u00e9riph\u00e9riques mobiles, il propose une m\u00e9thodologie centr\u00e9e sur l\u2019utilisateur permettant d\u2019\u00e9laborer des interactions adapt\u00e9es aux \u00e9l\u00e8ves. Une grammaire et un ensemble de gestes sont \u00e9galement pr\u00e9sent\u00e9s comme support d\u2019\u00e9valuation.<\/p>\n<p>Dans une derni\u00e8re partie, les exp\u00e9rimentations r\u00e9alis\u00e9es au sein de classes d\u00e9montrent qu\u2019en compl\u00e9ment des m\u00e9thodes traditionnelles d\u2019enseignement, ces techniques utilis\u00e9es sur des tablettes multi-touch favorisent l\u2019apprentissage de la g\u00e9om\u00e9trie dans l\u2019espace.<\/p>\n","protected":false},"excerpt":{"rendered":"<p>De nombreux enseignants et de nombreuses institutions scolaires se posent la question du b\u00e9n\u00e9fice p\u00e9dagogique apport\u00e9 par les tablettes num\u00e9riques. Cet ouvrage montre l\u2019impact positif de l\u2019utilisation des nouvelles technologies qui permettent aux \u00e9l\u00e8ves de 9 \u00e0 15 ans de manipuler, d\u2019observer et de modifier des sc\u00e8nes 3D. Bas\u00e9 sur une double approche issue des [&hellip;]<\/p>\n","protected":false},"featured_media":302,"template":"","meta":{"_acf_changed":false,"_links_to":"","_links_to_target":""},"product_brand":[],"product_cat":[675,700,707],"product_tag":[1441,1442,1443,31,196,276,1303,1453,1444,1446,1447,1445,1448,1450,1449,197,198,199,21,200,22,201,203,204,63,25,172,209,1451,292,212,38,192,145,28,1253,1452,253],"class_list":{"0":"post-301","1":"product","2":"type-product","3":"status-publish","4":"has-post-thumbnail","6":"product_cat-nouveauts-12519446","7":"product_cat-srie-intraction-homme-machine-378316488","8":"product_cat-systmes-dinformation-web-et-socit-12506570","9":"product_tag-apports-pedagogiques","10":"product_tag-david-bertolo","11":"product_tag-demarche-anthropocentree","12":"product_tag-ebook","13":"product_tag-ebooks","14":"product_tag-electronique","15":"product_tag-enseignement","16":"product_tag-evaluation","17":"product_tag-experimentations","18":"product_tag-geometrie","19":"product_tag-geometrie-dans-lespace","20":"product_tag-grammaire","21":"product_tag-homme","22":"product_tag-interactions","23":"product_tag-interactions-sur-tablettes-numeriques-dans-le-cadre-de-lapprentissage-de-la-geometrie-dans-lespace","24":"product_tag-iste","25":"product_tag-iste-edition","26":"product_tag-iste-editions","27":"product_tag-iste-group","28":"product_tag-isteedition","29":"product_tag-istegroup","30":"product_tag-kindle","31":"product_tag-liseuse","32":"product_tag-livre","33":"product_tag-livre-electronique","34":"product_tag-livre-numerique","35":"product_tag-livre-scientifique","36":"product_tag-livres-scientifiques","37":"product_tag-machine","38":"product_tag-numerique","39":"product_tag-ouvrage","40":"product_tag-ouvrage-numerique","41":"product_tag-ouvrage-science","42":"product_tag-ouvrage-scientifique","43":"product_tag-ouvrage-scientifique-francais","44":"product_tag-sciences","45":"product_tag-tablettes-numeriques","46":"product_tag-technologie","48":"first","49":"instock","50":"shipping-taxable","51":"purchasable","52":"product-type-variable"},"acf":[],"yoast_head":"<!-- This site is optimized with the Yoast SEO plugin v27.2 - https:\/\/yoast.com\/product\/yoast-seo-wordpress\/ -->\n<title>Interactions sur tablettes num\u00e9riques dans le cadre de l\u2019apprentissage de la g\u00e9om\u00e9trie dans l\u2019espace - ISTE Group<\/title>\n<meta name=\"description\" content=\"L&#039;ouvrage montre l\u2019impact positif de l\u2019utilisation des nouvelles technologies qui permettent aux \u00e9l\u00e8ves de manipuler, d\u2019observer et de modifier des sc\u00e8nes 3D.\" \/>\n<meta name=\"robots\" content=\"index, follow, max-snippet:-1, max-image-preview:large, max-video-preview:-1\" \/>\n<link rel=\"canonical\" href=\"https:\/\/www.istegroup.com\/fr\/produit\/interactions-sur-tablettes-numeriques-dans-le-cadre-de-lapprentissage-de-la-geometrie-dans-lespace\/\" \/>\n<meta property=\"og:locale\" content=\"fr_FR\" \/>\n<meta property=\"og:type\" content=\"article\" \/>\n<meta property=\"og:title\" content=\"Interactions sur tablettes num\u00e9riques dans le cadre de l\u2019apprentissage de la g\u00e9om\u00e9trie dans l\u2019espace - ISTE Group\" \/>\n<meta property=\"og:description\" content=\"L&#039;ouvrage montre l\u2019impact positif de l\u2019utilisation des nouvelles technologies qui permettent aux \u00e9l\u00e8ves de manipuler, d\u2019observer et de modifier des sc\u00e8nes 3D.\" \/>\n<meta property=\"og:url\" content=\"https:\/\/www.istegroup.com\/fr\/produit\/interactions-sur-tablettes-numeriques-dans-le-cadre-de-lapprentissage-de-la-geometrie-dans-lespace\/\" \/>\n<meta property=\"og:site_name\" content=\"ISTE Group\" \/>\n<meta property=\"article:modified_time\" content=\"2024-01-03T13:39:18+00:00\" \/>\n<meta property=\"og:image\" content=\"https:\/\/www.istegroup.com\/wp-content\/uploads\/2017\/07\/16799113736_8014767752-1.jpg\" \/>\n\t<meta property=\"og:image:width\" content=\"1361\" \/>\n\t<meta property=\"og:image:height\" content=\"2048\" \/>\n\t<meta property=\"og:image:type\" content=\"image\/jpeg\" \/>\n<meta name=\"twitter:card\" content=\"summary_large_image\" \/>\n<meta name=\"twitter:label1\" content=\"Est. reading time\" \/>\n\t<meta name=\"twitter:data1\" content=\"1 minute\" \/>\n<script type=\"application\/ld+json\" class=\"yoast-schema-graph\">{\"@context\":\"https:\/\/schema.org\",\"@graph\":[{\"@type\":\"WebPage\",\"@id\":\"https:\/\/www.istegroup.com\/fr\/produit\/interactions-sur-tablettes-numeriques-dans-le-cadre-de-lapprentissage-de-la-geometrie-dans-lespace\/\",\"url\":\"https:\/\/www.istegroup.com\/fr\/produit\/interactions-sur-tablettes-numeriques-dans-le-cadre-de-lapprentissage-de-la-geometrie-dans-lespace\/\",\"name\":\"Interactions sur tablettes num\u00e9riques dans le cadre de l\u2019apprentissage de la g\u00e9om\u00e9trie dans l\u2019espace - ISTE Group\",\"isPartOf\":{\"@id\":\"https:\/\/www.istegroup.com\/#website\"},\"primaryImageOfPage\":{\"@id\":\"https:\/\/www.istegroup.com\/fr\/produit\/interactions-sur-tablettes-numeriques-dans-le-cadre-de-lapprentissage-de-la-geometrie-dans-lespace\/#primaryimage\"},\"image\":{\"@id\":\"https:\/\/www.istegroup.com\/fr\/produit\/interactions-sur-tablettes-numeriques-dans-le-cadre-de-lapprentissage-de-la-geometrie-dans-lespace\/#primaryimage\"},\"thumbnailUrl\":\"https:\/\/www.istegroup.com\/wp-content\/uploads\/2017\/07\/16799113736_8014767752-1.jpg\",\"datePublished\":\"2017-07-28T09:52:54+00:00\",\"dateModified\":\"2024-01-03T13:39:18+00:00\",\"description\":\"L'ouvrage montre l\u2019impact positif de l\u2019utilisation des nouvelles technologies qui permettent aux \u00e9l\u00e8ves de manipuler, d\u2019observer et de modifier des sc\u00e8nes 3D.\",\"breadcrumb\":{\"@id\":\"https:\/\/www.istegroup.com\/fr\/produit\/interactions-sur-tablettes-numeriques-dans-le-cadre-de-lapprentissage-de-la-geometrie-dans-lespace\/#breadcrumb\"},\"inLanguage\":\"fr-FR\",\"potentialAction\":[{\"@type\":\"ReadAction\",\"target\":[\"https:\/\/www.istegroup.com\/fr\/produit\/interactions-sur-tablettes-numeriques-dans-le-cadre-de-lapprentissage-de-la-geometrie-dans-lespace\/\"]}]},{\"@type\":\"ImageObject\",\"inLanguage\":\"fr-FR\",\"@id\":\"https:\/\/www.istegroup.com\/fr\/produit\/interactions-sur-tablettes-numeriques-dans-le-cadre-de-lapprentissage-de-la-geometrie-dans-lespace\/#primaryimage\",\"url\":\"https:\/\/www.istegroup.com\/wp-content\/uploads\/2017\/07\/16799113736_8014767752-1.jpg\",\"contentUrl\":\"https:\/\/www.istegroup.com\/wp-content\/uploads\/2017\/07\/16799113736_8014767752-1.jpg\",\"width\":1361,\"height\":2048,\"caption\":\"Interactions sur tablettes num\u00e9riques dans le cadre de l\u2019apprentissage de la g\u00e9om\u00e9trie dans l\u2019espace\"},{\"@type\":\"BreadcrumbList\",\"@id\":\"https:\/\/www.istegroup.com\/fr\/produit\/interactions-sur-tablettes-numeriques-dans-le-cadre-de-lapprentissage-de-la-geometrie-dans-lespace\/#breadcrumb\",\"itemListElement\":[{\"@type\":\"ListItem\",\"position\":1,\"name\":\"Home\",\"item\":\"https:\/\/www.istegroup.com\/\"},{\"@type\":\"ListItem\",\"position\":2,\"name\":\"Shop\",\"item\":\"https:\/\/www.istegroup.com\/fr\/nouveautes\/\"},{\"@type\":\"ListItem\",\"position\":3,\"name\":\"Interactions sur tablettes num\u00e9riques dans le cadre de l\u2019apprentissage de la g\u00e9om\u00e9trie dans l\u2019espace\"}]},{\"@type\":\"WebSite\",\"@id\":\"https:\/\/www.istegroup.com\/#website\",\"url\":\"https:\/\/www.istegroup.com\/\",\"name\":\"ISTE Group\",\"description\":\"\u00c9diteur des Sciences\",\"potentialAction\":[{\"@type\":\"SearchAction\",\"target\":{\"@type\":\"EntryPoint\",\"urlTemplate\":\"https:\/\/www.istegroup.com\/?s={search_term_string}\"},\"query-input\":{\"@type\":\"PropertyValueSpecification\",\"valueRequired\":true,\"valueName\":\"search_term_string\"}}],\"inLanguage\":\"fr-FR\"}]}<\/script>\n<!-- \/ Yoast SEO plugin. -->","yoast_head_json":{"title":"Interactions sur tablettes num\u00e9riques dans le cadre de l\u2019apprentissage de la g\u00e9om\u00e9trie dans l\u2019espace - ISTE Group","description":"L'ouvrage montre l\u2019impact positif de l\u2019utilisation des nouvelles technologies qui permettent aux \u00e9l\u00e8ves de manipuler, d\u2019observer et de modifier des sc\u00e8nes 3D.","robots":{"index":"index","follow":"follow","max-snippet":"max-snippet:-1","max-image-preview":"max-image-preview:large","max-video-preview":"max-video-preview:-1"},"canonical":"https:\/\/www.istegroup.com\/fr\/produit\/interactions-sur-tablettes-numeriques-dans-le-cadre-de-lapprentissage-de-la-geometrie-dans-lespace\/","og_locale":"fr_FR","og_type":"article","og_title":"Interactions sur tablettes num\u00e9riques dans le cadre de l\u2019apprentissage de la g\u00e9om\u00e9trie dans l\u2019espace - ISTE Group","og_description":"L'ouvrage montre l\u2019impact positif de l\u2019utilisation des nouvelles technologies qui permettent aux \u00e9l\u00e8ves de manipuler, d\u2019observer et de modifier des sc\u00e8nes 3D.","og_url":"https:\/\/www.istegroup.com\/fr\/produit\/interactions-sur-tablettes-numeriques-dans-le-cadre-de-lapprentissage-de-la-geometrie-dans-lespace\/","og_site_name":"ISTE Group","article_modified_time":"2024-01-03T13:39:18+00:00","og_image":[{"width":1361,"height":2048,"url":"https:\/\/www.istegroup.com\/wp-content\/uploads\/2017\/07\/16799113736_8014767752-1.jpg","type":"image\/jpeg"}],"twitter_card":"summary_large_image","twitter_misc":{"Est. reading time":"1 minute"},"schema":{"@context":"https:\/\/schema.org","@graph":[{"@type":"WebPage","@id":"https:\/\/www.istegroup.com\/fr\/produit\/interactions-sur-tablettes-numeriques-dans-le-cadre-de-lapprentissage-de-la-geometrie-dans-lespace\/","url":"https:\/\/www.istegroup.com\/fr\/produit\/interactions-sur-tablettes-numeriques-dans-le-cadre-de-lapprentissage-de-la-geometrie-dans-lespace\/","name":"Interactions sur tablettes num\u00e9riques dans le cadre de l\u2019apprentissage de la g\u00e9om\u00e9trie dans l\u2019espace - ISTE Group","isPartOf":{"@id":"https:\/\/www.istegroup.com\/#website"},"primaryImageOfPage":{"@id":"https:\/\/www.istegroup.com\/fr\/produit\/interactions-sur-tablettes-numeriques-dans-le-cadre-de-lapprentissage-de-la-geometrie-dans-lespace\/#primaryimage"},"image":{"@id":"https:\/\/www.istegroup.com\/fr\/produit\/interactions-sur-tablettes-numeriques-dans-le-cadre-de-lapprentissage-de-la-geometrie-dans-lespace\/#primaryimage"},"thumbnailUrl":"https:\/\/www.istegroup.com\/wp-content\/uploads\/2017\/07\/16799113736_8014767752-1.jpg","datePublished":"2017-07-28T09:52:54+00:00","dateModified":"2024-01-03T13:39:18+00:00","description":"L'ouvrage montre l\u2019impact positif de l\u2019utilisation des nouvelles technologies qui permettent aux \u00e9l\u00e8ves de manipuler, d\u2019observer et de modifier des sc\u00e8nes 3D.","breadcrumb":{"@id":"https:\/\/www.istegroup.com\/fr\/produit\/interactions-sur-tablettes-numeriques-dans-le-cadre-de-lapprentissage-de-la-geometrie-dans-lespace\/#breadcrumb"},"inLanguage":"fr-FR","potentialAction":[{"@type":"ReadAction","target":["https:\/\/www.istegroup.com\/fr\/produit\/interactions-sur-tablettes-numeriques-dans-le-cadre-de-lapprentissage-de-la-geometrie-dans-lespace\/"]}]},{"@type":"ImageObject","inLanguage":"fr-FR","@id":"https:\/\/www.istegroup.com\/fr\/produit\/interactions-sur-tablettes-numeriques-dans-le-cadre-de-lapprentissage-de-la-geometrie-dans-lespace\/#primaryimage","url":"https:\/\/www.istegroup.com\/wp-content\/uploads\/2017\/07\/16799113736_8014767752-1.jpg","contentUrl":"https:\/\/www.istegroup.com\/wp-content\/uploads\/2017\/07\/16799113736_8014767752-1.jpg","width":1361,"height":2048,"caption":"Interactions sur tablettes num\u00e9riques dans le cadre de l\u2019apprentissage de la g\u00e9om\u00e9trie dans l\u2019espace"},{"@type":"BreadcrumbList","@id":"https:\/\/www.istegroup.com\/fr\/produit\/interactions-sur-tablettes-numeriques-dans-le-cadre-de-lapprentissage-de-la-geometrie-dans-lespace\/#breadcrumb","itemListElement":[{"@type":"ListItem","position":1,"name":"Home","item":"https:\/\/www.istegroup.com\/"},{"@type":"ListItem","position":2,"name":"Shop","item":"https:\/\/www.istegroup.com\/fr\/nouveautes\/"},{"@type":"ListItem","position":3,"name":"Interactions sur tablettes num\u00e9riques dans le cadre de l\u2019apprentissage de la g\u00e9om\u00e9trie dans l\u2019espace"}]},{"@type":"WebSite","@id":"https:\/\/www.istegroup.com\/#website","url":"https:\/\/www.istegroup.com\/","name":"ISTE Group","description":"\u00c9diteur des Sciences","potentialAction":[{"@type":"SearchAction","target":{"@type":"EntryPoint","urlTemplate":"https:\/\/www.istegroup.com\/?s={search_term_string}"},"query-input":{"@type":"PropertyValueSpecification","valueRequired":true,"valueName":"search_term_string"}}],"inLanguage":"fr-FR"}]}},"_links":{"self":[{"href":"https:\/\/www.istegroup.com\/fr\/wp-json\/wp\/v2\/product\/301","targetHints":{"allow":["GET"]}}],"collection":[{"href":"https:\/\/www.istegroup.com\/fr\/wp-json\/wp\/v2\/product"}],"about":[{"href":"https:\/\/www.istegroup.com\/fr\/wp-json\/wp\/v2\/types\/product"}],"wp:featuredmedia":[{"embeddable":true,"href":"https:\/\/www.istegroup.com\/fr\/wp-json\/wp\/v2\/media\/302"}],"wp:attachment":[{"href":"https:\/\/www.istegroup.com\/fr\/wp-json\/wp\/v2\/media?parent=301"}],"wp:term":[{"taxonomy":"product_brand","embeddable":true,"href":"https:\/\/www.istegroup.com\/fr\/wp-json\/wp\/v2\/product_brand?post=301"},{"taxonomy":"product_cat","embeddable":true,"href":"https:\/\/www.istegroup.com\/fr\/wp-json\/wp\/v2\/product_cat?post=301"},{"taxonomy":"product_tag","embeddable":true,"href":"https:\/\/www.istegroup.com\/fr\/wp-json\/wp\/v2\/product_tag?post=301"}],"curies":[{"name":"wp","href":"https:\/\/api.w.org\/{rel}","templated":true}]}}