{"id":299,"date":"2017-07-28T11:47:11","date_gmt":"2017-07-28T09:47:11","guid":{"rendered":"https:\/\/iste.yhello.co\/product\/integrite-du-signal\/"},"modified":"2025-01-02T12:46:33","modified_gmt":"2025-01-02T12:46:33","slug":"integrite-du-signal","status":"publish","type":"product","link":"https:\/\/www.istegroup.com\/fr\/produit\/integrite-du-signal\/","title":{"rendered":"Int\u00e9grit\u00e9 du signal"},"content":{"rendered":"<p><em>Int\u00e9grit\u00e9 du signal<\/em>\u00a0pr\u00e9sente les outils permettant de comprendre les perturbations \u00e9lectromagn\u00e9tiques et de ma\u00eetriser la distorsion des signaux lors de leur propagation sur les interconnexions, du c\u00e2ble au circuit int\u00e9gr\u00e9, en passant par les connecteurs, le circuit imprim\u00e9 (PCB) et les bo\u00eetiers.<\/p>\n<p>Cet ouvrage traite des techniques sp\u00e9cifiques d\u2019analyse et de mesure n\u00e9cessaires au contr\u00f4le et \u00e0 l\u2019optimisation des circuits, particuli\u00e8rement lorsque les bandes de fr\u00e9quences atteignent les radiofr\u00e9quences. Ces techniques incluent la mod\u00e9lisation \u00e9lectromagn\u00e9tique des interconnexions, la conception en imp\u00e9dance contr\u00f4l\u00e9e, la mesure par r\u00e9flectom\u00e9trie temporelle ou par param\u00e8tres S.<\/p>\n<p>Il s\u2019adresse aux concepteurs des circuits et syst\u00e8mes haut d\u00e9bit, dans lesquels les probl\u00e8mes de propagation et de diaphonie deviennent trop importants pour atteindre les performances attendues.<\/p>\n","protected":false},"excerpt":{"rendered":"<p>Int\u00e9grit\u00e9 du signal\u00a0pr\u00e9sente les outils permettant de comprendre les perturbations \u00e9lectromagn\u00e9tiques et de ma\u00eetriser la distorsion des signaux lors de leur propagation sur les interconnexions, du c\u00e2ble au circuit int\u00e9gr\u00e9, en passant par les connecteurs, le circuit imprim\u00e9 (PCB) et les bo\u00eetiers. Cet ouvrage traite des techniques sp\u00e9cifiques d\u2019analyse et de mesure n\u00e9cessaires au contr\u00f4le [&hellip;]<\/p>\n","protected":false},"featured_media":300,"template":"","meta":{"_acf_changed":false,"_links_to":"","_links_to_target":""},"product_brand":[],"product_cat":[727],"product_tag":[1432,1191,31,196,1440,276,1435,1433,1434,197,198,199,21,200,22,201,203,204,63,25,172,209,292,212,38,192,145,28,1436,1437,1438,1439,253],"class_list":{"0":"post-299","1":"product","2":"type-product","3":"status-publish","4":"has-post-thumbnail","6":"product_cat-traitement-du-signal-et-de-limage-12506574","7":"product_tag-circuit-imprime","8":"product_tag-circuits-electroniques","9":"product_tag-ebook","10":"product_tag-ebooks","11":"product_tag-electromagnetiques","12":"product_tag-electronique","13":"product_tag-integrite-du-signal","14":"product_tag-interconnexions","15":"product_tag-interconnexions-haut-debit","16":"product_tag-iste","17":"product_tag-iste-edition","18":"product_tag-iste-editions","19":"product_tag-iste-group","20":"product_tag-isteedition","21":"product_tag-istegroup","22":"product_tag-kindle","23":"product_tag-liseuse","24":"product_tag-livre","25":"product_tag-livre-electronique","26":"product_tag-livre-numerique","27":"product_tag-livre-scientifique","28":"product_tag-livres-scientifiques","29":"product_tag-numerique","30":"product_tag-ouvrage","31":"product_tag-ouvrage-numerique","32":"product_tag-ouvrage-science","33":"product_tag-ouvrage-scientifique","34":"product_tag-ouvrage-scientifique-francais","35":"product_tag-pcb","36":"product_tag-perturbations-electromagnetiques","37":"product_tag-radiofrequences","38":"product_tag-signal","39":"product_tag-technologie","41":"first","42":"instock","43":"shipping-taxable","44":"purchasable","45":"product-type-variable"},"acf":[],"yoast_head":"<!-- This site is optimized with the Yoast SEO plugin v27.2 - https:\/\/yoast.com\/product\/yoast-seo-wordpress\/ -->\n<title>Int\u00e9grit\u00e9 du signal - ISTE Group<\/title>\n<meta name=\"description\" content=\"L&#039;ouvrage pr\u00e9sente les outils permettant de comprendre les perturbations \u00e9lectromagn\u00e9tiques et de ma\u00eetriser la distorsion des signaux lors de leur propagation.\" \/>\n<meta name=\"robots\" content=\"index, follow, max-snippet:-1, max-image-preview:large, max-video-preview:-1\" \/>\n<link rel=\"canonical\" href=\"https:\/\/www.istegroup.com\/produit\/integrite-du-signal\/\" \/>\n<meta property=\"og:locale\" content=\"fr_FR\" \/>\n<meta property=\"og:type\" content=\"article\" \/>\n<meta property=\"og:title\" content=\"Int\u00e9grit\u00e9 du signal - ISTE Group\" \/>\n<meta property=\"og:description\" content=\"L&#039;ouvrage pr\u00e9sente les outils permettant de comprendre les perturbations \u00e9lectromagn\u00e9tiques et de ma\u00eetriser la distorsion des signaux lors de leur propagation.\" \/>\n<meta property=\"og:url\" content=\"https:\/\/www.istegroup.com\/produit\/integrite-du-signal\/\" \/>\n<meta property=\"og:site_name\" content=\"ISTE Group\" \/>\n<meta property=\"article:modified_time\" content=\"2025-01-02T12:46:33+00:00\" \/>\n<meta property=\"og:image\" content=\"https:\/\/www.istegroup.com\/wp-content\/uploads\/2017\/07\/638873877_275515245-1.jpg\" \/>\n\t<meta property=\"og:image:width\" content=\"300\" \/>\n\t<meta property=\"og:image:height\" content=\"453\" \/>\n\t<meta property=\"og:image:type\" content=\"image\/jpeg\" \/>\n<meta name=\"twitter:card\" content=\"summary_large_image\" \/>\n<meta name=\"twitter:label1\" content=\"Est. reading time\" \/>\n\t<meta name=\"twitter:data1\" content=\"1 minute\" \/>\n<script type=\"application\/ld+json\" class=\"yoast-schema-graph\">{\"@context\":\"https:\/\/schema.org\",\"@graph\":[{\"@type\":\"WebPage\",\"@id\":\"https:\/\/www.istegroup.com\/produit\/integrite-du-signal\/\",\"url\":\"https:\/\/www.istegroup.com\/produit\/integrite-du-signal\/\",\"name\":\"Int\u00e9grit\u00e9 du signal - ISTE Group\",\"isPartOf\":{\"@id\":\"https:\/\/www.istegroup.com\/#website\"},\"primaryImageOfPage\":{\"@id\":\"https:\/\/www.istegroup.com\/produit\/integrite-du-signal\/#primaryimage\"},\"image\":{\"@id\":\"https:\/\/www.istegroup.com\/produit\/integrite-du-signal\/#primaryimage\"},\"thumbnailUrl\":\"https:\/\/www.istegroup.com\/wp-content\/uploads\/2017\/07\/638873877_275515245-1.jpg\",\"datePublished\":\"2017-07-28T09:47:11+00:00\",\"dateModified\":\"2025-01-02T12:46:33+00:00\",\"description\":\"L'ouvrage pr\u00e9sente les outils permettant de comprendre les perturbations \u00e9lectromagn\u00e9tiques et de ma\u00eetriser la distorsion des signaux lors de leur propagation.\",\"breadcrumb\":{\"@id\":\"https:\/\/www.istegroup.com\/produit\/integrite-du-signal\/#breadcrumb\"},\"inLanguage\":\"fr-FR\",\"potentialAction\":[{\"@type\":\"ReadAction\",\"target\":[\"https:\/\/www.istegroup.com\/produit\/integrite-du-signal\/\"]}]},{\"@type\":\"ImageObject\",\"inLanguage\":\"fr-FR\",\"@id\":\"https:\/\/www.istegroup.com\/produit\/integrite-du-signal\/#primaryimage\",\"url\":\"https:\/\/www.istegroup.com\/wp-content\/uploads\/2017\/07\/638873877_275515245-1.jpg\",\"contentUrl\":\"https:\/\/www.istegroup.com\/wp-content\/uploads\/2017\/07\/638873877_275515245-1.jpg\",\"width\":300,\"height\":453,\"caption\":\"Compatibilit\u00e9 \u00e9lectromagn\u00e9tique dans les interconnexions haut-d\u00e9bit\"},{\"@type\":\"BreadcrumbList\",\"@id\":\"https:\/\/www.istegroup.com\/produit\/integrite-du-signal\/#breadcrumb\",\"itemListElement\":[{\"@type\":\"ListItem\",\"position\":1,\"name\":\"Home\",\"item\":\"https:\/\/www.istegroup.com\/\"},{\"@type\":\"ListItem\",\"position\":2,\"name\":\"Shop\",\"item\":\"https:\/\/www.istegroup.com\/fr\/nouveautes\/\"},{\"@type\":\"ListItem\",\"position\":3,\"name\":\"Int\u00e9grit\u00e9 du signal\"}]},{\"@type\":\"WebSite\",\"@id\":\"https:\/\/www.istegroup.com\/#website\",\"url\":\"https:\/\/www.istegroup.com\/\",\"name\":\"ISTE Group\",\"description\":\"\u00c9diteur des Sciences\",\"potentialAction\":[{\"@type\":\"SearchAction\",\"target\":{\"@type\":\"EntryPoint\",\"urlTemplate\":\"https:\/\/www.istegroup.com\/?s={search_term_string}\"},\"query-input\":{\"@type\":\"PropertyValueSpecification\",\"valueRequired\":true,\"valueName\":\"search_term_string\"}}],\"inLanguage\":\"fr-FR\"}]}<\/script>\n<!-- \/ Yoast SEO plugin. -->","yoast_head_json":{"title":"Int\u00e9grit\u00e9 du signal - ISTE Group","description":"L'ouvrage pr\u00e9sente les outils permettant de comprendre les perturbations \u00e9lectromagn\u00e9tiques et de ma\u00eetriser la distorsion des signaux lors de leur propagation.","robots":{"index":"index","follow":"follow","max-snippet":"max-snippet:-1","max-image-preview":"max-image-preview:large","max-video-preview":"max-video-preview:-1"},"canonical":"https:\/\/www.istegroup.com\/produit\/integrite-du-signal\/","og_locale":"fr_FR","og_type":"article","og_title":"Int\u00e9grit\u00e9 du signal - ISTE Group","og_description":"L'ouvrage pr\u00e9sente les outils permettant de comprendre les perturbations \u00e9lectromagn\u00e9tiques et de ma\u00eetriser la distorsion des signaux lors de leur propagation.","og_url":"https:\/\/www.istegroup.com\/produit\/integrite-du-signal\/","og_site_name":"ISTE Group","article_modified_time":"2025-01-02T12:46:33+00:00","og_image":[{"width":300,"height":453,"url":"https:\/\/www.istegroup.com\/wp-content\/uploads\/2017\/07\/638873877_275515245-1.jpg","type":"image\/jpeg"}],"twitter_card":"summary_large_image","twitter_misc":{"Est. reading time":"1 minute"},"schema":{"@context":"https:\/\/schema.org","@graph":[{"@type":"WebPage","@id":"https:\/\/www.istegroup.com\/produit\/integrite-du-signal\/","url":"https:\/\/www.istegroup.com\/produit\/integrite-du-signal\/","name":"Int\u00e9grit\u00e9 du signal - ISTE Group","isPartOf":{"@id":"https:\/\/www.istegroup.com\/#website"},"primaryImageOfPage":{"@id":"https:\/\/www.istegroup.com\/produit\/integrite-du-signal\/#primaryimage"},"image":{"@id":"https:\/\/www.istegroup.com\/produit\/integrite-du-signal\/#primaryimage"},"thumbnailUrl":"https:\/\/www.istegroup.com\/wp-content\/uploads\/2017\/07\/638873877_275515245-1.jpg","datePublished":"2017-07-28T09:47:11+00:00","dateModified":"2025-01-02T12:46:33+00:00","description":"L'ouvrage pr\u00e9sente les outils permettant de comprendre les perturbations \u00e9lectromagn\u00e9tiques et de ma\u00eetriser la distorsion des signaux lors de leur propagation.","breadcrumb":{"@id":"https:\/\/www.istegroup.com\/produit\/integrite-du-signal\/#breadcrumb"},"inLanguage":"fr-FR","potentialAction":[{"@type":"ReadAction","target":["https:\/\/www.istegroup.com\/produit\/integrite-du-signal\/"]}]},{"@type":"ImageObject","inLanguage":"fr-FR","@id":"https:\/\/www.istegroup.com\/produit\/integrite-du-signal\/#primaryimage","url":"https:\/\/www.istegroup.com\/wp-content\/uploads\/2017\/07\/638873877_275515245-1.jpg","contentUrl":"https:\/\/www.istegroup.com\/wp-content\/uploads\/2017\/07\/638873877_275515245-1.jpg","width":300,"height":453,"caption":"Compatibilit\u00e9 \u00e9lectromagn\u00e9tique dans les interconnexions haut-d\u00e9bit"},{"@type":"BreadcrumbList","@id":"https:\/\/www.istegroup.com\/produit\/integrite-du-signal\/#breadcrumb","itemListElement":[{"@type":"ListItem","position":1,"name":"Home","item":"https:\/\/www.istegroup.com\/"},{"@type":"ListItem","position":2,"name":"Shop","item":"https:\/\/www.istegroup.com\/fr\/nouveautes\/"},{"@type":"ListItem","position":3,"name":"Int\u00e9grit\u00e9 du signal"}]},{"@type":"WebSite","@id":"https:\/\/www.istegroup.com\/#website","url":"https:\/\/www.istegroup.com\/","name":"ISTE Group","description":"\u00c9diteur des Sciences","potentialAction":[{"@type":"SearchAction","target":{"@type":"EntryPoint","urlTemplate":"https:\/\/www.istegroup.com\/?s={search_term_string}"},"query-input":{"@type":"PropertyValueSpecification","valueRequired":true,"valueName":"search_term_string"}}],"inLanguage":"fr-FR"}]}},"_links":{"self":[{"href":"https:\/\/www.istegroup.com\/fr\/wp-json\/wp\/v2\/product\/299","targetHints":{"allow":["GET"]}}],"collection":[{"href":"https:\/\/www.istegroup.com\/fr\/wp-json\/wp\/v2\/product"}],"about":[{"href":"https:\/\/www.istegroup.com\/fr\/wp-json\/wp\/v2\/types\/product"}],"wp:featuredmedia":[{"embeddable":true,"href":"https:\/\/www.istegroup.com\/fr\/wp-json\/wp\/v2\/media\/300"}],"wp:attachment":[{"href":"https:\/\/www.istegroup.com\/fr\/wp-json\/wp\/v2\/media?parent=299"}],"wp:term":[{"taxonomy":"product_brand","embeddable":true,"href":"https:\/\/www.istegroup.com\/fr\/wp-json\/wp\/v2\/product_brand?post=299"},{"taxonomy":"product_cat","embeddable":true,"href":"https:\/\/www.istegroup.com\/fr\/wp-json\/wp\/v2\/product_cat?post=299"},{"taxonomy":"product_tag","embeddable":true,"href":"https:\/\/www.istegroup.com\/fr\/wp-json\/wp\/v2\/product_tag?post=299"}],"curies":[{"name":"wp","href":"https:\/\/api.w.org\/{rel}","templated":true}]}}