{"id":29112,"date":"2020-12-05T10:21:46","date_gmt":"2020-12-05T10:21:46","guid":{"rendered":"https:\/\/www.istegroup.com\/?post_type=product&#038;p=29112"},"modified":"2024-01-03T13:43:44","modified_gmt":"2024-01-03T13:43:44","slug":"intelligence-artificielle-cybersecurite-et-cyberdefense","status":"publish","type":"product","link":"https:\/\/www.istegroup.com\/fr\/produit\/intelligence-artificielle-cybersecurite-et-cyberdefense\/","title":{"rendered":"Intelligence artificielle, cybers\u00e9curit\u00e9 et cyberd\u00e9fense"},"content":{"rendered":"<p>M\u00eame si l\u2019intelligence artificielle a, d\u00e8s sa naissance dans les ann\u00e9es 1950, retenu toute l\u2019attention des acteurs de la d\u00e9fense dans de nombreux pays du monde, ce n\u2019est qu\u2019une vingtaine d\u2019ann\u00e9es plus tard qu\u2019elle rencontre un r\u00e9el succ\u00e8s avec l\u2019application des syst\u00e8mes experts militaires. Aujourd\u2019hui, l\u2019intelligence artificielle participe pleinement \u00e0 la transformation du cyberespace et \u00e0 la militarisation de ce dernier.<\/p>\n<p>Cet ouvrage retrace et analyse le parcours r\u00e9alis\u00e9 par l\u2019intelligence artificielle dans les domaines de la s\u00e9curit\u00e9 et de la d\u00e9fense dans le monde (\u00c9tats-Unis, Russie, Europe, Asie, etc.). \u00c0 l\u2019\u00e8re du cyberespace, de la cybers\u00e9curit\u00e9 et de la cyberd\u00e9fense, l\u2019intelligence artificielle est mise au service de nouvelles doctrines et strat\u00e9gies militaires. En raison de leurs potentiels effets et de la difficult\u00e9 de leur ma\u00eetrise, les utilisations envisag\u00e9es soul\u00e8vent cependant de tr\u00e8s nombreuses questions aux niveaux tactiques, op\u00e9rationnels, strat\u00e9giques et politiques.<\/p>\n","protected":false},"excerpt":{"rendered":"<p>M\u00eame si l\u2019intelligence artificielle a, d\u00e8s sa naissance dans les ann\u00e9es 1950, retenu toute l\u2019attention des acteurs de la d\u00e9fense dans de nombreux pays du monde, ce n\u2019est qu\u2019une vingtaine d\u2019ann\u00e9es plus tard qu\u2019elle rencontre un r\u00e9el succ\u00e8s avec l\u2019application des syst\u00e8mes experts militaires. Aujourd\u2019hui, l\u2019intelligence artificielle participe pleinement \u00e0 la transformation du cyberespace et [&hellip;]<\/p>\n","protected":false},"featured_media":29116,"template":"","meta":{"_acf_changed":false,"_links_to":"","_links_to_target":""},"product_brand":[],"product_cat":[3262],"product_tag":[],"class_list":{"0":"post-29112","1":"product","2":"type-product","3":"status-publish","4":"has-post-thumbnail","6":"product_cat-non-classe","8":"first","9":"instock","10":"shipping-taxable","11":"purchasable","12":"product-type-variable"},"acf":[],"yoast_head":"<!-- This site is optimized with the Yoast SEO plugin v27.2 - https:\/\/yoast.com\/product\/yoast-seo-wordpress\/ -->\n<title>Intelligence artificielle, cybers\u00e9curit\u00e9 et cyberd\u00e9fense - ISTE Group<\/title>\n<meta name=\"description\" content=\"Cet ouvrage retrace et analyse le parcours r\u00e9alis\u00e9 par l\u2019intelligence artificielle dans les domaines de la s\u00e9curit\u00e9 et de la d\u00e9fense dans le monde (\u00c9tats-Unis, Russie, Europe, Asie, etc.).\" \/>\n<meta name=\"robots\" content=\"index, follow, max-snippet:-1, max-image-preview:large, max-video-preview:-1\" \/>\n<link rel=\"canonical\" href=\"https:\/\/www.istegroup.com\/fr\/produit\/intelligence-artificielle-cybersecurite-et-cyberdefense\/\" \/>\n<meta property=\"og:locale\" content=\"fr_FR\" \/>\n<meta property=\"og:type\" content=\"article\" \/>\n<meta property=\"og:title\" content=\"Intelligence artificielle, cybers\u00e9curit\u00e9 et cyberd\u00e9fense - ISTE Group\" \/>\n<meta property=\"og:description\" content=\"Cet ouvrage retrace et analyse le parcours r\u00e9alis\u00e9 par l\u2019intelligence artificielle dans les domaines de la s\u00e9curit\u00e9 et de la d\u00e9fense dans le monde (\u00c9tats-Unis, Russie, Europe, Asie, etc.).\" \/>\n<meta property=\"og:url\" content=\"https:\/\/www.istegroup.com\/fr\/produit\/intelligence-artificielle-cybersecurite-et-cyberdefense\/\" \/>\n<meta property=\"og:site_name\" content=\"ISTE Group\" \/>\n<meta property=\"article:modified_time\" content=\"2024-01-03T13:43:44+00:00\" \/>\n<meta property=\"og:image\" content=\"https:\/\/www.istegroup.com\/wp-content\/uploads\/2020\/05\/Intelligence-artificielle-cybers\u00e9curit\u00e9-et-cyberd\u00e9fense.jpg\" \/>\n\t<meta property=\"og:image:width\" content=\"300\" \/>\n\t<meta property=\"og:image:height\" content=\"453\" \/>\n\t<meta property=\"og:image:type\" content=\"image\/jpeg\" \/>\n<meta name=\"twitter:card\" content=\"summary_large_image\" \/>\n<meta name=\"twitter:label1\" content=\"Est. reading time\" \/>\n\t<meta name=\"twitter:data1\" content=\"1 minute\" \/>\n<script type=\"application\/ld+json\" class=\"yoast-schema-graph\">{\"@context\":\"https:\/\/schema.org\",\"@graph\":[{\"@type\":\"WebPage\",\"@id\":\"https:\/\/www.istegroup.com\/fr\/produit\/intelligence-artificielle-cybersecurite-et-cyberdefense\/\",\"url\":\"https:\/\/www.istegroup.com\/fr\/produit\/intelligence-artificielle-cybersecurite-et-cyberdefense\/\",\"name\":\"Intelligence artificielle, cybers\u00e9curit\u00e9 et cyberd\u00e9fense - ISTE Group\",\"isPartOf\":{\"@id\":\"https:\/\/www.istegroup.com\/#website\"},\"primaryImageOfPage\":{\"@id\":\"https:\/\/www.istegroup.com\/fr\/produit\/intelligence-artificielle-cybersecurite-et-cyberdefense\/#primaryimage\"},\"image\":{\"@id\":\"https:\/\/www.istegroup.com\/fr\/produit\/intelligence-artificielle-cybersecurite-et-cyberdefense\/#primaryimage\"},\"thumbnailUrl\":\"https:\/\/www.istegroup.com\/wp-content\/uploads\/2020\/05\/Intelligence-artificielle-cybers\u00e9curit\u00e9-et-cyberd\u00e9fense.jpg\",\"datePublished\":\"2020-12-05T10:21:46+00:00\",\"dateModified\":\"2024-01-03T13:43:44+00:00\",\"description\":\"Cet ouvrage retrace et analyse le parcours r\u00e9alis\u00e9 par l\u2019intelligence artificielle dans les domaines de la s\u00e9curit\u00e9 et de la d\u00e9fense dans le monde (\u00c9tats-Unis, Russie, Europe, Asie, etc.).\",\"breadcrumb\":{\"@id\":\"https:\/\/www.istegroup.com\/fr\/produit\/intelligence-artificielle-cybersecurite-et-cyberdefense\/#breadcrumb\"},\"inLanguage\":\"fr-FR\",\"potentialAction\":[{\"@type\":\"ReadAction\",\"target\":[\"https:\/\/www.istegroup.com\/fr\/produit\/intelligence-artificielle-cybersecurite-et-cyberdefense\/\"]}]},{\"@type\":\"ImageObject\",\"inLanguage\":\"fr-FR\",\"@id\":\"https:\/\/www.istegroup.com\/fr\/produit\/intelligence-artificielle-cybersecurite-et-cyberdefense\/#primaryimage\",\"url\":\"https:\/\/www.istegroup.com\/wp-content\/uploads\/2020\/05\/Intelligence-artificielle-cybers\u00e9curit\u00e9-et-cyberd\u00e9fense.jpg\",\"contentUrl\":\"https:\/\/www.istegroup.com\/wp-content\/uploads\/2020\/05\/Intelligence-artificielle-cybers\u00e9curit\u00e9-et-cyberd\u00e9fense.jpg\",\"width\":300,\"height\":453,\"caption\":\"Intelligence artificielle, cybers\u00e9curit\u00e9 et cyberd\u00e9fense\"},{\"@type\":\"BreadcrumbList\",\"@id\":\"https:\/\/www.istegroup.com\/fr\/produit\/intelligence-artificielle-cybersecurite-et-cyberdefense\/#breadcrumb\",\"itemListElement\":[{\"@type\":\"ListItem\",\"position\":1,\"name\":\"Home\",\"item\":\"https:\/\/www.istegroup.com\/\"},{\"@type\":\"ListItem\",\"position\":2,\"name\":\"Shop\",\"item\":\"https:\/\/www.istegroup.com\/fr\/nouveautes\/\"},{\"@type\":\"ListItem\",\"position\":3,\"name\":\"Intelligence artificielle, cybers\u00e9curit\u00e9 et cyberd\u00e9fense\"}]},{\"@type\":\"WebSite\",\"@id\":\"https:\/\/www.istegroup.com\/#website\",\"url\":\"https:\/\/www.istegroup.com\/\",\"name\":\"ISTE Group\",\"description\":\"\u00c9diteur des Sciences\",\"potentialAction\":[{\"@type\":\"SearchAction\",\"target\":{\"@type\":\"EntryPoint\",\"urlTemplate\":\"https:\/\/www.istegroup.com\/?s={search_term_string}\"},\"query-input\":{\"@type\":\"PropertyValueSpecification\",\"valueRequired\":true,\"valueName\":\"search_term_string\"}}],\"inLanguage\":\"fr-FR\"}]}<\/script>\n<!-- \/ Yoast SEO plugin. -->","yoast_head_json":{"title":"Intelligence artificielle, cybers\u00e9curit\u00e9 et cyberd\u00e9fense - ISTE Group","description":"Cet ouvrage retrace et analyse le parcours r\u00e9alis\u00e9 par l\u2019intelligence artificielle dans les domaines de la s\u00e9curit\u00e9 et de la d\u00e9fense dans le monde (\u00c9tats-Unis, Russie, Europe, Asie, etc.).","robots":{"index":"index","follow":"follow","max-snippet":"max-snippet:-1","max-image-preview":"max-image-preview:large","max-video-preview":"max-video-preview:-1"},"canonical":"https:\/\/www.istegroup.com\/fr\/produit\/intelligence-artificielle-cybersecurite-et-cyberdefense\/","og_locale":"fr_FR","og_type":"article","og_title":"Intelligence artificielle, cybers\u00e9curit\u00e9 et cyberd\u00e9fense - ISTE Group","og_description":"Cet ouvrage retrace et analyse le parcours r\u00e9alis\u00e9 par l\u2019intelligence artificielle dans les domaines de la s\u00e9curit\u00e9 et de la d\u00e9fense dans le monde (\u00c9tats-Unis, Russie, Europe, Asie, etc.).","og_url":"https:\/\/www.istegroup.com\/fr\/produit\/intelligence-artificielle-cybersecurite-et-cyberdefense\/","og_site_name":"ISTE Group","article_modified_time":"2024-01-03T13:43:44+00:00","og_image":[{"width":300,"height":453,"url":"https:\/\/www.istegroup.com\/wp-content\/uploads\/2020\/05\/Intelligence-artificielle-cybers\u00e9curit\u00e9-et-cyberd\u00e9fense.jpg","type":"image\/jpeg"}],"twitter_card":"summary_large_image","twitter_misc":{"Est. reading time":"1 minute"},"schema":{"@context":"https:\/\/schema.org","@graph":[{"@type":"WebPage","@id":"https:\/\/www.istegroup.com\/fr\/produit\/intelligence-artificielle-cybersecurite-et-cyberdefense\/","url":"https:\/\/www.istegroup.com\/fr\/produit\/intelligence-artificielle-cybersecurite-et-cyberdefense\/","name":"Intelligence artificielle, cybers\u00e9curit\u00e9 et cyberd\u00e9fense - ISTE Group","isPartOf":{"@id":"https:\/\/www.istegroup.com\/#website"},"primaryImageOfPage":{"@id":"https:\/\/www.istegroup.com\/fr\/produit\/intelligence-artificielle-cybersecurite-et-cyberdefense\/#primaryimage"},"image":{"@id":"https:\/\/www.istegroup.com\/fr\/produit\/intelligence-artificielle-cybersecurite-et-cyberdefense\/#primaryimage"},"thumbnailUrl":"https:\/\/www.istegroup.com\/wp-content\/uploads\/2020\/05\/Intelligence-artificielle-cybers\u00e9curit\u00e9-et-cyberd\u00e9fense.jpg","datePublished":"2020-12-05T10:21:46+00:00","dateModified":"2024-01-03T13:43:44+00:00","description":"Cet ouvrage retrace et analyse le parcours r\u00e9alis\u00e9 par l\u2019intelligence artificielle dans les domaines de la s\u00e9curit\u00e9 et de la d\u00e9fense dans le monde (\u00c9tats-Unis, Russie, Europe, Asie, etc.).","breadcrumb":{"@id":"https:\/\/www.istegroup.com\/fr\/produit\/intelligence-artificielle-cybersecurite-et-cyberdefense\/#breadcrumb"},"inLanguage":"fr-FR","potentialAction":[{"@type":"ReadAction","target":["https:\/\/www.istegroup.com\/fr\/produit\/intelligence-artificielle-cybersecurite-et-cyberdefense\/"]}]},{"@type":"ImageObject","inLanguage":"fr-FR","@id":"https:\/\/www.istegroup.com\/fr\/produit\/intelligence-artificielle-cybersecurite-et-cyberdefense\/#primaryimage","url":"https:\/\/www.istegroup.com\/wp-content\/uploads\/2020\/05\/Intelligence-artificielle-cybers\u00e9curit\u00e9-et-cyberd\u00e9fense.jpg","contentUrl":"https:\/\/www.istegroup.com\/wp-content\/uploads\/2020\/05\/Intelligence-artificielle-cybers\u00e9curit\u00e9-et-cyberd\u00e9fense.jpg","width":300,"height":453,"caption":"Intelligence artificielle, cybers\u00e9curit\u00e9 et cyberd\u00e9fense"},{"@type":"BreadcrumbList","@id":"https:\/\/www.istegroup.com\/fr\/produit\/intelligence-artificielle-cybersecurite-et-cyberdefense\/#breadcrumb","itemListElement":[{"@type":"ListItem","position":1,"name":"Home","item":"https:\/\/www.istegroup.com\/"},{"@type":"ListItem","position":2,"name":"Shop","item":"https:\/\/www.istegroup.com\/fr\/nouveautes\/"},{"@type":"ListItem","position":3,"name":"Intelligence artificielle, cybers\u00e9curit\u00e9 et cyberd\u00e9fense"}]},{"@type":"WebSite","@id":"https:\/\/www.istegroup.com\/#website","url":"https:\/\/www.istegroup.com\/","name":"ISTE Group","description":"\u00c9diteur des Sciences","potentialAction":[{"@type":"SearchAction","target":{"@type":"EntryPoint","urlTemplate":"https:\/\/www.istegroup.com\/?s={search_term_string}"},"query-input":{"@type":"PropertyValueSpecification","valueRequired":true,"valueName":"search_term_string"}}],"inLanguage":"fr-FR"}]}},"_links":{"self":[{"href":"https:\/\/www.istegroup.com\/fr\/wp-json\/wp\/v2\/product\/29112","targetHints":{"allow":["GET"]}}],"collection":[{"href":"https:\/\/www.istegroup.com\/fr\/wp-json\/wp\/v2\/product"}],"about":[{"href":"https:\/\/www.istegroup.com\/fr\/wp-json\/wp\/v2\/types\/product"}],"wp:featuredmedia":[{"embeddable":true,"href":"https:\/\/www.istegroup.com\/fr\/wp-json\/wp\/v2\/media\/29116"}],"wp:attachment":[{"href":"https:\/\/www.istegroup.com\/fr\/wp-json\/wp\/v2\/media?parent=29112"}],"wp:term":[{"taxonomy":"product_brand","embeddable":true,"href":"https:\/\/www.istegroup.com\/fr\/wp-json\/wp\/v2\/product_brand?post=29112"},{"taxonomy":"product_cat","embeddable":true,"href":"https:\/\/www.istegroup.com\/fr\/wp-json\/wp\/v2\/product_cat?post=29112"},{"taxonomy":"product_tag","embeddable":true,"href":"https:\/\/www.istegroup.com\/fr\/wp-json\/wp\/v2\/product_tag?post=29112"}],"curies":[{"name":"wp","href":"https:\/\/api.w.org\/{rel}","templated":true}]}}