{"id":29105,"date":"2020-12-05T10:06:47","date_gmt":"2020-12-05T10:06:47","guid":{"rendered":"https:\/\/www.istegroup.com\/?post_type=product&#038;p=29105"},"modified":"2024-01-03T13:43:44","modified_gmt":"2024-01-03T13:43:44","slug":"reseaux-logiciels-2","status":"publish","type":"product","link":"https:\/\/www.istegroup.com\/fr\/produit\/reseaux-logiciels-2\/","title":{"rendered":"R\u00e9seaux logiciels \u2013 2e \u00e9dition"},"content":{"rendered":"<p><em>R\u00e9seaux logiciels<\/em> introduit les nouveaux concepts utilis\u00e9s dans la prochaine g\u00e9n\u00e9ration de r\u00e9seaux. Ces concepts d\u00e9finissent une architecture fond\u00e9e sur la virtualisation qui donne naissance aux r\u00e9seaux logiciels faisant partie du Cloud.<\/p>\n<p>Cet ouvrage d\u00e9crit la structure des r\u00e9seaux virtuels et leur int\u00e9gration dans les r\u00e9seaux comme la 5G, l\u2019Internet des objets, les r\u00e9seaux tactiles, les r\u00e9seaux v\u00e9hiculaires, les espaces intelligents ou le Wi-Fi. Il aborde \u00e9galement les techniques de s\u00e9curit\u00e9 associ\u00e9es au Cloud et \u00e0 la <em>blockchain<\/em>, apportant la composante s\u00e9curis\u00e9e qui manque tant \u00e0 la g\u00e9n\u00e9ration actuelle.<\/p>\n<p>Cette deuxi\u00e8me \u00e9dition r\u00e9vis\u00e9e et augment\u00e9e comprend cinq nouveaux chapitres pr\u00e9sentant l\u2019importance des logiciels libres pour les r\u00e9seaux, l\u2019informatique mobile, le <em>Fog Networking<\/em>, les r\u00e9seaux v\u00e9hiculaires et l\u2019Internet tactile.<\/p>\n","protected":false},"excerpt":{"rendered":"<p>R\u00e9seaux logiciels introduit les nouveaux concepts utilis\u00e9s dans la prochaine g\u00e9n\u00e9ration de r\u00e9seaux. Ces concepts d\u00e9finissent une architecture fond\u00e9e sur la virtualisation qui donne naissance aux r\u00e9seaux logiciels faisant partie du Cloud. Cet ouvrage d\u00e9crit la structure des r\u00e9seaux virtuels et leur int\u00e9gration dans les r\u00e9seaux comme la 5G, l\u2019Internet des objets, les r\u00e9seaux tactiles, [&hellip;]<\/p>\n","protected":false},"featured_media":29111,"template":"","meta":{"_acf_changed":false,"_links_to":"","_links_to_target":""},"product_brand":[],"product_cat":[3262],"product_tag":[],"class_list":{"0":"post-29105","1":"product","2":"type-product","3":"status-publish","4":"has-post-thumbnail","6":"product_cat-non-classe","8":"first","9":"instock","10":"shipping-taxable","11":"purchasable","12":"product-type-variable"},"acf":[],"yoast_head":"<!-- This site is optimized with the Yoast SEO plugin v27.2 - https:\/\/yoast.com\/product\/yoast-seo-wordpress\/ -->\n<title>R\u00e9seaux logiciels \u2013 2e \u00e9dition - ISTE Group<\/title>\n<meta name=\"description\" content=\"R\u00e9seaux logiciels introduit les nouveaux concepts utilis\u00e9s dans la prochaine g\u00e9n\u00e9ration de r\u00e9seaux.\" \/>\n<meta name=\"robots\" content=\"index, follow, max-snippet:-1, max-image-preview:large, max-video-preview:-1\" \/>\n<link rel=\"canonical\" href=\"https:\/\/www.istegroup.com\/en\/produit\/reseaux-logiciels-2\/\" \/>\n<meta property=\"og:locale\" content=\"fr_FR\" \/>\n<meta property=\"og:type\" content=\"article\" \/>\n<meta property=\"og:title\" content=\"[:fr]R\u00e9seaux logiciels \u2013 2e \u00e9dition[:en]R\u00e9seaux logiciels[:] - ISTE Group\" \/>\n<meta property=\"og:description\" content=\"R\u00e9seaux logiciels introduit les nouveaux concepts utilis\u00e9s dans la prochaine g\u00e9n\u00e9ration de r\u00e9seaux.\" \/>\n<meta property=\"og:url\" content=\"https:\/\/www.istegroup.com\/en\/produit\/reseaux-logiciels-2\/\" \/>\n<meta property=\"og:site_name\" content=\"ISTE Group\" \/>\n<meta property=\"article:modified_time\" content=\"2024-01-03T13:43:44+00:00\" \/>\n<meta property=\"og:image\" content=\"https:\/\/www.istegroup.com\/wp-content\/uploads\/2020\/05\/R\u00e9seaux-logiciels.jpg\" \/>\n\t<meta property=\"og:image:width\" content=\"300\" \/>\n\t<meta property=\"og:image:height\" content=\"452\" \/>\n\t<meta property=\"og:image:type\" content=\"image\/jpeg\" \/>\n<meta name=\"twitter:card\" content=\"summary_large_image\" \/>\n<meta name=\"twitter:label1\" content=\"Est. reading time\" \/>\n\t<meta name=\"twitter:data1\" content=\"1 minute\" \/>\n<script type=\"application\/ld+json\" class=\"yoast-schema-graph\">{\"@context\":\"https:\/\/schema.org\",\"@graph\":[{\"@type\":\"WebPage\",\"@id\":\"https:\/\/www.istegroup.com\/en\/produit\/reseaux-logiciels-2\/\",\"url\":\"https:\/\/www.istegroup.com\/en\/produit\/reseaux-logiciels-2\/\",\"name\":\"[:fr]R\u00e9seaux logiciels \u2013 2e \u00e9dition[:en]R\u00e9seaux logiciels[:] - ISTE Group\",\"isPartOf\":{\"@id\":\"https:\/\/www.istegroup.com\/#website\"},\"primaryImageOfPage\":{\"@id\":\"https:\/\/www.istegroup.com\/en\/produit\/reseaux-logiciels-2\/#primaryimage\"},\"image\":{\"@id\":\"https:\/\/www.istegroup.com\/en\/produit\/reseaux-logiciels-2\/#primaryimage\"},\"thumbnailUrl\":\"https:\/\/www.istegroup.com\/wp-content\/uploads\/2020\/05\/R\u00e9seaux-logiciels.jpg\",\"datePublished\":\"2020-12-05T10:06:47+00:00\",\"dateModified\":\"2024-01-03T13:43:44+00:00\",\"description\":\"R\u00e9seaux logiciels introduit les nouveaux concepts utilis\u00e9s dans la prochaine g\u00e9n\u00e9ration de r\u00e9seaux.\",\"breadcrumb\":{\"@id\":\"https:\/\/www.istegroup.com\/en\/produit\/reseaux-logiciels-2\/#breadcrumb\"},\"inLanguage\":\"fr-FR\",\"potentialAction\":[{\"@type\":\"ReadAction\",\"target\":[\"https:\/\/www.istegroup.com\/en\/produit\/reseaux-logiciels-2\/\"]}]},{\"@type\":\"ImageObject\",\"inLanguage\":\"fr-FR\",\"@id\":\"https:\/\/www.istegroup.com\/en\/produit\/reseaux-logiciels-2\/#primaryimage\",\"url\":\"https:\/\/www.istegroup.com\/wp-content\/uploads\/2020\/05\/R\u00e9seaux-logiciels.jpg\",\"contentUrl\":\"https:\/\/www.istegroup.com\/wp-content\/uploads\/2020\/05\/R\u00e9seaux-logiciels.jpg\",\"width\":300,\"height\":452,\"caption\":\"R\u00e9seaux logiciels\"},{\"@type\":\"BreadcrumbList\",\"@id\":\"https:\/\/www.istegroup.com\/en\/produit\/reseaux-logiciels-2\/#breadcrumb\",\"itemListElement\":[{\"@type\":\"ListItem\",\"position\":1,\"name\":\"Home\",\"item\":\"https:\/\/www.istegroup.com\/\"},{\"@type\":\"ListItem\",\"position\":2,\"name\":\"Shop\",\"item\":\"https:\/\/www.istegroup.com\/fr\/nouveautes\/\"},{\"@type\":\"ListItem\",\"position\":3,\"name\":\"R\u00e9seaux logiciels\"}]},{\"@type\":\"WebSite\",\"@id\":\"https:\/\/www.istegroup.com\/#website\",\"url\":\"https:\/\/www.istegroup.com\/\",\"name\":\"ISTE Group\",\"description\":\"\u00c9diteur des Sciences\",\"potentialAction\":[{\"@type\":\"SearchAction\",\"target\":{\"@type\":\"EntryPoint\",\"urlTemplate\":\"https:\/\/www.istegroup.com\/?s={search_term_string}\"},\"query-input\":{\"@type\":\"PropertyValueSpecification\",\"valueRequired\":true,\"valueName\":\"search_term_string\"}}],\"inLanguage\":\"fr-FR\"}]}<\/script>\n<!-- \/ Yoast SEO plugin. -->","yoast_head_json":{"title":"[:fr]R\u00e9seaux logiciels \u2013 2e \u00e9dition[:en]R\u00e9seaux logiciels[:] - ISTE Group","description":"R\u00e9seaux logiciels introduit les nouveaux concepts utilis\u00e9s dans la prochaine g\u00e9n\u00e9ration de r\u00e9seaux.","robots":{"index":"index","follow":"follow","max-snippet":"max-snippet:-1","max-image-preview":"max-image-preview:large","max-video-preview":"max-video-preview:-1"},"canonical":"https:\/\/www.istegroup.com\/en\/produit\/reseaux-logiciels-2\/","og_locale":"fr_FR","og_type":"article","og_title":"[:fr]R\u00e9seaux logiciels \u2013 2e \u00e9dition[:en]R\u00e9seaux logiciels[:] - ISTE Group","og_description":"R\u00e9seaux logiciels introduit les nouveaux concepts utilis\u00e9s dans la prochaine g\u00e9n\u00e9ration de r\u00e9seaux.","og_url":"https:\/\/www.istegroup.com\/en\/produit\/reseaux-logiciels-2\/","og_site_name":"ISTE Group","article_modified_time":"2024-01-03T13:43:44+00:00","og_image":[{"width":300,"height":452,"url":"https:\/\/www.istegroup.com\/wp-content\/uploads\/2020\/05\/R\u00e9seaux-logiciels.jpg","type":"image\/jpeg"}],"twitter_card":"summary_large_image","twitter_misc":{"Est. reading time":"1 minute"},"schema":{"@context":"https:\/\/schema.org","@graph":[{"@type":"WebPage","@id":"https:\/\/www.istegroup.com\/en\/produit\/reseaux-logiciels-2\/","url":"https:\/\/www.istegroup.com\/en\/produit\/reseaux-logiciels-2\/","name":"[:fr]R\u00e9seaux logiciels \u2013 2e \u00e9dition[:en]R\u00e9seaux logiciels[:] - ISTE Group","isPartOf":{"@id":"https:\/\/www.istegroup.com\/#website"},"primaryImageOfPage":{"@id":"https:\/\/www.istegroup.com\/en\/produit\/reseaux-logiciels-2\/#primaryimage"},"image":{"@id":"https:\/\/www.istegroup.com\/en\/produit\/reseaux-logiciels-2\/#primaryimage"},"thumbnailUrl":"https:\/\/www.istegroup.com\/wp-content\/uploads\/2020\/05\/R\u00e9seaux-logiciels.jpg","datePublished":"2020-12-05T10:06:47+00:00","dateModified":"2024-01-03T13:43:44+00:00","description":"R\u00e9seaux logiciels introduit les nouveaux concepts utilis\u00e9s dans la prochaine g\u00e9n\u00e9ration de r\u00e9seaux.","breadcrumb":{"@id":"https:\/\/www.istegroup.com\/en\/produit\/reseaux-logiciels-2\/#breadcrumb"},"inLanguage":"fr-FR","potentialAction":[{"@type":"ReadAction","target":["https:\/\/www.istegroup.com\/en\/produit\/reseaux-logiciels-2\/"]}]},{"@type":"ImageObject","inLanguage":"fr-FR","@id":"https:\/\/www.istegroup.com\/en\/produit\/reseaux-logiciels-2\/#primaryimage","url":"https:\/\/www.istegroup.com\/wp-content\/uploads\/2020\/05\/R\u00e9seaux-logiciels.jpg","contentUrl":"https:\/\/www.istegroup.com\/wp-content\/uploads\/2020\/05\/R\u00e9seaux-logiciels.jpg","width":300,"height":452,"caption":"R\u00e9seaux logiciels"},{"@type":"BreadcrumbList","@id":"https:\/\/www.istegroup.com\/en\/produit\/reseaux-logiciels-2\/#breadcrumb","itemListElement":[{"@type":"ListItem","position":1,"name":"Home","item":"https:\/\/www.istegroup.com\/"},{"@type":"ListItem","position":2,"name":"Shop","item":"https:\/\/www.istegroup.com\/fr\/nouveautes\/"},{"@type":"ListItem","position":3,"name":"R\u00e9seaux logiciels"}]},{"@type":"WebSite","@id":"https:\/\/www.istegroup.com\/#website","url":"https:\/\/www.istegroup.com\/","name":"ISTE Group","description":"\u00c9diteur des Sciences","potentialAction":[{"@type":"SearchAction","target":{"@type":"EntryPoint","urlTemplate":"https:\/\/www.istegroup.com\/?s={search_term_string}"},"query-input":{"@type":"PropertyValueSpecification","valueRequired":true,"valueName":"search_term_string"}}],"inLanguage":"fr-FR"}]}},"_links":{"self":[{"href":"https:\/\/www.istegroup.com\/fr\/wp-json\/wp\/v2\/product\/29105","targetHints":{"allow":["GET"]}}],"collection":[{"href":"https:\/\/www.istegroup.com\/fr\/wp-json\/wp\/v2\/product"}],"about":[{"href":"https:\/\/www.istegroup.com\/fr\/wp-json\/wp\/v2\/types\/product"}],"wp:featuredmedia":[{"embeddable":true,"href":"https:\/\/www.istegroup.com\/fr\/wp-json\/wp\/v2\/media\/29111"}],"wp:attachment":[{"href":"https:\/\/www.istegroup.com\/fr\/wp-json\/wp\/v2\/media?parent=29105"}],"wp:term":[{"taxonomy":"product_brand","embeddable":true,"href":"https:\/\/www.istegroup.com\/fr\/wp-json\/wp\/v2\/product_brand?post=29105"},{"taxonomy":"product_cat","embeddable":true,"href":"https:\/\/www.istegroup.com\/fr\/wp-json\/wp\/v2\/product_cat?post=29105"},{"taxonomy":"product_tag","embeddable":true,"href":"https:\/\/www.istegroup.com\/fr\/wp-json\/wp\/v2\/product_tag?post=29105"}],"curies":[{"name":"wp","href":"https:\/\/api.w.org\/{rel}","templated":true}]}}