{"id":29096,"date":"2020-12-05T10:40:07","date_gmt":"2020-12-05T10:40:07","guid":{"rendered":"https:\/\/www.istegroup.com\/?post_type=product&#038;p=29096"},"modified":"2024-01-03T13:43:44","modified_gmt":"2024-01-03T13:43:44","slug":"analyse-dimensionnelle-et-similitude-en-mecanique-des-fluides","status":"publish","type":"product","link":"https:\/\/www.istegroup.com\/fr\/produit\/analyse-dimensionnelle-et-similitude-en-mecanique-des-fluides\/","title":{"rendered":"Analyse dimensionnelle et similitude en m\u00e9canique des fluides"},"content":{"rendered":"<p>L\u2019analyse dimensionnelle est \u00e0 la base de la d\u00e9termination des lois permettant de transposer les r\u00e9sultats exp\u00e9rimentaux obtenus sur une maquette au syst\u00e8me fluide \u00e0 l\u2019\u00e9chelle r\u00e9elle (prototype). La similitude en m\u00e9canique des fluides va ensuite permettre de mieux red\u00e9finir son analyse, par le retrait d\u2019\u00e9l\u00e9ments sans dimensions.<\/p>\n<p>Cet ouvrage traite de ces deux outils, tout en se focalisant sur la m\u00e9thode de Rayleigh et la m\u00e9thode de Vaschy-Buckingham. Il porte sur l\u2019homog\u00e9n\u00e9it\u00e9 des \u00e9quations et la conversion entre les syst\u00e8mes d\u2019unit\u00e9 (SI) et (CGS) et pr\u00e9sente la d\u00e9marche d\u2019analyse dimensionnelle, avant d\u2019aborder la similitude des \u00e9coulements.<\/p>\n<p><em>Analyse dimensionnelle et similitude en m\u00e9canique des fluides<\/em> propose un mod\u00e8le r\u00e9duit et pr\u00e9sente de nombreux exercices conjuguant ces deux approches. Son contenu est accessible \u00e0 partir de la premi\u00e8re ann\u00e9e de licence.<\/p>\n","protected":false},"excerpt":{"rendered":"<p>L\u2019analyse dimensionnelle est \u00e0 la base de la d\u00e9termination des lois permettant de transposer les r\u00e9sultats exp\u00e9rimentaux obtenus sur une maquette au syst\u00e8me fluide \u00e0 l\u2019\u00e9chelle r\u00e9elle (prototype). La similitude en m\u00e9canique des fluides va ensuite permettre de mieux red\u00e9finir son analyse, par le retrait d\u2019\u00e9l\u00e9ments sans dimensions. Cet ouvrage traite de ces deux outils, [&hellip;]<\/p>\n","protected":false},"featured_media":29099,"template":"","meta":{"_acf_changed":false,"_links_to":"","_links_to_target":""},"product_brand":[],"product_cat":[3262],"product_tag":[],"class_list":{"0":"post-29096","1":"product","2":"type-product","3":"status-publish","4":"has-post-thumbnail","6":"product_cat-non-classe","8":"first","9":"instock","10":"shipping-taxable","11":"purchasable","12":"product-type-variable"},"acf":[],"yoast_head":"<!-- This site is optimized with the Yoast SEO plugin v27.2 - https:\/\/yoast.com\/product\/yoast-seo-wordpress\/ -->\n<title>Analyse dimensionnelle et similitude en m\u00e9canique des fluides - ISTE Group<\/title>\n<meta name=\"description\" content=\"Analyse dimensionnelle et similitude en m\u00e9canique des fluides traite de ces deux outils, tout en se focalisant sur la m\u00e9thode de Rayleigh et la m\u00e9thode de Vaschy-Buckingham.\" \/>\n<meta name=\"robots\" content=\"index, follow, max-snippet:-1, max-image-preview:large, max-video-preview:-1\" \/>\n<link rel=\"canonical\" href=\"https:\/\/www.istegroup.com\/fr\/produit\/analyse-dimensionnelle-et-similitude-en-mecanique-des-fluides\/\" \/>\n<meta property=\"og:locale\" content=\"fr_FR\" \/>\n<meta property=\"og:type\" content=\"article\" \/>\n<meta property=\"og:title\" content=\"Analyse dimensionnelle et similitude en m\u00e9canique des fluides - ISTE Group\" \/>\n<meta property=\"og:description\" content=\"Analyse dimensionnelle et similitude en m\u00e9canique des fluides traite de ces deux outils, tout en se focalisant sur la m\u00e9thode de Rayleigh et la m\u00e9thode de Vaschy-Buckingham.\" \/>\n<meta property=\"og:url\" content=\"https:\/\/www.istegroup.com\/fr\/produit\/analyse-dimensionnelle-et-similitude-en-mecanique-des-fluides\/\" \/>\n<meta property=\"og:site_name\" content=\"ISTE Group\" \/>\n<meta property=\"article:modified_time\" content=\"2024-01-03T13:43:44+00:00\" \/>\n<meta property=\"og:image\" content=\"https:\/\/www.istegroup.com\/wp-content\/uploads\/2020\/05\/Analyse-dimensionnelle-et-similitude-en-m\u00e9canique-des-fluides.jpg\" \/>\n\t<meta property=\"og:image:width\" content=\"300\" \/>\n\t<meta property=\"og:image:height\" content=\"452\" \/>\n\t<meta property=\"og:image:type\" content=\"image\/jpeg\" \/>\n<meta name=\"twitter:card\" content=\"summary_large_image\" \/>\n<meta name=\"twitter:label1\" content=\"Est. reading time\" \/>\n\t<meta name=\"twitter:data1\" content=\"1 minute\" \/>\n<script type=\"application\/ld+json\" class=\"yoast-schema-graph\">{\"@context\":\"https:\/\/schema.org\",\"@graph\":[{\"@type\":\"WebPage\",\"@id\":\"https:\/\/www.istegroup.com\/fr\/produit\/analyse-dimensionnelle-et-similitude-en-mecanique-des-fluides\/\",\"url\":\"https:\/\/www.istegroup.com\/fr\/produit\/analyse-dimensionnelle-et-similitude-en-mecanique-des-fluides\/\",\"name\":\"Analyse dimensionnelle et similitude en m\u00e9canique des fluides - ISTE Group\",\"isPartOf\":{\"@id\":\"https:\/\/www.istegroup.com\/#website\"},\"primaryImageOfPage\":{\"@id\":\"https:\/\/www.istegroup.com\/fr\/produit\/analyse-dimensionnelle-et-similitude-en-mecanique-des-fluides\/#primaryimage\"},\"image\":{\"@id\":\"https:\/\/www.istegroup.com\/fr\/produit\/analyse-dimensionnelle-et-similitude-en-mecanique-des-fluides\/#primaryimage\"},\"thumbnailUrl\":\"https:\/\/www.istegroup.com\/wp-content\/uploads\/2020\/05\/Analyse-dimensionnelle-et-similitude-en-m\u00e9canique-des-fluides.jpg\",\"datePublished\":\"2020-12-05T10:40:07+00:00\",\"dateModified\":\"2024-01-03T13:43:44+00:00\",\"description\":\"Analyse dimensionnelle et similitude en m\u00e9canique des fluides traite de ces deux outils, tout en se focalisant sur la m\u00e9thode de Rayleigh et la m\u00e9thode de Vaschy-Buckingham.\",\"breadcrumb\":{\"@id\":\"https:\/\/www.istegroup.com\/fr\/produit\/analyse-dimensionnelle-et-similitude-en-mecanique-des-fluides\/#breadcrumb\"},\"inLanguage\":\"fr-FR\",\"potentialAction\":[{\"@type\":\"ReadAction\",\"target\":[\"https:\/\/www.istegroup.com\/fr\/produit\/analyse-dimensionnelle-et-similitude-en-mecanique-des-fluides\/\"]}]},{\"@type\":\"ImageObject\",\"inLanguage\":\"fr-FR\",\"@id\":\"https:\/\/www.istegroup.com\/fr\/produit\/analyse-dimensionnelle-et-similitude-en-mecanique-des-fluides\/#primaryimage\",\"url\":\"https:\/\/www.istegroup.com\/wp-content\/uploads\/2020\/05\/Analyse-dimensionnelle-et-similitude-en-m\u00e9canique-des-fluides.jpg\",\"contentUrl\":\"https:\/\/www.istegroup.com\/wp-content\/uploads\/2020\/05\/Analyse-dimensionnelle-et-similitude-en-m\u00e9canique-des-fluides.jpg\",\"width\":300,\"height\":452,\"caption\":\"Analyse dimensionnelle et similitude en m\u00e9canique des fluides\"},{\"@type\":\"BreadcrumbList\",\"@id\":\"https:\/\/www.istegroup.com\/fr\/produit\/analyse-dimensionnelle-et-similitude-en-mecanique-des-fluides\/#breadcrumb\",\"itemListElement\":[{\"@type\":\"ListItem\",\"position\":1,\"name\":\"Home\",\"item\":\"https:\/\/www.istegroup.com\/\"},{\"@type\":\"ListItem\",\"position\":2,\"name\":\"Shop\",\"item\":\"https:\/\/www.istegroup.com\/fr\/nouveautes\/\"},{\"@type\":\"ListItem\",\"position\":3,\"name\":\"Analyse dimensionnelle et similitude en m\u00e9canique des fluides\"}]},{\"@type\":\"WebSite\",\"@id\":\"https:\/\/www.istegroup.com\/#website\",\"url\":\"https:\/\/www.istegroup.com\/\",\"name\":\"ISTE Group\",\"description\":\"\u00c9diteur des Sciences\",\"potentialAction\":[{\"@type\":\"SearchAction\",\"target\":{\"@type\":\"EntryPoint\",\"urlTemplate\":\"https:\/\/www.istegroup.com\/?s={search_term_string}\"},\"query-input\":{\"@type\":\"PropertyValueSpecification\",\"valueRequired\":true,\"valueName\":\"search_term_string\"}}],\"inLanguage\":\"fr-FR\"}]}<\/script>\n<!-- \/ Yoast SEO plugin. -->","yoast_head_json":{"title":"Analyse dimensionnelle et similitude en m\u00e9canique des fluides - ISTE Group","description":"Analyse dimensionnelle et similitude en m\u00e9canique des fluides traite de ces deux outils, tout en se focalisant sur la m\u00e9thode de Rayleigh et la m\u00e9thode de Vaschy-Buckingham.","robots":{"index":"index","follow":"follow","max-snippet":"max-snippet:-1","max-image-preview":"max-image-preview:large","max-video-preview":"max-video-preview:-1"},"canonical":"https:\/\/www.istegroup.com\/fr\/produit\/analyse-dimensionnelle-et-similitude-en-mecanique-des-fluides\/","og_locale":"fr_FR","og_type":"article","og_title":"Analyse dimensionnelle et similitude en m\u00e9canique des fluides - ISTE Group","og_description":"Analyse dimensionnelle et similitude en m\u00e9canique des fluides traite de ces deux outils, tout en se focalisant sur la m\u00e9thode de Rayleigh et la m\u00e9thode de Vaschy-Buckingham.","og_url":"https:\/\/www.istegroup.com\/fr\/produit\/analyse-dimensionnelle-et-similitude-en-mecanique-des-fluides\/","og_site_name":"ISTE Group","article_modified_time":"2024-01-03T13:43:44+00:00","og_image":[{"width":300,"height":452,"url":"https:\/\/www.istegroup.com\/wp-content\/uploads\/2020\/05\/Analyse-dimensionnelle-et-similitude-en-m\u00e9canique-des-fluides.jpg","type":"image\/jpeg"}],"twitter_card":"summary_large_image","twitter_misc":{"Est. reading time":"1 minute"},"schema":{"@context":"https:\/\/schema.org","@graph":[{"@type":"WebPage","@id":"https:\/\/www.istegroup.com\/fr\/produit\/analyse-dimensionnelle-et-similitude-en-mecanique-des-fluides\/","url":"https:\/\/www.istegroup.com\/fr\/produit\/analyse-dimensionnelle-et-similitude-en-mecanique-des-fluides\/","name":"Analyse dimensionnelle et similitude en m\u00e9canique des fluides - ISTE Group","isPartOf":{"@id":"https:\/\/www.istegroup.com\/#website"},"primaryImageOfPage":{"@id":"https:\/\/www.istegroup.com\/fr\/produit\/analyse-dimensionnelle-et-similitude-en-mecanique-des-fluides\/#primaryimage"},"image":{"@id":"https:\/\/www.istegroup.com\/fr\/produit\/analyse-dimensionnelle-et-similitude-en-mecanique-des-fluides\/#primaryimage"},"thumbnailUrl":"https:\/\/www.istegroup.com\/wp-content\/uploads\/2020\/05\/Analyse-dimensionnelle-et-similitude-en-m\u00e9canique-des-fluides.jpg","datePublished":"2020-12-05T10:40:07+00:00","dateModified":"2024-01-03T13:43:44+00:00","description":"Analyse dimensionnelle et similitude en m\u00e9canique des fluides traite de ces deux outils, tout en se focalisant sur la m\u00e9thode de Rayleigh et la m\u00e9thode de Vaschy-Buckingham.","breadcrumb":{"@id":"https:\/\/www.istegroup.com\/fr\/produit\/analyse-dimensionnelle-et-similitude-en-mecanique-des-fluides\/#breadcrumb"},"inLanguage":"fr-FR","potentialAction":[{"@type":"ReadAction","target":["https:\/\/www.istegroup.com\/fr\/produit\/analyse-dimensionnelle-et-similitude-en-mecanique-des-fluides\/"]}]},{"@type":"ImageObject","inLanguage":"fr-FR","@id":"https:\/\/www.istegroup.com\/fr\/produit\/analyse-dimensionnelle-et-similitude-en-mecanique-des-fluides\/#primaryimage","url":"https:\/\/www.istegroup.com\/wp-content\/uploads\/2020\/05\/Analyse-dimensionnelle-et-similitude-en-m\u00e9canique-des-fluides.jpg","contentUrl":"https:\/\/www.istegroup.com\/wp-content\/uploads\/2020\/05\/Analyse-dimensionnelle-et-similitude-en-m\u00e9canique-des-fluides.jpg","width":300,"height":452,"caption":"Analyse dimensionnelle et similitude en m\u00e9canique des fluides"},{"@type":"BreadcrumbList","@id":"https:\/\/www.istegroup.com\/fr\/produit\/analyse-dimensionnelle-et-similitude-en-mecanique-des-fluides\/#breadcrumb","itemListElement":[{"@type":"ListItem","position":1,"name":"Home","item":"https:\/\/www.istegroup.com\/"},{"@type":"ListItem","position":2,"name":"Shop","item":"https:\/\/www.istegroup.com\/fr\/nouveautes\/"},{"@type":"ListItem","position":3,"name":"Analyse dimensionnelle et similitude en m\u00e9canique des fluides"}]},{"@type":"WebSite","@id":"https:\/\/www.istegroup.com\/#website","url":"https:\/\/www.istegroup.com\/","name":"ISTE Group","description":"\u00c9diteur des Sciences","potentialAction":[{"@type":"SearchAction","target":{"@type":"EntryPoint","urlTemplate":"https:\/\/www.istegroup.com\/?s={search_term_string}"},"query-input":{"@type":"PropertyValueSpecification","valueRequired":true,"valueName":"search_term_string"}}],"inLanguage":"fr-FR"}]}},"_links":{"self":[{"href":"https:\/\/www.istegroup.com\/fr\/wp-json\/wp\/v2\/product\/29096","targetHints":{"allow":["GET"]}}],"collection":[{"href":"https:\/\/www.istegroup.com\/fr\/wp-json\/wp\/v2\/product"}],"about":[{"href":"https:\/\/www.istegroup.com\/fr\/wp-json\/wp\/v2\/types\/product"}],"wp:featuredmedia":[{"embeddable":true,"href":"https:\/\/www.istegroup.com\/fr\/wp-json\/wp\/v2\/media\/29099"}],"wp:attachment":[{"href":"https:\/\/www.istegroup.com\/fr\/wp-json\/wp\/v2\/media?parent=29096"}],"wp:term":[{"taxonomy":"product_brand","embeddable":true,"href":"https:\/\/www.istegroup.com\/fr\/wp-json\/wp\/v2\/product_brand?post=29096"},{"taxonomy":"product_cat","embeddable":true,"href":"https:\/\/www.istegroup.com\/fr\/wp-json\/wp\/v2\/product_cat?post=29096"},{"taxonomy":"product_tag","embeddable":true,"href":"https:\/\/www.istegroup.com\/fr\/wp-json\/wp\/v2\/product_tag?post=29096"}],"curies":[{"name":"wp","href":"https:\/\/api.w.org\/{rel}","templated":true}]}}