{"id":289,"date":"2017-07-28T11:46:48","date_gmt":"2017-07-28T09:46:48","guid":{"rendered":"https:\/\/iste.yhello.co\/product\/identification-par-radiofrequence\/"},"modified":"2024-01-03T14:29:09","modified_gmt":"2024-01-03T14:29:09","slug":"identification-par-radiofrequence","status":"publish","type":"product","link":"https:\/\/www.istegroup.com\/fr\/produit\/identification-par-radiofrequence\/","title":{"rendered":"Identification par radiofr\u00e9quence"},"content":{"rendered":"<p>Une technologie alliant la flexibilit\u00e9 d\u2019utilisation des ondes radiofr\u00e9quences au faible co\u00fbt des codes-barres est particuli\u00e8rement attendue. Bas\u00e9e sur la transmission d\u2019ondes RF, la RFID se pr\u00e9sente comme une r\u00e9ponse pertinente, poss\u00e9dant de nombreuses fonctionnalit\u00e9s, comme des fonctions capteur. Ces derni\u00e8res ne peuvent \u00eatre mises en oeuvre avec des codes-barres, aujourd\u2019hui omnipr\u00e9sents et en apparence ind\u00e9tr\u00f4nables, du fait de leur simplicit\u00e9 d\u2019utilisation et de leur co\u00fbt extr\u00eamement bas.<\/p>\n<p>Cet ouvrage pr\u00e9sente la RFID sans puce, technologie dont l\u2019\u00e9tiquette pr\u00e9sente un aspect et un mode d\u2019impression semblables aux codes-barres, et dispose d\u2019une signature radar qui porte son identifiant. Ses caract\u00e9ristiques, aussi bien sur un plan technique qu\u2019\u00e9conomique, sont analys\u00e9es.<\/p>\n<p>Tourn\u00e9 vers l\u2019avenir, <em>Identification par radiofr\u00e9quence<\/em> explicite en quoi la RFID sans puce, de par un mode de lecture flexible, simple et aussi peu co\u00fbteux que le code-barres, a de bonnes chances d\u2019\u00eatre le substitut de ce dernier.<\/p>\n","protected":false},"excerpt":{"rendered":"<p>Cet ouvrage pr\u00e9sente la RFID sans puce, technologie dont l\u2019\u00e9tiquette pr\u00e9sente un aspect et un mode d\u2019impression semblables aux codes-barres, et dispose d\u2019une signature radar qui porte son identifiant.<\/p>\n","protected":false},"featured_media":290,"template":"","meta":{"_acf_changed":false,"_links_to":"","_links_to_target":""},"product_brand":[],"product_cat":[679],"product_tag":[31,196,1413,1414,197,198,199,21,200,22,201,203,204,63,25,172,209,292,281,212,38,192,145,28,1415,1416,253,262,316,1417],"class_list":{"0":"post-289","1":"product","2":"type-product","3":"status-publish","4":"has-post-thumbnail","6":"product_cat-rseaux-et-tlcommunications-12506534","7":"product_tag-ebook","8":"product_tag-ebooks","9":"product_tag-identification","10":"product_tag-identification-par-radiofrequence","11":"product_tag-iste","12":"product_tag-iste-edition","13":"product_tag-iste-editions","14":"product_tag-iste-group","15":"product_tag-isteedition","16":"product_tag-istegroup","17":"product_tag-kindle","18":"product_tag-liseuse","19":"product_tag-livre","20":"product_tag-livre-electronique","21":"product_tag-livre-numerique","22":"product_tag-livre-scientifique","23":"product_tag-livres-scientifiques","24":"product_tag-numerique","25":"product_tag-ondes","26":"product_tag-ouvrage","27":"product_tag-ouvrage-numerique","28":"product_tag-ouvrage-science","29":"product_tag-ouvrage-scientifique","30":"product_tag-ouvrage-scientifique-francais","31":"product_tag-radiofrequence","32":"product_tag-rfid","33":"product_tag-technologie","34":"product_tag-technologies","35":"product_tag-telecommunications","36":"product_tag-transmission","38":"first","39":"instock","40":"shipping-taxable","41":"purchasable","42":"product-type-variable"},"acf":[],"yoast_head":"<!-- This site is optimized with the Yoast SEO plugin v27.2 - https:\/\/yoast.com\/product\/yoast-seo-wordpress\/ -->\n<title>Identification par radiofr\u00e9quence - ISTE Group<\/title>\n<meta name=\"description\" content=\"Cet ouvrage pr\u00e9sente la RFID sans puce, technologie dont l\u2019\u00e9tiquette pr\u00e9sente un aspect et un mode d\u2019impression semblables aux codes-barres.\" \/>\n<meta name=\"robots\" content=\"index, follow, max-snippet:-1, max-image-preview:large, max-video-preview:-1\" \/>\n<link rel=\"canonical\" href=\"https:\/\/www.istegroup.com\/fr\/produit\/identification-par-radiofrequence\/\" \/>\n<meta property=\"og:locale\" content=\"fr_FR\" \/>\n<meta property=\"og:type\" content=\"article\" \/>\n<meta property=\"og:title\" content=\"Identification par radiofr\u00e9quence - ISTE Group\" \/>\n<meta property=\"og:description\" content=\"Cet ouvrage pr\u00e9sente la RFID sans puce, technologie dont l\u2019\u00e9tiquette pr\u00e9sente un aspect et un mode d\u2019impression semblables aux codes-barres.\" \/>\n<meta property=\"og:url\" content=\"https:\/\/www.istegroup.com\/fr\/produit\/identification-par-radiofrequence\/\" \/>\n<meta property=\"og:site_name\" content=\"ISTE Group\" \/>\n<meta property=\"article:modified_time\" content=\"2024-01-03T14:29:09+00:00\" \/>\n<meta property=\"og:image\" content=\"https:\/\/www.istegroup.com\/wp-content\/uploads\/2017\/07\/1037736945_367850785-1.jpg\" \/>\n\t<meta property=\"og:image:width\" content=\"300\" \/>\n\t<meta property=\"og:image:height\" content=\"452\" \/>\n\t<meta property=\"og:image:type\" content=\"image\/jpeg\" \/>\n<meta name=\"twitter:card\" content=\"summary_large_image\" \/>\n<meta name=\"twitter:label1\" content=\"Est. reading time\" \/>\n\t<meta name=\"twitter:data1\" content=\"1 minute\" \/>\n<script type=\"application\/ld+json\" class=\"yoast-schema-graph\">{\"@context\":\"https:\/\/schema.org\",\"@graph\":[{\"@type\":\"WebPage\",\"@id\":\"https:\/\/www.istegroup.com\/fr\/produit\/identification-par-radiofrequence\/\",\"url\":\"https:\/\/www.istegroup.com\/fr\/produit\/identification-par-radiofrequence\/\",\"name\":\"Identification par radiofr\u00e9quence - ISTE Group\",\"isPartOf\":{\"@id\":\"https:\/\/www.istegroup.com\/#website\"},\"primaryImageOfPage\":{\"@id\":\"https:\/\/www.istegroup.com\/fr\/produit\/identification-par-radiofrequence\/#primaryimage\"},\"image\":{\"@id\":\"https:\/\/www.istegroup.com\/fr\/produit\/identification-par-radiofrequence\/#primaryimage\"},\"thumbnailUrl\":\"https:\/\/www.istegroup.com\/wp-content\/uploads\/2017\/07\/1037736945_367850785-1.jpg\",\"datePublished\":\"2017-07-28T09:46:48+00:00\",\"dateModified\":\"2024-01-03T14:29:09+00:00\",\"description\":\"Cet ouvrage pr\u00e9sente la RFID sans puce, technologie dont l\u2019\u00e9tiquette pr\u00e9sente un aspect et un mode d\u2019impression semblables aux codes-barres.\",\"breadcrumb\":{\"@id\":\"https:\/\/www.istegroup.com\/fr\/produit\/identification-par-radiofrequence\/#breadcrumb\"},\"inLanguage\":\"fr-FR\",\"potentialAction\":[{\"@type\":\"ReadAction\",\"target\":[\"https:\/\/www.istegroup.com\/fr\/produit\/identification-par-radiofrequence\/\"]}]},{\"@type\":\"ImageObject\",\"inLanguage\":\"fr-FR\",\"@id\":\"https:\/\/www.istegroup.com\/fr\/produit\/identification-par-radiofrequence\/#primaryimage\",\"url\":\"https:\/\/www.istegroup.com\/wp-content\/uploads\/2017\/07\/1037736945_367850785-1.jpg\",\"contentUrl\":\"https:\/\/www.istegroup.com\/wp-content\/uploads\/2017\/07\/1037736945_367850785-1.jpg\",\"width\":300,\"height\":452,\"caption\":\"De la RFID \u00e0 la RFID sans puce\"},{\"@type\":\"BreadcrumbList\",\"@id\":\"https:\/\/www.istegroup.com\/fr\/produit\/identification-par-radiofrequence\/#breadcrumb\",\"itemListElement\":[{\"@type\":\"ListItem\",\"position\":1,\"name\":\"Home\",\"item\":\"https:\/\/www.istegroup.com\/\"},{\"@type\":\"ListItem\",\"position\":2,\"name\":\"Shop\",\"item\":\"https:\/\/www.istegroup.com\/fr\/nouveautes\/\"},{\"@type\":\"ListItem\",\"position\":3,\"name\":\"Identification par radiofr\u00e9quence\"}]},{\"@type\":\"WebSite\",\"@id\":\"https:\/\/www.istegroup.com\/#website\",\"url\":\"https:\/\/www.istegroup.com\/\",\"name\":\"ISTE Group\",\"description\":\"\u00c9diteur des Sciences\",\"potentialAction\":[{\"@type\":\"SearchAction\",\"target\":{\"@type\":\"EntryPoint\",\"urlTemplate\":\"https:\/\/www.istegroup.com\/?s={search_term_string}\"},\"query-input\":{\"@type\":\"PropertyValueSpecification\",\"valueRequired\":true,\"valueName\":\"search_term_string\"}}],\"inLanguage\":\"fr-FR\"}]}<\/script>\n<!-- \/ Yoast SEO plugin. -->","yoast_head_json":{"title":"Identification par radiofr\u00e9quence - ISTE Group","description":"Cet ouvrage pr\u00e9sente la RFID sans puce, technologie dont l\u2019\u00e9tiquette pr\u00e9sente un aspect et un mode d\u2019impression semblables aux codes-barres.","robots":{"index":"index","follow":"follow","max-snippet":"max-snippet:-1","max-image-preview":"max-image-preview:large","max-video-preview":"max-video-preview:-1"},"canonical":"https:\/\/www.istegroup.com\/fr\/produit\/identification-par-radiofrequence\/","og_locale":"fr_FR","og_type":"article","og_title":"Identification par radiofr\u00e9quence - ISTE Group","og_description":"Cet ouvrage pr\u00e9sente la RFID sans puce, technologie dont l\u2019\u00e9tiquette pr\u00e9sente un aspect et un mode d\u2019impression semblables aux codes-barres.","og_url":"https:\/\/www.istegroup.com\/fr\/produit\/identification-par-radiofrequence\/","og_site_name":"ISTE Group","article_modified_time":"2024-01-03T14:29:09+00:00","og_image":[{"width":300,"height":452,"url":"https:\/\/www.istegroup.com\/wp-content\/uploads\/2017\/07\/1037736945_367850785-1.jpg","type":"image\/jpeg"}],"twitter_card":"summary_large_image","twitter_misc":{"Est. reading time":"1 minute"},"schema":{"@context":"https:\/\/schema.org","@graph":[{"@type":"WebPage","@id":"https:\/\/www.istegroup.com\/fr\/produit\/identification-par-radiofrequence\/","url":"https:\/\/www.istegroup.com\/fr\/produit\/identification-par-radiofrequence\/","name":"Identification par radiofr\u00e9quence - ISTE Group","isPartOf":{"@id":"https:\/\/www.istegroup.com\/#website"},"primaryImageOfPage":{"@id":"https:\/\/www.istegroup.com\/fr\/produit\/identification-par-radiofrequence\/#primaryimage"},"image":{"@id":"https:\/\/www.istegroup.com\/fr\/produit\/identification-par-radiofrequence\/#primaryimage"},"thumbnailUrl":"https:\/\/www.istegroup.com\/wp-content\/uploads\/2017\/07\/1037736945_367850785-1.jpg","datePublished":"2017-07-28T09:46:48+00:00","dateModified":"2024-01-03T14:29:09+00:00","description":"Cet ouvrage pr\u00e9sente la RFID sans puce, technologie dont l\u2019\u00e9tiquette pr\u00e9sente un aspect et un mode d\u2019impression semblables aux codes-barres.","breadcrumb":{"@id":"https:\/\/www.istegroup.com\/fr\/produit\/identification-par-radiofrequence\/#breadcrumb"},"inLanguage":"fr-FR","potentialAction":[{"@type":"ReadAction","target":["https:\/\/www.istegroup.com\/fr\/produit\/identification-par-radiofrequence\/"]}]},{"@type":"ImageObject","inLanguage":"fr-FR","@id":"https:\/\/www.istegroup.com\/fr\/produit\/identification-par-radiofrequence\/#primaryimage","url":"https:\/\/www.istegroup.com\/wp-content\/uploads\/2017\/07\/1037736945_367850785-1.jpg","contentUrl":"https:\/\/www.istegroup.com\/wp-content\/uploads\/2017\/07\/1037736945_367850785-1.jpg","width":300,"height":452,"caption":"De la RFID \u00e0 la RFID sans puce"},{"@type":"BreadcrumbList","@id":"https:\/\/www.istegroup.com\/fr\/produit\/identification-par-radiofrequence\/#breadcrumb","itemListElement":[{"@type":"ListItem","position":1,"name":"Home","item":"https:\/\/www.istegroup.com\/"},{"@type":"ListItem","position":2,"name":"Shop","item":"https:\/\/www.istegroup.com\/fr\/nouveautes\/"},{"@type":"ListItem","position":3,"name":"Identification par radiofr\u00e9quence"}]},{"@type":"WebSite","@id":"https:\/\/www.istegroup.com\/#website","url":"https:\/\/www.istegroup.com\/","name":"ISTE Group","description":"\u00c9diteur des Sciences","potentialAction":[{"@type":"SearchAction","target":{"@type":"EntryPoint","urlTemplate":"https:\/\/www.istegroup.com\/?s={search_term_string}"},"query-input":{"@type":"PropertyValueSpecification","valueRequired":true,"valueName":"search_term_string"}}],"inLanguage":"fr-FR"}]}},"_links":{"self":[{"href":"https:\/\/www.istegroup.com\/fr\/wp-json\/wp\/v2\/product\/289","targetHints":{"allow":["GET"]}}],"collection":[{"href":"https:\/\/www.istegroup.com\/fr\/wp-json\/wp\/v2\/product"}],"about":[{"href":"https:\/\/www.istegroup.com\/fr\/wp-json\/wp\/v2\/types\/product"}],"wp:featuredmedia":[{"embeddable":true,"href":"https:\/\/www.istegroup.com\/fr\/wp-json\/wp\/v2\/media\/290"}],"wp:attachment":[{"href":"https:\/\/www.istegroup.com\/fr\/wp-json\/wp\/v2\/media?parent=289"}],"wp:term":[{"taxonomy":"product_brand","embeddable":true,"href":"https:\/\/www.istegroup.com\/fr\/wp-json\/wp\/v2\/product_brand?post=289"},{"taxonomy":"product_cat","embeddable":true,"href":"https:\/\/www.istegroup.com\/fr\/wp-json\/wp\/v2\/product_cat?post=289"},{"taxonomy":"product_tag","embeddable":true,"href":"https:\/\/www.istegroup.com\/fr\/wp-json\/wp\/v2\/product_tag?post=289"}],"curies":[{"name":"wp","href":"https:\/\/api.w.org\/{rel}","templated":true}]}}