{"id":271,"date":"2017-07-28T11:17:57","date_gmt":"2017-07-28T09:17:57","guid":{"rendered":"https:\/\/iste.yhello.co\/product\/gestion-et-valorisation-du-stockage-de-lenergie-dans-les-reseaux-electriques\/"},"modified":"2024-01-03T14:25:34","modified_gmt":"2024-01-03T14:25:34","slug":"gestion-et-valorisation-du-stockage-de-lenergie-dans-les-reseaux-electriques","status":"publish","type":"product","link":"https:\/\/www.istegroup.com\/fr\/produit\/gestion-et-valorisation-du-stockage-de-lenergie-dans-les-reseaux-electriques\/","title":{"rendered":"Gestion et valorisation du stockage de l\u2019\u00e9nergie dans les r\u00e9seaux \u00e9lectriques"},"content":{"rendered":"<p>L\u2019essor des \u00e9nergies renouvelables et le besoin de moyens de transport d\u00e9carbonn\u00e9s donnent un nouvel int\u00e9r\u00eat pour le stockage de l\u2019\u00e9nergie devenu d\u00e9sormais un \u00e9l\u00e9ment cl\u00e9 du d\u00e9veloppement durable.<\/p>\n<p><em>Gestion et valorisation du stockage de l\u2019\u00e9nergie dans les r\u00e9seaux \u00e9lectriques<\/em>\u00a0pr\u00e9sente et compare les diff\u00e9rentes technologies de stockage mises en \u0153uvre \u00e0 l\u2019heure actuelle. Dans une perspective de d\u00e9veloppement durable, il \u00e9tudie plus particuli\u00e8rement l\u2019importance de la gestion \u00e9nerg\u00e9tique de syst\u00e8mes associant source d\u2019\u00e9nergie \u00e0 base de ressources renouvelables et unit\u00e9s de stockage, pour leur int\u00e9gration harmonieuse au sein des r\u00e9seaux \u00e9lectriques intelligents\u00a0<em>(smart grids<\/em>).<\/p>\n<p>P\u00e9dagogique, cet ouvrage propose \u00e9galement des outils m\u00e9thodologiques et des exemples concrets permettant la mise en place d\u2019un syst\u00e8me de gestion \u00e9nerg\u00e9tique du stockage.<\/p>\n","protected":false},"excerpt":{"rendered":"<p><em>Gestion et valorisation du stockage de l\u2019\u00e9nergie dans les r\u00e9seaux \u00e9lectriques<\/em>\u00a0pr\u00e9sente et compare les diff\u00e9rentes technologies de stockage mises en \u0153uvre \u00e0 l\u2019heure actuelle.<\/p>\n","protected":false},"featured_media":272,"template":"","meta":{"_acf_changed":false,"_links_to":"","_links_to_target":""},"product_brand":[],"product_cat":[660],"product_tag":[1356,1357,31,196,276,832,382,1358,197,198,199,21,200,22,201,203,204,63,25,172,209,1359,1360,212,38,192,145,28,642,225,1361,1171,1362,1363,1364,1365,1366,1367],"class_list":{"0":"post-271","1":"product","2":"type-product","3":"status-publish","4":"has-post-thumbnail","6":"product_cat-energie-12506414","7":"product_tag-air-comprime-adiabatique","8":"product_tag-construction","9":"product_tag-ebook","10":"product_tag-ebooks","11":"product_tag-electronique","12":"product_tag-gestion","13":"product_tag-gestion-des-connaissances-et-innovation","14":"product_tag-gestion-et-valorisation-du-stockage-de-lenergie-dans-les-reseaux-electriques","15":"product_tag-iste","16":"product_tag-iste-edition","17":"product_tag-iste-editions","18":"product_tag-iste-group","19":"product_tag-isteedition","20":"product_tag-istegroup","21":"product_tag-kindle","22":"product_tag-liseuse","23":"product_tag-livre","24":"product_tag-livre-electronique","25":"product_tag-livre-numerique","26":"product_tag-livre-scientifique","27":"product_tag-livres-scientifiques","28":"product_tag-logique-floue","29":"product_tag-multisources-multistockages","30":"product_tag-ouvrage","31":"product_tag-ouvrage-numerique","32":"product_tag-ouvrage-science","33":"product_tag-ouvrage-scientifique","34":"product_tag-ouvrage-scientifique-francais","35":"product_tag-reseaux-electrique","36":"product_tag-reseaux-electriques","37":"product_tag-source-hybride","38":"product_tag-stockage","39":"product_tag-stockage-de-denergie","40":"product_tag-stockage-de-lenergie","41":"product_tag-stockage-inertiel","42":"product_tag-superviseur","43":"product_tag-systeme-hybride-eolien-diesel","44":"product_tag-valorisation","46":"first","47":"instock","48":"shipping-taxable","49":"purchasable","50":"product-type-variable"},"acf":[],"yoast_head":"<!-- This site is optimized with the Yoast SEO plugin v27.2 - https:\/\/yoast.com\/product\/yoast-seo-wordpress\/ -->\n<title>Gestion et valorisation du stockage de l\u2019\u00e9nergie dans les r\u00e9seaux \u00e9lectriques - ISTE Group<\/title>\n<meta name=\"description\" content=\"Cet ouvrage propose des outils m\u00e9thodologiques et des exemples concrets permettant la mise en place d\u2019un syst\u00e8me de gestion \u00e9nerg\u00e9tique du stockage.\" \/>\n<meta name=\"robots\" content=\"index, follow, max-snippet:-1, max-image-preview:large, max-video-preview:-1\" \/>\n<link rel=\"canonical\" href=\"https:\/\/www.istegroup.com\/fr\/produit\/gestion-et-valorisation-du-stockage-de-lenergie-dans-les-reseaux-electriques\/\" \/>\n<meta property=\"og:locale\" content=\"fr_FR\" \/>\n<meta property=\"og:type\" content=\"article\" \/>\n<meta property=\"og:title\" content=\"Gestion et valorisation du stockage de l\u2019\u00e9nergie dans les r\u00e9seaux \u00e9lectriques - ISTE Group\" \/>\n<meta property=\"og:description\" content=\"Cet ouvrage propose des outils m\u00e9thodologiques et des exemples concrets permettant la mise en place d\u2019un syst\u00e8me de gestion \u00e9nerg\u00e9tique du stockage.\" \/>\n<meta property=\"og:url\" content=\"https:\/\/www.istegroup.com\/fr\/produit\/gestion-et-valorisation-du-stockage-de-lenergie-dans-les-reseaux-electriques\/\" \/>\n<meta property=\"og:site_name\" content=\"ISTE Group\" \/>\n<meta property=\"article:modified_time\" content=\"2024-01-03T14:25:34+00:00\" \/>\n<meta property=\"og:image\" content=\"https:\/\/www.istegroup.com\/wp-content\/uploads\/2017\/07\/1235212772_429841744-1.jpg\" \/>\n\t<meta property=\"og:image:width\" content=\"300\" \/>\n\t<meta property=\"og:image:height\" content=\"451\" \/>\n\t<meta property=\"og:image:type\" content=\"image\/jpeg\" \/>\n<meta name=\"twitter:card\" content=\"summary_large_image\" \/>\n<meta name=\"twitter:label1\" content=\"Est. reading time\" \/>\n\t<meta name=\"twitter:data1\" content=\"1 minute\" \/>\n<script type=\"application\/ld+json\" class=\"yoast-schema-graph\">{\"@context\":\"https:\/\/schema.org\",\"@graph\":[{\"@type\":\"WebPage\",\"@id\":\"https:\/\/www.istegroup.com\/fr\/produit\/gestion-et-valorisation-du-stockage-de-lenergie-dans-les-reseaux-electriques\/\",\"url\":\"https:\/\/www.istegroup.com\/fr\/produit\/gestion-et-valorisation-du-stockage-de-lenergie-dans-les-reseaux-electriques\/\",\"name\":\"Gestion et valorisation du stockage de l\u2019\u00e9nergie dans les r\u00e9seaux \u00e9lectriques - ISTE Group\",\"isPartOf\":{\"@id\":\"https:\/\/www.istegroup.com\/#website\"},\"primaryImageOfPage\":{\"@id\":\"https:\/\/www.istegroup.com\/fr\/produit\/gestion-et-valorisation-du-stockage-de-lenergie-dans-les-reseaux-electriques\/#primaryimage\"},\"image\":{\"@id\":\"https:\/\/www.istegroup.com\/fr\/produit\/gestion-et-valorisation-du-stockage-de-lenergie-dans-les-reseaux-electriques\/#primaryimage\"},\"thumbnailUrl\":\"https:\/\/www.istegroup.com\/wp-content\/uploads\/2017\/07\/1235212772_429841744-1.jpg\",\"datePublished\":\"2017-07-28T09:17:57+00:00\",\"dateModified\":\"2024-01-03T14:25:34+00:00\",\"description\":\"Cet ouvrage propose des outils m\u00e9thodologiques et des exemples concrets permettant la mise en place d\u2019un syst\u00e8me de gestion \u00e9nerg\u00e9tique du stockage.\",\"breadcrumb\":{\"@id\":\"https:\/\/www.istegroup.com\/fr\/produit\/gestion-et-valorisation-du-stockage-de-lenergie-dans-les-reseaux-electriques\/#breadcrumb\"},\"inLanguage\":\"fr-FR\",\"potentialAction\":[{\"@type\":\"ReadAction\",\"target\":[\"https:\/\/www.istegroup.com\/fr\/produit\/gestion-et-valorisation-du-stockage-de-lenergie-dans-les-reseaux-electriques\/\"]}]},{\"@type\":\"ImageObject\",\"inLanguage\":\"fr-FR\",\"@id\":\"https:\/\/www.istegroup.com\/fr\/produit\/gestion-et-valorisation-du-stockage-de-lenergie-dans-les-reseaux-electriques\/#primaryimage\",\"url\":\"https:\/\/www.istegroup.com\/wp-content\/uploads\/2017\/07\/1235212772_429841744-1.jpg\",\"contentUrl\":\"https:\/\/www.istegroup.com\/wp-content\/uploads\/2017\/07\/1235212772_429841744-1.jpg\",\"width\":300,\"height\":451,\"caption\":\"Gestion et valorisation du stockage de l\u2019\u00e9nergie dans les r\u00e9seaux \u00e9lectriques\"},{\"@type\":\"BreadcrumbList\",\"@id\":\"https:\/\/www.istegroup.com\/fr\/produit\/gestion-et-valorisation-du-stockage-de-lenergie-dans-les-reseaux-electriques\/#breadcrumb\",\"itemListElement\":[{\"@type\":\"ListItem\",\"position\":1,\"name\":\"Home\",\"item\":\"https:\/\/www.istegroup.com\/\"},{\"@type\":\"ListItem\",\"position\":2,\"name\":\"Shop\",\"item\":\"https:\/\/www.istegroup.com\/fr\/nouveautes\/\"},{\"@type\":\"ListItem\",\"position\":3,\"name\":\"Gestion et valorisation du stockage de l\u2019\u00e9nergie dans les r\u00e9seaux \u00e9lectriques\"}]},{\"@type\":\"WebSite\",\"@id\":\"https:\/\/www.istegroup.com\/#website\",\"url\":\"https:\/\/www.istegroup.com\/\",\"name\":\"ISTE Group\",\"description\":\"\u00c9diteur des Sciences\",\"potentialAction\":[{\"@type\":\"SearchAction\",\"target\":{\"@type\":\"EntryPoint\",\"urlTemplate\":\"https:\/\/www.istegroup.com\/?s={search_term_string}\"},\"query-input\":{\"@type\":\"PropertyValueSpecification\",\"valueRequired\":true,\"valueName\":\"search_term_string\"}}],\"inLanguage\":\"fr-FR\"}]}<\/script>\n<!-- \/ Yoast SEO plugin. -->","yoast_head_json":{"title":"Gestion et valorisation du stockage de l\u2019\u00e9nergie dans les r\u00e9seaux \u00e9lectriques - ISTE Group","description":"Cet ouvrage propose des outils m\u00e9thodologiques et des exemples concrets permettant la mise en place d\u2019un syst\u00e8me de gestion \u00e9nerg\u00e9tique du stockage.","robots":{"index":"index","follow":"follow","max-snippet":"max-snippet:-1","max-image-preview":"max-image-preview:large","max-video-preview":"max-video-preview:-1"},"canonical":"https:\/\/www.istegroup.com\/fr\/produit\/gestion-et-valorisation-du-stockage-de-lenergie-dans-les-reseaux-electriques\/","og_locale":"fr_FR","og_type":"article","og_title":"Gestion et valorisation du stockage de l\u2019\u00e9nergie dans les r\u00e9seaux \u00e9lectriques - ISTE Group","og_description":"Cet ouvrage propose des outils m\u00e9thodologiques et des exemples concrets permettant la mise en place d\u2019un syst\u00e8me de gestion \u00e9nerg\u00e9tique du stockage.","og_url":"https:\/\/www.istegroup.com\/fr\/produit\/gestion-et-valorisation-du-stockage-de-lenergie-dans-les-reseaux-electriques\/","og_site_name":"ISTE Group","article_modified_time":"2024-01-03T14:25:34+00:00","og_image":[{"width":300,"height":451,"url":"https:\/\/www.istegroup.com\/wp-content\/uploads\/2017\/07\/1235212772_429841744-1.jpg","type":"image\/jpeg"}],"twitter_card":"summary_large_image","twitter_misc":{"Est. reading time":"1 minute"},"schema":{"@context":"https:\/\/schema.org","@graph":[{"@type":"WebPage","@id":"https:\/\/www.istegroup.com\/fr\/produit\/gestion-et-valorisation-du-stockage-de-lenergie-dans-les-reseaux-electriques\/","url":"https:\/\/www.istegroup.com\/fr\/produit\/gestion-et-valorisation-du-stockage-de-lenergie-dans-les-reseaux-electriques\/","name":"Gestion et valorisation du stockage de l\u2019\u00e9nergie dans les r\u00e9seaux \u00e9lectriques - ISTE Group","isPartOf":{"@id":"https:\/\/www.istegroup.com\/#website"},"primaryImageOfPage":{"@id":"https:\/\/www.istegroup.com\/fr\/produit\/gestion-et-valorisation-du-stockage-de-lenergie-dans-les-reseaux-electriques\/#primaryimage"},"image":{"@id":"https:\/\/www.istegroup.com\/fr\/produit\/gestion-et-valorisation-du-stockage-de-lenergie-dans-les-reseaux-electriques\/#primaryimage"},"thumbnailUrl":"https:\/\/www.istegroup.com\/wp-content\/uploads\/2017\/07\/1235212772_429841744-1.jpg","datePublished":"2017-07-28T09:17:57+00:00","dateModified":"2024-01-03T14:25:34+00:00","description":"Cet ouvrage propose des outils m\u00e9thodologiques et des exemples concrets permettant la mise en place d\u2019un syst\u00e8me de gestion \u00e9nerg\u00e9tique du stockage.","breadcrumb":{"@id":"https:\/\/www.istegroup.com\/fr\/produit\/gestion-et-valorisation-du-stockage-de-lenergie-dans-les-reseaux-electriques\/#breadcrumb"},"inLanguage":"fr-FR","potentialAction":[{"@type":"ReadAction","target":["https:\/\/www.istegroup.com\/fr\/produit\/gestion-et-valorisation-du-stockage-de-lenergie-dans-les-reseaux-electriques\/"]}]},{"@type":"ImageObject","inLanguage":"fr-FR","@id":"https:\/\/www.istegroup.com\/fr\/produit\/gestion-et-valorisation-du-stockage-de-lenergie-dans-les-reseaux-electriques\/#primaryimage","url":"https:\/\/www.istegroup.com\/wp-content\/uploads\/2017\/07\/1235212772_429841744-1.jpg","contentUrl":"https:\/\/www.istegroup.com\/wp-content\/uploads\/2017\/07\/1235212772_429841744-1.jpg","width":300,"height":451,"caption":"Gestion et valorisation du stockage de l\u2019\u00e9nergie dans les r\u00e9seaux \u00e9lectriques"},{"@type":"BreadcrumbList","@id":"https:\/\/www.istegroup.com\/fr\/produit\/gestion-et-valorisation-du-stockage-de-lenergie-dans-les-reseaux-electriques\/#breadcrumb","itemListElement":[{"@type":"ListItem","position":1,"name":"Home","item":"https:\/\/www.istegroup.com\/"},{"@type":"ListItem","position":2,"name":"Shop","item":"https:\/\/www.istegroup.com\/fr\/nouveautes\/"},{"@type":"ListItem","position":3,"name":"Gestion et valorisation du stockage de l\u2019\u00e9nergie dans les r\u00e9seaux \u00e9lectriques"}]},{"@type":"WebSite","@id":"https:\/\/www.istegroup.com\/#website","url":"https:\/\/www.istegroup.com\/","name":"ISTE Group","description":"\u00c9diteur des Sciences","potentialAction":[{"@type":"SearchAction","target":{"@type":"EntryPoint","urlTemplate":"https:\/\/www.istegroup.com\/?s={search_term_string}"},"query-input":{"@type":"PropertyValueSpecification","valueRequired":true,"valueName":"search_term_string"}}],"inLanguage":"fr-FR"}]}},"_links":{"self":[{"href":"https:\/\/www.istegroup.com\/fr\/wp-json\/wp\/v2\/product\/271","targetHints":{"allow":["GET"]}}],"collection":[{"href":"https:\/\/www.istegroup.com\/fr\/wp-json\/wp\/v2\/product"}],"about":[{"href":"https:\/\/www.istegroup.com\/fr\/wp-json\/wp\/v2\/types\/product"}],"wp:featuredmedia":[{"embeddable":true,"href":"https:\/\/www.istegroup.com\/fr\/wp-json\/wp\/v2\/media\/272"}],"wp:attachment":[{"href":"https:\/\/www.istegroup.com\/fr\/wp-json\/wp\/v2\/media?parent=271"}],"wp:term":[{"taxonomy":"product_brand","embeddable":true,"href":"https:\/\/www.istegroup.com\/fr\/wp-json\/wp\/v2\/product_brand?post=271"},{"taxonomy":"product_cat","embeddable":true,"href":"https:\/\/www.istegroup.com\/fr\/wp-json\/wp\/v2\/product_cat?post=271"},{"taxonomy":"product_tag","embeddable":true,"href":"https:\/\/www.istegroup.com\/fr\/wp-json\/wp\/v2\/product_tag?post=271"}],"curies":[{"name":"wp","href":"https:\/\/api.w.org\/{rel}","templated":true}]}}