{"id":269,"date":"2017-07-28T11:17:52","date_gmt":"2017-07-28T09:17:52","guid":{"rendered":"https:\/\/iste.yhello.co\/product\/gestion-des-connaissances-et-innovation\/"},"modified":"2024-01-03T13:39:10","modified_gmt":"2024-01-03T13:39:10","slug":"gestion-des-connaissances-et-innovation","status":"publish","type":"product","link":"https:\/\/www.istegroup.com\/fr\/produit\/gestion-des-connaissances-et-innovation\/","title":{"rendered":"Gestion des connaissances et innovation"},"content":{"rendered":"<p>La s\u00e9rie\u00a0<em>Smart innovation<\/em>\u00a0pr\u00e9sente les th\u00e8mes li\u00e9s \u00e0 la dynamique technologique, entrepreneuriale, territoriale et \u00e9conomique de l&rsquo;innovation. Elle privil\u00e9gie les approches novatrices des acteurs qui, par leurs comportements, strat\u00e9gies et politiques d&rsquo;innovation intelligente, modifient les mod\u00e8les \u00e9conomiques dans une perspective de croissance durable.<\/p>\n<p>Abord\u00e9es comme deux notions intimement li\u00e9es, la gestion des connaissances et la gestion de l\u2019innovation connaissent un changement radical. L\u2019extension g\u00e9ographique des march\u00e9s et l\u2019intensification de la concurrence ont conduit les entreprises \u00e0 exp\u00e9rimenter de nouvelles approches de l\u2019innovation. Des formes d\u2019organisation in\u00e9dites ont \u00e9merg\u00e9, selon lesquelles les entreprises collaborent avec divers intervenants afin de cr\u00e9er, d\u2019absorber, d\u2019int\u00e9grer et de prot\u00e9ger les connaissances.<\/p>\n<p><em>Gestion des connaissances et innovation<\/em>\u00a0analyse comment les pratiques de gestion des connaissances \u00e9voluent gr\u00e2ce \u00e0 la mise en place de mod\u00e8les d\u2019innovation interactifs, collaboratifs et ouverts des entreprises. Il identifie d\u2019abord les processus d\u2019acquisition et d\u2019assimilation des connaissances impliqu\u00e9s dans les diff\u00e9rentes phases de l\u2019innovation. Puis les typologies op\u00e9rationnelles sont d\u00e9taill\u00e9es et expliqu\u00e9es afin de comprendre les capacit\u00e9s d\u2019innovation des entreprises et leurs pratiques de gestion des connaissances. Enfin, l\u2019ouvrage propose une \u00e9tude des principales caract\u00e9ristiques des quatre mod\u00e8les d\u2019innovation interactive : l\u2019innovation ouverte, l\u2019innovation par les utilisateurs, l\u2019innovation avec les communaut\u00e9s et le\u00a0<em>crowdsourcing<\/em>.<\/p>\n","protected":false},"excerpt":{"rendered":"<p>La s\u00e9rie\u00a0Smart innovation\u00a0pr\u00e9sente les th\u00e8mes li\u00e9s \u00e0 la dynamique technologique, entrepreneuriale, territoriale et \u00e9conomique de l&rsquo;innovation. Elle privil\u00e9gie les approches novatrices des acteurs qui, par leurs comportements, strat\u00e9gies et politiques d&rsquo;innovation intelligente, modifient les mod\u00e8les \u00e9conomiques dans une perspective de croissance durable. Abord\u00e9es comme deux notions intimement li\u00e9es, la gestion des connaissances et la gestion [&hellip;]<\/p>\n","protected":false},"featured_media":270,"template":"","meta":{"_acf_changed":false,"_links_to":"","_links_to_target":""},"product_brand":[],"product_cat":[670,675,720],"product_tag":[1342,1343,1344,1345,1346,1347,1005,31,196,135,1349,832,1350,382,289,1351,1352,197,198,199,21,200,22,201,203,204,63,25,172,209,1353,212,38,192,145,28,1354,1355],"class_list":{"0":"post-269","1":"product","2":"type-product","3":"status-publish","4":"has-post-thumbnail","6":"product_cat-innovation-entrepreneuriat-et-gestion-11041751","7":"product_cat-nouveauts-12519446","8":"product_cat-srie-smart-innovation-58568196","9":"product_tag-acquisition-des-connaissances","10":"product_tag-amel-attour","11":"product_tag-assimilation-des-connaissances","12":"product_tag-barbaroux","13":"product_tag-collaboratif","14":"product_tag-concurrence","15":"product_tag-connaissances","16":"product_tag-ebook","17":"product_tag-ebooks","18":"product_tag-entreprise","19":"product_tag-eric-schenk","20":"product_tag-gestion","21":"product_tag-gestion-des-connaissances","22":"product_tag-gestion-des-connaissances-et-innovation","23":"product_tag-innovation","24":"product_tag-interactif","25":"product_tag-intervenants","26":"product_tag-iste","27":"product_tag-iste-edition","28":"product_tag-iste-editions","29":"product_tag-iste-group","30":"product_tag-isteedition","31":"product_tag-istegroup","32":"product_tag-kindle","33":"product_tag-liseuse","34":"product_tag-livre","35":"product_tag-livre-electronique","36":"product_tag-livre-numerique","37":"product_tag-livre-scientifique","38":"product_tag-livres-scientifiques","39":"product_tag-marches","40":"product_tag-ouvrage","41":"product_tag-ouvrage-numerique","42":"product_tag-ouvrage-science","43":"product_tag-ouvrage-scientifique","44":"product_tag-ouvrage-scientifique-francais","45":"product_tag-pierre-barbaroux","46":"product_tag-typologies","48":"first","49":"instock","50":"shipping-taxable","51":"purchasable","52":"product-type-variable"},"acf":[],"yoast_head":"<!-- This site is optimized with the Yoast SEO plugin v27.2 - https:\/\/yoast.com\/product\/yoast-seo-wordpress\/ -->\n<title>Gestion des connaissances et innovation - ISTE Group<\/title>\n<meta name=\"description\" content=\"L&#039;ouvrage analyse comment les pratiques de gestion des connaissances \u00e9voluent gr\u00e2ce \u00e0 la mise en place de mod\u00e8les d\u2019innovation interactifs des entreprises\" \/>\n<meta name=\"robots\" content=\"index, follow, max-snippet:-1, max-image-preview:large, max-video-preview:-1\" \/>\n<link rel=\"canonical\" href=\"https:\/\/www.istegroup.com\/fr\/produit\/gestion-des-connaissances-et-innovation\/\" \/>\n<meta property=\"og:locale\" content=\"fr_FR\" \/>\n<meta property=\"og:type\" content=\"article\" \/>\n<meta property=\"og:title\" content=\"Gestion des connaissances et innovation - ISTE Group\" \/>\n<meta property=\"og:description\" content=\"L&#039;ouvrage analyse comment les pratiques de gestion des connaissances \u00e9voluent gr\u00e2ce \u00e0 la mise en place de mod\u00e8les d\u2019innovation interactifs des entreprises\" \/>\n<meta property=\"og:url\" content=\"https:\/\/www.istegroup.com\/fr\/produit\/gestion-des-connaissances-et-innovation\/\" \/>\n<meta property=\"og:site_name\" content=\"ISTE Group\" \/>\n<meta property=\"article:modified_time\" content=\"2024-01-03T13:39:10+00:00\" \/>\n<meta property=\"og:image\" content=\"https:\/\/www.istegroup.com\/wp-content\/uploads\/2017\/07\/17518123089_8302970449-1.jpg\" \/>\n\t<meta property=\"og:image:width\" content=\"1362\" \/>\n\t<meta property=\"og:image:height\" content=\"2048\" \/>\n\t<meta property=\"og:image:type\" content=\"image\/jpeg\" \/>\n<meta name=\"twitter:card\" content=\"summary_large_image\" \/>\n<meta name=\"twitter:label1\" content=\"Est. reading time\" \/>\n\t<meta name=\"twitter:data1\" content=\"1 minute\" \/>\n<script type=\"application\/ld+json\" class=\"yoast-schema-graph\">{\"@context\":\"https:\/\/schema.org\",\"@graph\":[{\"@type\":\"WebPage\",\"@id\":\"https:\/\/www.istegroup.com\/fr\/produit\/gestion-des-connaissances-et-innovation\/\",\"url\":\"https:\/\/www.istegroup.com\/fr\/produit\/gestion-des-connaissances-et-innovation\/\",\"name\":\"Gestion des connaissances et innovation - ISTE Group\",\"isPartOf\":{\"@id\":\"https:\/\/www.istegroup.com\/#website\"},\"primaryImageOfPage\":{\"@id\":\"https:\/\/www.istegroup.com\/fr\/produit\/gestion-des-connaissances-et-innovation\/#primaryimage\"},\"image\":{\"@id\":\"https:\/\/www.istegroup.com\/fr\/produit\/gestion-des-connaissances-et-innovation\/#primaryimage\"},\"thumbnailUrl\":\"https:\/\/www.istegroup.com\/wp-content\/uploads\/2017\/07\/17518123089_8302970449-1.jpg\",\"datePublished\":\"2017-07-28T09:17:52+00:00\",\"dateModified\":\"2024-01-03T13:39:10+00:00\",\"description\":\"L'ouvrage analyse comment les pratiques de gestion des connaissances \u00e9voluent gr\u00e2ce \u00e0 la mise en place de mod\u00e8les d\u2019innovation interactifs des entreprises\",\"breadcrumb\":{\"@id\":\"https:\/\/www.istegroup.com\/fr\/produit\/gestion-des-connaissances-et-innovation\/#breadcrumb\"},\"inLanguage\":\"fr-FR\",\"potentialAction\":[{\"@type\":\"ReadAction\",\"target\":[\"https:\/\/www.istegroup.com\/fr\/produit\/gestion-des-connaissances-et-innovation\/\"]}]},{\"@type\":\"ImageObject\",\"inLanguage\":\"fr-FR\",\"@id\":\"https:\/\/www.istegroup.com\/fr\/produit\/gestion-des-connaissances-et-innovation\/#primaryimage\",\"url\":\"https:\/\/www.istegroup.com\/wp-content\/uploads\/2017\/07\/17518123089_8302970449-1.jpg\",\"contentUrl\":\"https:\/\/www.istegroup.com\/wp-content\/uploads\/2017\/07\/17518123089_8302970449-1.jpg\",\"width\":1362,\"height\":2048,\"caption\":\"Interaction, collaboration, ouverture\"},{\"@type\":\"BreadcrumbList\",\"@id\":\"https:\/\/www.istegroup.com\/fr\/produit\/gestion-des-connaissances-et-innovation\/#breadcrumb\",\"itemListElement\":[{\"@type\":\"ListItem\",\"position\":1,\"name\":\"Home\",\"item\":\"https:\/\/www.istegroup.com\/\"},{\"@type\":\"ListItem\",\"position\":2,\"name\":\"Shop\",\"item\":\"https:\/\/www.istegroup.com\/fr\/nouveautes\/\"},{\"@type\":\"ListItem\",\"position\":3,\"name\":\"Gestion des connaissances et innovation\"}]},{\"@type\":\"WebSite\",\"@id\":\"https:\/\/www.istegroup.com\/#website\",\"url\":\"https:\/\/www.istegroup.com\/\",\"name\":\"ISTE Group\",\"description\":\"\u00c9diteur des Sciences\",\"potentialAction\":[{\"@type\":\"SearchAction\",\"target\":{\"@type\":\"EntryPoint\",\"urlTemplate\":\"https:\/\/www.istegroup.com\/?s={search_term_string}\"},\"query-input\":{\"@type\":\"PropertyValueSpecification\",\"valueRequired\":true,\"valueName\":\"search_term_string\"}}],\"inLanguage\":\"fr-FR\"}]}<\/script>\n<!-- \/ Yoast SEO plugin. -->","yoast_head_json":{"title":"Gestion des connaissances et innovation - ISTE Group","description":"L'ouvrage analyse comment les pratiques de gestion des connaissances \u00e9voluent gr\u00e2ce \u00e0 la mise en place de mod\u00e8les d\u2019innovation interactifs des entreprises","robots":{"index":"index","follow":"follow","max-snippet":"max-snippet:-1","max-image-preview":"max-image-preview:large","max-video-preview":"max-video-preview:-1"},"canonical":"https:\/\/www.istegroup.com\/fr\/produit\/gestion-des-connaissances-et-innovation\/","og_locale":"fr_FR","og_type":"article","og_title":"Gestion des connaissances et innovation - ISTE Group","og_description":"L'ouvrage analyse comment les pratiques de gestion des connaissances \u00e9voluent gr\u00e2ce \u00e0 la mise en place de mod\u00e8les d\u2019innovation interactifs des entreprises","og_url":"https:\/\/www.istegroup.com\/fr\/produit\/gestion-des-connaissances-et-innovation\/","og_site_name":"ISTE Group","article_modified_time":"2024-01-03T13:39:10+00:00","og_image":[{"width":1362,"height":2048,"url":"https:\/\/www.istegroup.com\/wp-content\/uploads\/2017\/07\/17518123089_8302970449-1.jpg","type":"image\/jpeg"}],"twitter_card":"summary_large_image","twitter_misc":{"Est. reading time":"1 minute"},"schema":{"@context":"https:\/\/schema.org","@graph":[{"@type":"WebPage","@id":"https:\/\/www.istegroup.com\/fr\/produit\/gestion-des-connaissances-et-innovation\/","url":"https:\/\/www.istegroup.com\/fr\/produit\/gestion-des-connaissances-et-innovation\/","name":"Gestion des connaissances et innovation - ISTE Group","isPartOf":{"@id":"https:\/\/www.istegroup.com\/#website"},"primaryImageOfPage":{"@id":"https:\/\/www.istegroup.com\/fr\/produit\/gestion-des-connaissances-et-innovation\/#primaryimage"},"image":{"@id":"https:\/\/www.istegroup.com\/fr\/produit\/gestion-des-connaissances-et-innovation\/#primaryimage"},"thumbnailUrl":"https:\/\/www.istegroup.com\/wp-content\/uploads\/2017\/07\/17518123089_8302970449-1.jpg","datePublished":"2017-07-28T09:17:52+00:00","dateModified":"2024-01-03T13:39:10+00:00","description":"L'ouvrage analyse comment les pratiques de gestion des connaissances \u00e9voluent gr\u00e2ce \u00e0 la mise en place de mod\u00e8les d\u2019innovation interactifs des entreprises","breadcrumb":{"@id":"https:\/\/www.istegroup.com\/fr\/produit\/gestion-des-connaissances-et-innovation\/#breadcrumb"},"inLanguage":"fr-FR","potentialAction":[{"@type":"ReadAction","target":["https:\/\/www.istegroup.com\/fr\/produit\/gestion-des-connaissances-et-innovation\/"]}]},{"@type":"ImageObject","inLanguage":"fr-FR","@id":"https:\/\/www.istegroup.com\/fr\/produit\/gestion-des-connaissances-et-innovation\/#primaryimage","url":"https:\/\/www.istegroup.com\/wp-content\/uploads\/2017\/07\/17518123089_8302970449-1.jpg","contentUrl":"https:\/\/www.istegroup.com\/wp-content\/uploads\/2017\/07\/17518123089_8302970449-1.jpg","width":1362,"height":2048,"caption":"Interaction, collaboration, ouverture"},{"@type":"BreadcrumbList","@id":"https:\/\/www.istegroup.com\/fr\/produit\/gestion-des-connaissances-et-innovation\/#breadcrumb","itemListElement":[{"@type":"ListItem","position":1,"name":"Home","item":"https:\/\/www.istegroup.com\/"},{"@type":"ListItem","position":2,"name":"Shop","item":"https:\/\/www.istegroup.com\/fr\/nouveautes\/"},{"@type":"ListItem","position":3,"name":"Gestion des connaissances et innovation"}]},{"@type":"WebSite","@id":"https:\/\/www.istegroup.com\/#website","url":"https:\/\/www.istegroup.com\/","name":"ISTE Group","description":"\u00c9diteur des Sciences","potentialAction":[{"@type":"SearchAction","target":{"@type":"EntryPoint","urlTemplate":"https:\/\/www.istegroup.com\/?s={search_term_string}"},"query-input":{"@type":"PropertyValueSpecification","valueRequired":true,"valueName":"search_term_string"}}],"inLanguage":"fr-FR"}]}},"_links":{"self":[{"href":"https:\/\/www.istegroup.com\/fr\/wp-json\/wp\/v2\/product\/269","targetHints":{"allow":["GET"]}}],"collection":[{"href":"https:\/\/www.istegroup.com\/fr\/wp-json\/wp\/v2\/product"}],"about":[{"href":"https:\/\/www.istegroup.com\/fr\/wp-json\/wp\/v2\/types\/product"}],"wp:featuredmedia":[{"embeddable":true,"href":"https:\/\/www.istegroup.com\/fr\/wp-json\/wp\/v2\/media\/270"}],"wp:attachment":[{"href":"https:\/\/www.istegroup.com\/fr\/wp-json\/wp\/v2\/media?parent=269"}],"wp:term":[{"taxonomy":"product_brand","embeddable":true,"href":"https:\/\/www.istegroup.com\/fr\/wp-json\/wp\/v2\/product_brand?post=269"},{"taxonomy":"product_cat","embeddable":true,"href":"https:\/\/www.istegroup.com\/fr\/wp-json\/wp\/v2\/product_cat?post=269"},{"taxonomy":"product_tag","embeddable":true,"href":"https:\/\/www.istegroup.com\/fr\/wp-json\/wp\/v2\/product_tag?post=269"}],"curies":[{"name":"wp","href":"https:\/\/api.w.org\/{rel}","templated":true}]}}