{"id":263,"date":"2017-07-28T11:17:38","date_gmt":"2017-07-28T09:17:38","guid":{"rendered":"https:\/\/iste.yhello.co\/product\/formation-a-distance\/"},"modified":"2024-01-03T13:39:09","modified_gmt":"2024-01-03T13:39:09","slug":"formation-a-distance","status":"publish","type":"product","link":"https:\/\/www.istegroup.com\/fr\/produit\/formation-a-distance\/","title":{"rendered":"Formation \u00e0 distance"},"content":{"rendered":"<p>Dans un monde en rapide \u00e9volution, les individus sont invit\u00e9s \u00e0 se former tout au long de leur vie, quelle que soit leur situation.<\/p>\n<p>B\u00e9n\u00e9ficiant des avanc\u00e9es technologiques, les offres de formation \u00e0 distance ou de e-learning, qui ne cessent de se multiplier, apparaissent comme des voies privil\u00e9gi\u00e9es vers cet apprentissage permanent. Alors que la technologie semble ma\u00eetris\u00e9e, la dimension humaine de ces dispositifs de formation est source de nombreuses interrogations.<\/p>\n<p>Cet ouvrage analyse la cr\u00e9ation et le fonctionnement d\u2019un campus num\u00e9rique permettant la pr\u00e9paration du dipl\u00f4me d\u2019acc\u00e8s aux \u00e9tudes universitaires en ligne. S\u2019int\u00e9ressant conjointement \u00e0 la conception du dispositif, aux motifs d\u2019engagement et aux pratiques instrument\u00e9es mises en \u0153uvre, cette recherche nous am\u00e8ne au c\u0153ur des changements institutionnels et individuels.<\/p>\n<p>Consid\u00e9rant l\u2019action de formation comme une transformation, l\u2019analyse des interactions et histoires de vie des apprenants et formateurs fait ressortir les liens entre construction identitaire et pratiques de formation.<\/p>\n","protected":false},"excerpt":{"rendered":"<p>Dans un monde en rapide \u00e9volution, les individus sont invit\u00e9s \u00e0 se former tout au long de leur vie, quelle que soit leur situation. B\u00e9n\u00e9ficiant des avanc\u00e9es technologiques, les offres de formation \u00e0 distance ou de e-learning, qui ne cessent de se multiplier, apparaissent comme des voies privil\u00e9gi\u00e9es vers cet apprentissage permanent. Alors que la [&hellip;]<\/p>\n","protected":false},"featured_media":264,"template":"","meta":{"_acf_changed":false,"_links_to":"","_links_to_target":""},"product_brand":[],"product_cat":[669],"product_tag":[865,1316,1317,31,196,1318,1319,1320,608,1321,144,1322,197,198,199,21,200,22,201,203,204,63,25,172,209,815,292,212,38,192,145,28,1039,1323,253,146,1324],"class_list":{"0":"post-263","1":"product","2":"type-product","3":"status-publish","4":"has-post-thumbnail","6":"product_cat-innovation-en-sciences-de-lducation-433942033","7":"product_tag-big-data","8":"product_tag-cathia-papi","9":"product_tag-e-learning","10":"product_tag-ebook","11":"product_tag-ebooks","12":"product_tag-erp","13":"product_tag-formation-a-distance","14":"product_tag-gestions-des-systemes-dinformation","15":"product_tag-informatique","16":"product_tag-informatique-ubiquitaire","17":"product_tag-internet-des-objets","18":"product_tag-isbn-978-1-78405-017-7","19":"product_tag-iste","20":"product_tag-iste-edition","21":"product_tag-iste-editions","22":"product_tag-iste-group","23":"product_tag-isteedition","24":"product_tag-istegroup","25":"product_tag-kindle","26":"product_tag-liseuse","27":"product_tag-livre","28":"product_tag-livre-electronique","29":"product_tag-livre-numerique","30":"product_tag-livre-scientifique","31":"product_tag-livres-scientifiques","32":"product_tag-mooc","33":"product_tag-numerique","34":"product_tag-ouvrage","35":"product_tag-ouvrage-numerique","36":"product_tag-ouvrage-science","37":"product_tag-ouvrage-scientifique","38":"product_tag-ouvrage-scientifique-francais","39":"product_tag-realite-virtuelle","40":"product_tag-science-du-web","41":"product_tag-technologie","42":"product_tag-web","43":"product_tag-web-semantique","45":"first","46":"instock","47":"shipping-taxable","48":"purchasable","49":"product-type-variable"},"acf":[],"yoast_head":"<!-- This site is optimized with the Yoast SEO plugin v27.2 - https:\/\/yoast.com\/product\/yoast-seo-wordpress\/ -->\n<title>Formation \u00e0 distance - ISTE Group<\/title>\n<meta name=\"description\" content=\"Cet ouvrage analyse la cr\u00e9ation et le fonctionnement d\u2019un campus num\u00e9rique permettant la pr\u00e9paration du dipl\u00f4me d\u2019acc\u00e8s aux \u00e9tudes universitaires en ligne.\" \/>\n<meta name=\"robots\" content=\"index, follow, max-snippet:-1, max-image-preview:large, max-video-preview:-1\" \/>\n<link rel=\"canonical\" href=\"https:\/\/www.istegroup.com\/fr\/produit\/formation-a-distance\/\" \/>\n<meta property=\"og:locale\" content=\"fr_FR\" \/>\n<meta property=\"og:type\" content=\"article\" \/>\n<meta property=\"og:title\" content=\"Formation \u00e0 distance - ISTE Group\" \/>\n<meta property=\"og:description\" content=\"Cet ouvrage analyse la cr\u00e9ation et le fonctionnement d\u2019un campus num\u00e9rique permettant la pr\u00e9paration du dipl\u00f4me d\u2019acc\u00e8s aux \u00e9tudes universitaires en ligne.\" \/>\n<meta property=\"og:url\" content=\"https:\/\/www.istegroup.com\/fr\/produit\/formation-a-distance\/\" \/>\n<meta property=\"og:site_name\" content=\"ISTE Group\" \/>\n<meta property=\"article:modified_time\" content=\"2024-01-03T13:39:09+00:00\" \/>\n<meta property=\"og:image\" content=\"https:\/\/www.istegroup.com\/wp-content\/uploads\/2017\/07\/425998709_206568769-1.png\" \/>\n\t<meta property=\"og:image:width\" content=\"300\" \/>\n\t<meta property=\"og:image:height\" content=\"449\" \/>\n\t<meta property=\"og:image:type\" content=\"image\/png\" \/>\n<meta name=\"twitter:card\" content=\"summary_large_image\" \/>\n<meta name=\"twitter:label1\" content=\"Est. reading time\" \/>\n\t<meta name=\"twitter:data1\" content=\"1 minute\" \/>\n<script type=\"application\/ld+json\" class=\"yoast-schema-graph\">{\"@context\":\"https:\/\/schema.org\",\"@graph\":[{\"@type\":\"WebPage\",\"@id\":\"https:\/\/www.istegroup.com\/fr\/produit\/formation-a-distance\/\",\"url\":\"https:\/\/www.istegroup.com\/fr\/produit\/formation-a-distance\/\",\"name\":\"Formation \u00e0 distance - ISTE Group\",\"isPartOf\":{\"@id\":\"https:\/\/www.istegroup.com\/#website\"},\"primaryImageOfPage\":{\"@id\":\"https:\/\/www.istegroup.com\/fr\/produit\/formation-a-distance\/#primaryimage\"},\"image\":{\"@id\":\"https:\/\/www.istegroup.com\/fr\/produit\/formation-a-distance\/#primaryimage\"},\"thumbnailUrl\":\"https:\/\/www.istegroup.com\/wp-content\/uploads\/2017\/07\/425998709_206568769-1.png\",\"datePublished\":\"2017-07-28T09:17:38+00:00\",\"dateModified\":\"2024-01-03T13:39:09+00:00\",\"description\":\"Cet ouvrage analyse la cr\u00e9ation et le fonctionnement d\u2019un campus num\u00e9rique permettant la pr\u00e9paration du dipl\u00f4me d\u2019acc\u00e8s aux \u00e9tudes universitaires en ligne.\",\"breadcrumb\":{\"@id\":\"https:\/\/www.istegroup.com\/fr\/produit\/formation-a-distance\/#breadcrumb\"},\"inLanguage\":\"fr-FR\",\"potentialAction\":[{\"@type\":\"ReadAction\",\"target\":[\"https:\/\/www.istegroup.com\/fr\/produit\/formation-a-distance\/\"]}]},{\"@type\":\"ImageObject\",\"inLanguage\":\"fr-FR\",\"@id\":\"https:\/\/www.istegroup.com\/fr\/produit\/formation-a-distance\/#primaryimage\",\"url\":\"https:\/\/www.istegroup.com\/wp-content\/uploads\/2017\/07\/425998709_206568769-1.png\",\"contentUrl\":\"https:\/\/www.istegroup.com\/wp-content\/uploads\/2017\/07\/425998709_206568769-1.png\",\"width\":300,\"height\":449,\"caption\":\"Dispositifs et interactions\"},{\"@type\":\"BreadcrumbList\",\"@id\":\"https:\/\/www.istegroup.com\/fr\/produit\/formation-a-distance\/#breadcrumb\",\"itemListElement\":[{\"@type\":\"ListItem\",\"position\":1,\"name\":\"Home\",\"item\":\"https:\/\/www.istegroup.com\/\"},{\"@type\":\"ListItem\",\"position\":2,\"name\":\"Shop\",\"item\":\"https:\/\/www.istegroup.com\/fr\/nouveautes\/\"},{\"@type\":\"ListItem\",\"position\":3,\"name\":\"Formation \u00e0 distance\"}]},{\"@type\":\"WebSite\",\"@id\":\"https:\/\/www.istegroup.com\/#website\",\"url\":\"https:\/\/www.istegroup.com\/\",\"name\":\"ISTE Group\",\"description\":\"\u00c9diteur des Sciences\",\"potentialAction\":[{\"@type\":\"SearchAction\",\"target\":{\"@type\":\"EntryPoint\",\"urlTemplate\":\"https:\/\/www.istegroup.com\/?s={search_term_string}\"},\"query-input\":{\"@type\":\"PropertyValueSpecification\",\"valueRequired\":true,\"valueName\":\"search_term_string\"}}],\"inLanguage\":\"fr-FR\"}]}<\/script>\n<!-- \/ Yoast SEO plugin. -->","yoast_head_json":{"title":"Formation \u00e0 distance - ISTE Group","description":"Cet ouvrage analyse la cr\u00e9ation et le fonctionnement d\u2019un campus num\u00e9rique permettant la pr\u00e9paration du dipl\u00f4me d\u2019acc\u00e8s aux \u00e9tudes universitaires en ligne.","robots":{"index":"index","follow":"follow","max-snippet":"max-snippet:-1","max-image-preview":"max-image-preview:large","max-video-preview":"max-video-preview:-1"},"canonical":"https:\/\/www.istegroup.com\/fr\/produit\/formation-a-distance\/","og_locale":"fr_FR","og_type":"article","og_title":"Formation \u00e0 distance - ISTE Group","og_description":"Cet ouvrage analyse la cr\u00e9ation et le fonctionnement d\u2019un campus num\u00e9rique permettant la pr\u00e9paration du dipl\u00f4me d\u2019acc\u00e8s aux \u00e9tudes universitaires en ligne.","og_url":"https:\/\/www.istegroup.com\/fr\/produit\/formation-a-distance\/","og_site_name":"ISTE Group","article_modified_time":"2024-01-03T13:39:09+00:00","og_image":[{"width":300,"height":449,"url":"https:\/\/www.istegroup.com\/wp-content\/uploads\/2017\/07\/425998709_206568769-1.png","type":"image\/png"}],"twitter_card":"summary_large_image","twitter_misc":{"Est. reading time":"1 minute"},"schema":{"@context":"https:\/\/schema.org","@graph":[{"@type":"WebPage","@id":"https:\/\/www.istegroup.com\/fr\/produit\/formation-a-distance\/","url":"https:\/\/www.istegroup.com\/fr\/produit\/formation-a-distance\/","name":"Formation \u00e0 distance - ISTE Group","isPartOf":{"@id":"https:\/\/www.istegroup.com\/#website"},"primaryImageOfPage":{"@id":"https:\/\/www.istegroup.com\/fr\/produit\/formation-a-distance\/#primaryimage"},"image":{"@id":"https:\/\/www.istegroup.com\/fr\/produit\/formation-a-distance\/#primaryimage"},"thumbnailUrl":"https:\/\/www.istegroup.com\/wp-content\/uploads\/2017\/07\/425998709_206568769-1.png","datePublished":"2017-07-28T09:17:38+00:00","dateModified":"2024-01-03T13:39:09+00:00","description":"Cet ouvrage analyse la cr\u00e9ation et le fonctionnement d\u2019un campus num\u00e9rique permettant la pr\u00e9paration du dipl\u00f4me d\u2019acc\u00e8s aux \u00e9tudes universitaires en ligne.","breadcrumb":{"@id":"https:\/\/www.istegroup.com\/fr\/produit\/formation-a-distance\/#breadcrumb"},"inLanguage":"fr-FR","potentialAction":[{"@type":"ReadAction","target":["https:\/\/www.istegroup.com\/fr\/produit\/formation-a-distance\/"]}]},{"@type":"ImageObject","inLanguage":"fr-FR","@id":"https:\/\/www.istegroup.com\/fr\/produit\/formation-a-distance\/#primaryimage","url":"https:\/\/www.istegroup.com\/wp-content\/uploads\/2017\/07\/425998709_206568769-1.png","contentUrl":"https:\/\/www.istegroup.com\/wp-content\/uploads\/2017\/07\/425998709_206568769-1.png","width":300,"height":449,"caption":"Dispositifs et interactions"},{"@type":"BreadcrumbList","@id":"https:\/\/www.istegroup.com\/fr\/produit\/formation-a-distance\/#breadcrumb","itemListElement":[{"@type":"ListItem","position":1,"name":"Home","item":"https:\/\/www.istegroup.com\/"},{"@type":"ListItem","position":2,"name":"Shop","item":"https:\/\/www.istegroup.com\/fr\/nouveautes\/"},{"@type":"ListItem","position":3,"name":"Formation \u00e0 distance"}]},{"@type":"WebSite","@id":"https:\/\/www.istegroup.com\/#website","url":"https:\/\/www.istegroup.com\/","name":"ISTE Group","description":"\u00c9diteur des Sciences","potentialAction":[{"@type":"SearchAction","target":{"@type":"EntryPoint","urlTemplate":"https:\/\/www.istegroup.com\/?s={search_term_string}"},"query-input":{"@type":"PropertyValueSpecification","valueRequired":true,"valueName":"search_term_string"}}],"inLanguage":"fr-FR"}]}},"_links":{"self":[{"href":"https:\/\/www.istegroup.com\/fr\/wp-json\/wp\/v2\/product\/263","targetHints":{"allow":["GET"]}}],"collection":[{"href":"https:\/\/www.istegroup.com\/fr\/wp-json\/wp\/v2\/product"}],"about":[{"href":"https:\/\/www.istegroup.com\/fr\/wp-json\/wp\/v2\/types\/product"}],"wp:featuredmedia":[{"embeddable":true,"href":"https:\/\/www.istegroup.com\/fr\/wp-json\/wp\/v2\/media\/264"}],"wp:attachment":[{"href":"https:\/\/www.istegroup.com\/fr\/wp-json\/wp\/v2\/media?parent=263"}],"wp:term":[{"taxonomy":"product_brand","embeddable":true,"href":"https:\/\/www.istegroup.com\/fr\/wp-json\/wp\/v2\/product_brand?post=263"},{"taxonomy":"product_cat","embeddable":true,"href":"https:\/\/www.istegroup.com\/fr\/wp-json\/wp\/v2\/product_cat?post=263"},{"taxonomy":"product_tag","embeddable":true,"href":"https:\/\/www.istegroup.com\/fr\/wp-json\/wp\/v2\/product_tag?post=263"}],"curies":[{"name":"wp","href":"https:\/\/api.w.org\/{rel}","templated":true}]}}