{"id":259,"date":"2017-07-28T11:16:54","date_gmt":"2017-07-28T09:16:54","guid":{"rendered":"https:\/\/iste.yhello.co\/product\/fiabilite-et-optimisation-structurale-en-biomecanique\/"},"modified":"2024-01-03T13:39:08","modified_gmt":"2024-01-03T13:39:08","slug":"fiabilite-et-optimisation-structurale-en-biomecanique","status":"publish","type":"product","link":"https:\/\/www.istegroup.com\/fr\/produit\/fiabilite-et-optimisation-structurale-en-biomecanique\/","title":{"rendered":"Fiabilit\u00e9 et optimisation structurale en biom\u00e9canique"},"content":{"rendered":"<p>La s\u00e9rie\u00a0<em>Fiabilit\u00e9 des syst\u00e8mes multiphysiques<\/em>\u00a0s\u2019int\u00e9resse aux avanc\u00e9es de la recherche et de l\u2019industrie appliqu\u00e9es aux domaines de l\u2019optimisation, de la fiabilit\u00e9 et de la prise en compte des incertitudes des syst\u00e8mes. Ce couplage est \u00e0 la base de la comp\u00e9titivit\u00e9 des entreprises dans les secteurs de l\u2019automobile, de l\u2019a\u00e9ronautique, du g\u00e9nie civil ou de la d\u00e9fense.<\/p>\n<p>L\u2019int\u00e9gration de l\u2019optimisation et de la fiabilit\u00e9 en conception structurale intervient de fa\u00e7on primordiale dans l\u2019augmentation des performances et de la s\u00fbret\u00e9 dans les domaines a\u00e9rospatiaux et automobiles. Mais elle reste encore difficile \u00e0 appliquer dans certains domaines, notamment celui de la biom\u00e9canique.<\/p>\n<p>Cet ouvrage introduit les principes de base de l\u2019optimisation structurale, qu\u2019il classifie en trois grandes familles, d\u2019\u00e9chelle, de forme et de topologie, puis il traite de son int\u00e9gration en biom\u00e9canique. Il d\u00e9taille \u00e9galement les diff\u00e9rentes strat\u00e9gies de l&rsquo;int\u00e9gration de la fiabilit\u00e9 en optimisation structurale et examine les mod\u00e8les dits de conception et de topologie. Il pr\u00e9sente enfin les approches d\u00e9terministe et fiabiliste qu\u2019il applique \u00e0 la conception de proth\u00e8ses orthop\u00e9diques et orthodontiques.<\/p>\n","protected":false},"excerpt":{"rendered":"<p>La s\u00e9rie\u00a0Fiabilit\u00e9 des syst\u00e8mes multiphysiques\u00a0s\u2019int\u00e9resse aux avanc\u00e9es de la recherche et de l\u2019industrie appliqu\u00e9es aux domaines de l\u2019optimisation, de la fiabilit\u00e9 et de la prise en compte des incertitudes des syst\u00e8mes. Ce couplage est \u00e0 la base de la comp\u00e9titivit\u00e9 des entreprises dans les secteurs de l\u2019automobile, de l\u2019a\u00e9ronautique, du g\u00e9nie civil ou de la [&hellip;]<\/p>\n","protected":false},"featured_media":260,"template":"","meta":{"_acf_changed":false,"_links_to":"","_links_to_target":""},"product_brand":[],"product_cat":[664,675,692],"product_tag":[152,163,18,19,20,164,165,21,22,25,26,27,166,28],"class_list":{"0":"post-259","1":"product","2":"type-product","3":"status-publish","4":"has-post-thumbnail","6":"product_cat-gnie-mcanique-et-mcanique-des-solides-12506462","7":"product_cat-nouveauts-12519446","8":"product_cat-srie-fiabilit-des-systmes-multiphysiques-185854340","9":"product_tag-abdelkhalak-el-hami","10":"product_tag-biomecanique","11":"product_tag-edition-scientifique","12":"product_tag-editions-francaise","13":"product_tag-editions-technique","14":"product_tag-fiabilite-et-optimisation-structurale-en-biomecanique","15":"product_tag-ghias-kharmanda","16":"product_tag-iste-group","17":"product_tag-istegroup","18":"product_tag-livre-numerique","19":"product_tag-livre-scientifique-francais","20":"product_tag-livre-technique-francais","21":"product_tag-optimisation-structurale","22":"product_tag-ouvrage-scientifique-francais","24":"first","25":"instock","26":"shipping-taxable","27":"purchasable","28":"product-type-variable"},"acf":[],"yoast_head":"<!-- This site is optimized with the Yoast SEO plugin v27.2 - https:\/\/yoast.com\/product\/yoast-seo-wordpress\/ -->\n<title>Fiabilit\u00e9 et optimisation structurale en biom\u00e9canique - ISTE Group<\/title>\n<meta name=\"description\" content=\"L&#039;ouvrage introduit les principes de base de l\u2019optimisation structurale et traite de son int\u00e9gration en biom\u00e9canique.\" \/>\n<meta name=\"robots\" content=\"index, follow, max-snippet:-1, max-image-preview:large, max-video-preview:-1\" \/>\n<link rel=\"canonical\" href=\"https:\/\/www.istegroup.com\/en\/produit\/fiabilite-et-optimisation-structurale-en-biomecanique\/\" \/>\n<meta property=\"og:locale\" content=\"fr_FR\" \/>\n<meta property=\"og:type\" content=\"article\" \/>\n<meta property=\"og:title\" content=\"Fiabilit\u00e9 et optimisation structurale en biom\u00e9canique - ISTE Group\" \/>\n<meta property=\"og:description\" content=\"L&#039;ouvrage introduit les principes de base de l\u2019optimisation structurale et traite de son int\u00e9gration en biom\u00e9canique.\" \/>\n<meta property=\"og:url\" content=\"https:\/\/www.istegroup.com\/en\/produit\/fiabilite-et-optimisation-structurale-en-biomecanique\/\" \/>\n<meta property=\"og:site_name\" content=\"ISTE Group\" \/>\n<meta property=\"article:modified_time\" content=\"2024-01-03T13:39:08+00:00\" \/>\n<meta property=\"og:image\" content=\"https:\/\/www.istegroup.com\/wp-content\/uploads\/2017\/07\/20532835281_9222764881-1-scaled.jpg\" \/>\n\t<meta property=\"og:image:width\" content=\"1702\" \/>\n\t<meta property=\"og:image:height\" content=\"2560\" \/>\n\t<meta property=\"og:image:type\" content=\"image\/jpeg\" \/>\n<meta name=\"twitter:card\" content=\"summary_large_image\" \/>\n<meta name=\"twitter:label1\" content=\"Est. reading time\" \/>\n\t<meta name=\"twitter:data1\" content=\"1 minute\" \/>\n<script type=\"application\/ld+json\" class=\"yoast-schema-graph\">{\"@context\":\"https:\/\/schema.org\",\"@graph\":[{\"@type\":\"WebPage\",\"@id\":\"https:\/\/www.istegroup.com\/en\/produit\/fiabilite-et-optimisation-structurale-en-biomecanique\/\",\"url\":\"https:\/\/www.istegroup.com\/en\/produit\/fiabilite-et-optimisation-structurale-en-biomecanique\/\",\"name\":\"Fiabilit\u00e9 et optimisation structurale en biom\u00e9canique - ISTE Group\",\"isPartOf\":{\"@id\":\"https:\/\/www.istegroup.com\/#website\"},\"primaryImageOfPage\":{\"@id\":\"https:\/\/www.istegroup.com\/en\/produit\/fiabilite-et-optimisation-structurale-en-biomecanique\/#primaryimage\"},\"image\":{\"@id\":\"https:\/\/www.istegroup.com\/en\/produit\/fiabilite-et-optimisation-structurale-en-biomecanique\/#primaryimage\"},\"thumbnailUrl\":\"https:\/\/www.istegroup.com\/wp-content\/uploads\/2017\/07\/20532835281_9222764881-1-scaled.jpg\",\"datePublished\":\"2017-07-28T09:16:54+00:00\",\"dateModified\":\"2024-01-03T13:39:08+00:00\",\"description\":\"L'ouvrage introduit les principes de base de l\u2019optimisation structurale et traite de son int\u00e9gration en biom\u00e9canique.\",\"breadcrumb\":{\"@id\":\"https:\/\/www.istegroup.com\/en\/produit\/fiabilite-et-optimisation-structurale-en-biomecanique\/#breadcrumb\"},\"inLanguage\":\"fr-FR\",\"potentialAction\":[{\"@type\":\"ReadAction\",\"target\":[\"https:\/\/www.istegroup.com\/en\/produit\/fiabilite-et-optimisation-structurale-en-biomecanique\/\"]}]},{\"@type\":\"ImageObject\",\"inLanguage\":\"fr-FR\",\"@id\":\"https:\/\/www.istegroup.com\/en\/produit\/fiabilite-et-optimisation-structurale-en-biomecanique\/#primaryimage\",\"url\":\"https:\/\/www.istegroup.com\/wp-content\/uploads\/2017\/07\/20532835281_9222764881-1-scaled.jpg\",\"contentUrl\":\"https:\/\/www.istegroup.com\/wp-content\/uploads\/2017\/07\/20532835281_9222764881-1-scaled.jpg\",\"width\":1702,\"height\":2560,\"caption\":\"M\u00e9thodologies et applications\"},{\"@type\":\"BreadcrumbList\",\"@id\":\"https:\/\/www.istegroup.com\/en\/produit\/fiabilite-et-optimisation-structurale-en-biomecanique\/#breadcrumb\",\"itemListElement\":[{\"@type\":\"ListItem\",\"position\":1,\"name\":\"Home\",\"item\":\"https:\/\/www.istegroup.com\/\"},{\"@type\":\"ListItem\",\"position\":2,\"name\":\"Shop\",\"item\":\"https:\/\/www.istegroup.com\/fr\/nouveautes\/\"},{\"@type\":\"ListItem\",\"position\":3,\"name\":\"Fiabilit\u00e9 et optimisation structurale en biom\u00e9canique\"}]},{\"@type\":\"WebSite\",\"@id\":\"https:\/\/www.istegroup.com\/#website\",\"url\":\"https:\/\/www.istegroup.com\/\",\"name\":\"ISTE Group\",\"description\":\"\u00c9diteur des Sciences\",\"potentialAction\":[{\"@type\":\"SearchAction\",\"target\":{\"@type\":\"EntryPoint\",\"urlTemplate\":\"https:\/\/www.istegroup.com\/?s={search_term_string}\"},\"query-input\":{\"@type\":\"PropertyValueSpecification\",\"valueRequired\":true,\"valueName\":\"search_term_string\"}}],\"inLanguage\":\"fr-FR\"}]}<\/script>\n<!-- \/ Yoast SEO plugin. -->","yoast_head_json":{"title":"Fiabilit\u00e9 et optimisation structurale en biom\u00e9canique - ISTE Group","description":"L'ouvrage introduit les principes de base de l\u2019optimisation structurale et traite de son int\u00e9gration en biom\u00e9canique.","robots":{"index":"index","follow":"follow","max-snippet":"max-snippet:-1","max-image-preview":"max-image-preview:large","max-video-preview":"max-video-preview:-1"},"canonical":"https:\/\/www.istegroup.com\/en\/produit\/fiabilite-et-optimisation-structurale-en-biomecanique\/","og_locale":"fr_FR","og_type":"article","og_title":"Fiabilit\u00e9 et optimisation structurale en biom\u00e9canique - ISTE Group","og_description":"L'ouvrage introduit les principes de base de l\u2019optimisation structurale et traite de son int\u00e9gration en biom\u00e9canique.","og_url":"https:\/\/www.istegroup.com\/en\/produit\/fiabilite-et-optimisation-structurale-en-biomecanique\/","og_site_name":"ISTE Group","article_modified_time":"2024-01-03T13:39:08+00:00","og_image":[{"width":1702,"height":2560,"url":"https:\/\/www.istegroup.com\/wp-content\/uploads\/2017\/07\/20532835281_9222764881-1-scaled.jpg","type":"image\/jpeg"}],"twitter_card":"summary_large_image","twitter_misc":{"Est. reading time":"1 minute"},"schema":{"@context":"https:\/\/schema.org","@graph":[{"@type":"WebPage","@id":"https:\/\/www.istegroup.com\/en\/produit\/fiabilite-et-optimisation-structurale-en-biomecanique\/","url":"https:\/\/www.istegroup.com\/en\/produit\/fiabilite-et-optimisation-structurale-en-biomecanique\/","name":"Fiabilit\u00e9 et optimisation structurale en biom\u00e9canique - ISTE Group","isPartOf":{"@id":"https:\/\/www.istegroup.com\/#website"},"primaryImageOfPage":{"@id":"https:\/\/www.istegroup.com\/en\/produit\/fiabilite-et-optimisation-structurale-en-biomecanique\/#primaryimage"},"image":{"@id":"https:\/\/www.istegroup.com\/en\/produit\/fiabilite-et-optimisation-structurale-en-biomecanique\/#primaryimage"},"thumbnailUrl":"https:\/\/www.istegroup.com\/wp-content\/uploads\/2017\/07\/20532835281_9222764881-1-scaled.jpg","datePublished":"2017-07-28T09:16:54+00:00","dateModified":"2024-01-03T13:39:08+00:00","description":"L'ouvrage introduit les principes de base de l\u2019optimisation structurale et traite de son int\u00e9gration en biom\u00e9canique.","breadcrumb":{"@id":"https:\/\/www.istegroup.com\/en\/produit\/fiabilite-et-optimisation-structurale-en-biomecanique\/#breadcrumb"},"inLanguage":"fr-FR","potentialAction":[{"@type":"ReadAction","target":["https:\/\/www.istegroup.com\/en\/produit\/fiabilite-et-optimisation-structurale-en-biomecanique\/"]}]},{"@type":"ImageObject","inLanguage":"fr-FR","@id":"https:\/\/www.istegroup.com\/en\/produit\/fiabilite-et-optimisation-structurale-en-biomecanique\/#primaryimage","url":"https:\/\/www.istegroup.com\/wp-content\/uploads\/2017\/07\/20532835281_9222764881-1-scaled.jpg","contentUrl":"https:\/\/www.istegroup.com\/wp-content\/uploads\/2017\/07\/20532835281_9222764881-1-scaled.jpg","width":1702,"height":2560,"caption":"M\u00e9thodologies et applications"},{"@type":"BreadcrumbList","@id":"https:\/\/www.istegroup.com\/en\/produit\/fiabilite-et-optimisation-structurale-en-biomecanique\/#breadcrumb","itemListElement":[{"@type":"ListItem","position":1,"name":"Home","item":"https:\/\/www.istegroup.com\/"},{"@type":"ListItem","position":2,"name":"Shop","item":"https:\/\/www.istegroup.com\/fr\/nouveautes\/"},{"@type":"ListItem","position":3,"name":"Fiabilit\u00e9 et optimisation structurale en biom\u00e9canique"}]},{"@type":"WebSite","@id":"https:\/\/www.istegroup.com\/#website","url":"https:\/\/www.istegroup.com\/","name":"ISTE Group","description":"\u00c9diteur des Sciences","potentialAction":[{"@type":"SearchAction","target":{"@type":"EntryPoint","urlTemplate":"https:\/\/www.istegroup.com\/?s={search_term_string}"},"query-input":{"@type":"PropertyValueSpecification","valueRequired":true,"valueName":"search_term_string"}}],"inLanguage":"fr-FR"}]}},"_links":{"self":[{"href":"https:\/\/www.istegroup.com\/fr\/wp-json\/wp\/v2\/product\/259","targetHints":{"allow":["GET"]}}],"collection":[{"href":"https:\/\/www.istegroup.com\/fr\/wp-json\/wp\/v2\/product"}],"about":[{"href":"https:\/\/www.istegroup.com\/fr\/wp-json\/wp\/v2\/types\/product"}],"wp:featuredmedia":[{"embeddable":true,"href":"https:\/\/www.istegroup.com\/fr\/wp-json\/wp\/v2\/media\/260"}],"wp:attachment":[{"href":"https:\/\/www.istegroup.com\/fr\/wp-json\/wp\/v2\/media?parent=259"}],"wp:term":[{"taxonomy":"product_brand","embeddable":true,"href":"https:\/\/www.istegroup.com\/fr\/wp-json\/wp\/v2\/product_brand?post=259"},{"taxonomy":"product_cat","embeddable":true,"href":"https:\/\/www.istegroup.com\/fr\/wp-json\/wp\/v2\/product_cat?post=259"},{"taxonomy":"product_tag","embeddable":true,"href":"https:\/\/www.istegroup.com\/fr\/wp-json\/wp\/v2\/product_tag?post=259"}],"curies":[{"name":"wp","href":"https:\/\/api.w.org\/{rel}","templated":true}]}}