{"id":25333,"date":"2020-10-28T16:17:22","date_gmt":"2020-10-28T16:17:22","guid":{"rendered":"https:\/\/www.istegroup.com\/?post_type=product&#038;p=25333"},"modified":"2024-01-03T13:43:43","modified_gmt":"2024-01-03T13:43:43","slug":"trajectoires-dinnovation-dans-lindustrie-spatiale","status":"publish","type":"product","link":"https:\/\/www.istegroup.com\/fr\/produit\/trajectoires-dinnovation-dans-lindustrie-spatiale\/","title":{"rendered":"Trajectoires d\u2019innovation dans l\u2019industrie spatiale"},"content":{"rendered":"<p>Si les activit\u00e9s spatiales ont toujours \u00e9t\u00e9 innovantes, les consid\u00e9rations \u00e9conomiques y sont toutefois longtemps rest\u00e9es secondaires. Ce n\u2019est qu\u2019\u00e0 la fin de la guerre froide que la commercialisation de l\u2019espace a gagn\u00e9 en importance pour atteindre aujourd\u2019hui un niveau sans pr\u00e9c\u00e9dent.<\/p>\n<p><em>Trajectoires d\u2019innovation dans l\u2019industrie spatiale<\/em> analyse les \u00e9volutions de cette industrie tout en \u00e9tudiant les raisons de son conservatisme technologique et organisationnel. Il offre \u00e9galement un cadre d\u2019analyse qui permet de diagnostiquer les menaces technologiques auxquelles font face les firmes spatiales existantes.<\/p>\n<p>Cet ouvrage pr\u00e9sente une \u00e9tude d\u00e9taill\u00e9e de l\u2019industrie spatiale \u00e0 travers une perspective \u00e9conomique et contribue \u00e0 enrichir le champ du management de l\u2019innovation. Il examine le r\u00f4le des clients dans l\u2019\u00e9mergence d\u2019une industrie, r\u00e9interpr\u00e8te le sens donn\u00e9 \u00e0 l\u2019inertie technologique et organisationnelle dans les activit\u00e9s de haute technologie et approfondit la notion d\u2019innovation de rupture.<\/p>\n","protected":false},"excerpt":{"rendered":"<p>Si les activit\u00e9s spatiales ont toujours \u00e9t\u00e9 innovantes, les consid\u00e9rations \u00e9conomiques y sont toutefois longtemps rest\u00e9es secondaires. Ce n\u2019est qu\u2019\u00e0 la fin de la guerre froide que la commercialisation de l\u2019espace a gagn\u00e9 en importance pour atteindre aujourd\u2019hui un niveau sans pr\u00e9c\u00e9dent. Trajectoires d\u2019innovation dans l\u2019industrie spatiale analyse les \u00e9volutions de cette industrie tout en [&hellip;]<\/p>\n","protected":false},"featured_media":25341,"template":"","meta":{"_acf_changed":false,"_links_to":"","_links_to_target":""},"product_brand":[],"product_cat":[3262],"product_tag":[],"class_list":{"0":"post-25333","1":"product","2":"type-product","3":"status-publish","4":"has-post-thumbnail","6":"product_cat-non-classe","8":"first","9":"instock","10":"shipping-taxable","11":"purchasable","12":"product-type-variable"},"acf":[],"yoast_head":"<!-- This site is optimized with the Yoast SEO plugin v27.2 - https:\/\/yoast.com\/product\/yoast-seo-wordpress\/ -->\n<title>Trajectoires d\u2019innovation dans l\u2019industrie spatiale - ISTE Group<\/title>\n<meta name=\"description\" content=\"Trajectoires d\u2019innovation dans l\u2019industrie spatiale analyse les \u00e9volutions de cette industrie tout en \u00e9tudiant les raisons de son conservatisme technologique et organisationnel.\" \/>\n<meta name=\"robots\" content=\"index, follow, max-snippet:-1, max-image-preview:large, max-video-preview:-1\" \/>\n<link rel=\"canonical\" href=\"https:\/\/www.istegroup.com\/fr\/produit\/trajectoires-dinnovation-dans-lindustrie-spatiale\/\" \/>\n<meta property=\"og:locale\" content=\"fr_FR\" \/>\n<meta property=\"og:type\" content=\"article\" \/>\n<meta property=\"og:title\" content=\"Trajectoires d\u2019innovation dans l\u2019industrie spatiale - ISTE Group\" \/>\n<meta property=\"og:description\" content=\"Trajectoires d\u2019innovation dans l\u2019industrie spatiale analyse les \u00e9volutions de cette industrie tout en \u00e9tudiant les raisons de son conservatisme technologique et organisationnel.\" \/>\n<meta property=\"og:url\" content=\"https:\/\/www.istegroup.com\/fr\/produit\/trajectoires-dinnovation-dans-lindustrie-spatiale\/\" \/>\n<meta property=\"og:site_name\" content=\"ISTE Group\" \/>\n<meta property=\"article:modified_time\" content=\"2024-01-03T13:43:43+00:00\" \/>\n<meta property=\"og:image\" content=\"https:\/\/www.istegroup.com\/wp-content\/uploads\/2020\/03\/Trajectoires-d\u2019innovation-dans-l\u2019industrie-spatiale.jpg\" \/>\n\t<meta property=\"og:image:width\" content=\"300\" \/>\n\t<meta property=\"og:image:height\" content=\"453\" \/>\n\t<meta property=\"og:image:type\" content=\"image\/jpeg\" \/>\n<meta name=\"twitter:card\" content=\"summary_large_image\" \/>\n<meta name=\"twitter:label1\" content=\"Est. reading time\" \/>\n\t<meta name=\"twitter:data1\" content=\"1 minute\" \/>\n<script type=\"application\/ld+json\" class=\"yoast-schema-graph\">{\"@context\":\"https:\/\/schema.org\",\"@graph\":[{\"@type\":\"WebPage\",\"@id\":\"https:\/\/www.istegroup.com\/fr\/produit\/trajectoires-dinnovation-dans-lindustrie-spatiale\/\",\"url\":\"https:\/\/www.istegroup.com\/fr\/produit\/trajectoires-dinnovation-dans-lindustrie-spatiale\/\",\"name\":\"Trajectoires d\u2019innovation dans l\u2019industrie spatiale - ISTE Group\",\"isPartOf\":{\"@id\":\"https:\/\/www.istegroup.com\/#website\"},\"primaryImageOfPage\":{\"@id\":\"https:\/\/www.istegroup.com\/fr\/produit\/trajectoires-dinnovation-dans-lindustrie-spatiale\/#primaryimage\"},\"image\":{\"@id\":\"https:\/\/www.istegroup.com\/fr\/produit\/trajectoires-dinnovation-dans-lindustrie-spatiale\/#primaryimage\"},\"thumbnailUrl\":\"https:\/\/www.istegroup.com\/wp-content\/uploads\/2020\/03\/Trajectoires-d\u2019innovation-dans-l\u2019industrie-spatiale.jpg\",\"datePublished\":\"2020-10-28T16:17:22+00:00\",\"dateModified\":\"2024-01-03T13:43:43+00:00\",\"description\":\"Trajectoires d\u2019innovation dans l\u2019industrie spatiale analyse les \u00e9volutions de cette industrie tout en \u00e9tudiant les raisons de son conservatisme technologique et organisationnel.\",\"breadcrumb\":{\"@id\":\"https:\/\/www.istegroup.com\/fr\/produit\/trajectoires-dinnovation-dans-lindustrie-spatiale\/#breadcrumb\"},\"inLanguage\":\"fr-FR\",\"potentialAction\":[{\"@type\":\"ReadAction\",\"target\":[\"https:\/\/www.istegroup.com\/fr\/produit\/trajectoires-dinnovation-dans-lindustrie-spatiale\/\"]}]},{\"@type\":\"ImageObject\",\"inLanguage\":\"fr-FR\",\"@id\":\"https:\/\/www.istegroup.com\/fr\/produit\/trajectoires-dinnovation-dans-lindustrie-spatiale\/#primaryimage\",\"url\":\"https:\/\/www.istegroup.com\/wp-content\/uploads\/2020\/03\/Trajectoires-d\u2019innovation-dans-l\u2019industrie-spatiale.jpg\",\"contentUrl\":\"https:\/\/www.istegroup.com\/wp-content\/uploads\/2020\/03\/Trajectoires-d\u2019innovation-dans-l\u2019industrie-spatiale.jpg\",\"width\":300,\"height\":453,\"caption\":\"Livre scientifique - Trajectoires d\u2019innovation dans l\u2019industrie spatiale - Victor Dos Santos Paulino\"},{\"@type\":\"BreadcrumbList\",\"@id\":\"https:\/\/www.istegroup.com\/fr\/produit\/trajectoires-dinnovation-dans-lindustrie-spatiale\/#breadcrumb\",\"itemListElement\":[{\"@type\":\"ListItem\",\"position\":1,\"name\":\"Home\",\"item\":\"https:\/\/www.istegroup.com\/\"},{\"@type\":\"ListItem\",\"position\":2,\"name\":\"Shop\",\"item\":\"https:\/\/www.istegroup.com\/fr\/nouveautes\/\"},{\"@type\":\"ListItem\",\"position\":3,\"name\":\"Trajectoires d\u2019innovation dans l\u2019industrie spatiale\"}]},{\"@type\":\"WebSite\",\"@id\":\"https:\/\/www.istegroup.com\/#website\",\"url\":\"https:\/\/www.istegroup.com\/\",\"name\":\"ISTE Group\",\"description\":\"\u00c9diteur des Sciences\",\"potentialAction\":[{\"@type\":\"SearchAction\",\"target\":{\"@type\":\"EntryPoint\",\"urlTemplate\":\"https:\/\/www.istegroup.com\/?s={search_term_string}\"},\"query-input\":{\"@type\":\"PropertyValueSpecification\",\"valueRequired\":true,\"valueName\":\"search_term_string\"}}],\"inLanguage\":\"fr-FR\"}]}<\/script>\n<!-- \/ Yoast SEO plugin. -->","yoast_head_json":{"title":"Trajectoires d\u2019innovation dans l\u2019industrie spatiale - ISTE Group","description":"Trajectoires d\u2019innovation dans l\u2019industrie spatiale analyse les \u00e9volutions de cette industrie tout en \u00e9tudiant les raisons de son conservatisme technologique et organisationnel.","robots":{"index":"index","follow":"follow","max-snippet":"max-snippet:-1","max-image-preview":"max-image-preview:large","max-video-preview":"max-video-preview:-1"},"canonical":"https:\/\/www.istegroup.com\/fr\/produit\/trajectoires-dinnovation-dans-lindustrie-spatiale\/","og_locale":"fr_FR","og_type":"article","og_title":"Trajectoires d\u2019innovation dans l\u2019industrie spatiale - ISTE Group","og_description":"Trajectoires d\u2019innovation dans l\u2019industrie spatiale analyse les \u00e9volutions de cette industrie tout en \u00e9tudiant les raisons de son conservatisme technologique et organisationnel.","og_url":"https:\/\/www.istegroup.com\/fr\/produit\/trajectoires-dinnovation-dans-lindustrie-spatiale\/","og_site_name":"ISTE Group","article_modified_time":"2024-01-03T13:43:43+00:00","og_image":[{"width":300,"height":453,"url":"https:\/\/www.istegroup.com\/wp-content\/uploads\/2020\/03\/Trajectoires-d\u2019innovation-dans-l\u2019industrie-spatiale.jpg","type":"image\/jpeg"}],"twitter_card":"summary_large_image","twitter_misc":{"Est. reading time":"1 minute"},"schema":{"@context":"https:\/\/schema.org","@graph":[{"@type":"WebPage","@id":"https:\/\/www.istegroup.com\/fr\/produit\/trajectoires-dinnovation-dans-lindustrie-spatiale\/","url":"https:\/\/www.istegroup.com\/fr\/produit\/trajectoires-dinnovation-dans-lindustrie-spatiale\/","name":"Trajectoires d\u2019innovation dans l\u2019industrie spatiale - ISTE Group","isPartOf":{"@id":"https:\/\/www.istegroup.com\/#website"},"primaryImageOfPage":{"@id":"https:\/\/www.istegroup.com\/fr\/produit\/trajectoires-dinnovation-dans-lindustrie-spatiale\/#primaryimage"},"image":{"@id":"https:\/\/www.istegroup.com\/fr\/produit\/trajectoires-dinnovation-dans-lindustrie-spatiale\/#primaryimage"},"thumbnailUrl":"https:\/\/www.istegroup.com\/wp-content\/uploads\/2020\/03\/Trajectoires-d\u2019innovation-dans-l\u2019industrie-spatiale.jpg","datePublished":"2020-10-28T16:17:22+00:00","dateModified":"2024-01-03T13:43:43+00:00","description":"Trajectoires d\u2019innovation dans l\u2019industrie spatiale analyse les \u00e9volutions de cette industrie tout en \u00e9tudiant les raisons de son conservatisme technologique et organisationnel.","breadcrumb":{"@id":"https:\/\/www.istegroup.com\/fr\/produit\/trajectoires-dinnovation-dans-lindustrie-spatiale\/#breadcrumb"},"inLanguage":"fr-FR","potentialAction":[{"@type":"ReadAction","target":["https:\/\/www.istegroup.com\/fr\/produit\/trajectoires-dinnovation-dans-lindustrie-spatiale\/"]}]},{"@type":"ImageObject","inLanguage":"fr-FR","@id":"https:\/\/www.istegroup.com\/fr\/produit\/trajectoires-dinnovation-dans-lindustrie-spatiale\/#primaryimage","url":"https:\/\/www.istegroup.com\/wp-content\/uploads\/2020\/03\/Trajectoires-d\u2019innovation-dans-l\u2019industrie-spatiale.jpg","contentUrl":"https:\/\/www.istegroup.com\/wp-content\/uploads\/2020\/03\/Trajectoires-d\u2019innovation-dans-l\u2019industrie-spatiale.jpg","width":300,"height":453,"caption":"Livre scientifique - Trajectoires d\u2019innovation dans l\u2019industrie spatiale - Victor Dos Santos Paulino"},{"@type":"BreadcrumbList","@id":"https:\/\/www.istegroup.com\/fr\/produit\/trajectoires-dinnovation-dans-lindustrie-spatiale\/#breadcrumb","itemListElement":[{"@type":"ListItem","position":1,"name":"Home","item":"https:\/\/www.istegroup.com\/"},{"@type":"ListItem","position":2,"name":"Shop","item":"https:\/\/www.istegroup.com\/fr\/nouveautes\/"},{"@type":"ListItem","position":3,"name":"Trajectoires d\u2019innovation dans l\u2019industrie spatiale"}]},{"@type":"WebSite","@id":"https:\/\/www.istegroup.com\/#website","url":"https:\/\/www.istegroup.com\/","name":"ISTE Group","description":"\u00c9diteur des Sciences","potentialAction":[{"@type":"SearchAction","target":{"@type":"EntryPoint","urlTemplate":"https:\/\/www.istegroup.com\/?s={search_term_string}"},"query-input":{"@type":"PropertyValueSpecification","valueRequired":true,"valueName":"search_term_string"}}],"inLanguage":"fr-FR"}]}},"_links":{"self":[{"href":"https:\/\/www.istegroup.com\/fr\/wp-json\/wp\/v2\/product\/25333","targetHints":{"allow":["GET"]}}],"collection":[{"href":"https:\/\/www.istegroup.com\/fr\/wp-json\/wp\/v2\/product"}],"about":[{"href":"https:\/\/www.istegroup.com\/fr\/wp-json\/wp\/v2\/types\/product"}],"wp:featuredmedia":[{"embeddable":true,"href":"https:\/\/www.istegroup.com\/fr\/wp-json\/wp\/v2\/media\/25341"}],"wp:attachment":[{"href":"https:\/\/www.istegroup.com\/fr\/wp-json\/wp\/v2\/media?parent=25333"}],"wp:term":[{"taxonomy":"product_brand","embeddable":true,"href":"https:\/\/www.istegroup.com\/fr\/wp-json\/wp\/v2\/product_brand?post=25333"},{"taxonomy":"product_cat","embeddable":true,"href":"https:\/\/www.istegroup.com\/fr\/wp-json\/wp\/v2\/product_cat?post=25333"},{"taxonomy":"product_tag","embeddable":true,"href":"https:\/\/www.istegroup.com\/fr\/wp-json\/wp\/v2\/product_tag?post=25333"}],"curies":[{"name":"wp","href":"https:\/\/api.w.org\/{rel}","templated":true}]}}