{"id":25161,"date":"2021-06-18T11:34:08","date_gmt":"2021-06-18T10:34:08","guid":{"rendered":"https:\/\/www.istegroup.com\/?post_type=product&#038;p=25161"},"modified":"2025-01-03T12:16:52","modified_gmt":"2025-01-03T12:16:52","slug":"oceans","status":"publish","type":"product","link":"https:\/\/www.istegroup.com\/fr\/produit\/oceans\/","title":{"rendered":"Oc\u00e9ans"},"content":{"rendered":"<p>Depuis l\u2019exp\u00e9dition du HMS <em>Challenger<\/em> (1872-1876), notre vision de l\u2019oc\u00e9an a totalement chang\u00e9. L\u2019Homme r\u00e9alise qu\u2019il joue un r\u00f4le cl\u00e9 dans la r\u00e9gulation du climat et de la biodiversit\u00e9 et qu\u2019il est \u00e9galement, gr\u00e2ce \u00e0 ses ressources biologiques et mini\u00e8res, un pourvoyeur de services pour l\u2019humanit\u00e9.<\/p>\n<p><em>Oc\u00e9ans<\/em> s\u2019appuie sur les donn\u00e9es issues des nouveaux outils oc\u00e9anographiques et satellitaires, acquises lors de programmes internationaux interdisciplinaires. Il d\u00e9crit les processus qui contr\u00f4lent le fonctionnement de l\u2019oc\u00e9an aux diff\u00e9rentes \u00e9chelles spatiales et temporelles.<\/p>\n<p>Apr\u00e8s avoir consid\u00e9r\u00e9 l\u2019\u00e9volution des concepts en oc\u00e9anographie physique, chimique et biologique, cet ouvrage profile l\u2019avenir d\u2019un oc\u00e9an plus chaud, acidifi\u00e9 et moins oxyg\u00e9n\u00e9. Il montre comment une vision de l\u2019oc\u00e9an \u00e0 diff\u00e9rentes \u00e9chelles modifie sa compr\u00e9hension. Enfin, il pr\u00e9sente les d\u00e9fis auxquels est confront\u00e9 l\u2019oc\u00e9an en mati\u00e8re d\u2019exploitation des ressources biologiques et mini\u00e8res dans le cadre d\u2019un d\u00e9veloppement durable, et de r\u00e9gulation du changement climatique.<\/p>\n<p>&nbsp;<\/p>\n<p><strong>La presse en parle<\/strong><\/p>\n<p>Abondamment illustr\u00e9, il s\u2019adresse \u00e0 un public averti et aux \u00e9tudiants, et plus largement \u00e0 tous ceux qui s\u2019int\u00e9ressent \u00e0 l\u2019histoire de l\u2019oc\u00e9anographie et aux sciences de la mer [&#8230;]<\/p>\n<p>CNRS &#8211; 23 septembre 2020<br \/>\n<a style=\"color: #1e9691;\" href=\"https:\/\/www.insu.cnrs.fr\/fr\/cnrsinfo\/oceans-evolution-des-concepts\">https:\/\/www.insu.cnrs.fr\/fr\/cnrsinfo\/oceans-evolution-des-concepts<\/a><\/p>\n<p>Radio Laser &#8211; 24 octobre 2022<br \/>\n<a style=\"color: #1e9691;\" href=\"https:\/\/www.radiolaser.fr\/L-ocean-est-il-le-maitre-du-climat_a33733.html\">https:\/\/www.radiolaser.fr\/L-ocean-est-il-le-maitre-du-climat_a33733.html<\/a><\/p>\n<p>Unidivers &#8211; 6 novembre 2022<br \/>\n<a style=\"color: #1e9691;\" href=\"https:\/\/www.unidivers.fr\/ocean-paul-treguer\/\">https:\/\/www.unidivers.fr\/ocean-paul-treguer\/<\/a><\/p>","protected":false},"excerpt":{"rendered":"<p>Depuis l\u2019exp\u00e9dition du HMS Challenger (1872-1876), notre vision de l\u2019oc\u00e9an a totalement chang\u00e9. L\u2019Homme r\u00e9alise qu\u2019il joue un r\u00f4le cl\u00e9 dans la r\u00e9gulation du climat et de la biodiversit\u00e9 et qu\u2019il est \u00e9galement, gr\u00e2ce \u00e0 ses ressources biologiques et mini\u00e8res, un pourvoyeur de services pour l\u2019humanit\u00e9. Oc\u00e9ans s\u2019appuie sur les donn\u00e9es issues des nouveaux outils [&hellip;]<\/p>\n","protected":false},"featured_media":25293,"template":"","meta":{"_acf_changed":false,"_links_to":"","_links_to_target":""},"product_brand":[],"product_cat":[4289],"product_tag":[],"class_list":{"0":"post-25161","1":"product","2":"type-product","3":"status-publish","4":"has-post-thumbnail","6":"product_cat-sciences","8":"first","9":"instock","10":"shipping-taxable","11":"purchasable","12":"product-type-variable"},"acf":[],"yoast_head":"<!-- This site is optimized with the Yoast SEO plugin v27.2 - https:\/\/yoast.com\/product\/yoast-seo-wordpress\/ -->\n<title>Oc\u00e9ans - ISTE Group<\/title>\n<meta name=\"description\" content=\"Apr\u00e8s avoir consid\u00e9r\u00e9 l\u2019\u00e9volution des concepts en oc\u00e9anographie physique, chimique et biologique, cet ouvrage profile l\u2019avenir d\u2019un oc\u00e9an plus chaud, acidifi\u00e9 et moins oxyg\u00e9n\u00e9.\" \/>\n<meta name=\"robots\" content=\"index, follow, max-snippet:-1, max-image-preview:large, max-video-preview:-1\" \/>\n<link rel=\"canonical\" href=\"https:\/\/www.istegroup.com\/fr\/produit\/oceans\/\" \/>\n<meta property=\"og:locale\" content=\"fr_FR\" \/>\n<meta property=\"og:type\" content=\"article\" \/>\n<meta property=\"og:title\" content=\"Oc\u00e9ans - ISTE Group\" \/>\n<meta property=\"og:description\" content=\"Apr\u00e8s avoir consid\u00e9r\u00e9 l\u2019\u00e9volution des concepts en oc\u00e9anographie physique, chimique et biologique, cet ouvrage profile l\u2019avenir d\u2019un oc\u00e9an plus chaud, acidifi\u00e9 et moins oxyg\u00e9n\u00e9.\" \/>\n<meta property=\"og:url\" content=\"https:\/\/www.istegroup.com\/fr\/produit\/oceans\/\" \/>\n<meta property=\"og:site_name\" content=\"ISTE Group\" \/>\n<meta property=\"article:modified_time\" content=\"2025-01-03T12:16:52+00:00\" \/>\n<meta property=\"og:image\" content=\"https:\/\/www.istegroup.com\/wp-content\/uploads\/2020\/03\/Oc\u00e9ans-Guy-Jacques-Paul-Tr\u00e9guer-et-Herl\u00e9-Mercier.jpeg\" \/>\n\t<meta property=\"og:image:width\" content=\"300\" \/>\n\t<meta property=\"og:image:height\" content=\"455\" \/>\n\t<meta property=\"og:image:type\" content=\"image\/jpeg\" \/>\n<meta name=\"twitter:card\" content=\"summary_large_image\" \/>\n<meta name=\"twitter:label1\" content=\"Est. reading time\" \/>\n\t<meta name=\"twitter:data1\" content=\"2 minutes\" \/>\n<script type=\"application\/ld+json\" class=\"yoast-schema-graph\">{\"@context\":\"https:\/\/schema.org\",\"@graph\":[{\"@type\":\"WebPage\",\"@id\":\"https:\/\/www.istegroup.com\/fr\/produit\/oceans\/\",\"url\":\"https:\/\/www.istegroup.com\/fr\/produit\/oceans\/\",\"name\":\"Oc\u00e9ans - ISTE Group\",\"isPartOf\":{\"@id\":\"https:\/\/www.istegroup.com\/#website\"},\"primaryImageOfPage\":{\"@id\":\"https:\/\/www.istegroup.com\/fr\/produit\/oceans\/#primaryimage\"},\"image\":{\"@id\":\"https:\/\/www.istegroup.com\/fr\/produit\/oceans\/#primaryimage\"},\"thumbnailUrl\":\"https:\/\/www.istegroup.com\/wp-content\/uploads\/2020\/03\/Oc\u00e9ans-Guy-Jacques-Paul-Tr\u00e9guer-et-Herl\u00e9-Mercier.jpeg\",\"datePublished\":\"2021-06-18T10:34:08+00:00\",\"dateModified\":\"2025-01-03T12:16:52+00:00\",\"description\":\"Apr\u00e8s avoir consid\u00e9r\u00e9 l\u2019\u00e9volution des concepts en oc\u00e9anographie physique, chimique et biologique, cet ouvrage profile l\u2019avenir d\u2019un oc\u00e9an plus chaud, acidifi\u00e9 et moins oxyg\u00e9n\u00e9.\",\"breadcrumb\":{\"@id\":\"https:\/\/www.istegroup.com\/fr\/produit\/oceans\/#breadcrumb\"},\"inLanguage\":\"fr-FR\",\"potentialAction\":[{\"@type\":\"ReadAction\",\"target\":[\"https:\/\/www.istegroup.com\/fr\/produit\/oceans\/\"]}]},{\"@type\":\"ImageObject\",\"inLanguage\":\"fr-FR\",\"@id\":\"https:\/\/www.istegroup.com\/fr\/produit\/oceans\/#primaryimage\",\"url\":\"https:\/\/www.istegroup.com\/wp-content\/uploads\/2020\/03\/Oc\u00e9ans-Guy-Jacques-Paul-Tr\u00e9guer-et-Herl\u00e9-Mercier.jpeg\",\"contentUrl\":\"https:\/\/www.istegroup.com\/wp-content\/uploads\/2020\/03\/Oc\u00e9ans-Guy-Jacques-Paul-Tr\u00e9guer-et-Herl\u00e9-Mercier.jpeg\",\"width\":300,\"height\":455,\"caption\":\"Encyclop\u00e9die SCIENCES\"},{\"@type\":\"BreadcrumbList\",\"@id\":\"https:\/\/www.istegroup.com\/fr\/produit\/oceans\/#breadcrumb\",\"itemListElement\":[{\"@type\":\"ListItem\",\"position\":1,\"name\":\"Home\",\"item\":\"https:\/\/www.istegroup.com\/\"},{\"@type\":\"ListItem\",\"position\":2,\"name\":\"Shop\",\"item\":\"https:\/\/www.istegroup.com\/fr\/nouveautes\/\"},{\"@type\":\"ListItem\",\"position\":3,\"name\":\"Oc\u00e9ans\"}]},{\"@type\":\"WebSite\",\"@id\":\"https:\/\/www.istegroup.com\/#website\",\"url\":\"https:\/\/www.istegroup.com\/\",\"name\":\"ISTE Group\",\"description\":\"\u00c9diteur des Sciences\",\"potentialAction\":[{\"@type\":\"SearchAction\",\"target\":{\"@type\":\"EntryPoint\",\"urlTemplate\":\"https:\/\/www.istegroup.com\/?s={search_term_string}\"},\"query-input\":{\"@type\":\"PropertyValueSpecification\",\"valueRequired\":true,\"valueName\":\"search_term_string\"}}],\"inLanguage\":\"fr-FR\"}]}<\/script>\n<!-- \/ Yoast SEO plugin. -->","yoast_head_json":{"title":"Oc\u00e9ans - ISTE Group","description":"Apr\u00e8s avoir consid\u00e9r\u00e9 l\u2019\u00e9volution des concepts en oc\u00e9anographie physique, chimique et biologique, cet ouvrage profile l\u2019avenir d\u2019un oc\u00e9an plus chaud, acidifi\u00e9 et moins oxyg\u00e9n\u00e9.","robots":{"index":"index","follow":"follow","max-snippet":"max-snippet:-1","max-image-preview":"max-image-preview:large","max-video-preview":"max-video-preview:-1"},"canonical":"https:\/\/www.istegroup.com\/fr\/produit\/oceans\/","og_locale":"fr_FR","og_type":"article","og_title":"Oc\u00e9ans - ISTE Group","og_description":"Apr\u00e8s avoir consid\u00e9r\u00e9 l\u2019\u00e9volution des concepts en oc\u00e9anographie physique, chimique et biologique, cet ouvrage profile l\u2019avenir d\u2019un oc\u00e9an plus chaud, acidifi\u00e9 et moins oxyg\u00e9n\u00e9.","og_url":"https:\/\/www.istegroup.com\/fr\/produit\/oceans\/","og_site_name":"ISTE Group","article_modified_time":"2025-01-03T12:16:52+00:00","og_image":[{"width":300,"height":455,"url":"https:\/\/www.istegroup.com\/wp-content\/uploads\/2020\/03\/Oc\u00e9ans-Guy-Jacques-Paul-Tr\u00e9guer-et-Herl\u00e9-Mercier.jpeg","type":"image\/jpeg"}],"twitter_card":"summary_large_image","twitter_misc":{"Est. reading time":"2 minutes"},"schema":{"@context":"https:\/\/schema.org","@graph":[{"@type":"WebPage","@id":"https:\/\/www.istegroup.com\/fr\/produit\/oceans\/","url":"https:\/\/www.istegroup.com\/fr\/produit\/oceans\/","name":"Oc\u00e9ans - ISTE Group","isPartOf":{"@id":"https:\/\/www.istegroup.com\/#website"},"primaryImageOfPage":{"@id":"https:\/\/www.istegroup.com\/fr\/produit\/oceans\/#primaryimage"},"image":{"@id":"https:\/\/www.istegroup.com\/fr\/produit\/oceans\/#primaryimage"},"thumbnailUrl":"https:\/\/www.istegroup.com\/wp-content\/uploads\/2020\/03\/Oc\u00e9ans-Guy-Jacques-Paul-Tr\u00e9guer-et-Herl\u00e9-Mercier.jpeg","datePublished":"2021-06-18T10:34:08+00:00","dateModified":"2025-01-03T12:16:52+00:00","description":"Apr\u00e8s avoir consid\u00e9r\u00e9 l\u2019\u00e9volution des concepts en oc\u00e9anographie physique, chimique et biologique, cet ouvrage profile l\u2019avenir d\u2019un oc\u00e9an plus chaud, acidifi\u00e9 et moins oxyg\u00e9n\u00e9.","breadcrumb":{"@id":"https:\/\/www.istegroup.com\/fr\/produit\/oceans\/#breadcrumb"},"inLanguage":"fr-FR","potentialAction":[{"@type":"ReadAction","target":["https:\/\/www.istegroup.com\/fr\/produit\/oceans\/"]}]},{"@type":"ImageObject","inLanguage":"fr-FR","@id":"https:\/\/www.istegroup.com\/fr\/produit\/oceans\/#primaryimage","url":"https:\/\/www.istegroup.com\/wp-content\/uploads\/2020\/03\/Oc\u00e9ans-Guy-Jacques-Paul-Tr\u00e9guer-et-Herl\u00e9-Mercier.jpeg","contentUrl":"https:\/\/www.istegroup.com\/wp-content\/uploads\/2020\/03\/Oc\u00e9ans-Guy-Jacques-Paul-Tr\u00e9guer-et-Herl\u00e9-Mercier.jpeg","width":300,"height":455,"caption":"Encyclop\u00e9die SCIENCES"},{"@type":"BreadcrumbList","@id":"https:\/\/www.istegroup.com\/fr\/produit\/oceans\/#breadcrumb","itemListElement":[{"@type":"ListItem","position":1,"name":"Home","item":"https:\/\/www.istegroup.com\/"},{"@type":"ListItem","position":2,"name":"Shop","item":"https:\/\/www.istegroup.com\/fr\/nouveautes\/"},{"@type":"ListItem","position":3,"name":"Oc\u00e9ans"}]},{"@type":"WebSite","@id":"https:\/\/www.istegroup.com\/#website","url":"https:\/\/www.istegroup.com\/","name":"ISTE Group","description":"\u00c9diteur des Sciences","potentialAction":[{"@type":"SearchAction","target":{"@type":"EntryPoint","urlTemplate":"https:\/\/www.istegroup.com\/?s={search_term_string}"},"query-input":{"@type":"PropertyValueSpecification","valueRequired":true,"valueName":"search_term_string"}}],"inLanguage":"fr-FR"}]}},"_links":{"self":[{"href":"https:\/\/www.istegroup.com\/fr\/wp-json\/wp\/v2\/product\/25161","targetHints":{"allow":["GET"]}}],"collection":[{"href":"https:\/\/www.istegroup.com\/fr\/wp-json\/wp\/v2\/product"}],"about":[{"href":"https:\/\/www.istegroup.com\/fr\/wp-json\/wp\/v2\/types\/product"}],"wp:featuredmedia":[{"embeddable":true,"href":"https:\/\/www.istegroup.com\/fr\/wp-json\/wp\/v2\/media\/25293"}],"wp:attachment":[{"href":"https:\/\/www.istegroup.com\/fr\/wp-json\/wp\/v2\/media?parent=25161"}],"wp:term":[{"taxonomy":"product_brand","embeddable":true,"href":"https:\/\/www.istegroup.com\/fr\/wp-json\/wp\/v2\/product_brand?post=25161"},{"taxonomy":"product_cat","embeddable":true,"href":"https:\/\/www.istegroup.com\/fr\/wp-json\/wp\/v2\/product_cat?post=25161"},{"taxonomy":"product_tag","embeddable":true,"href":"https:\/\/www.istegroup.com\/fr\/wp-json\/wp\/v2\/product_tag?post=25161"}],"curies":[{"name":"wp","href":"https:\/\/api.w.org\/{rel}","templated":true}]}}