{"id":25129,"date":"2020-10-28T13:54:19","date_gmt":"2020-10-28T13:54:19","guid":{"rendered":"https:\/\/www.istegroup.com\/?post_type=product&#038;p=25129"},"modified":"2024-01-03T13:43:43","modified_gmt":"2024-01-03T13:43:43","slug":"introduction-a-la-mecanique-quantique-2","status":"publish","type":"product","link":"https:\/\/www.istegroup.com\/fr\/produit\/introduction-a-la-mecanique-quantique-2\/","title":{"rendered":"Introduction \u00e0 la m\u00e9canique quantique 2"},"content":{"rendered":"<p>La m\u00e9canique quantique est \u00e0 la base de la technologie moderne. Elle a donn\u00e9 lieu \u00e0 de nombreuses applications en physique, en chimie et m\u00eame en biologie.<\/p>\n<p><em>Introduction \u00e0 la m\u00e9canique quantique 2<\/em> \u00e9tudie l\u2019\u00e9quation de Schr\u00f6dinger, les puits, les marches et les barri\u00e8res de potentiel. Les propri\u00e9t\u00e9s des bases orthonorm\u00e9es dans l\u2019espace des fonctions d\u2019onde de carr\u00e9 sommable et les notations de Dirac relatives aux kets et aux bras dans l\u2019espace des \u00e9tats sont \u00e9galement examin\u00e9es.<\/p>\n<p>Cet ouvrage analyse les notions d\u2019op\u00e9rateur lin\u00e9aire, d\u2019op\u00e9rateur hermitien, d\u2019observable, de conjugaison hermitienne et de commutateur. La repr\u00e9sentation des kets, des bras et des op\u00e9rateurs dans l\u2019espace des \u00e9tats est expos\u00e9e, tout comme l\u2019\u00e9quation aux valeurs propres et l\u2019\u00e9quation caract\u00e9ristique. Enfin, ce second volume pr\u00e9sente la d\u00e9finition de la valeur moyenne d\u2019une observable et son \u00e9quation d\u2019\u00e9volution, l\u2019\u00e9tude des syst\u00e8mes conservatifs et l\u2019\u00e9tablissement du th\u00e9or\u00e8me d\u2019Ehrenfest.<\/p>\n","protected":false},"excerpt":{"rendered":"<p>La m\u00e9canique quantique est \u00e0 la base de la technologie moderne. Elle a donn\u00e9 lieu \u00e0 de nombreuses applications en physique, en chimie et m\u00eame en biologie. Introduction \u00e0 la m\u00e9canique quantique 2 \u00e9tudie l\u2019\u00e9quation de Schr\u00f6dinger, les puits, les marches et les barri\u00e8res de potentiel. Les propri\u00e9t\u00e9s des bases orthonorm\u00e9es dans l\u2019espace des fonctions [&hellip;]<\/p>\n","protected":false},"featured_media":25136,"template":"","meta":{"_acf_changed":false,"_links_to":"","_links_to_target":""},"product_brand":[],"product_cat":[677],"product_tag":[],"class_list":{"0":"post-25129","1":"product","2":"type-product","3":"status-publish","4":"has-post-thumbnail","6":"product_cat-ondes-12506522","8":"first","9":"instock","10":"shipping-taxable","11":"purchasable","12":"product-type-variable"},"acf":[],"yoast_head":"<!-- This site is optimized with the Yoast SEO plugin v27.2 - https:\/\/yoast.com\/product\/yoast-seo-wordpress\/ -->\n<title>Introduction \u00e0 la m\u00e9canique quantique 2 - ISTE Group<\/title>\n<meta name=\"description\" content=\"Introduction \u00e0 la m\u00e9canique quantique 2 \u00e9tudie l\u2019\u00e9quation de Schr\u00f6dinger, les puits, les marches et les barri\u00e8res de potentiel.\" \/>\n<meta name=\"robots\" content=\"index, follow, max-snippet:-1, max-image-preview:large, max-video-preview:-1\" \/>\n<link rel=\"canonical\" href=\"https:\/\/www.istegroup.com\/en\/produit\/introduction-a-la-mecanique-quantique-2\/\" \/>\n<meta property=\"og:locale\" content=\"fr_FR\" \/>\n<meta property=\"og:type\" content=\"article\" \/>\n<meta property=\"og:title\" content=\"Introduction \u00e0 la m\u00e9canique quantique 2 - ISTE Group\" \/>\n<meta property=\"og:description\" content=\"Introduction \u00e0 la m\u00e9canique quantique 2 \u00e9tudie l\u2019\u00e9quation de Schr\u00f6dinger, les puits, les marches et les barri\u00e8res de potentiel.\" \/>\n<meta property=\"og:url\" content=\"https:\/\/www.istegroup.com\/en\/produit\/introduction-a-la-mecanique-quantique-2\/\" \/>\n<meta property=\"og:site_name\" content=\"ISTE Group\" \/>\n<meta property=\"article:modified_time\" content=\"2024-01-03T13:43:43+00:00\" \/>\n<meta property=\"og:image\" content=\"https:\/\/www.istegroup.com\/wp-content\/uploads\/2020\/03\/Introduction-\u00e0-la-m\u00e9canique-quantique-2.jpg\" \/>\n\t<meta property=\"og:image:width\" content=\"300\" \/>\n\t<meta property=\"og:image:height\" content=\"451\" \/>\n\t<meta property=\"og:image:type\" content=\"image\/jpeg\" \/>\n<meta name=\"twitter:card\" content=\"summary_large_image\" \/>\n<meta name=\"twitter:label1\" content=\"Est. reading time\" \/>\n\t<meta name=\"twitter:data1\" content=\"1 minute\" \/>\n<script type=\"application\/ld+json\" class=\"yoast-schema-graph\">{\"@context\":\"https:\/\/schema.org\",\"@graph\":[{\"@type\":\"WebPage\",\"@id\":\"https:\/\/www.istegroup.com\/en\/produit\/introduction-a-la-mecanique-quantique-2\/\",\"url\":\"https:\/\/www.istegroup.com\/en\/produit\/introduction-a-la-mecanique-quantique-2\/\",\"name\":\"Introduction \u00e0 la m\u00e9canique quantique 2 - ISTE Group\",\"isPartOf\":{\"@id\":\"https:\/\/www.istegroup.com\/#website\"},\"primaryImageOfPage\":{\"@id\":\"https:\/\/www.istegroup.com\/en\/produit\/introduction-a-la-mecanique-quantique-2\/#primaryimage\"},\"image\":{\"@id\":\"https:\/\/www.istegroup.com\/en\/produit\/introduction-a-la-mecanique-quantique-2\/#primaryimage\"},\"thumbnailUrl\":\"https:\/\/www.istegroup.com\/wp-content\/uploads\/2020\/03\/Introduction-\u00e0-la-m\u00e9canique-quantique-2.jpg\",\"datePublished\":\"2020-10-28T13:54:19+00:00\",\"dateModified\":\"2024-01-03T13:43:43+00:00\",\"description\":\"Introduction \u00e0 la m\u00e9canique quantique 2 \u00e9tudie l\u2019\u00e9quation de Schr\u00f6dinger, les puits, les marches et les barri\u00e8res de potentiel.\",\"breadcrumb\":{\"@id\":\"https:\/\/www.istegroup.com\/en\/produit\/introduction-a-la-mecanique-quantique-2\/#breadcrumb\"},\"inLanguage\":\"fr-FR\",\"potentialAction\":[{\"@type\":\"ReadAction\",\"target\":[\"https:\/\/www.istegroup.com\/en\/produit\/introduction-a-la-mecanique-quantique-2\/\"]}]},{\"@type\":\"ImageObject\",\"inLanguage\":\"fr-FR\",\"@id\":\"https:\/\/www.istegroup.com\/en\/produit\/introduction-a-la-mecanique-quantique-2\/#primaryimage\",\"url\":\"https:\/\/www.istegroup.com\/wp-content\/uploads\/2020\/03\/Introduction-\u00e0-la-m\u00e9canique-quantique-2.jpg\",\"contentUrl\":\"https:\/\/www.istegroup.com\/wp-content\/uploads\/2020\/03\/Introduction-\u00e0-la-m\u00e9canique-quantique-2.jpg\",\"width\":300,\"height\":451,\"caption\":\"Introduction \u00e0 la m\u00e9canique quantique 2 - Cyrille Cazeau\"},{\"@type\":\"BreadcrumbList\",\"@id\":\"https:\/\/www.istegroup.com\/en\/produit\/introduction-a-la-mecanique-quantique-2\/#breadcrumb\",\"itemListElement\":[{\"@type\":\"ListItem\",\"position\":1,\"name\":\"Home\",\"item\":\"https:\/\/www.istegroup.com\/\"},{\"@type\":\"ListItem\",\"position\":2,\"name\":\"Shop\",\"item\":\"https:\/\/www.istegroup.com\/fr\/nouveautes\/\"},{\"@type\":\"ListItem\",\"position\":3,\"name\":\"Introduction \u00e0 la m\u00e9canique quantique 2\"}]},{\"@type\":\"WebSite\",\"@id\":\"https:\/\/www.istegroup.com\/#website\",\"url\":\"https:\/\/www.istegroup.com\/\",\"name\":\"ISTE Group\",\"description\":\"\u00c9diteur des Sciences\",\"potentialAction\":[{\"@type\":\"SearchAction\",\"target\":{\"@type\":\"EntryPoint\",\"urlTemplate\":\"https:\/\/www.istegroup.com\/?s={search_term_string}\"},\"query-input\":{\"@type\":\"PropertyValueSpecification\",\"valueRequired\":true,\"valueName\":\"search_term_string\"}}],\"inLanguage\":\"fr-FR\"}]}<\/script>\n<!-- \/ Yoast SEO plugin. -->","yoast_head_json":{"title":"Introduction \u00e0 la m\u00e9canique quantique 2 - ISTE Group","description":"Introduction \u00e0 la m\u00e9canique quantique 2 \u00e9tudie l\u2019\u00e9quation de Schr\u00f6dinger, les puits, les marches et les barri\u00e8res de potentiel.","robots":{"index":"index","follow":"follow","max-snippet":"max-snippet:-1","max-image-preview":"max-image-preview:large","max-video-preview":"max-video-preview:-1"},"canonical":"https:\/\/www.istegroup.com\/en\/produit\/introduction-a-la-mecanique-quantique-2\/","og_locale":"fr_FR","og_type":"article","og_title":"Introduction \u00e0 la m\u00e9canique quantique 2 - ISTE Group","og_description":"Introduction \u00e0 la m\u00e9canique quantique 2 \u00e9tudie l\u2019\u00e9quation de Schr\u00f6dinger, les puits, les marches et les barri\u00e8res de potentiel.","og_url":"https:\/\/www.istegroup.com\/en\/produit\/introduction-a-la-mecanique-quantique-2\/","og_site_name":"ISTE Group","article_modified_time":"2024-01-03T13:43:43+00:00","og_image":[{"width":300,"height":451,"url":"https:\/\/www.istegroup.com\/wp-content\/uploads\/2020\/03\/Introduction-\u00e0-la-m\u00e9canique-quantique-2.jpg","type":"image\/jpeg"}],"twitter_card":"summary_large_image","twitter_misc":{"Est. reading time":"1 minute"},"schema":{"@context":"https:\/\/schema.org","@graph":[{"@type":"WebPage","@id":"https:\/\/www.istegroup.com\/en\/produit\/introduction-a-la-mecanique-quantique-2\/","url":"https:\/\/www.istegroup.com\/en\/produit\/introduction-a-la-mecanique-quantique-2\/","name":"Introduction \u00e0 la m\u00e9canique quantique 2 - ISTE Group","isPartOf":{"@id":"https:\/\/www.istegroup.com\/#website"},"primaryImageOfPage":{"@id":"https:\/\/www.istegroup.com\/en\/produit\/introduction-a-la-mecanique-quantique-2\/#primaryimage"},"image":{"@id":"https:\/\/www.istegroup.com\/en\/produit\/introduction-a-la-mecanique-quantique-2\/#primaryimage"},"thumbnailUrl":"https:\/\/www.istegroup.com\/wp-content\/uploads\/2020\/03\/Introduction-\u00e0-la-m\u00e9canique-quantique-2.jpg","datePublished":"2020-10-28T13:54:19+00:00","dateModified":"2024-01-03T13:43:43+00:00","description":"Introduction \u00e0 la m\u00e9canique quantique 2 \u00e9tudie l\u2019\u00e9quation de Schr\u00f6dinger, les puits, les marches et les barri\u00e8res de potentiel.","breadcrumb":{"@id":"https:\/\/www.istegroup.com\/en\/produit\/introduction-a-la-mecanique-quantique-2\/#breadcrumb"},"inLanguage":"fr-FR","potentialAction":[{"@type":"ReadAction","target":["https:\/\/www.istegroup.com\/en\/produit\/introduction-a-la-mecanique-quantique-2\/"]}]},{"@type":"ImageObject","inLanguage":"fr-FR","@id":"https:\/\/www.istegroup.com\/en\/produit\/introduction-a-la-mecanique-quantique-2\/#primaryimage","url":"https:\/\/www.istegroup.com\/wp-content\/uploads\/2020\/03\/Introduction-\u00e0-la-m\u00e9canique-quantique-2.jpg","contentUrl":"https:\/\/www.istegroup.com\/wp-content\/uploads\/2020\/03\/Introduction-\u00e0-la-m\u00e9canique-quantique-2.jpg","width":300,"height":451,"caption":"Introduction \u00e0 la m\u00e9canique quantique 2 - Cyrille Cazeau"},{"@type":"BreadcrumbList","@id":"https:\/\/www.istegroup.com\/en\/produit\/introduction-a-la-mecanique-quantique-2\/#breadcrumb","itemListElement":[{"@type":"ListItem","position":1,"name":"Home","item":"https:\/\/www.istegroup.com\/"},{"@type":"ListItem","position":2,"name":"Shop","item":"https:\/\/www.istegroup.com\/fr\/nouveautes\/"},{"@type":"ListItem","position":3,"name":"Introduction \u00e0 la m\u00e9canique quantique 2"}]},{"@type":"WebSite","@id":"https:\/\/www.istegroup.com\/#website","url":"https:\/\/www.istegroup.com\/","name":"ISTE Group","description":"\u00c9diteur des Sciences","potentialAction":[{"@type":"SearchAction","target":{"@type":"EntryPoint","urlTemplate":"https:\/\/www.istegroup.com\/?s={search_term_string}"},"query-input":{"@type":"PropertyValueSpecification","valueRequired":true,"valueName":"search_term_string"}}],"inLanguage":"fr-FR"}]}},"_links":{"self":[{"href":"https:\/\/www.istegroup.com\/fr\/wp-json\/wp\/v2\/product\/25129","targetHints":{"allow":["GET"]}}],"collection":[{"href":"https:\/\/www.istegroup.com\/fr\/wp-json\/wp\/v2\/product"}],"about":[{"href":"https:\/\/www.istegroup.com\/fr\/wp-json\/wp\/v2\/types\/product"}],"wp:featuredmedia":[{"embeddable":true,"href":"https:\/\/www.istegroup.com\/fr\/wp-json\/wp\/v2\/media\/25136"}],"wp:attachment":[{"href":"https:\/\/www.istegroup.com\/fr\/wp-json\/wp\/v2\/media?parent=25129"}],"wp:term":[{"taxonomy":"product_brand","embeddable":true,"href":"https:\/\/www.istegroup.com\/fr\/wp-json\/wp\/v2\/product_brand?post=25129"},{"taxonomy":"product_cat","embeddable":true,"href":"https:\/\/www.istegroup.com\/fr\/wp-json\/wp\/v2\/product_cat?post=25129"},{"taxonomy":"product_tag","embeddable":true,"href":"https:\/\/www.istegroup.com\/fr\/wp-json\/wp\/v2\/product_tag?post=25129"}],"curies":[{"name":"wp","href":"https:\/\/api.w.org\/{rel}","templated":true}]}}