{"id":25120,"date":"2020-10-28T13:53:22","date_gmt":"2020-10-28T13:53:22","guid":{"rendered":"https:\/\/www.istegroup.com\/?post_type=product&#038;p=25120"},"modified":"2024-01-03T13:43:43","modified_gmt":"2024-01-03T13:43:43","slug":"introduction-a-la-mecanique-quantique-1","status":"publish","type":"product","link":"https:\/\/www.istegroup.com\/fr\/produit\/introduction-a-la-mecanique-quantique-1\/","title":{"rendered":"Introduction \u00e0 la m\u00e9canique quantique 1"},"content":{"rendered":"<p>La conception des lasers et de nombreux dispositifs opto\u00e9lectroniques tels que les cellules photovolta\u00efques est devenue possible gr\u00e2ce \u00e0 la ma\u00eetrise des processus de l\u2019interaction du rayonnement \u00e9lectromagn\u00e9tique avec la mati\u00e8re.<\/p>\n<p><em>Introduction \u00e0 la m\u00e9canique quantique 1<\/em> est d\u00e9di\u00e9 \u00e0 l\u2019\u00e9tude du rayonnement thermique et des faits exp\u00e9rimentaux ayant r\u00e9v\u00e9l\u00e9 la quantification de la mati\u00e8re. L\u2019\u00e9tude du rayonnement du corps noir permet d\u2019introduire les lois fondamentales et les principales grandeurs \u00e9nerg\u00e9tiques caract\u00e9ristiques du rayonnement.<\/p>\n<p>Les propri\u00e9t\u00e9s ondulatoires et corpusculaires de la lumi\u00e8re et la dualit\u00e9 onde-corpuscule sont \u00e9tudi\u00e9es \u00e0 partir de l\u2019interpr\u00e9tation des interf\u00e9rences lumineuses, de l\u2019effet photo\u00e9lectrique et de l\u2019effet Compton. L\u2019ouvrage analyse \u00e9galement le spectre de l\u2019atome d\u2019hydrog\u00e8ne. Enfin, ce premier volume examine l\u2019\u00e9tude de la th\u00e9orie ondulatoire de de Broglie et des relations d\u2019incertitudes de Heisenberg qui ont facilit\u00e9 l\u2019\u00e9laboration de la m\u00e9canique quantique.<\/p>\n","protected":false},"excerpt":{"rendered":"<p>La conception des lasers et de nombreux dispositifs opto\u00e9lectroniques tels que les cellules photovolta\u00efques est devenue possible gr\u00e2ce \u00e0 la ma\u00eetrise des processus de l\u2019interaction du rayonnement \u00e9lectromagn\u00e9tique avec la mati\u00e8re. Introduction \u00e0 la m\u00e9canique quantique 1 est d\u00e9di\u00e9 \u00e0 l\u2019\u00e9tude du rayonnement thermique et des faits exp\u00e9rimentaux ayant r\u00e9v\u00e9l\u00e9 la quantification de la mati\u00e8re. [&hellip;]<\/p>\n","protected":false},"featured_media":25127,"template":"","meta":{"_acf_changed":false,"_links_to":"","_links_to_target":""},"product_brand":[],"product_cat":[677],"product_tag":[],"class_list":{"0":"post-25120","1":"product","2":"type-product","3":"status-publish","4":"has-post-thumbnail","6":"product_cat-ondes-12506522","8":"first","9":"instock","10":"shipping-taxable","11":"purchasable","12":"product-type-variable"},"acf":[],"yoast_head":"<!-- This site is optimized with the Yoast SEO plugin v27.2 - https:\/\/yoast.com\/product\/yoast-seo-wordpress\/ -->\n<title>Introduction \u00e0 la m\u00e9canique quantique 1 - ISTE Group<\/title>\n<meta name=\"description\" content=\"Introduction \u00e0 la m\u00e9canique quantique 1 est d\u00e9di\u00e9 \u00e0 l\u2019\u00e9tude du rayonnement thermique et des faits exp\u00e9rimentaux ayant r\u00e9v\u00e9l\u00e9 la quantification de la mati\u00e8re.\" \/>\n<meta name=\"robots\" content=\"index, follow, max-snippet:-1, max-image-preview:large, max-video-preview:-1\" \/>\n<link rel=\"canonical\" href=\"https:\/\/www.istegroup.com\/en\/produit\/introduction-a-la-mecanique-quantique-1\/\" \/>\n<meta property=\"og:locale\" content=\"fr_FR\" \/>\n<meta property=\"og:type\" content=\"article\" \/>\n<meta property=\"og:title\" content=\"Introduction \u00e0 la m\u00e9canique quantique 1 - ISTE Group\" \/>\n<meta property=\"og:description\" content=\"Introduction \u00e0 la m\u00e9canique quantique 1 est d\u00e9di\u00e9 \u00e0 l\u2019\u00e9tude du rayonnement thermique et des faits exp\u00e9rimentaux ayant r\u00e9v\u00e9l\u00e9 la quantification de la mati\u00e8re.\" \/>\n<meta property=\"og:url\" content=\"https:\/\/www.istegroup.com\/en\/produit\/introduction-a-la-mecanique-quantique-1\/\" \/>\n<meta property=\"og:site_name\" content=\"ISTE Group\" \/>\n<meta property=\"article:modified_time\" content=\"2024-01-03T13:43:43+00:00\" \/>\n<meta property=\"og:image\" content=\"https:\/\/www.istegroup.com\/wp-content\/uploads\/2020\/03\/Introduction-\u00e0-la-m\u00e9canique-quantique-1.jpg\" \/>\n\t<meta property=\"og:image:width\" content=\"300\" \/>\n\t<meta property=\"og:image:height\" content=\"453\" \/>\n\t<meta property=\"og:image:type\" content=\"image\/jpeg\" \/>\n<meta name=\"twitter:card\" content=\"summary_large_image\" \/>\n<meta name=\"twitter:label1\" content=\"Est. reading time\" \/>\n\t<meta name=\"twitter:data1\" content=\"1 minute\" \/>\n<script type=\"application\/ld+json\" class=\"yoast-schema-graph\">{\"@context\":\"https:\/\/schema.org\",\"@graph\":[{\"@type\":\"WebPage\",\"@id\":\"https:\/\/www.istegroup.com\/en\/produit\/introduction-a-la-mecanique-quantique-1\/\",\"url\":\"https:\/\/www.istegroup.com\/en\/produit\/introduction-a-la-mecanique-quantique-1\/\",\"name\":\"Introduction \u00e0 la m\u00e9canique quantique 1 - ISTE Group\",\"isPartOf\":{\"@id\":\"https:\/\/www.istegroup.com\/#website\"},\"primaryImageOfPage\":{\"@id\":\"https:\/\/www.istegroup.com\/en\/produit\/introduction-a-la-mecanique-quantique-1\/#primaryimage\"},\"image\":{\"@id\":\"https:\/\/www.istegroup.com\/en\/produit\/introduction-a-la-mecanique-quantique-1\/#primaryimage\"},\"thumbnailUrl\":\"https:\/\/www.istegroup.com\/wp-content\/uploads\/2020\/03\/Introduction-\u00e0-la-m\u00e9canique-quantique-1.jpg\",\"datePublished\":\"2020-10-28T13:53:22+00:00\",\"dateModified\":\"2024-01-03T13:43:43+00:00\",\"description\":\"Introduction \u00e0 la m\u00e9canique quantique 1 est d\u00e9di\u00e9 \u00e0 l\u2019\u00e9tude du rayonnement thermique et des faits exp\u00e9rimentaux ayant r\u00e9v\u00e9l\u00e9 la quantification de la mati\u00e8re.\",\"breadcrumb\":{\"@id\":\"https:\/\/www.istegroup.com\/en\/produit\/introduction-a-la-mecanique-quantique-1\/#breadcrumb\"},\"inLanguage\":\"fr-FR\",\"potentialAction\":[{\"@type\":\"ReadAction\",\"target\":[\"https:\/\/www.istegroup.com\/en\/produit\/introduction-a-la-mecanique-quantique-1\/\"]}]},{\"@type\":\"ImageObject\",\"inLanguage\":\"fr-FR\",\"@id\":\"https:\/\/www.istegroup.com\/en\/produit\/introduction-a-la-mecanique-quantique-1\/#primaryimage\",\"url\":\"https:\/\/www.istegroup.com\/wp-content\/uploads\/2020\/03\/Introduction-\u00e0-la-m\u00e9canique-quantique-1.jpg\",\"contentUrl\":\"https:\/\/www.istegroup.com\/wp-content\/uploads\/2020\/03\/Introduction-\u00e0-la-m\u00e9canique-quantique-1.jpg\",\"width\":300,\"height\":453,\"caption\":\"Livre scientifique - Introduction \u00e0 la m\u00e9canique quantique 1 - Ibrahima Sakhoc\"},{\"@type\":\"BreadcrumbList\",\"@id\":\"https:\/\/www.istegroup.com\/en\/produit\/introduction-a-la-mecanique-quantique-1\/#breadcrumb\",\"itemListElement\":[{\"@type\":\"ListItem\",\"position\":1,\"name\":\"Home\",\"item\":\"https:\/\/www.istegroup.com\/\"},{\"@type\":\"ListItem\",\"position\":2,\"name\":\"Shop\",\"item\":\"https:\/\/www.istegroup.com\/fr\/nouveautes\/\"},{\"@type\":\"ListItem\",\"position\":3,\"name\":\"Introduction \u00e0 la m\u00e9canique quantique 1\"}]},{\"@type\":\"WebSite\",\"@id\":\"https:\/\/www.istegroup.com\/#website\",\"url\":\"https:\/\/www.istegroup.com\/\",\"name\":\"ISTE Group\",\"description\":\"\u00c9diteur des Sciences\",\"potentialAction\":[{\"@type\":\"SearchAction\",\"target\":{\"@type\":\"EntryPoint\",\"urlTemplate\":\"https:\/\/www.istegroup.com\/?s={search_term_string}\"},\"query-input\":{\"@type\":\"PropertyValueSpecification\",\"valueRequired\":true,\"valueName\":\"search_term_string\"}}],\"inLanguage\":\"fr-FR\"}]}<\/script>\n<!-- \/ Yoast SEO plugin. -->","yoast_head_json":{"title":"Introduction \u00e0 la m\u00e9canique quantique 1 - ISTE Group","description":"Introduction \u00e0 la m\u00e9canique quantique 1 est d\u00e9di\u00e9 \u00e0 l\u2019\u00e9tude du rayonnement thermique et des faits exp\u00e9rimentaux ayant r\u00e9v\u00e9l\u00e9 la quantification de la mati\u00e8re.","robots":{"index":"index","follow":"follow","max-snippet":"max-snippet:-1","max-image-preview":"max-image-preview:large","max-video-preview":"max-video-preview:-1"},"canonical":"https:\/\/www.istegroup.com\/en\/produit\/introduction-a-la-mecanique-quantique-1\/","og_locale":"fr_FR","og_type":"article","og_title":"Introduction \u00e0 la m\u00e9canique quantique 1 - ISTE Group","og_description":"Introduction \u00e0 la m\u00e9canique quantique 1 est d\u00e9di\u00e9 \u00e0 l\u2019\u00e9tude du rayonnement thermique et des faits exp\u00e9rimentaux ayant r\u00e9v\u00e9l\u00e9 la quantification de la mati\u00e8re.","og_url":"https:\/\/www.istegroup.com\/en\/produit\/introduction-a-la-mecanique-quantique-1\/","og_site_name":"ISTE Group","article_modified_time":"2024-01-03T13:43:43+00:00","og_image":[{"width":300,"height":453,"url":"https:\/\/www.istegroup.com\/wp-content\/uploads\/2020\/03\/Introduction-\u00e0-la-m\u00e9canique-quantique-1.jpg","type":"image\/jpeg"}],"twitter_card":"summary_large_image","twitter_misc":{"Est. reading time":"1 minute"},"schema":{"@context":"https:\/\/schema.org","@graph":[{"@type":"WebPage","@id":"https:\/\/www.istegroup.com\/en\/produit\/introduction-a-la-mecanique-quantique-1\/","url":"https:\/\/www.istegroup.com\/en\/produit\/introduction-a-la-mecanique-quantique-1\/","name":"Introduction \u00e0 la m\u00e9canique quantique 1 - ISTE Group","isPartOf":{"@id":"https:\/\/www.istegroup.com\/#website"},"primaryImageOfPage":{"@id":"https:\/\/www.istegroup.com\/en\/produit\/introduction-a-la-mecanique-quantique-1\/#primaryimage"},"image":{"@id":"https:\/\/www.istegroup.com\/en\/produit\/introduction-a-la-mecanique-quantique-1\/#primaryimage"},"thumbnailUrl":"https:\/\/www.istegroup.com\/wp-content\/uploads\/2020\/03\/Introduction-\u00e0-la-m\u00e9canique-quantique-1.jpg","datePublished":"2020-10-28T13:53:22+00:00","dateModified":"2024-01-03T13:43:43+00:00","description":"Introduction \u00e0 la m\u00e9canique quantique 1 est d\u00e9di\u00e9 \u00e0 l\u2019\u00e9tude du rayonnement thermique et des faits exp\u00e9rimentaux ayant r\u00e9v\u00e9l\u00e9 la quantification de la mati\u00e8re.","breadcrumb":{"@id":"https:\/\/www.istegroup.com\/en\/produit\/introduction-a-la-mecanique-quantique-1\/#breadcrumb"},"inLanguage":"fr-FR","potentialAction":[{"@type":"ReadAction","target":["https:\/\/www.istegroup.com\/en\/produit\/introduction-a-la-mecanique-quantique-1\/"]}]},{"@type":"ImageObject","inLanguage":"fr-FR","@id":"https:\/\/www.istegroup.com\/en\/produit\/introduction-a-la-mecanique-quantique-1\/#primaryimage","url":"https:\/\/www.istegroup.com\/wp-content\/uploads\/2020\/03\/Introduction-\u00e0-la-m\u00e9canique-quantique-1.jpg","contentUrl":"https:\/\/www.istegroup.com\/wp-content\/uploads\/2020\/03\/Introduction-\u00e0-la-m\u00e9canique-quantique-1.jpg","width":300,"height":453,"caption":"Livre scientifique - Introduction \u00e0 la m\u00e9canique quantique 1 - Ibrahima Sakhoc"},{"@type":"BreadcrumbList","@id":"https:\/\/www.istegroup.com\/en\/produit\/introduction-a-la-mecanique-quantique-1\/#breadcrumb","itemListElement":[{"@type":"ListItem","position":1,"name":"Home","item":"https:\/\/www.istegroup.com\/"},{"@type":"ListItem","position":2,"name":"Shop","item":"https:\/\/www.istegroup.com\/fr\/nouveautes\/"},{"@type":"ListItem","position":3,"name":"Introduction \u00e0 la m\u00e9canique quantique 1"}]},{"@type":"WebSite","@id":"https:\/\/www.istegroup.com\/#website","url":"https:\/\/www.istegroup.com\/","name":"ISTE Group","description":"\u00c9diteur des Sciences","potentialAction":[{"@type":"SearchAction","target":{"@type":"EntryPoint","urlTemplate":"https:\/\/www.istegroup.com\/?s={search_term_string}"},"query-input":{"@type":"PropertyValueSpecification","valueRequired":true,"valueName":"search_term_string"}}],"inLanguage":"fr-FR"}]}},"_links":{"self":[{"href":"https:\/\/www.istegroup.com\/fr\/wp-json\/wp\/v2\/product\/25120","targetHints":{"allow":["GET"]}}],"collection":[{"href":"https:\/\/www.istegroup.com\/fr\/wp-json\/wp\/v2\/product"}],"about":[{"href":"https:\/\/www.istegroup.com\/fr\/wp-json\/wp\/v2\/types\/product"}],"wp:featuredmedia":[{"embeddable":true,"href":"https:\/\/www.istegroup.com\/fr\/wp-json\/wp\/v2\/media\/25127"}],"wp:attachment":[{"href":"https:\/\/www.istegroup.com\/fr\/wp-json\/wp\/v2\/media?parent=25120"}],"wp:term":[{"taxonomy":"product_brand","embeddable":true,"href":"https:\/\/www.istegroup.com\/fr\/wp-json\/wp\/v2\/product_brand?post=25120"},{"taxonomy":"product_cat","embeddable":true,"href":"https:\/\/www.istegroup.com\/fr\/wp-json\/wp\/v2\/product_cat?post=25120"},{"taxonomy":"product_tag","embeddable":true,"href":"https:\/\/www.istegroup.com\/fr\/wp-json\/wp\/v2\/product_tag?post=25120"}],"curies":[{"name":"wp","href":"https:\/\/api.w.org\/{rel}","templated":true}]}}