{"id":24926,"date":"2020-08-25T11:03:46","date_gmt":"2020-08-25T10:03:46","guid":{"rendered":"https:\/\/www.istegroup.com\/?post_type=product&#038;p=24926"},"modified":"2024-01-03T13:43:38","modified_gmt":"2024-01-03T13:43:38","slug":"les-industries-de-procedes-2","status":"publish","type":"product","link":"https:\/\/www.istegroup.com\/fr\/produit\/les-industries-de-procedes-2\/","title":{"rendered":"Les industries de proc\u00e9d\u00e9s 2"},"content":{"rendered":"<p>R\u00e9sultat de la mise en commun de connaissances des mondes acad\u00e9mique et industriel, cet ouvrage analyse les industries de proc\u00e9d\u00e9s impact\u00e9es par la r\u00e9volution num\u00e9rique qui accompagne les transitions \u00e9nerg\u00e9tique et environnementale en cours.<\/p>\n<p><em>Les industries de proc\u00e9d\u00e9s 2<\/em> traite d\u2019abord des bio-industries et analyse le d\u00e9veloppement d\u2019un produit d\u2019origine microbienne. Il \u00e9tudie ensuite l\u2019ensemble des \u00e9tapes de l\u2019industrialisation qui permettent de passer de la recherche \u00e0 la production d\u2019un produit fini, ainsi que les techniques de management de l\u2019outil industriel. \u00c0 l\u2019aide d\u2019exemples concrets, il pr\u00e9sente \u00e9galement les instruments de la r\u00e9volution num\u00e9rique (intelligence artificielle, r\u00e9alit\u00e9 virtuelle, r\u00e9alit\u00e9 augment\u00e9e, Internet des objets, jumeaux num\u00e9riques), tout en analysant leurs incidences sur la cha\u00eene logistique et les op\u00e9rateurs.<\/p>\n<p>Des encadr\u00e9s, r\u00e9dig\u00e9s par des sp\u00e9cialistes reconnus, invitent les \u00e9tudiants comme les professionnels, confront\u00e9s \u00e0 un monde en plein changement, \u00e0 une r\u00e9flexion englobant aussi bien l\u2019industrie que le citoyen dans la ville de demain.<\/p>\n","protected":false},"excerpt":{"rendered":"<p>R\u00e9sultat de la mise en commun de connaissances des mondes acad\u00e9mique et industriel, cet ouvrage analyse les industries de proc\u00e9d\u00e9s impact\u00e9es par la r\u00e9volution num\u00e9rique qui accompagne les transitions \u00e9nerg\u00e9tique et environnementale en cours. Les industries de proc\u00e9d\u00e9s 2 traite d\u2019abord des bio-industries et analyse le d\u00e9veloppement d\u2019un produit d\u2019origine microbienne. Il \u00e9tudie ensuite l\u2019ensemble [&hellip;]<\/p>\n","protected":false},"featured_media":24930,"template":"","meta":{"_acf_changed":false,"_links_to":"","_links_to_target":""},"product_brand":[],"product_cat":[3262],"product_tag":[],"class_list":{"0":"post-24926","1":"product","2":"type-product","3":"status-publish","4":"has-post-thumbnail","6":"product_cat-non-classe","8":"first","9":"instock","10":"shipping-taxable","11":"purchasable","12":"product-type-variable"},"acf":[],"yoast_head":"<!-- This site is optimized with the Yoast SEO plugin v27.2 - https:\/\/yoast.com\/product\/yoast-seo-wordpress\/ -->\n<title>Les industries de proc\u00e9d\u00e9s 2 - ISTE Group<\/title>\n<meta name=\"description\" content=\"Cet ouvrage analyse les industries de proc\u00e9d\u00e9s impact\u00e9es par la r\u00e9volution num\u00e9rique qui accompagne les transitions \u00e9nerg\u00e9tique et environnementale en cours.\" \/>\n<meta name=\"robots\" content=\"index, follow, max-snippet:-1, max-image-preview:large, max-video-preview:-1\" \/>\n<link rel=\"canonical\" href=\"https:\/\/www.istegroup.com\/en\/produit\/les-industries-de-procedes-2\/\" \/>\n<meta property=\"og:locale\" content=\"fr_FR\" \/>\n<meta property=\"og:type\" content=\"article\" \/>\n<meta property=\"og:title\" content=\"Les industries de proc\u00e9d\u00e9s 2 - ISTE Group\" \/>\n<meta property=\"og:description\" content=\"Cet ouvrage analyse les industries de proc\u00e9d\u00e9s impact\u00e9es par la r\u00e9volution num\u00e9rique qui accompagne les transitions \u00e9nerg\u00e9tique et environnementale en cours.\" \/>\n<meta property=\"og:url\" content=\"https:\/\/www.istegroup.com\/en\/produit\/les-industries-de-procedes-2\/\" \/>\n<meta property=\"og:site_name\" content=\"ISTE Group\" \/>\n<meta property=\"article:modified_time\" content=\"2024-01-03T13:43:38+00:00\" \/>\n<meta property=\"og:image\" content=\"https:\/\/www.istegroup.com\/wp-content\/uploads\/2020\/02\/Les-industries-de-proc\u00e9d\u00e9s-2.jpg\" \/>\n\t<meta property=\"og:image:width\" content=\"300\" \/>\n\t<meta property=\"og:image:height\" content=\"452\" \/>\n\t<meta property=\"og:image:type\" content=\"image\/jpeg\" \/>\n<meta name=\"twitter:card\" content=\"summary_large_image\" \/>\n<meta name=\"twitter:label1\" content=\"Est. reading time\" \/>\n\t<meta name=\"twitter:data1\" content=\"1 minute\" \/>\n<script type=\"application\/ld+json\" class=\"yoast-schema-graph\">{\"@context\":\"https:\/\/schema.org\",\"@graph\":[{\"@type\":\"WebPage\",\"@id\":\"https:\/\/www.istegroup.com\/en\/produit\/les-industries-de-procedes-2\/\",\"url\":\"https:\/\/www.istegroup.com\/en\/produit\/les-industries-de-procedes-2\/\",\"name\":\"Les industries de proc\u00e9d\u00e9s 2 - ISTE Group\",\"isPartOf\":{\"@id\":\"https:\/\/www.istegroup.com\/#website\"},\"primaryImageOfPage\":{\"@id\":\"https:\/\/www.istegroup.com\/en\/produit\/les-industries-de-procedes-2\/#primaryimage\"},\"image\":{\"@id\":\"https:\/\/www.istegroup.com\/en\/produit\/les-industries-de-procedes-2\/#primaryimage\"},\"thumbnailUrl\":\"https:\/\/www.istegroup.com\/wp-content\/uploads\/2020\/02\/Les-industries-de-proc\u00e9d\u00e9s-2.jpg\",\"datePublished\":\"2020-08-25T10:03:46+00:00\",\"dateModified\":\"2024-01-03T13:43:38+00:00\",\"description\":\"Cet ouvrage analyse les industries de proc\u00e9d\u00e9s impact\u00e9es par la r\u00e9volution num\u00e9rique qui accompagne les transitions \u00e9nerg\u00e9tique et environnementale en cours.\",\"breadcrumb\":{\"@id\":\"https:\/\/www.istegroup.com\/en\/produit\/les-industries-de-procedes-2\/#breadcrumb\"},\"inLanguage\":\"fr-FR\",\"potentialAction\":[{\"@type\":\"ReadAction\",\"target\":[\"https:\/\/www.istegroup.com\/en\/produit\/les-industries-de-procedes-2\/\"]}]},{\"@type\":\"ImageObject\",\"inLanguage\":\"fr-FR\",\"@id\":\"https:\/\/www.istegroup.com\/en\/produit\/les-industries-de-procedes-2\/#primaryimage\",\"url\":\"https:\/\/www.istegroup.com\/wp-content\/uploads\/2020\/02\/Les-industries-de-proc\u00e9d\u00e9s-2.jpg\",\"contentUrl\":\"https:\/\/www.istegroup.com\/wp-content\/uploads\/2020\/02\/Les-industries-de-proc\u00e9d\u00e9s-2.jpg\",\"width\":300,\"height\":452,\"caption\":\"Management industriel et r\u00e9volution num\u00e9rique\"},{\"@type\":\"BreadcrumbList\",\"@id\":\"https:\/\/www.istegroup.com\/en\/produit\/les-industries-de-procedes-2\/#breadcrumb\",\"itemListElement\":[{\"@type\":\"ListItem\",\"position\":1,\"name\":\"Home\",\"item\":\"https:\/\/www.istegroup.com\/\"},{\"@type\":\"ListItem\",\"position\":2,\"name\":\"Shop\",\"item\":\"https:\/\/www.istegroup.com\/fr\/nouveautes\/\"},{\"@type\":\"ListItem\",\"position\":3,\"name\":\"Les industries de proc\u00e9d\u00e9s 2\"}]},{\"@type\":\"WebSite\",\"@id\":\"https:\/\/www.istegroup.com\/#website\",\"url\":\"https:\/\/www.istegroup.com\/\",\"name\":\"ISTE Group\",\"description\":\"\u00c9diteur des Sciences\",\"potentialAction\":[{\"@type\":\"SearchAction\",\"target\":{\"@type\":\"EntryPoint\",\"urlTemplate\":\"https:\/\/www.istegroup.com\/?s={search_term_string}\"},\"query-input\":{\"@type\":\"PropertyValueSpecification\",\"valueRequired\":true,\"valueName\":\"search_term_string\"}}],\"inLanguage\":\"fr-FR\"}]}<\/script>\n<!-- \/ Yoast SEO plugin. -->","yoast_head_json":{"title":"Les industries de proc\u00e9d\u00e9s 2 - ISTE Group","description":"Cet ouvrage analyse les industries de proc\u00e9d\u00e9s impact\u00e9es par la r\u00e9volution num\u00e9rique qui accompagne les transitions \u00e9nerg\u00e9tique et environnementale en cours.","robots":{"index":"index","follow":"follow","max-snippet":"max-snippet:-1","max-image-preview":"max-image-preview:large","max-video-preview":"max-video-preview:-1"},"canonical":"https:\/\/www.istegroup.com\/en\/produit\/les-industries-de-procedes-2\/","og_locale":"fr_FR","og_type":"article","og_title":"Les industries de proc\u00e9d\u00e9s 2 - ISTE Group","og_description":"Cet ouvrage analyse les industries de proc\u00e9d\u00e9s impact\u00e9es par la r\u00e9volution num\u00e9rique qui accompagne les transitions \u00e9nerg\u00e9tique et environnementale en cours.","og_url":"https:\/\/www.istegroup.com\/en\/produit\/les-industries-de-procedes-2\/","og_site_name":"ISTE Group","article_modified_time":"2024-01-03T13:43:38+00:00","og_image":[{"width":300,"height":452,"url":"https:\/\/www.istegroup.com\/wp-content\/uploads\/2020\/02\/Les-industries-de-proc\u00e9d\u00e9s-2.jpg","type":"image\/jpeg"}],"twitter_card":"summary_large_image","twitter_misc":{"Est. reading time":"1 minute"},"schema":{"@context":"https:\/\/schema.org","@graph":[{"@type":"WebPage","@id":"https:\/\/www.istegroup.com\/en\/produit\/les-industries-de-procedes-2\/","url":"https:\/\/www.istegroup.com\/en\/produit\/les-industries-de-procedes-2\/","name":"Les industries de proc\u00e9d\u00e9s 2 - ISTE Group","isPartOf":{"@id":"https:\/\/www.istegroup.com\/#website"},"primaryImageOfPage":{"@id":"https:\/\/www.istegroup.com\/en\/produit\/les-industries-de-procedes-2\/#primaryimage"},"image":{"@id":"https:\/\/www.istegroup.com\/en\/produit\/les-industries-de-procedes-2\/#primaryimage"},"thumbnailUrl":"https:\/\/www.istegroup.com\/wp-content\/uploads\/2020\/02\/Les-industries-de-proc\u00e9d\u00e9s-2.jpg","datePublished":"2020-08-25T10:03:46+00:00","dateModified":"2024-01-03T13:43:38+00:00","description":"Cet ouvrage analyse les industries de proc\u00e9d\u00e9s impact\u00e9es par la r\u00e9volution num\u00e9rique qui accompagne les transitions \u00e9nerg\u00e9tique et environnementale en cours.","breadcrumb":{"@id":"https:\/\/www.istegroup.com\/en\/produit\/les-industries-de-procedes-2\/#breadcrumb"},"inLanguage":"fr-FR","potentialAction":[{"@type":"ReadAction","target":["https:\/\/www.istegroup.com\/en\/produit\/les-industries-de-procedes-2\/"]}]},{"@type":"ImageObject","inLanguage":"fr-FR","@id":"https:\/\/www.istegroup.com\/en\/produit\/les-industries-de-procedes-2\/#primaryimage","url":"https:\/\/www.istegroup.com\/wp-content\/uploads\/2020\/02\/Les-industries-de-proc\u00e9d\u00e9s-2.jpg","contentUrl":"https:\/\/www.istegroup.com\/wp-content\/uploads\/2020\/02\/Les-industries-de-proc\u00e9d\u00e9s-2.jpg","width":300,"height":452,"caption":"Management industriel et r\u00e9volution num\u00e9rique"},{"@type":"BreadcrumbList","@id":"https:\/\/www.istegroup.com\/en\/produit\/les-industries-de-procedes-2\/#breadcrumb","itemListElement":[{"@type":"ListItem","position":1,"name":"Home","item":"https:\/\/www.istegroup.com\/"},{"@type":"ListItem","position":2,"name":"Shop","item":"https:\/\/www.istegroup.com\/fr\/nouveautes\/"},{"@type":"ListItem","position":3,"name":"Les industries de proc\u00e9d\u00e9s 2"}]},{"@type":"WebSite","@id":"https:\/\/www.istegroup.com\/#website","url":"https:\/\/www.istegroup.com\/","name":"ISTE Group","description":"\u00c9diteur des Sciences","potentialAction":[{"@type":"SearchAction","target":{"@type":"EntryPoint","urlTemplate":"https:\/\/www.istegroup.com\/?s={search_term_string}"},"query-input":{"@type":"PropertyValueSpecification","valueRequired":true,"valueName":"search_term_string"}}],"inLanguage":"fr-FR"}]}},"_links":{"self":[{"href":"https:\/\/www.istegroup.com\/fr\/wp-json\/wp\/v2\/product\/24926","targetHints":{"allow":["GET"]}}],"collection":[{"href":"https:\/\/www.istegroup.com\/fr\/wp-json\/wp\/v2\/product"}],"about":[{"href":"https:\/\/www.istegroup.com\/fr\/wp-json\/wp\/v2\/types\/product"}],"wp:featuredmedia":[{"embeddable":true,"href":"https:\/\/www.istegroup.com\/fr\/wp-json\/wp\/v2\/media\/24930"}],"wp:attachment":[{"href":"https:\/\/www.istegroup.com\/fr\/wp-json\/wp\/v2\/media?parent=24926"}],"wp:term":[{"taxonomy":"product_brand","embeddable":true,"href":"https:\/\/www.istegroup.com\/fr\/wp-json\/wp\/v2\/product_brand?post=24926"},{"taxonomy":"product_cat","embeddable":true,"href":"https:\/\/www.istegroup.com\/fr\/wp-json\/wp\/v2\/product_cat?post=24926"},{"taxonomy":"product_tag","embeddable":true,"href":"https:\/\/www.istegroup.com\/fr\/wp-json\/wp\/v2\/product_tag?post=24926"}],"curies":[{"name":"wp","href":"https:\/\/api.w.org\/{rel}","templated":true}]}}