{"id":249,"date":"2017-06-30T11:16:30","date_gmt":"2017-06-30T09:16:30","guid":{"rendered":"https:\/\/iste.yhello.co\/product\/fab-labs\/"},"modified":"2024-01-03T13:39:03","modified_gmt":"2024-01-03T13:39:03","slug":"fab-labs","status":"publish","type":"product","link":"https:\/\/www.istegroup.com\/fr\/produit\/fab-labs\/","title":{"rendered":"Fab Labs"},"content":{"rendered":"<p>La s\u00e9rie\u00a0<em>Smart innovation<\/em>\u00a0pr\u00e9sente les th\u00e8mes li\u00e9s \u00e0 la dynamique technologique, entrepreneuriale, territoriale et \u00e9conomique de l&rsquo;innovation. Elle privil\u00e9gie les approches novatrices des acteurs qui, par leurs comportements, strat\u00e9gies et politiques d&rsquo;innovation intelligente, modifient les mod\u00e8les \u00e9conomiques dans une perspective de croissance durable.<\/p>\n<p>L\u2019\u00e9conomie num\u00e9rique se d\u00e9ploie d\u00e9sormais \u00e0 grande vitesse et bouleverse les acquis de la r\u00e9volution industrielle. Apr\u00e8s avoir essentiellement concern\u00e9 le monde des services, elle franchit le cap de la fabrication d\u2019objets. Comme la micro-informatique a, en son temps, transf\u00e9r\u00e9 le maniement des ordinateurs vers les particuliers, comme Internet a quitt\u00e9 le monde des arm\u00e9es et des universit\u00e9s pour devenir un langage universel, la production industrielle commence \u00e0 \u00eatre prise en charge directement par les individus. Cette appropriation se fait soit \u00e0 titre personnel soit, plus significativement, au sein de communaut\u00e9s locales et\/ou plan\u00e9taris\u00e9es : les Fab Labs.<\/p>\n<p>Ces laboratoires de fabrication num\u00e9rique proposent au public des ateliers o\u00f9 l\u2019on peut disposer de toutes sortes d&rsquo;outils (imprimante 3D, d\u00e9coupeuse laser, ponceuse\u2026) pour la conception et la r\u00e9alisation d\u2019objets personnalis\u00e9s. La rencontre entre divers acteurs (amateurs, designers, artistes, \u00ab bricoleurs \u00bb\u2026) et les possibilit\u00e9s de collaboration sont au coeur de ces espaces productifs ouverts.<\/p>\n<p>Cet ouvrage dresse un panorama des avanc\u00e9es de cette nouvelle fabrication personnelle et des divers enjeux qu\u2019elle enclenche, notamment en termes d\u2019alternative \u00e0 l\u2019emploi salari\u00e9, de propri\u00e9t\u00e9 intellectuelle, d\u2019ouvertures \u00e9cologiques ou de structurations in\u00e9dites des soci\u00e9t\u00e9s.<\/p>\n","protected":false},"excerpt":{"rendered":"<p>La s\u00e9rie\u00a0Smart innovation\u00a0pr\u00e9sente les th\u00e8mes li\u00e9s \u00e0 la dynamique technologique, entrepreneuriale, territoriale et \u00e9conomique de l&rsquo;innovation. Elle privil\u00e9gie les approches novatrices des acteurs qui, par leurs comportements, strat\u00e9gies et politiques d&rsquo;innovation intelligente, modifient les mod\u00e8les \u00e9conomiques dans une perspective de croissance durable. L\u2019\u00e9conomie num\u00e9rique se d\u00e9ploie d\u00e9sormais \u00e0 grande vitesse et bouleverse les acquis de [&hellip;]<\/p>\n","protected":false},"featured_media":250,"template":"","meta":{"_acf_changed":false,"_links_to":"","_links_to_target":""},"product_brand":[],"product_cat":[670,675,720],"product_tag":[1272,31,196,1285,1273,1274,1275,1276,197,198,199,21,200,22,201,1277,1278,203,204,63,25,172,209,1279,1280,212,38,192,145,28,1281,1282,1283,253,1284],"class_list":{"0":"post-249","1":"product","2":"type-product","3":"status-publish","4":"has-post-thumbnail","6":"product_cat-innovation-entrepreneuriat-et-gestion-11041751","7":"product_cat-nouveauts-12519446","8":"product_cat-srie-smart-innovation-58568196","9":"product_tag-decoupeuse-laser","10":"product_tag-ebook","11":"product_tag-ebooks","12":"product_tag-economie-numerique","13":"product_tag-fab-lab","14":"product_tag-fab-labs","15":"product_tag-fabrication-numerique","16":"product_tag-imprimante-3d","17":"product_tag-iste","18":"product_tag-iste-edition","19":"product_tag-iste-editions","20":"product_tag-iste-group","21":"product_tag-isteedition","22":"product_tag-istegroup","23":"product_tag-kindle","24":"product_tag-langage-universel","25":"product_tag-laure-morel","26":"product_tag-liseuse","27":"product_tag-livre","28":"product_tag-livre-electronique","29":"product_tag-livre-numerique","30":"product_tag-livre-scientifique","31":"product_tag-livres-scientifiques","32":"product_tag-micro-informatique","33":"product_tag-objets-personnalises","34":"product_tag-ouvrage","35":"product_tag-ouvrage-numerique","36":"product_tag-ouvrage-science","37":"product_tag-ouvrage-scientifique","38":"product_tag-ouvrage-scientifique-francais","39":"product_tag-revolution-industrielle","40":"product_tag-serge-le-roux","41":"product_tag-systeme-productif","42":"product_tag-technologie","43":"product_tag-usager-innovateur","45":"first","46":"instock","47":"shipping-taxable","48":"purchasable","49":"product-type-variable"},"acf":[],"yoast_head":"<!-- This site is optimized with the Yoast SEO plugin v27.2 - https:\/\/yoast.com\/product\/yoast-seo-wordpress\/ -->\n<title>Fab Labs - ISTE Group<\/title>\n<meta name=\"description\" content=\"Fab Labs dresse un panorama des avanc\u00e9es de cette nouvelle fabrication personnelle en laboratoires de fabrication num\u00e9rique et des enjeux qu\u2019elle enclenche.\" \/>\n<meta name=\"robots\" content=\"index, follow, max-snippet:-1, max-image-preview:large, max-video-preview:-1\" \/>\n<link rel=\"canonical\" href=\"https:\/\/www.istegroup.com\/fr\/produit\/fab-labs\/\" \/>\n<meta property=\"og:locale\" content=\"fr_FR\" \/>\n<meta property=\"og:type\" content=\"article\" \/>\n<meta property=\"og:title\" content=\"Fab Labs - ISTE Group\" \/>\n<meta property=\"og:description\" content=\"Fab Labs dresse un panorama des avanc\u00e9es de cette nouvelle fabrication personnelle en laboratoires de fabrication num\u00e9rique et des enjeux qu\u2019elle enclenche.\" \/>\n<meta property=\"og:url\" content=\"https:\/\/www.istegroup.com\/fr\/produit\/fab-labs\/\" \/>\n<meta property=\"og:site_name\" content=\"ISTE Group\" \/>\n<meta property=\"article:modified_time\" content=\"2024-01-03T13:39:03+00:00\" \/>\n<meta property=\"og:image\" content=\"https:\/\/www.istegroup.com\/wp-content\/uploads\/2017\/07\/9936970820_4330463236-1.png\" \/>\n\t<meta property=\"og:image:width\" content=\"634\" \/>\n\t<meta property=\"og:image:height\" content=\"958\" \/>\n\t<meta property=\"og:image:type\" content=\"image\/png\" \/>\n<meta name=\"twitter:card\" content=\"summary_large_image\" \/>\n<meta name=\"twitter:label1\" content=\"Est. reading time\" \/>\n\t<meta name=\"twitter:data1\" content=\"1 minute\" \/>\n<script type=\"application\/ld+json\" class=\"yoast-schema-graph\">{\"@context\":\"https:\/\/schema.org\",\"@graph\":[{\"@type\":\"WebPage\",\"@id\":\"https:\/\/www.istegroup.com\/fr\/produit\/fab-labs\/\",\"url\":\"https:\/\/www.istegroup.com\/fr\/produit\/fab-labs\/\",\"name\":\"Fab Labs - ISTE Group\",\"isPartOf\":{\"@id\":\"https:\/\/www.istegroup.com\/#website\"},\"primaryImageOfPage\":{\"@id\":\"https:\/\/www.istegroup.com\/fr\/produit\/fab-labs\/#primaryimage\"},\"image\":{\"@id\":\"https:\/\/www.istegroup.com\/fr\/produit\/fab-labs\/#primaryimage\"},\"thumbnailUrl\":\"https:\/\/www.istegroup.com\/wp-content\/uploads\/2017\/07\/9936970820_4330463236-1.png\",\"datePublished\":\"2017-06-30T09:16:30+00:00\",\"dateModified\":\"2024-01-03T13:39:03+00:00\",\"description\":\"Fab Labs dresse un panorama des avanc\u00e9es de cette nouvelle fabrication personnelle en laboratoires de fabrication num\u00e9rique et des enjeux qu\u2019elle enclenche.\",\"breadcrumb\":{\"@id\":\"https:\/\/www.istegroup.com\/fr\/produit\/fab-labs\/#breadcrumb\"},\"inLanguage\":\"fr-FR\",\"potentialAction\":[{\"@type\":\"ReadAction\",\"target\":[\"https:\/\/www.istegroup.com\/fr\/produit\/fab-labs\/\"]}]},{\"@type\":\"ImageObject\",\"inLanguage\":\"fr-FR\",\"@id\":\"https:\/\/www.istegroup.com\/fr\/produit\/fab-labs\/#primaryimage\",\"url\":\"https:\/\/www.istegroup.com\/wp-content\/uploads\/2017\/07\/9936970820_4330463236-1.png\",\"contentUrl\":\"https:\/\/www.istegroup.com\/wp-content\/uploads\/2017\/07\/9936970820_4330463236-1.png\",\"width\":634,\"height\":958,\"caption\":\"L\u2019usager-innovateur\"},{\"@type\":\"BreadcrumbList\",\"@id\":\"https:\/\/www.istegroup.com\/fr\/produit\/fab-labs\/#breadcrumb\",\"itemListElement\":[{\"@type\":\"ListItem\",\"position\":1,\"name\":\"Home\",\"item\":\"https:\/\/www.istegroup.com\/\"},{\"@type\":\"ListItem\",\"position\":2,\"name\":\"Shop\",\"item\":\"https:\/\/www.istegroup.com\/fr\/nouveautes\/\"},{\"@type\":\"ListItem\",\"position\":3,\"name\":\"Fab Labs\"}]},{\"@type\":\"WebSite\",\"@id\":\"https:\/\/www.istegroup.com\/#website\",\"url\":\"https:\/\/www.istegroup.com\/\",\"name\":\"ISTE Group\",\"description\":\"\u00c9diteur des Sciences\",\"potentialAction\":[{\"@type\":\"SearchAction\",\"target\":{\"@type\":\"EntryPoint\",\"urlTemplate\":\"https:\/\/www.istegroup.com\/?s={search_term_string}\"},\"query-input\":{\"@type\":\"PropertyValueSpecification\",\"valueRequired\":true,\"valueName\":\"search_term_string\"}}],\"inLanguage\":\"fr-FR\"}]}<\/script>\n<!-- \/ Yoast SEO plugin. -->","yoast_head_json":{"title":"Fab Labs - ISTE Group","description":"Fab Labs dresse un panorama des avanc\u00e9es de cette nouvelle fabrication personnelle en laboratoires de fabrication num\u00e9rique et des enjeux qu\u2019elle enclenche.","robots":{"index":"index","follow":"follow","max-snippet":"max-snippet:-1","max-image-preview":"max-image-preview:large","max-video-preview":"max-video-preview:-1"},"canonical":"https:\/\/www.istegroup.com\/fr\/produit\/fab-labs\/","og_locale":"fr_FR","og_type":"article","og_title":"Fab Labs - ISTE Group","og_description":"Fab Labs dresse un panorama des avanc\u00e9es de cette nouvelle fabrication personnelle en laboratoires de fabrication num\u00e9rique et des enjeux qu\u2019elle enclenche.","og_url":"https:\/\/www.istegroup.com\/fr\/produit\/fab-labs\/","og_site_name":"ISTE Group","article_modified_time":"2024-01-03T13:39:03+00:00","og_image":[{"width":634,"height":958,"url":"https:\/\/www.istegroup.com\/wp-content\/uploads\/2017\/07\/9936970820_4330463236-1.png","type":"image\/png"}],"twitter_card":"summary_large_image","twitter_misc":{"Est. reading time":"1 minute"},"schema":{"@context":"https:\/\/schema.org","@graph":[{"@type":"WebPage","@id":"https:\/\/www.istegroup.com\/fr\/produit\/fab-labs\/","url":"https:\/\/www.istegroup.com\/fr\/produit\/fab-labs\/","name":"Fab Labs - ISTE Group","isPartOf":{"@id":"https:\/\/www.istegroup.com\/#website"},"primaryImageOfPage":{"@id":"https:\/\/www.istegroup.com\/fr\/produit\/fab-labs\/#primaryimage"},"image":{"@id":"https:\/\/www.istegroup.com\/fr\/produit\/fab-labs\/#primaryimage"},"thumbnailUrl":"https:\/\/www.istegroup.com\/wp-content\/uploads\/2017\/07\/9936970820_4330463236-1.png","datePublished":"2017-06-30T09:16:30+00:00","dateModified":"2024-01-03T13:39:03+00:00","description":"Fab Labs dresse un panorama des avanc\u00e9es de cette nouvelle fabrication personnelle en laboratoires de fabrication num\u00e9rique et des enjeux qu\u2019elle enclenche.","breadcrumb":{"@id":"https:\/\/www.istegroup.com\/fr\/produit\/fab-labs\/#breadcrumb"},"inLanguage":"fr-FR","potentialAction":[{"@type":"ReadAction","target":["https:\/\/www.istegroup.com\/fr\/produit\/fab-labs\/"]}]},{"@type":"ImageObject","inLanguage":"fr-FR","@id":"https:\/\/www.istegroup.com\/fr\/produit\/fab-labs\/#primaryimage","url":"https:\/\/www.istegroup.com\/wp-content\/uploads\/2017\/07\/9936970820_4330463236-1.png","contentUrl":"https:\/\/www.istegroup.com\/wp-content\/uploads\/2017\/07\/9936970820_4330463236-1.png","width":634,"height":958,"caption":"L\u2019usager-innovateur"},{"@type":"BreadcrumbList","@id":"https:\/\/www.istegroup.com\/fr\/produit\/fab-labs\/#breadcrumb","itemListElement":[{"@type":"ListItem","position":1,"name":"Home","item":"https:\/\/www.istegroup.com\/"},{"@type":"ListItem","position":2,"name":"Shop","item":"https:\/\/www.istegroup.com\/fr\/nouveautes\/"},{"@type":"ListItem","position":3,"name":"Fab Labs"}]},{"@type":"WebSite","@id":"https:\/\/www.istegroup.com\/#website","url":"https:\/\/www.istegroup.com\/","name":"ISTE Group","description":"\u00c9diteur des Sciences","potentialAction":[{"@type":"SearchAction","target":{"@type":"EntryPoint","urlTemplate":"https:\/\/www.istegroup.com\/?s={search_term_string}"},"query-input":{"@type":"PropertyValueSpecification","valueRequired":true,"valueName":"search_term_string"}}],"inLanguage":"fr-FR"}]}},"_links":{"self":[{"href":"https:\/\/www.istegroup.com\/fr\/wp-json\/wp\/v2\/product\/249","targetHints":{"allow":["GET"]}}],"collection":[{"href":"https:\/\/www.istegroup.com\/fr\/wp-json\/wp\/v2\/product"}],"about":[{"href":"https:\/\/www.istegroup.com\/fr\/wp-json\/wp\/v2\/types\/product"}],"wp:featuredmedia":[{"embeddable":true,"href":"https:\/\/www.istegroup.com\/fr\/wp-json\/wp\/v2\/media\/250"}],"wp:attachment":[{"href":"https:\/\/www.istegroup.com\/fr\/wp-json\/wp\/v2\/media?parent=249"}],"wp:term":[{"taxonomy":"product_brand","embeddable":true,"href":"https:\/\/www.istegroup.com\/fr\/wp-json\/wp\/v2\/product_brand?post=249"},{"taxonomy":"product_cat","embeddable":true,"href":"https:\/\/www.istegroup.com\/fr\/wp-json\/wp\/v2\/product_cat?post=249"},{"taxonomy":"product_tag","embeddable":true,"href":"https:\/\/www.istegroup.com\/fr\/wp-json\/wp\/v2\/product_tag?post=249"}],"curies":[{"name":"wp","href":"https:\/\/api.w.org\/{rel}","templated":true}]}}