{"id":24605,"date":"2020-05-10T13:45:25","date_gmt":"2020-05-10T12:45:25","guid":{"rendered":"https:\/\/www.istegroup.com\/?post_type=product&#038;p=24605"},"modified":"2024-01-03T13:43:38","modified_gmt":"2024-01-03T13:43:38","slug":"les-big-data","status":"publish","type":"product","link":"https:\/\/www.istegroup.com\/fr\/produit\/les-big-data\/","title":{"rendered":"Les big data"},"content":{"rendered":"<p>L\u2019exploitation de grandes masses de donn\u00e9es num\u00e9riques n\u2019est jamais une activit\u00e9 purement technique. Elle requiert en effet d\u2019adopter une approche interpr\u00e9tative et exploratoire, bien connue des sciences humaines, pour rendre intelligibles les r\u00e9sultats des algorithmes d\u2019analyse de donn\u00e9es et produire de nouvelles connaissances.<\/p>\n<p>Cet ouvrage s\u2019appuie sur une enqu\u00eate de terrain de plusieurs ann\u00e9es chez un \u00e9diteur de logiciel sp\u00e9cialis\u00e9 dans le traitement de <em>big data<\/em>. Il examine la fa\u00e7on dont les <em>data scientists<\/em> explorent, interpr\u00e8tent et visualisent nos traces num\u00e9riques pour leur donner du sens et produire des connaissances in\u00e9dites. Inspir\u00e9 par la philosophie des sciences, <em>Les big data<\/em> offre une r\u00e9flexion sur la donn\u00e9e en g\u00e9n\u00e9ral, et la fa\u00e7on dont celle-ci nous permet de mieux comprendre le r\u00e9el et d\u2019orienter nos actions au quotidien.<\/p>\n","protected":false},"excerpt":{"rendered":"<p>L\u2019exploitation de grandes masses de donn\u00e9es num\u00e9riques n\u2019est jamais une activit\u00e9 purement technique. Elle requiert en effet d\u2019adopter une approche interpr\u00e9tative et exploratoire, bien connue des sciences humaines, pour rendre intelligibles les r\u00e9sultats des algorithmes d\u2019analyse de donn\u00e9es et produire de nouvelles connaissances. Cet ouvrage s\u2019appuie sur une enqu\u00eate de terrain de plusieurs ann\u00e9es chez [&hellip;]<\/p>\n","protected":false},"featured_media":24611,"template":"","meta":{"_acf_changed":false,"_links_to":"","_links_to_target":""},"product_brand":[],"product_cat":[707],"product_tag":[],"class_list":{"0":"post-24605","1":"product","2":"type-product","3":"status-publish","4":"has-post-thumbnail","6":"product_cat-systmes-dinformation-web-et-socit-12506570","8":"first","9":"instock","10":"shipping-taxable","11":"purchasable","12":"product-type-variable"},"acf":[],"yoast_head":"<!-- This site is optimized with the Yoast SEO plugin v27.2 - https:\/\/yoast.com\/product\/yoast-seo-wordpress\/ -->\n<title>Les big data - ISTE Group<\/title>\n<meta name=\"description\" content=\"Cet ouvrage s\u2019appuie sur une enqu\u00eate de terrain de plusieurs ann\u00e9es chez un \u00e9diteur de logiciel sp\u00e9cialis\u00e9 dans le traitement de big data.\" \/>\n<meta name=\"robots\" content=\"index, follow, max-snippet:-1, max-image-preview:large, max-video-preview:-1\" \/>\n<link rel=\"canonical\" href=\"https:\/\/www.istegroup.com\/fr\/produit\/les-big-data\/\" \/>\n<meta property=\"og:locale\" content=\"fr_FR\" \/>\n<meta property=\"og:type\" content=\"article\" \/>\n<meta property=\"og:title\" content=\"Les big data - ISTE Group\" \/>\n<meta property=\"og:description\" content=\"Cet ouvrage s\u2019appuie sur une enqu\u00eate de terrain de plusieurs ann\u00e9es chez un \u00e9diteur de logiciel sp\u00e9cialis\u00e9 dans le traitement de big data.\" \/>\n<meta property=\"og:url\" content=\"https:\/\/www.istegroup.com\/fr\/produit\/les-big-data\/\" \/>\n<meta property=\"og:site_name\" content=\"ISTE Group\" \/>\n<meta property=\"article:modified_time\" content=\"2024-01-03T13:43:38+00:00\" \/>\n<meta property=\"og:image\" content=\"https:\/\/www.istegroup.com\/wp-content\/uploads\/2020\/01\/Les-big-data.jpg\" \/>\n\t<meta property=\"og:image:width\" content=\"300\" \/>\n\t<meta property=\"og:image:height\" content=\"451\" \/>\n\t<meta property=\"og:image:type\" content=\"image\/jpeg\" \/>\n<meta name=\"twitter:card\" content=\"summary_large_image\" \/>\n<meta name=\"twitter:label1\" content=\"Est. reading time\" \/>\n\t<meta name=\"twitter:data1\" content=\"1 minute\" \/>\n<script type=\"application\/ld+json\" class=\"yoast-schema-graph\">{\"@context\":\"https:\/\/schema.org\",\"@graph\":[{\"@type\":\"WebPage\",\"@id\":\"https:\/\/www.istegroup.com\/fr\/produit\/les-big-data\/\",\"url\":\"https:\/\/www.istegroup.com\/fr\/produit\/les-big-data\/\",\"name\":\"Les big data - ISTE Group\",\"isPartOf\":{\"@id\":\"https:\/\/www.istegroup.com\/#website\"},\"primaryImageOfPage\":{\"@id\":\"https:\/\/www.istegroup.com\/fr\/produit\/les-big-data\/#primaryimage\"},\"image\":{\"@id\":\"https:\/\/www.istegroup.com\/fr\/produit\/les-big-data\/#primaryimage\"},\"thumbnailUrl\":\"https:\/\/www.istegroup.com\/wp-content\/uploads\/2020\/01\/Les-big-data.jpg\",\"datePublished\":\"2020-05-10T12:45:25+00:00\",\"dateModified\":\"2024-01-03T13:43:38+00:00\",\"description\":\"Cet ouvrage s\u2019appuie sur une enqu\u00eate de terrain de plusieurs ann\u00e9es chez un \u00e9diteur de logiciel sp\u00e9cialis\u00e9 dans le traitement de big data.\",\"breadcrumb\":{\"@id\":\"https:\/\/www.istegroup.com\/fr\/produit\/les-big-data\/#breadcrumb\"},\"inLanguage\":\"fr-FR\",\"potentialAction\":[{\"@type\":\"ReadAction\",\"target\":[\"https:\/\/www.istegroup.com\/fr\/produit\/les-big-data\/\"]}]},{\"@type\":\"ImageObject\",\"inLanguage\":\"fr-FR\",\"@id\":\"https:\/\/www.istegroup.com\/fr\/produit\/les-big-data\/#primaryimage\",\"url\":\"https:\/\/www.istegroup.com\/wp-content\/uploads\/2020\/01\/Les-big-data.jpg\",\"contentUrl\":\"https:\/\/www.istegroup.com\/wp-content\/uploads\/2020\/01\/Les-big-data.jpg\",\"width\":300,\"height\":451,\"caption\":\"Un art de la d\u00e9cision\"},{\"@type\":\"BreadcrumbList\",\"@id\":\"https:\/\/www.istegroup.com\/fr\/produit\/les-big-data\/#breadcrumb\",\"itemListElement\":[{\"@type\":\"ListItem\",\"position\":1,\"name\":\"Home\",\"item\":\"https:\/\/www.istegroup.com\/\"},{\"@type\":\"ListItem\",\"position\":2,\"name\":\"Shop\",\"item\":\"https:\/\/www.istegroup.com\/fr\/nouveautes\/\"},{\"@type\":\"ListItem\",\"position\":3,\"name\":\"Les big data\"}]},{\"@type\":\"WebSite\",\"@id\":\"https:\/\/www.istegroup.com\/#website\",\"url\":\"https:\/\/www.istegroup.com\/\",\"name\":\"ISTE Group\",\"description\":\"\u00c9diteur des Sciences\",\"potentialAction\":[{\"@type\":\"SearchAction\",\"target\":{\"@type\":\"EntryPoint\",\"urlTemplate\":\"https:\/\/www.istegroup.com\/?s={search_term_string}\"},\"query-input\":{\"@type\":\"PropertyValueSpecification\",\"valueRequired\":true,\"valueName\":\"search_term_string\"}}],\"inLanguage\":\"fr-FR\"}]}<\/script>\n<!-- \/ Yoast SEO plugin. -->","yoast_head_json":{"title":"Les big data - ISTE Group","description":"Cet ouvrage s\u2019appuie sur une enqu\u00eate de terrain de plusieurs ann\u00e9es chez un \u00e9diteur de logiciel sp\u00e9cialis\u00e9 dans le traitement de big data.","robots":{"index":"index","follow":"follow","max-snippet":"max-snippet:-1","max-image-preview":"max-image-preview:large","max-video-preview":"max-video-preview:-1"},"canonical":"https:\/\/www.istegroup.com\/fr\/produit\/les-big-data\/","og_locale":"fr_FR","og_type":"article","og_title":"Les big data - ISTE Group","og_description":"Cet ouvrage s\u2019appuie sur une enqu\u00eate de terrain de plusieurs ann\u00e9es chez un \u00e9diteur de logiciel sp\u00e9cialis\u00e9 dans le traitement de big data.","og_url":"https:\/\/www.istegroup.com\/fr\/produit\/les-big-data\/","og_site_name":"ISTE Group","article_modified_time":"2024-01-03T13:43:38+00:00","og_image":[{"width":300,"height":451,"url":"https:\/\/www.istegroup.com\/wp-content\/uploads\/2020\/01\/Les-big-data.jpg","type":"image\/jpeg"}],"twitter_card":"summary_large_image","twitter_misc":{"Est. reading time":"1 minute"},"schema":{"@context":"https:\/\/schema.org","@graph":[{"@type":"WebPage","@id":"https:\/\/www.istegroup.com\/fr\/produit\/les-big-data\/","url":"https:\/\/www.istegroup.com\/fr\/produit\/les-big-data\/","name":"Les big data - ISTE Group","isPartOf":{"@id":"https:\/\/www.istegroup.com\/#website"},"primaryImageOfPage":{"@id":"https:\/\/www.istegroup.com\/fr\/produit\/les-big-data\/#primaryimage"},"image":{"@id":"https:\/\/www.istegroup.com\/fr\/produit\/les-big-data\/#primaryimage"},"thumbnailUrl":"https:\/\/www.istegroup.com\/wp-content\/uploads\/2020\/01\/Les-big-data.jpg","datePublished":"2020-05-10T12:45:25+00:00","dateModified":"2024-01-03T13:43:38+00:00","description":"Cet ouvrage s\u2019appuie sur une enqu\u00eate de terrain de plusieurs ann\u00e9es chez un \u00e9diteur de logiciel sp\u00e9cialis\u00e9 dans le traitement de big data.","breadcrumb":{"@id":"https:\/\/www.istegroup.com\/fr\/produit\/les-big-data\/#breadcrumb"},"inLanguage":"fr-FR","potentialAction":[{"@type":"ReadAction","target":["https:\/\/www.istegroup.com\/fr\/produit\/les-big-data\/"]}]},{"@type":"ImageObject","inLanguage":"fr-FR","@id":"https:\/\/www.istegroup.com\/fr\/produit\/les-big-data\/#primaryimage","url":"https:\/\/www.istegroup.com\/wp-content\/uploads\/2020\/01\/Les-big-data.jpg","contentUrl":"https:\/\/www.istegroup.com\/wp-content\/uploads\/2020\/01\/Les-big-data.jpg","width":300,"height":451,"caption":"Un art de la d\u00e9cision"},{"@type":"BreadcrumbList","@id":"https:\/\/www.istegroup.com\/fr\/produit\/les-big-data\/#breadcrumb","itemListElement":[{"@type":"ListItem","position":1,"name":"Home","item":"https:\/\/www.istegroup.com\/"},{"@type":"ListItem","position":2,"name":"Shop","item":"https:\/\/www.istegroup.com\/fr\/nouveautes\/"},{"@type":"ListItem","position":3,"name":"Les big data"}]},{"@type":"WebSite","@id":"https:\/\/www.istegroup.com\/#website","url":"https:\/\/www.istegroup.com\/","name":"ISTE Group","description":"\u00c9diteur des Sciences","potentialAction":[{"@type":"SearchAction","target":{"@type":"EntryPoint","urlTemplate":"https:\/\/www.istegroup.com\/?s={search_term_string}"},"query-input":{"@type":"PropertyValueSpecification","valueRequired":true,"valueName":"search_term_string"}}],"inLanguage":"fr-FR"}]}},"_links":{"self":[{"href":"https:\/\/www.istegroup.com\/fr\/wp-json\/wp\/v2\/product\/24605","targetHints":{"allow":["GET"]}}],"collection":[{"href":"https:\/\/www.istegroup.com\/fr\/wp-json\/wp\/v2\/product"}],"about":[{"href":"https:\/\/www.istegroup.com\/fr\/wp-json\/wp\/v2\/types\/product"}],"wp:featuredmedia":[{"embeddable":true,"href":"https:\/\/www.istegroup.com\/fr\/wp-json\/wp\/v2\/media\/24611"}],"wp:attachment":[{"href":"https:\/\/www.istegroup.com\/fr\/wp-json\/wp\/v2\/media?parent=24605"}],"wp:term":[{"taxonomy":"product_brand","embeddable":true,"href":"https:\/\/www.istegroup.com\/fr\/wp-json\/wp\/v2\/product_brand?post=24605"},{"taxonomy":"product_cat","embeddable":true,"href":"https:\/\/www.istegroup.com\/fr\/wp-json\/wp\/v2\/product_cat?post=24605"},{"taxonomy":"product_tag","embeddable":true,"href":"https:\/\/www.istegroup.com\/fr\/wp-json\/wp\/v2\/product_tag?post=24605"}],"curies":[{"name":"wp","href":"https:\/\/api.w.org\/{rel}","templated":true}]}}