{"id":24584,"date":"2020-07-10T17:17:06","date_gmt":"2020-07-10T16:17:06","guid":{"rendered":"https:\/\/www.istegroup.com\/?post_type=product&#038;p=24584"},"modified":"2024-01-03T13:43:38","modified_gmt":"2024-01-03T13:43:38","slug":"methode-des-elements-finis-et-techniques-dimagerie-medicale-en-biomecanique-osseuse","status":"publish","type":"product","link":"https:\/\/www.istegroup.com\/fr\/produit\/methode-des-elements-finis-et-techniques-dimagerie-medicale-en-biomecanique-osseuse\/","title":{"rendered":"M\u00e9thode des \u00e9l\u00e9ments finis et techniques d\u2019imagerie m\u00e9dicale en biom\u00e9canique osseuse"},"content":{"rendered":"<p>Les mod\u00e8les num\u00e9riques bas\u00e9s sur les donn\u00e9es d\u2019images m\u00e9dicales ont r\u00e9cemment \u00e9t\u00e9 appliqu\u00e9s en biom\u00e9canique.<\/p>\n<p>Cet ouvrage a pour objectif de r\u00e9sumer et pr\u00e9ciser les techniques d\u2019imagerie m\u00e9dicale ainsi que les proc\u00e9dures de leur traitement, n\u00e9cessaires \u00e0 la cr\u00e9ation de mod\u00e8les osseux en \u00e9l\u00e9ments finis. Il d\u00e9taille les principes physiques et les applications des techniques d\u2019imagerie m\u00e9dicale les plus utilis\u00e9es, puis d\u00e9crit les \u00e9tapes commun\u00e9ment suivies de traitement et d\u2019analyse des images m\u00e9dicales g\u00e9n\u00e9r\u00e9es. <em>M\u00e9thode des \u00e9l\u00e9ments finis et techniques d\u2019imagerie m\u00e9dicale en biom\u00e9canique osseuse<\/em> pr\u00e9sente des \u00e9tudes r\u00e9centes portant sur la reconstruction de mod\u00e8les num\u00e9riques en \u00e9l\u00e9ments finis de l\u2019os humain, en se basant sur des images m\u00e9dicales. Enfin, il offre des r\u00e9sultats num\u00e9riques r\u00e9cents obtenus pour diff\u00e9rents sites osseux, simul\u00e9s \u00e0 l\u2019aide de la m\u00e9thode des \u00e9l\u00e9ments finis.<\/p>\n","protected":false},"excerpt":{"rendered":"<p>Les mod\u00e8les num\u00e9riques bas\u00e9s sur les donn\u00e9es d\u2019images m\u00e9dicales ont r\u00e9cemment \u00e9t\u00e9 appliqu\u00e9s en biom\u00e9canique. Cet ouvrage a pour objectif de r\u00e9sumer et pr\u00e9ciser les techniques d\u2019imagerie m\u00e9dicale ainsi que les proc\u00e9dures de leur traitement, n\u00e9cessaires \u00e0 la cr\u00e9ation de mod\u00e8les osseux en \u00e9l\u00e9ments finis. Il d\u00e9taille les principes physiques et les applications des techniques [&hellip;]<\/p>\n","protected":false},"featured_media":24597,"template":"","meta":{"_acf_changed":false,"_links_to":"","_links_to_target":""},"product_brand":[],"product_cat":[664],"product_tag":[],"class_list":{"0":"post-24584","1":"product","2":"type-product","3":"status-publish","4":"has-post-thumbnail","6":"product_cat-gnie-mcanique-et-mcanique-des-solides-12506462","8":"first","9":"instock","10":"shipping-taxable","11":"purchasable","12":"product-type-variable"},"acf":[],"yoast_head":"<!-- This site is optimized with the Yoast SEO plugin v27.2 - https:\/\/yoast.com\/product\/yoast-seo-wordpress\/ -->\n<title>M\u00e9thode des \u00e9l\u00e9ments finis et techniques d\u2019imagerie m\u00e9dicale en biom\u00e9canique osseuse - ISTE Group<\/title>\n<meta name=\"description\" content=\"Cet ouvrage a pour objectif de r\u00e9sumer et pr\u00e9ciser les techniques d\u2019imagerie m\u00e9dicale ainsi que les proc\u00e9dures de leur traitement, n\u00e9cessaires \u00e0 la cr\u00e9ation de mod\u00e8les osseux en \u00e9l\u00e9ments finis.\" \/>\n<meta name=\"robots\" content=\"index, follow, max-snippet:-1, max-image-preview:large, max-video-preview:-1\" \/>\n<link rel=\"canonical\" href=\"https:\/\/www.istegroup.com\/en\/produit\/methode-des-elements-finis-et-techniques-dimagerie-medicale-en-biomecanique-osseuse\/\" \/>\n<meta property=\"og:locale\" content=\"fr_FR\" \/>\n<meta property=\"og:type\" content=\"article\" \/>\n<meta property=\"og:title\" content=\"M\u00e9thode des \u00e9l\u00e9ments finis et techniques d\u2019imagerie m\u00e9dicale en biom\u00e9canique osseuse - ISTE Group\" \/>\n<meta property=\"og:description\" content=\"Cet ouvrage a pour objectif de r\u00e9sumer et pr\u00e9ciser les techniques d\u2019imagerie m\u00e9dicale ainsi que les proc\u00e9dures de leur traitement, n\u00e9cessaires \u00e0 la cr\u00e9ation de mod\u00e8les osseux en \u00e9l\u00e9ments finis.\" \/>\n<meta property=\"og:url\" content=\"https:\/\/www.istegroup.com\/en\/produit\/methode-des-elements-finis-et-techniques-dimagerie-medicale-en-biomecanique-osseuse\/\" \/>\n<meta property=\"og:site_name\" content=\"ISTE Group\" \/>\n<meta property=\"article:modified_time\" content=\"2024-01-03T13:43:38+00:00\" \/>\n<meta property=\"og:image\" content=\"https:\/\/www.istegroup.com\/wp-content\/uploads\/2020\/01\/M\u00e9thode-des-\u00e9l\u00e9ments-finis-et-techniques-dimagerie-m\u00e9dicale-en-biom\u00e9canique-osseuse.jpg\" \/>\n\t<meta property=\"og:image:width\" content=\"300\" \/>\n\t<meta property=\"og:image:height\" content=\"453\" \/>\n\t<meta property=\"og:image:type\" content=\"image\/jpeg\" \/>\n<meta name=\"twitter:card\" content=\"summary_large_image\" \/>\n<meta name=\"twitter:label1\" content=\"Est. reading time\" \/>\n\t<meta name=\"twitter:data1\" content=\"1 minute\" \/>\n<script type=\"application\/ld+json\" class=\"yoast-schema-graph\">{\"@context\":\"https:\/\/schema.org\",\"@graph\":[{\"@type\":\"WebPage\",\"@id\":\"https:\/\/www.istegroup.com\/en\/produit\/methode-des-elements-finis-et-techniques-dimagerie-medicale-en-biomecanique-osseuse\/\",\"url\":\"https:\/\/www.istegroup.com\/en\/produit\/methode-des-elements-finis-et-techniques-dimagerie-medicale-en-biomecanique-osseuse\/\",\"name\":\"M\u00e9thode des \u00e9l\u00e9ments finis et techniques d\u2019imagerie m\u00e9dicale en biom\u00e9canique osseuse - ISTE Group\",\"isPartOf\":{\"@id\":\"https:\/\/www.istegroup.com\/#website\"},\"primaryImageOfPage\":{\"@id\":\"https:\/\/www.istegroup.com\/en\/produit\/methode-des-elements-finis-et-techniques-dimagerie-medicale-en-biomecanique-osseuse\/#primaryimage\"},\"image\":{\"@id\":\"https:\/\/www.istegroup.com\/en\/produit\/methode-des-elements-finis-et-techniques-dimagerie-medicale-en-biomecanique-osseuse\/#primaryimage\"},\"thumbnailUrl\":\"https:\/\/www.istegroup.com\/wp-content\/uploads\/2020\/01\/M\u00e9thode-des-\u00e9l\u00e9ments-finis-et-techniques-dimagerie-m\u00e9dicale-en-biom\u00e9canique-osseuse.jpg\",\"datePublished\":\"2020-07-10T16:17:06+00:00\",\"dateModified\":\"2024-01-03T13:43:38+00:00\",\"description\":\"Cet ouvrage a pour objectif de r\u00e9sumer et pr\u00e9ciser les techniques d\u2019imagerie m\u00e9dicale ainsi que les proc\u00e9dures de leur traitement, n\u00e9cessaires \u00e0 la cr\u00e9ation de mod\u00e8les osseux en \u00e9l\u00e9ments finis.\",\"breadcrumb\":{\"@id\":\"https:\/\/www.istegroup.com\/en\/produit\/methode-des-elements-finis-et-techniques-dimagerie-medicale-en-biomecanique-osseuse\/#breadcrumb\"},\"inLanguage\":\"fr-FR\",\"potentialAction\":[{\"@type\":\"ReadAction\",\"target\":[\"https:\/\/www.istegroup.com\/en\/produit\/methode-des-elements-finis-et-techniques-dimagerie-medicale-en-biomecanique-osseuse\/\"]}]},{\"@type\":\"ImageObject\",\"inLanguage\":\"fr-FR\",\"@id\":\"https:\/\/www.istegroup.com\/en\/produit\/methode-des-elements-finis-et-techniques-dimagerie-medicale-en-biomecanique-osseuse\/#primaryimage\",\"url\":\"https:\/\/www.istegroup.com\/wp-content\/uploads\/2020\/01\/M\u00e9thode-des-\u00e9l\u00e9ments-finis-et-techniques-dimagerie-m\u00e9dicale-en-biom\u00e9canique-osseuse.jpg\",\"contentUrl\":\"https:\/\/www.istegroup.com\/wp-content\/uploads\/2020\/01\/M\u00e9thode-des-\u00e9l\u00e9ments-finis-et-techniques-dimagerie-m\u00e9dicale-en-biom\u00e9canique-osseuse.jpg\",\"width\":300,\"height\":453,\"caption\":\"Livre M\u00e9thode des \u00e9l\u00e9ments finis et techniques d'imagerie m\u00e9dicale en biom\u00e9canique osseuse - Rabeb Ben Kahla, Abdelwahed Barkaoui and Tarek Merzouki\"},{\"@type\":\"BreadcrumbList\",\"@id\":\"https:\/\/www.istegroup.com\/en\/produit\/methode-des-elements-finis-et-techniques-dimagerie-medicale-en-biomecanique-osseuse\/#breadcrumb\",\"itemListElement\":[{\"@type\":\"ListItem\",\"position\":1,\"name\":\"Home\",\"item\":\"https:\/\/www.istegroup.com\/\"},{\"@type\":\"ListItem\",\"position\":2,\"name\":\"Shop\",\"item\":\"https:\/\/www.istegroup.com\/fr\/nouveautes\/\"},{\"@type\":\"ListItem\",\"position\":3,\"name\":\"M\u00e9thode des \u00e9l\u00e9ments finis et techniques d\u2019imagerie m\u00e9dicale en biom\u00e9canique osseuse\"}]},{\"@type\":\"WebSite\",\"@id\":\"https:\/\/www.istegroup.com\/#website\",\"url\":\"https:\/\/www.istegroup.com\/\",\"name\":\"ISTE Group\",\"description\":\"\u00c9diteur des Sciences\",\"potentialAction\":[{\"@type\":\"SearchAction\",\"target\":{\"@type\":\"EntryPoint\",\"urlTemplate\":\"https:\/\/www.istegroup.com\/?s={search_term_string}\"},\"query-input\":{\"@type\":\"PropertyValueSpecification\",\"valueRequired\":true,\"valueName\":\"search_term_string\"}}],\"inLanguage\":\"fr-FR\"}]}<\/script>\n<!-- \/ Yoast SEO plugin. -->","yoast_head_json":{"title":"M\u00e9thode des \u00e9l\u00e9ments finis et techniques d\u2019imagerie m\u00e9dicale en biom\u00e9canique osseuse - ISTE Group","description":"Cet ouvrage a pour objectif de r\u00e9sumer et pr\u00e9ciser les techniques d\u2019imagerie m\u00e9dicale ainsi que les proc\u00e9dures de leur traitement, n\u00e9cessaires \u00e0 la cr\u00e9ation de mod\u00e8les osseux en \u00e9l\u00e9ments finis.","robots":{"index":"index","follow":"follow","max-snippet":"max-snippet:-1","max-image-preview":"max-image-preview:large","max-video-preview":"max-video-preview:-1"},"canonical":"https:\/\/www.istegroup.com\/en\/produit\/methode-des-elements-finis-et-techniques-dimagerie-medicale-en-biomecanique-osseuse\/","og_locale":"fr_FR","og_type":"article","og_title":"M\u00e9thode des \u00e9l\u00e9ments finis et techniques d\u2019imagerie m\u00e9dicale en biom\u00e9canique osseuse - ISTE Group","og_description":"Cet ouvrage a pour objectif de r\u00e9sumer et pr\u00e9ciser les techniques d\u2019imagerie m\u00e9dicale ainsi que les proc\u00e9dures de leur traitement, n\u00e9cessaires \u00e0 la cr\u00e9ation de mod\u00e8les osseux en \u00e9l\u00e9ments finis.","og_url":"https:\/\/www.istegroup.com\/en\/produit\/methode-des-elements-finis-et-techniques-dimagerie-medicale-en-biomecanique-osseuse\/","og_site_name":"ISTE Group","article_modified_time":"2024-01-03T13:43:38+00:00","og_image":[{"width":300,"height":453,"url":"https:\/\/www.istegroup.com\/wp-content\/uploads\/2020\/01\/M\u00e9thode-des-\u00e9l\u00e9ments-finis-et-techniques-dimagerie-m\u00e9dicale-en-biom\u00e9canique-osseuse.jpg","type":"image\/jpeg"}],"twitter_card":"summary_large_image","twitter_misc":{"Est. reading time":"1 minute"},"schema":{"@context":"https:\/\/schema.org","@graph":[{"@type":"WebPage","@id":"https:\/\/www.istegroup.com\/en\/produit\/methode-des-elements-finis-et-techniques-dimagerie-medicale-en-biomecanique-osseuse\/","url":"https:\/\/www.istegroup.com\/en\/produit\/methode-des-elements-finis-et-techniques-dimagerie-medicale-en-biomecanique-osseuse\/","name":"M\u00e9thode des \u00e9l\u00e9ments finis et techniques d\u2019imagerie m\u00e9dicale en biom\u00e9canique osseuse - ISTE Group","isPartOf":{"@id":"https:\/\/www.istegroup.com\/#website"},"primaryImageOfPage":{"@id":"https:\/\/www.istegroup.com\/en\/produit\/methode-des-elements-finis-et-techniques-dimagerie-medicale-en-biomecanique-osseuse\/#primaryimage"},"image":{"@id":"https:\/\/www.istegroup.com\/en\/produit\/methode-des-elements-finis-et-techniques-dimagerie-medicale-en-biomecanique-osseuse\/#primaryimage"},"thumbnailUrl":"https:\/\/www.istegroup.com\/wp-content\/uploads\/2020\/01\/M\u00e9thode-des-\u00e9l\u00e9ments-finis-et-techniques-dimagerie-m\u00e9dicale-en-biom\u00e9canique-osseuse.jpg","datePublished":"2020-07-10T16:17:06+00:00","dateModified":"2024-01-03T13:43:38+00:00","description":"Cet ouvrage a pour objectif de r\u00e9sumer et pr\u00e9ciser les techniques d\u2019imagerie m\u00e9dicale ainsi que les proc\u00e9dures de leur traitement, n\u00e9cessaires \u00e0 la cr\u00e9ation de mod\u00e8les osseux en \u00e9l\u00e9ments finis.","breadcrumb":{"@id":"https:\/\/www.istegroup.com\/en\/produit\/methode-des-elements-finis-et-techniques-dimagerie-medicale-en-biomecanique-osseuse\/#breadcrumb"},"inLanguage":"fr-FR","potentialAction":[{"@type":"ReadAction","target":["https:\/\/www.istegroup.com\/en\/produit\/methode-des-elements-finis-et-techniques-dimagerie-medicale-en-biomecanique-osseuse\/"]}]},{"@type":"ImageObject","inLanguage":"fr-FR","@id":"https:\/\/www.istegroup.com\/en\/produit\/methode-des-elements-finis-et-techniques-dimagerie-medicale-en-biomecanique-osseuse\/#primaryimage","url":"https:\/\/www.istegroup.com\/wp-content\/uploads\/2020\/01\/M\u00e9thode-des-\u00e9l\u00e9ments-finis-et-techniques-dimagerie-m\u00e9dicale-en-biom\u00e9canique-osseuse.jpg","contentUrl":"https:\/\/www.istegroup.com\/wp-content\/uploads\/2020\/01\/M\u00e9thode-des-\u00e9l\u00e9ments-finis-et-techniques-dimagerie-m\u00e9dicale-en-biom\u00e9canique-osseuse.jpg","width":300,"height":453,"caption":"Livre M\u00e9thode des \u00e9l\u00e9ments finis et techniques d'imagerie m\u00e9dicale en biom\u00e9canique osseuse - Rabeb Ben Kahla, Abdelwahed Barkaoui and Tarek Merzouki"},{"@type":"BreadcrumbList","@id":"https:\/\/www.istegroup.com\/en\/produit\/methode-des-elements-finis-et-techniques-dimagerie-medicale-en-biomecanique-osseuse\/#breadcrumb","itemListElement":[{"@type":"ListItem","position":1,"name":"Home","item":"https:\/\/www.istegroup.com\/"},{"@type":"ListItem","position":2,"name":"Shop","item":"https:\/\/www.istegroup.com\/fr\/nouveautes\/"},{"@type":"ListItem","position":3,"name":"M\u00e9thode des \u00e9l\u00e9ments finis et techniques d\u2019imagerie m\u00e9dicale en biom\u00e9canique osseuse"}]},{"@type":"WebSite","@id":"https:\/\/www.istegroup.com\/#website","url":"https:\/\/www.istegroup.com\/","name":"ISTE Group","description":"\u00c9diteur des Sciences","potentialAction":[{"@type":"SearchAction","target":{"@type":"EntryPoint","urlTemplate":"https:\/\/www.istegroup.com\/?s={search_term_string}"},"query-input":{"@type":"PropertyValueSpecification","valueRequired":true,"valueName":"search_term_string"}}],"inLanguage":"fr-FR"}]}},"_links":{"self":[{"href":"https:\/\/www.istegroup.com\/fr\/wp-json\/wp\/v2\/product\/24584","targetHints":{"allow":["GET"]}}],"collection":[{"href":"https:\/\/www.istegroup.com\/fr\/wp-json\/wp\/v2\/product"}],"about":[{"href":"https:\/\/www.istegroup.com\/fr\/wp-json\/wp\/v2\/types\/product"}],"wp:featuredmedia":[{"embeddable":true,"href":"https:\/\/www.istegroup.com\/fr\/wp-json\/wp\/v2\/media\/24597"}],"wp:attachment":[{"href":"https:\/\/www.istegroup.com\/fr\/wp-json\/wp\/v2\/media?parent=24584"}],"wp:term":[{"taxonomy":"product_brand","embeddable":true,"href":"https:\/\/www.istegroup.com\/fr\/wp-json\/wp\/v2\/product_brand?post=24584"},{"taxonomy":"product_cat","embeddable":true,"href":"https:\/\/www.istegroup.com\/fr\/wp-json\/wp\/v2\/product_cat?post=24584"},{"taxonomy":"product_tag","embeddable":true,"href":"https:\/\/www.istegroup.com\/fr\/wp-json\/wp\/v2\/product_tag?post=24584"}],"curies":[{"name":"wp","href":"https:\/\/api.w.org\/{rel}","templated":true}]}}