{"id":24575,"date":"2020-05-10T10:51:15","date_gmt":"2020-05-10T09:51:15","guid":{"rendered":"https:\/\/www.istegroup.com\/?post_type=product&#038;p=24575"},"modified":"2024-01-03T13:43:38","modified_gmt":"2024-01-03T13:43:38","slug":"les-accidents-nucleaires","status":"publish","type":"product","link":"https:\/\/www.istegroup.com\/fr\/produit\/les-accidents-nucleaires\/","title":{"rendered":"Les accidents nucl\u00e9aires"},"content":{"rendered":"<p>Suite \u00e0 des accidents nucl\u00e9aires militaires et civils, les autorit\u00e9s internationales et nationales ont mis en place des syst\u00e8mes de recensement et d\u2019analyse des retours d\u2019exp\u00e9rience. La pr\u00e9vention et l\u2019anticipation \u00e9tant les meilleures d\u00e9fenses contre un accident nucl\u00e9aire, les autorit\u00e9s ont \u00e9galement recens\u00e9 les types d\u2019accidents et lanc\u00e9 des recherches pour mieux les comprendre et pouvoir mieux les ma\u00eetriser.<\/p>\n<p><em>Les accidents nucl\u00e9aires<\/em> d\u00e9taille l\u2019estimation et la perception du risque nucl\u00e9aire avant d\u2019examiner comment les autorit\u00e9s ont pr\u00e9par\u00e9 des plans d\u2019action pour prot\u00e9ger les populations voisines et limiter la contamination radioactive de l\u2019environnement. L\u2019exemple de l\u2019exp\u00e9rience fran\u00e7aise est plus particuli\u00e8rement d\u00e9velopp\u00e9. L\u2019ouvrage s\u2019int\u00e9resse \u00e9galement \u00e0 la lutte contre les attentats terroristes dans le domaine nucl\u00e9aire.<\/p>\n","protected":false},"excerpt":{"rendered":"<p>Suite \u00e0 des accidents nucl\u00e9aires militaires et civils, les autorit\u00e9s internationales et nationales ont mis en place des syst\u00e8mes de recensement et d\u2019analyse des retours d\u2019exp\u00e9rience. La pr\u00e9vention et l\u2019anticipation \u00e9tant les meilleures d\u00e9fenses contre un accident nucl\u00e9aire, les autorit\u00e9s ont \u00e9galement recens\u00e9 les types d\u2019accidents et lanc\u00e9 des recherches pour mieux les comprendre et [&hellip;]<\/p>\n","protected":false},"featured_media":24583,"template":"","meta":{"_acf_changed":false,"_links_to":"","_links_to_target":""},"product_brand":[],"product_cat":[658],"product_tag":[],"class_list":{"0":"post-24575","1":"product","2":"type-product","3":"status-publish","4":"has-post-thumbnail","6":"product_cat-ecologie-14419669","8":"first","9":"instock","10":"shipping-taxable","11":"purchasable","12":"product-type-variable"},"acf":[],"yoast_head":"<!-- This site is optimized with the Yoast SEO plugin v27.2 - https:\/\/yoast.com\/product\/yoast-seo-wordpress\/ -->\n<title>Les accidents nucl\u00e9aires - ISTE Group<\/title>\n<meta name=\"robots\" content=\"index, follow, max-snippet:-1, max-image-preview:large, max-video-preview:-1\" \/>\n<link rel=\"canonical\" href=\"https:\/\/www.istegroup.com\/fr\/produit\/les-accidents-nucleaires\/\" \/>\n<meta property=\"og:locale\" content=\"fr_FR\" \/>\n<meta property=\"og:type\" content=\"article\" \/>\n<meta property=\"og:title\" content=\"Les accidents nucl\u00e9aires - ISTE Group\" \/>\n<meta property=\"og:description\" content=\"Suite \u00e0 des accidents nucl\u00e9aires militaires et civils, les autorit\u00e9s internationales et nationales ont mis en place des syst\u00e8mes de recensement et d\u2019analyse des retours d\u2019exp\u00e9rience. La pr\u00e9vention et l\u2019anticipation \u00e9tant les meilleures d\u00e9fenses contre un accident nucl\u00e9aire, les autorit\u00e9s ont \u00e9galement recens\u00e9 les types d\u2019accidents et lanc\u00e9 des recherches pour mieux les comprendre et [&hellip;]\" \/>\n<meta property=\"og:url\" content=\"https:\/\/www.istegroup.com\/fr\/produit\/les-accidents-nucleaires\/\" \/>\n<meta property=\"og:site_name\" content=\"ISTE Group\" \/>\n<meta property=\"article:modified_time\" content=\"2024-01-03T13:43:38+00:00\" \/>\n<meta property=\"og:image\" content=\"https:\/\/www.istegroup.com\/wp-content\/uploads\/2020\/01\/Les-accidents-nucl\u00e9aires.jpg\" \/>\n\t<meta property=\"og:image:width\" content=\"300\" \/>\n\t<meta property=\"og:image:height\" content=\"453\" \/>\n\t<meta property=\"og:image:type\" content=\"image\/jpeg\" \/>\n<meta name=\"twitter:card\" content=\"summary_large_image\" \/>\n<meta name=\"twitter:label1\" content=\"Est. reading time\" \/>\n\t<meta name=\"twitter:data1\" content=\"1 minute\" \/>\n<script type=\"application\/ld+json\" class=\"yoast-schema-graph\">{\"@context\":\"https:\/\/schema.org\",\"@graph\":[{\"@type\":\"WebPage\",\"@id\":\"https:\/\/www.istegroup.com\/fr\/produit\/les-accidents-nucleaires\/\",\"url\":\"https:\/\/www.istegroup.com\/fr\/produit\/les-accidents-nucleaires\/\",\"name\":\"Les accidents nucl\u00e9aires - ISTE Group\",\"isPartOf\":{\"@id\":\"https:\/\/www.istegroup.com\/#website\"},\"primaryImageOfPage\":{\"@id\":\"https:\/\/www.istegroup.com\/fr\/produit\/les-accidents-nucleaires\/#primaryimage\"},\"image\":{\"@id\":\"https:\/\/www.istegroup.com\/fr\/produit\/les-accidents-nucleaires\/#primaryimage\"},\"thumbnailUrl\":\"https:\/\/www.istegroup.com\/wp-content\/uploads\/2020\/01\/Les-accidents-nucl\u00e9aires.jpg\",\"datePublished\":\"2020-05-10T09:51:15+00:00\",\"dateModified\":\"2024-01-03T13:43:38+00:00\",\"breadcrumb\":{\"@id\":\"https:\/\/www.istegroup.com\/fr\/produit\/les-accidents-nucleaires\/#breadcrumb\"},\"inLanguage\":\"fr-FR\",\"potentialAction\":[{\"@type\":\"ReadAction\",\"target\":[\"https:\/\/www.istegroup.com\/fr\/produit\/les-accidents-nucleaires\/\"]}]},{\"@type\":\"ImageObject\",\"inLanguage\":\"fr-FR\",\"@id\":\"https:\/\/www.istegroup.com\/fr\/produit\/les-accidents-nucleaires\/#primaryimage\",\"url\":\"https:\/\/www.istegroup.com\/wp-content\/uploads\/2020\/01\/Les-accidents-nucl\u00e9aires.jpg\",\"contentUrl\":\"https:\/\/www.istegroup.com\/wp-content\/uploads\/2020\/01\/Les-accidents-nucl\u00e9aires.jpg\",\"width\":300,\"height\":453,\"caption\":\"Pr\u00e9vention et gestion d\u2019une crise accidentelle\"},{\"@type\":\"BreadcrumbList\",\"@id\":\"https:\/\/www.istegroup.com\/fr\/produit\/les-accidents-nucleaires\/#breadcrumb\",\"itemListElement\":[{\"@type\":\"ListItem\",\"position\":1,\"name\":\"Home\",\"item\":\"https:\/\/www.istegroup.com\/\"},{\"@type\":\"ListItem\",\"position\":2,\"name\":\"Shop\",\"item\":\"https:\/\/www.istegroup.com\/fr\/nouveautes\/\"},{\"@type\":\"ListItem\",\"position\":3,\"name\":\"Les accidents nucl\u00e9aires\"}]},{\"@type\":\"WebSite\",\"@id\":\"https:\/\/www.istegroup.com\/#website\",\"url\":\"https:\/\/www.istegroup.com\/\",\"name\":\"ISTE Group\",\"description\":\"\u00c9diteur des Sciences\",\"potentialAction\":[{\"@type\":\"SearchAction\",\"target\":{\"@type\":\"EntryPoint\",\"urlTemplate\":\"https:\/\/www.istegroup.com\/?s={search_term_string}\"},\"query-input\":{\"@type\":\"PropertyValueSpecification\",\"valueRequired\":true,\"valueName\":\"search_term_string\"}}],\"inLanguage\":\"fr-FR\"}]}<\/script>\n<!-- \/ Yoast SEO plugin. -->","yoast_head_json":{"title":"Les accidents nucl\u00e9aires - ISTE Group","robots":{"index":"index","follow":"follow","max-snippet":"max-snippet:-1","max-image-preview":"max-image-preview:large","max-video-preview":"max-video-preview:-1"},"canonical":"https:\/\/www.istegroup.com\/fr\/produit\/les-accidents-nucleaires\/","og_locale":"fr_FR","og_type":"article","og_title":"Les accidents nucl\u00e9aires - ISTE Group","og_description":"Suite \u00e0 des accidents nucl\u00e9aires militaires et civils, les autorit\u00e9s internationales et nationales ont mis en place des syst\u00e8mes de recensement et d\u2019analyse des retours d\u2019exp\u00e9rience. La pr\u00e9vention et l\u2019anticipation \u00e9tant les meilleures d\u00e9fenses contre un accident nucl\u00e9aire, les autorit\u00e9s ont \u00e9galement recens\u00e9 les types d\u2019accidents et lanc\u00e9 des recherches pour mieux les comprendre et [&hellip;]","og_url":"https:\/\/www.istegroup.com\/fr\/produit\/les-accidents-nucleaires\/","og_site_name":"ISTE Group","article_modified_time":"2024-01-03T13:43:38+00:00","og_image":[{"width":300,"height":453,"url":"https:\/\/www.istegroup.com\/wp-content\/uploads\/2020\/01\/Les-accidents-nucl\u00e9aires.jpg","type":"image\/jpeg"}],"twitter_card":"summary_large_image","twitter_misc":{"Est. reading time":"1 minute"},"schema":{"@context":"https:\/\/schema.org","@graph":[{"@type":"WebPage","@id":"https:\/\/www.istegroup.com\/fr\/produit\/les-accidents-nucleaires\/","url":"https:\/\/www.istegroup.com\/fr\/produit\/les-accidents-nucleaires\/","name":"Les accidents nucl\u00e9aires - ISTE Group","isPartOf":{"@id":"https:\/\/www.istegroup.com\/#website"},"primaryImageOfPage":{"@id":"https:\/\/www.istegroup.com\/fr\/produit\/les-accidents-nucleaires\/#primaryimage"},"image":{"@id":"https:\/\/www.istegroup.com\/fr\/produit\/les-accidents-nucleaires\/#primaryimage"},"thumbnailUrl":"https:\/\/www.istegroup.com\/wp-content\/uploads\/2020\/01\/Les-accidents-nucl\u00e9aires.jpg","datePublished":"2020-05-10T09:51:15+00:00","dateModified":"2024-01-03T13:43:38+00:00","breadcrumb":{"@id":"https:\/\/www.istegroup.com\/fr\/produit\/les-accidents-nucleaires\/#breadcrumb"},"inLanguage":"fr-FR","potentialAction":[{"@type":"ReadAction","target":["https:\/\/www.istegroup.com\/fr\/produit\/les-accidents-nucleaires\/"]}]},{"@type":"ImageObject","inLanguage":"fr-FR","@id":"https:\/\/www.istegroup.com\/fr\/produit\/les-accidents-nucleaires\/#primaryimage","url":"https:\/\/www.istegroup.com\/wp-content\/uploads\/2020\/01\/Les-accidents-nucl\u00e9aires.jpg","contentUrl":"https:\/\/www.istegroup.com\/wp-content\/uploads\/2020\/01\/Les-accidents-nucl\u00e9aires.jpg","width":300,"height":453,"caption":"Pr\u00e9vention et gestion d\u2019une crise accidentelle"},{"@type":"BreadcrumbList","@id":"https:\/\/www.istegroup.com\/fr\/produit\/les-accidents-nucleaires\/#breadcrumb","itemListElement":[{"@type":"ListItem","position":1,"name":"Home","item":"https:\/\/www.istegroup.com\/"},{"@type":"ListItem","position":2,"name":"Shop","item":"https:\/\/www.istegroup.com\/fr\/nouveautes\/"},{"@type":"ListItem","position":3,"name":"Les accidents nucl\u00e9aires"}]},{"@type":"WebSite","@id":"https:\/\/www.istegroup.com\/#website","url":"https:\/\/www.istegroup.com\/","name":"ISTE Group","description":"\u00c9diteur des Sciences","potentialAction":[{"@type":"SearchAction","target":{"@type":"EntryPoint","urlTemplate":"https:\/\/www.istegroup.com\/?s={search_term_string}"},"query-input":{"@type":"PropertyValueSpecification","valueRequired":true,"valueName":"search_term_string"}}],"inLanguage":"fr-FR"}]}},"_links":{"self":[{"href":"https:\/\/www.istegroup.com\/fr\/wp-json\/wp\/v2\/product\/24575","targetHints":{"allow":["GET"]}}],"collection":[{"href":"https:\/\/www.istegroup.com\/fr\/wp-json\/wp\/v2\/product"}],"about":[{"href":"https:\/\/www.istegroup.com\/fr\/wp-json\/wp\/v2\/types\/product"}],"wp:featuredmedia":[{"embeddable":true,"href":"https:\/\/www.istegroup.com\/fr\/wp-json\/wp\/v2\/media\/24583"}],"wp:attachment":[{"href":"https:\/\/www.istegroup.com\/fr\/wp-json\/wp\/v2\/media?parent=24575"}],"wp:term":[{"taxonomy":"product_brand","embeddable":true,"href":"https:\/\/www.istegroup.com\/fr\/wp-json\/wp\/v2\/product_brand?post=24575"},{"taxonomy":"product_cat","embeddable":true,"href":"https:\/\/www.istegroup.com\/fr\/wp-json\/wp\/v2\/product_cat?post=24575"},{"taxonomy":"product_tag","embeddable":true,"href":"https:\/\/www.istegroup.com\/fr\/wp-json\/wp\/v2\/product_tag?post=24575"}],"curies":[{"name":"wp","href":"https:\/\/api.w.org\/{rel}","templated":true}]}}