{"id":24566,"date":"2020-05-10T15:48:21","date_gmt":"2020-05-10T14:48:21","guid":{"rendered":"https:\/\/www.istegroup.com\/?post_type=product&#038;p=24566"},"modified":"2024-01-03T13:43:38","modified_gmt":"2024-01-03T13:43:38","slug":"les-systemes-mecatroniques-embarques-2-2e-edition","status":"publish","type":"product","link":"https:\/\/www.istegroup.com\/fr\/produit\/les-systemes-mecatroniques-embarques-2-2e-edition\/","title":{"rendered":"Les syst\u00e8mes m\u00e9catroniques embarqu\u00e9s 2 &#8211; 2e \u00e9dition"},"content":{"rendered":"<p>La m\u00e9catronique associe l\u2019informatique, la m\u00e9canique et l\u2019\u00e9lectronique. Elle am\u00e9liore les performances des syst\u00e8mes \u00e9lectroniques embarqu\u00e9s en r\u00e9duisant leurs poids, leurs volumes, leurs consommations d\u2019\u00e9nergie et leurs co\u00fbts.<\/p>\n<p>Les syst\u00e8mes m\u00e9catroniques embarqu\u00e9s 2 expose les avanc\u00e9es de la recherche et de l\u2019industrie appliqu\u00e9es aux domaines des syst\u00e8mes m\u00e9catroniques qui int\u00e8grent la fiabilit\u00e9 dans le processus de conception. Accompagn\u00e9 d\u2019exemples d\u00e9taill\u00e9s, cet ouvrage d\u00e9veloppe une m\u00e9thodologie de caract\u00e9risation des d\u00e9fauts des syst\u00e8mes m\u00e9catroniques. Il analyse la mod\u00e9lisation multiphysique des d\u00e9fauts, r\u00e9v\u00e9lant les faiblesses de conception et les m\u00e9canismes de d\u00e9faillance. Il pr\u00e9sente \u00e9galement l\u2019\u00e9laboration de m\u00e9tamod\u00e8les permettant de simuler les effets sur la fiabilit\u00e9 des conditions d\u2019emploi et de fabrication.<\/p>\n<p>Cette deuxi\u00e8me \u00e9dition revue et augment\u00e9e contient une r\u00e9vision du chapitre sur le d\u00e9veloppement des m\u00e9tamod\u00e8les. Deux nouveaux chapitres ont \u00e9t\u00e9 ajout\u00e9s : l\u2019un sur l\u2019\u00e9tude probabiliste et l\u2019optimisation de la brasure, et l\u2019autre sur une analyse de la fiabilit\u00e9 bas\u00e9e sur les m\u00e9tamod\u00e8les des bo\u00eetiers \u00e0 \u00e9chelle de puce.<\/p>\n","protected":false},"excerpt":{"rendered":"<p>La m\u00e9catronique associe l\u2019informatique, la m\u00e9canique et l\u2019\u00e9lectronique. Elle am\u00e9liore les performances des syst\u00e8mes \u00e9lectroniques embarqu\u00e9s en r\u00e9duisant leurs poids, leurs volumes, leurs consommations d\u2019\u00e9nergie et leurs co\u00fbts. Les syst\u00e8mes m\u00e9catroniques embarqu\u00e9s 2 expose les avanc\u00e9es de la recherche et de l\u2019industrie appliqu\u00e9es aux domaines des syst\u00e8mes m\u00e9catroniques qui int\u00e8grent la fiabilit\u00e9 dans le processus [&hellip;]<\/p>\n","protected":false},"featured_media":24573,"template":"","meta":{"_acf_changed":false,"_links_to":"","_links_to_target":""},"product_brand":[],"product_cat":[664],"product_tag":[],"class_list":{"0":"post-24566","1":"product","2":"type-product","3":"status-publish","4":"has-post-thumbnail","6":"product_cat-gnie-mcanique-et-mcanique-des-solides-12506462","8":"first","9":"instock","10":"shipping-taxable","11":"purchasable","12":"product-type-variable"},"acf":[],"yoast_head":"<!-- This site is optimized with the Yoast SEO plugin v27.2 - https:\/\/yoast.com\/product\/yoast-seo-wordpress\/ -->\n<title>Les syst\u00e8mes m\u00e9catroniques embarqu\u00e9s 2 - 2e \u00e9dition - ISTE Group<\/title>\n<meta name=\"description\" content=\"Cette deuxi\u00e8me \u00e9dition augment\u00e9e et r\u00e9vis\u00e9e contient un nouveau chapitre qui introduit l\u2019algorithme BSAMO, un algorithme d\u2019optimisation multiobjectif qui permet de r\u00e9soudre les probl\u00e8mes d\u2019interaction fluide-structure.\" \/>\n<meta name=\"robots\" content=\"index, follow, max-snippet:-1, max-image-preview:large, max-video-preview:-1\" \/>\n<link rel=\"canonical\" href=\"https:\/\/www.istegroup.com\/fr\/produit\/les-systemes-mecatroniques-embarques-2-2e-edition\/\" \/>\n<meta property=\"og:locale\" content=\"fr_FR\" \/>\n<meta property=\"og:type\" content=\"article\" \/>\n<meta property=\"og:title\" content=\"[:fr]Les syst\u00e8mes m\u00e9catroniques embarqu\u00e9s 2 - 2e \u00e9dition[:en]Les syst\u00e8mes m\u00e9catroniques embarqu\u00e9s 2[:] - ISTE Group\" \/>\n<meta property=\"og:description\" content=\"Cette deuxi\u00e8me \u00e9dition augment\u00e9e et r\u00e9vis\u00e9e contient un nouveau chapitre qui introduit l\u2019algorithme BSAMO, un algorithme d\u2019optimisation multiobjectif qui permet de r\u00e9soudre les probl\u00e8mes d\u2019interaction fluide-structure.\" \/>\n<meta property=\"og:url\" content=\"https:\/\/www.istegroup.com\/fr\/produit\/les-systemes-mecatroniques-embarques-2-2e-edition\/\" \/>\n<meta property=\"og:site_name\" content=\"ISTE Group\" \/>\n<meta property=\"article:modified_time\" content=\"2024-01-03T13:43:38+00:00\" \/>\n<meta property=\"og:image\" content=\"https:\/\/www.istegroup.com\/wp-content\/uploads\/2020\/01\/Les-syst\u00e8mes-m\u00e9catroniques-embarqu\u00e9s-2-2e-\u00e9dition.jpg\" \/>\n\t<meta property=\"og:image:width\" content=\"300\" \/>\n\t<meta property=\"og:image:height\" content=\"452\" \/>\n\t<meta property=\"og:image:type\" content=\"image\/jpeg\" \/>\n<meta name=\"twitter:card\" content=\"summary_large_image\" \/>\n<meta name=\"twitter:label1\" content=\"Est. reading time\" \/>\n\t<meta name=\"twitter:data1\" content=\"1 minute\" \/>\n<script type=\"application\/ld+json\" class=\"yoast-schema-graph\">{\"@context\":\"https:\/\/schema.org\",\"@graph\":[{\"@type\":\"WebPage\",\"@id\":\"https:\/\/www.istegroup.com\/fr\/produit\/les-systemes-mecatroniques-embarques-2-2e-edition\/\",\"url\":\"https:\/\/www.istegroup.com\/fr\/produit\/les-systemes-mecatroniques-embarques-2-2e-edition\/\",\"name\":\"[:fr]Les syst\u00e8mes m\u00e9catroniques embarqu\u00e9s 2 - 2e \u00e9dition[:en]Les syst\u00e8mes m\u00e9catroniques embarqu\u00e9s 2[:] - ISTE Group\",\"isPartOf\":{\"@id\":\"https:\/\/www.istegroup.com\/#website\"},\"primaryImageOfPage\":{\"@id\":\"https:\/\/www.istegroup.com\/fr\/produit\/les-systemes-mecatroniques-embarques-2-2e-edition\/#primaryimage\"},\"image\":{\"@id\":\"https:\/\/www.istegroup.com\/fr\/produit\/les-systemes-mecatroniques-embarques-2-2e-edition\/#primaryimage\"},\"thumbnailUrl\":\"https:\/\/www.istegroup.com\/wp-content\/uploads\/2020\/01\/Les-syst\u00e8mes-m\u00e9catroniques-embarqu\u00e9s-2-2e-\u00e9dition.jpg\",\"datePublished\":\"2020-05-10T14:48:21+00:00\",\"dateModified\":\"2024-01-03T13:43:38+00:00\",\"description\":\"Cette deuxi\u00e8me \u00e9dition augment\u00e9e et r\u00e9vis\u00e9e contient un nouveau chapitre qui introduit l\u2019algorithme BSAMO, un algorithme d\u2019optimisation multiobjectif qui permet de r\u00e9soudre les probl\u00e8mes d\u2019interaction fluide-structure.\",\"breadcrumb\":{\"@id\":\"https:\/\/www.istegroup.com\/fr\/produit\/les-systemes-mecatroniques-embarques-2-2e-edition\/#breadcrumb\"},\"inLanguage\":\"fr-FR\",\"potentialAction\":[{\"@type\":\"ReadAction\",\"target\":[\"https:\/\/www.istegroup.com\/fr\/produit\/les-systemes-mecatroniques-embarques-2-2e-edition\/\"]}]},{\"@type\":\"ImageObject\",\"inLanguage\":\"fr-FR\",\"@id\":\"https:\/\/www.istegroup.com\/fr\/produit\/les-systemes-mecatroniques-embarques-2-2e-edition\/#primaryimage\",\"url\":\"https:\/\/www.istegroup.com\/wp-content\/uploads\/2020\/01\/Les-syst\u00e8mes-m\u00e9catroniques-embarqu\u00e9s-2-2e-\u00e9dition.jpg\",\"contentUrl\":\"https:\/\/www.istegroup.com\/wp-content\/uploads\/2020\/01\/Les-syst\u00e8mes-m\u00e9catroniques-embarqu\u00e9s-2-2e-\u00e9dition.jpg\",\"width\":300,\"height\":452,\"caption\":\"Analyse des causes de d\u00e9faillances, mod\u00e9lisation, simulation et optimisation\"},{\"@type\":\"BreadcrumbList\",\"@id\":\"https:\/\/www.istegroup.com\/fr\/produit\/les-systemes-mecatroniques-embarques-2-2e-edition\/#breadcrumb\",\"itemListElement\":[{\"@type\":\"ListItem\",\"position\":1,\"name\":\"Home\",\"item\":\"https:\/\/www.istegroup.com\/\"},{\"@type\":\"ListItem\",\"position\":2,\"name\":\"Shop\",\"item\":\"https:\/\/www.istegroup.com\/fr\/nouveautes\/\"},{\"@type\":\"ListItem\",\"position\":3,\"name\":\"Les syst\u00e8mes m\u00e9catroniques embarqu\u00e9s 2 &#8211; 2e \u00e9dition\"}]},{\"@type\":\"WebSite\",\"@id\":\"https:\/\/www.istegroup.com\/#website\",\"url\":\"https:\/\/www.istegroup.com\/\",\"name\":\"ISTE Group\",\"description\":\"\u00c9diteur des Sciences\",\"potentialAction\":[{\"@type\":\"SearchAction\",\"target\":{\"@type\":\"EntryPoint\",\"urlTemplate\":\"https:\/\/www.istegroup.com\/?s={search_term_string}\"},\"query-input\":{\"@type\":\"PropertyValueSpecification\",\"valueRequired\":true,\"valueName\":\"search_term_string\"}}],\"inLanguage\":\"fr-FR\"}]}<\/script>\n<!-- \/ Yoast SEO plugin. -->","yoast_head_json":{"title":"[:fr]Les syst\u00e8mes m\u00e9catroniques embarqu\u00e9s 2 - 2e \u00e9dition[:en]Les syst\u00e8mes m\u00e9catroniques embarqu\u00e9s 2[:] - ISTE Group","description":"Cette deuxi\u00e8me \u00e9dition augment\u00e9e et r\u00e9vis\u00e9e contient un nouveau chapitre qui introduit l\u2019algorithme BSAMO, un algorithme d\u2019optimisation multiobjectif qui permet de r\u00e9soudre les probl\u00e8mes d\u2019interaction fluide-structure.","robots":{"index":"index","follow":"follow","max-snippet":"max-snippet:-1","max-image-preview":"max-image-preview:large","max-video-preview":"max-video-preview:-1"},"canonical":"https:\/\/www.istegroup.com\/fr\/produit\/les-systemes-mecatroniques-embarques-2-2e-edition\/","og_locale":"fr_FR","og_type":"article","og_title":"[:fr]Les syst\u00e8mes m\u00e9catroniques embarqu\u00e9s 2 - 2e \u00e9dition[:en]Les syst\u00e8mes m\u00e9catroniques embarqu\u00e9s 2[:] - ISTE Group","og_description":"Cette deuxi\u00e8me \u00e9dition augment\u00e9e et r\u00e9vis\u00e9e contient un nouveau chapitre qui introduit l\u2019algorithme BSAMO, un algorithme d\u2019optimisation multiobjectif qui permet de r\u00e9soudre les probl\u00e8mes d\u2019interaction fluide-structure.","og_url":"https:\/\/www.istegroup.com\/fr\/produit\/les-systemes-mecatroniques-embarques-2-2e-edition\/","og_site_name":"ISTE Group","article_modified_time":"2024-01-03T13:43:38+00:00","og_image":[{"width":300,"height":452,"url":"https:\/\/www.istegroup.com\/wp-content\/uploads\/2020\/01\/Les-syst\u00e8mes-m\u00e9catroniques-embarqu\u00e9s-2-2e-\u00e9dition.jpg","type":"image\/jpeg"}],"twitter_card":"summary_large_image","twitter_misc":{"Est. reading time":"1 minute"},"schema":{"@context":"https:\/\/schema.org","@graph":[{"@type":"WebPage","@id":"https:\/\/www.istegroup.com\/fr\/produit\/les-systemes-mecatroniques-embarques-2-2e-edition\/","url":"https:\/\/www.istegroup.com\/fr\/produit\/les-systemes-mecatroniques-embarques-2-2e-edition\/","name":"[:fr]Les syst\u00e8mes m\u00e9catroniques embarqu\u00e9s 2 - 2e \u00e9dition[:en]Les syst\u00e8mes m\u00e9catroniques embarqu\u00e9s 2[:] - ISTE Group","isPartOf":{"@id":"https:\/\/www.istegroup.com\/#website"},"primaryImageOfPage":{"@id":"https:\/\/www.istegroup.com\/fr\/produit\/les-systemes-mecatroniques-embarques-2-2e-edition\/#primaryimage"},"image":{"@id":"https:\/\/www.istegroup.com\/fr\/produit\/les-systemes-mecatroniques-embarques-2-2e-edition\/#primaryimage"},"thumbnailUrl":"https:\/\/www.istegroup.com\/wp-content\/uploads\/2020\/01\/Les-syst\u00e8mes-m\u00e9catroniques-embarqu\u00e9s-2-2e-\u00e9dition.jpg","datePublished":"2020-05-10T14:48:21+00:00","dateModified":"2024-01-03T13:43:38+00:00","description":"Cette deuxi\u00e8me \u00e9dition augment\u00e9e et r\u00e9vis\u00e9e contient un nouveau chapitre qui introduit l\u2019algorithme BSAMO, un algorithme d\u2019optimisation multiobjectif qui permet de r\u00e9soudre les probl\u00e8mes d\u2019interaction fluide-structure.","breadcrumb":{"@id":"https:\/\/www.istegroup.com\/fr\/produit\/les-systemes-mecatroniques-embarques-2-2e-edition\/#breadcrumb"},"inLanguage":"fr-FR","potentialAction":[{"@type":"ReadAction","target":["https:\/\/www.istegroup.com\/fr\/produit\/les-systemes-mecatroniques-embarques-2-2e-edition\/"]}]},{"@type":"ImageObject","inLanguage":"fr-FR","@id":"https:\/\/www.istegroup.com\/fr\/produit\/les-systemes-mecatroniques-embarques-2-2e-edition\/#primaryimage","url":"https:\/\/www.istegroup.com\/wp-content\/uploads\/2020\/01\/Les-syst\u00e8mes-m\u00e9catroniques-embarqu\u00e9s-2-2e-\u00e9dition.jpg","contentUrl":"https:\/\/www.istegroup.com\/wp-content\/uploads\/2020\/01\/Les-syst\u00e8mes-m\u00e9catroniques-embarqu\u00e9s-2-2e-\u00e9dition.jpg","width":300,"height":452,"caption":"Analyse des causes de d\u00e9faillances, mod\u00e9lisation, simulation et optimisation"},{"@type":"BreadcrumbList","@id":"https:\/\/www.istegroup.com\/fr\/produit\/les-systemes-mecatroniques-embarques-2-2e-edition\/#breadcrumb","itemListElement":[{"@type":"ListItem","position":1,"name":"Home","item":"https:\/\/www.istegroup.com\/"},{"@type":"ListItem","position":2,"name":"Shop","item":"https:\/\/www.istegroup.com\/fr\/nouveautes\/"},{"@type":"ListItem","position":3,"name":"Les syst\u00e8mes m\u00e9catroniques embarqu\u00e9s 2 &#8211; 2e \u00e9dition"}]},{"@type":"WebSite","@id":"https:\/\/www.istegroup.com\/#website","url":"https:\/\/www.istegroup.com\/","name":"ISTE Group","description":"\u00c9diteur des Sciences","potentialAction":[{"@type":"SearchAction","target":{"@type":"EntryPoint","urlTemplate":"https:\/\/www.istegroup.com\/?s={search_term_string}"},"query-input":{"@type":"PropertyValueSpecification","valueRequired":true,"valueName":"search_term_string"}}],"inLanguage":"fr-FR"}]}},"_links":{"self":[{"href":"https:\/\/www.istegroup.com\/fr\/wp-json\/wp\/v2\/product\/24566","targetHints":{"allow":["GET"]}}],"collection":[{"href":"https:\/\/www.istegroup.com\/fr\/wp-json\/wp\/v2\/product"}],"about":[{"href":"https:\/\/www.istegroup.com\/fr\/wp-json\/wp\/v2\/types\/product"}],"wp:featuredmedia":[{"embeddable":true,"href":"https:\/\/www.istegroup.com\/fr\/wp-json\/wp\/v2\/media\/24573"}],"wp:attachment":[{"href":"https:\/\/www.istegroup.com\/fr\/wp-json\/wp\/v2\/media?parent=24566"}],"wp:term":[{"taxonomy":"product_brand","embeddable":true,"href":"https:\/\/www.istegroup.com\/fr\/wp-json\/wp\/v2\/product_brand?post=24566"},{"taxonomy":"product_cat","embeddable":true,"href":"https:\/\/www.istegroup.com\/fr\/wp-json\/wp\/v2\/product_cat?post=24566"},{"taxonomy":"product_tag","embeddable":true,"href":"https:\/\/www.istegroup.com\/fr\/wp-json\/wp\/v2\/product_tag?post=24566"}],"curies":[{"name":"wp","href":"https:\/\/api.w.org\/{rel}","templated":true}]}}