{"id":24414,"date":"2020-05-09T09:57:56","date_gmt":"2020-05-09T08:57:56","guid":{"rendered":"https:\/\/www.istegroup.com\/?post_type=product&#038;p=24414"},"modified":"2024-01-03T13:43:38","modified_gmt":"2024-01-03T13:43:38","slug":"equations-du-mouvement-5","status":"publish","type":"product","link":"https:\/\/www.istegroup.com\/fr\/produit\/equations-du-mouvement-5\/","title":{"rendered":"\u00c9quations du mouvement 5"},"content":{"rendered":"<p><em>\u00c9quations du mouvement 5<\/em> traite de la dynamique des ensembles de solides rigides et d\u00e9formables. Dans ce volume, sont employ\u00e9s des outils math\u00e9matiques appropri\u00e9s (calcul torsoriel et calcul matriciel) pour obtenir les \u00e9quations du mouvement d\u2019une cha\u00eene de solides et les r\u00e9soudre afin d\u2019obtenir l\u2019information n\u00e9cessaire \u00e0 la conception des syst\u00e8mes m\u00e9caniques.<\/p>\n<p>Apr\u00e8s avoir appliqu\u00e9 le principe fondamental de la dynamique au mouvement d\u2019une cha\u00eene de solides et obtenu les \u00e9quations du mouvement d\u2019un syst\u00e8me lin\u00e9aire de solides, l\u2019ouvrage \u00e9tudie le comportement vibratoire d\u2019un syst\u00e8me de n masses-ressorts-amortisseurs et les vibrations de plusieurs types de solides (rigide, d\u00e9formable, ou encore un ensemble de plusieurs solides). Il pr\u00e9sente \u00e9galement une \u00e9tude de la r\u00e9ponse d\u2019un syst\u00e8me excit\u00e9 en fonction de la fr\u00e9quence d\u2019excitation.<\/p>\n<p>Accompagn\u00e9 d\u2019exemples d\u00e9taill\u00e9s, l\u2019ouvrage s\u2019adresse aux \u00e9tudiants et constitue un support pr\u00e9cieux pour les ing\u00e9nieurs en activit\u00e9 et les enseignants-chercheurs.<\/p>\n","protected":false},"excerpt":{"rendered":"<p>\u00c9quations du mouvement 5 traite de la dynamique des ensembles de solides rigides et d\u00e9formables. Dans ce volume, sont employ\u00e9s des outils math\u00e9matiques appropri\u00e9s (calcul torsoriel et calcul matriciel) pour obtenir les \u00e9quations du mouvement d\u2019une cha\u00eene de solides et les r\u00e9soudre afin d\u2019obtenir l\u2019information n\u00e9cessaire \u00e0 la conception des syst\u00e8mes m\u00e9caniques. Apr\u00e8s avoir appliqu\u00e9 [&hellip;]<\/p>\n","protected":false},"featured_media":24421,"template":"","meta":{"_acf_changed":false,"_links_to":"","_links_to_target":""},"product_brand":[],"product_cat":[664],"product_tag":[],"class_list":{"0":"post-24414","1":"product","2":"type-product","3":"status-publish","4":"has-post-thumbnail","6":"product_cat-gnie-mcanique-et-mcanique-des-solides-12506462","8":"first","9":"instock","10":"shipping-taxable","11":"purchasable","12":"product-type-variable"},"acf":[],"yoast_head":"<!-- This site is optimized with the Yoast SEO plugin v27.2 - https:\/\/yoast.com\/product\/yoast-seo-wordpress\/ -->\n<title>\u00c9quations du mouvement 5 - ISTE Group<\/title>\n<meta name=\"description\" content=\"\u00c9quations du mouvement 5 traite de la dynamique des ensembles de solides rigides et d\u00e9formables.\" \/>\n<meta name=\"robots\" content=\"index, follow, max-snippet:-1, max-image-preview:large, max-video-preview:-1\" \/>\n<link rel=\"canonical\" href=\"https:\/\/www.istegroup.com\/fr\/produit\/equations-du-mouvement-5\/\" \/>\n<meta property=\"og:locale\" content=\"fr_FR\" \/>\n<meta property=\"og:type\" content=\"article\" \/>\n<meta property=\"og:title\" content=\"\u00c9quations du mouvement 5 - ISTE Group\" \/>\n<meta property=\"og:description\" content=\"\u00c9quations du mouvement 5 traite de la dynamique des ensembles de solides rigides et d\u00e9formables.\" \/>\n<meta property=\"og:url\" content=\"https:\/\/www.istegroup.com\/fr\/produit\/equations-du-mouvement-5\/\" \/>\n<meta property=\"og:site_name\" content=\"ISTE Group\" \/>\n<meta property=\"article:modified_time\" content=\"2024-01-03T13:43:38+00:00\" \/>\n<meta property=\"og:image\" content=\"https:\/\/www.istegroup.com\/wp-content\/uploads\/2019\/12\/\u00c9quations-du-mouvement-5.jpg\" \/>\n\t<meta property=\"og:image:width\" content=\"300\" \/>\n\t<meta property=\"og:image:height\" content=\"452\" \/>\n\t<meta property=\"og:image:type\" content=\"image\/jpeg\" \/>\n<meta name=\"twitter:card\" content=\"summary_large_image\" \/>\n<meta name=\"twitter:label1\" content=\"Est. reading time\" \/>\n\t<meta name=\"twitter:data1\" content=\"1 minute\" \/>\n<script type=\"application\/ld+json\" class=\"yoast-schema-graph\">{\"@context\":\"https:\/\/schema.org\",\"@graph\":[{\"@type\":\"WebPage\",\"@id\":\"https:\/\/www.istegroup.com\/fr\/produit\/equations-du-mouvement-5\/\",\"url\":\"https:\/\/www.istegroup.com\/fr\/produit\/equations-du-mouvement-5\/\",\"name\":\"\u00c9quations du mouvement 5 - ISTE Group\",\"isPartOf\":{\"@id\":\"https:\/\/www.istegroup.com\/#website\"},\"primaryImageOfPage\":{\"@id\":\"https:\/\/www.istegroup.com\/fr\/produit\/equations-du-mouvement-5\/#primaryimage\"},\"image\":{\"@id\":\"https:\/\/www.istegroup.com\/fr\/produit\/equations-du-mouvement-5\/#primaryimage\"},\"thumbnailUrl\":\"https:\/\/www.istegroup.com\/wp-content\/uploads\/2019\/12\/\u00c9quations-du-mouvement-5.jpg\",\"datePublished\":\"2020-05-09T08:57:56+00:00\",\"dateModified\":\"2024-01-03T13:43:38+00:00\",\"description\":\"\u00c9quations du mouvement 5 traite de la dynamique des ensembles de solides rigides et d\u00e9formables.\",\"breadcrumb\":{\"@id\":\"https:\/\/www.istegroup.com\/fr\/produit\/equations-du-mouvement-5\/#breadcrumb\"},\"inLanguage\":\"fr-FR\",\"potentialAction\":[{\"@type\":\"ReadAction\",\"target\":[\"https:\/\/www.istegroup.com\/fr\/produit\/equations-du-mouvement-5\/\"]}]},{\"@type\":\"ImageObject\",\"inLanguage\":\"fr-FR\",\"@id\":\"https:\/\/www.istegroup.com\/fr\/produit\/equations-du-mouvement-5\/#primaryimage\",\"url\":\"https:\/\/www.istegroup.com\/wp-content\/uploads\/2019\/12\/\u00c9quations-du-mouvement-5.jpg\",\"contentUrl\":\"https:\/\/www.istegroup.com\/wp-content\/uploads\/2019\/12\/\u00c9quations-du-mouvement-5.jpg\",\"width\":300,\"height\":452,\"caption\":\"Dynamique des ensembles de solides\"},{\"@type\":\"BreadcrumbList\",\"@id\":\"https:\/\/www.istegroup.com\/fr\/produit\/equations-du-mouvement-5\/#breadcrumb\",\"itemListElement\":[{\"@type\":\"ListItem\",\"position\":1,\"name\":\"Home\",\"item\":\"https:\/\/www.istegroup.com\/\"},{\"@type\":\"ListItem\",\"position\":2,\"name\":\"Shop\",\"item\":\"https:\/\/www.istegroup.com\/fr\/nouveautes\/\"},{\"@type\":\"ListItem\",\"position\":3,\"name\":\"\u00c9quations du mouvement 5\"}]},{\"@type\":\"WebSite\",\"@id\":\"https:\/\/www.istegroup.com\/#website\",\"url\":\"https:\/\/www.istegroup.com\/\",\"name\":\"ISTE Group\",\"description\":\"\u00c9diteur des Sciences\",\"potentialAction\":[{\"@type\":\"SearchAction\",\"target\":{\"@type\":\"EntryPoint\",\"urlTemplate\":\"https:\/\/www.istegroup.com\/?s={search_term_string}\"},\"query-input\":{\"@type\":\"PropertyValueSpecification\",\"valueRequired\":true,\"valueName\":\"search_term_string\"}}],\"inLanguage\":\"fr-FR\"}]}<\/script>\n<!-- \/ Yoast SEO plugin. -->","yoast_head_json":{"title":"\u00c9quations du mouvement 5 - ISTE Group","description":"\u00c9quations du mouvement 5 traite de la dynamique des ensembles de solides rigides et d\u00e9formables.","robots":{"index":"index","follow":"follow","max-snippet":"max-snippet:-1","max-image-preview":"max-image-preview:large","max-video-preview":"max-video-preview:-1"},"canonical":"https:\/\/www.istegroup.com\/fr\/produit\/equations-du-mouvement-5\/","og_locale":"fr_FR","og_type":"article","og_title":"\u00c9quations du mouvement 5 - ISTE Group","og_description":"\u00c9quations du mouvement 5 traite de la dynamique des ensembles de solides rigides et d\u00e9formables.","og_url":"https:\/\/www.istegroup.com\/fr\/produit\/equations-du-mouvement-5\/","og_site_name":"ISTE Group","article_modified_time":"2024-01-03T13:43:38+00:00","og_image":[{"width":300,"height":452,"url":"https:\/\/www.istegroup.com\/wp-content\/uploads\/2019\/12\/\u00c9quations-du-mouvement-5.jpg","type":"image\/jpeg"}],"twitter_card":"summary_large_image","twitter_misc":{"Est. reading time":"1 minute"},"schema":{"@context":"https:\/\/schema.org","@graph":[{"@type":"WebPage","@id":"https:\/\/www.istegroup.com\/fr\/produit\/equations-du-mouvement-5\/","url":"https:\/\/www.istegroup.com\/fr\/produit\/equations-du-mouvement-5\/","name":"\u00c9quations du mouvement 5 - ISTE Group","isPartOf":{"@id":"https:\/\/www.istegroup.com\/#website"},"primaryImageOfPage":{"@id":"https:\/\/www.istegroup.com\/fr\/produit\/equations-du-mouvement-5\/#primaryimage"},"image":{"@id":"https:\/\/www.istegroup.com\/fr\/produit\/equations-du-mouvement-5\/#primaryimage"},"thumbnailUrl":"https:\/\/www.istegroup.com\/wp-content\/uploads\/2019\/12\/\u00c9quations-du-mouvement-5.jpg","datePublished":"2020-05-09T08:57:56+00:00","dateModified":"2024-01-03T13:43:38+00:00","description":"\u00c9quations du mouvement 5 traite de la dynamique des ensembles de solides rigides et d\u00e9formables.","breadcrumb":{"@id":"https:\/\/www.istegroup.com\/fr\/produit\/equations-du-mouvement-5\/#breadcrumb"},"inLanguage":"fr-FR","potentialAction":[{"@type":"ReadAction","target":["https:\/\/www.istegroup.com\/fr\/produit\/equations-du-mouvement-5\/"]}]},{"@type":"ImageObject","inLanguage":"fr-FR","@id":"https:\/\/www.istegroup.com\/fr\/produit\/equations-du-mouvement-5\/#primaryimage","url":"https:\/\/www.istegroup.com\/wp-content\/uploads\/2019\/12\/\u00c9quations-du-mouvement-5.jpg","contentUrl":"https:\/\/www.istegroup.com\/wp-content\/uploads\/2019\/12\/\u00c9quations-du-mouvement-5.jpg","width":300,"height":452,"caption":"Dynamique des ensembles de solides"},{"@type":"BreadcrumbList","@id":"https:\/\/www.istegroup.com\/fr\/produit\/equations-du-mouvement-5\/#breadcrumb","itemListElement":[{"@type":"ListItem","position":1,"name":"Home","item":"https:\/\/www.istegroup.com\/"},{"@type":"ListItem","position":2,"name":"Shop","item":"https:\/\/www.istegroup.com\/fr\/nouveautes\/"},{"@type":"ListItem","position":3,"name":"\u00c9quations du mouvement 5"}]},{"@type":"WebSite","@id":"https:\/\/www.istegroup.com\/#website","url":"https:\/\/www.istegroup.com\/","name":"ISTE Group","description":"\u00c9diteur des Sciences","potentialAction":[{"@type":"SearchAction","target":{"@type":"EntryPoint","urlTemplate":"https:\/\/www.istegroup.com\/?s={search_term_string}"},"query-input":{"@type":"PropertyValueSpecification","valueRequired":true,"valueName":"search_term_string"}}],"inLanguage":"fr-FR"}]}},"_links":{"self":[{"href":"https:\/\/www.istegroup.com\/fr\/wp-json\/wp\/v2\/product\/24414","targetHints":{"allow":["GET"]}}],"collection":[{"href":"https:\/\/www.istegroup.com\/fr\/wp-json\/wp\/v2\/product"}],"about":[{"href":"https:\/\/www.istegroup.com\/fr\/wp-json\/wp\/v2\/types\/product"}],"wp:featuredmedia":[{"embeddable":true,"href":"https:\/\/www.istegroup.com\/fr\/wp-json\/wp\/v2\/media\/24421"}],"wp:attachment":[{"href":"https:\/\/www.istegroup.com\/fr\/wp-json\/wp\/v2\/media?parent=24414"}],"wp:term":[{"taxonomy":"product_brand","embeddable":true,"href":"https:\/\/www.istegroup.com\/fr\/wp-json\/wp\/v2\/product_brand?post=24414"},{"taxonomy":"product_cat","embeddable":true,"href":"https:\/\/www.istegroup.com\/fr\/wp-json\/wp\/v2\/product_cat?post=24414"},{"taxonomy":"product_tag","embeddable":true,"href":"https:\/\/www.istegroup.com\/fr\/wp-json\/wp\/v2\/product_tag?post=24414"}],"curies":[{"name":"wp","href":"https:\/\/api.w.org\/{rel}","templated":true}]}}