{"id":24404,"date":"2020-05-09T09:30:51","date_gmt":"2020-05-09T08:30:51","guid":{"rendered":"https:\/\/www.istegroup.com\/?post_type=product&#038;p=24404"},"modified":"2026-02-18T10:05:52","modified_gmt":"2026-02-18T10:05:52","slug":"faire-sens-faire-science","status":"publish","type":"product","link":"https:\/\/www.istegroup.com\/fr\/produit\/faire-sens-faire-science\/","title":{"rendered":"Faire sens, faire science"},"content":{"rendered":"<p>Les sciences de la culture se r\u00e9affirment aujourd\u2019hui comme un paradigme important pour permettre une interdisciplinarit\u00e9 exigeante et penser la responsabilit\u00e9 des chercheurs dans leurs activit\u00e9s.<\/p>\n<p><em>Faire sens, faire science<\/em> d\u00e9montre la pertinence f\u00e9d\u00e9rative de la m\u00e9thodologie des sciences de la culture et de la s\u00e9miotique des cultures, en exploitant les principes critiques, historicistes ou comparatistes pour aborder aussi bien les objets culturels que les disciplines qui en rendent compte. L\u2019activit\u00e9 scientifique repens\u00e9e \u00e9thiquement dans sa dimension d\u2019acte interpr\u00e9tatif responsable \u00e0 l\u2019\u00e9gard de l\u2019humain et du naturel s\u2019inscrit ici aussi bien dans le temps qu\u2019\u00e0 un moment donn\u00e9 (diachronie et synchronie).<\/p>\n<p>Cet ouvrage invite au renouvellement de la pens\u00e9e et des disciplines acad\u00e9miques, et reconnecte de mani\u00e8re innovante les sciences du langage aux sph\u00e8res scientifiques, artistiques et \u00e9thico-politiques.<\/p>\n<p>&nbsp;<\/p>\n<p><strong>Pour aller plus loin<\/strong><\/p>\n<p><a style=\"color: #1e9691;\" href=\"https:\/\/www.youtube.com\/watch?v=WPoVhPgbhl0&amp;ab_channel=SorbonneUniversit%C3%A9\"><em>L&rsquo;atelier de la pens\u00e9e scientifique &#8211; Sorbonne Universit\u00e9, 25 mars 2021<\/em><\/a><\/p>","protected":false},"excerpt":{"rendered":"<p>Les sciences de la culture se r\u00e9affirment aujourd\u2019hui comme un paradigme important pour permettre une interdisciplinarit\u00e9 exigeante et penser la responsabilit\u00e9 des chercheurs dans leurs activit\u00e9s. Faire sens, faire science d\u00e9montre la pertinence f\u00e9d\u00e9rative de la m\u00e9thodologie des sciences de la culture et de la s\u00e9miotique des cultures, en exploitant les principes critiques, historicistes ou [&hellip;]<\/p>\n","protected":false},"featured_media":24413,"template":"","meta":{"_acf_changed":false,"_links_to":"","_links_to_target":""},"product_brand":[],"product_cat":[3262],"product_tag":[],"class_list":{"0":"post-24404","1":"product","2":"type-product","3":"status-publish","4":"has-post-thumbnail","6":"product_cat-non-classe","8":"first","9":"instock","10":"shipping-taxable","11":"purchasable","12":"product-type-variable"},"acf":[],"yoast_head":"<!-- This site is optimized with the Yoast SEO plugin v27.2 - https:\/\/yoast.com\/product\/yoast-seo-wordpress\/ -->\n<title>Faire sens, faire science - ISTE Group<\/title>\n<meta name=\"description\" content=\"Faire sens, faire science d\u00e9montre la pertinence f\u00e9d\u00e9rative de la m\u00e9thodologie des sciences de la culture et de la s\u00e9miotique des cultures, en exploitant les principes critiques, historicistes ou comparatistes pour aborder aussi bien les objets culturels que les disciplines qui en rendent compte.\" \/>\n<meta name=\"robots\" content=\"index, follow, max-snippet:-1, max-image-preview:large, max-video-preview:-1\" \/>\n<link rel=\"canonical\" href=\"https:\/\/www.istegroup.com\/produit\/faire-sens-faire-science\/\" \/>\n<meta property=\"og:locale\" content=\"fr_FR\" \/>\n<meta property=\"og:type\" content=\"article\" \/>\n<meta property=\"og:title\" content=\"Faire sens, faire science - ISTE Group\" \/>\n<meta property=\"og:description\" content=\"Faire sens, faire science d\u00e9montre la pertinence f\u00e9d\u00e9rative de la m\u00e9thodologie des sciences de la culture et de la s\u00e9miotique des cultures, en exploitant les principes critiques, historicistes ou comparatistes pour aborder aussi bien les objets culturels que les disciplines qui en rendent compte.\" \/>\n<meta property=\"og:url\" content=\"https:\/\/www.istegroup.com\/produit\/faire-sens-faire-science\/\" \/>\n<meta property=\"og:site_name\" content=\"ISTE Group\" \/>\n<meta property=\"article:modified_time\" content=\"2026-02-18T10:05:52+00:00\" \/>\n<meta property=\"og:image\" content=\"https:\/\/www.istegroup.com\/wp-content\/uploads\/2019\/12\/Faire-sens-faire-science.jpg\" \/>\n\t<meta property=\"og:image:width\" content=\"300\" \/>\n\t<meta property=\"og:image:height\" content=\"452\" \/>\n\t<meta property=\"og:image:type\" content=\"image\/jpeg\" \/>\n<meta name=\"twitter:card\" content=\"summary_large_image\" \/>\n<meta name=\"twitter:label1\" content=\"Est. reading time\" \/>\n\t<meta name=\"twitter:data1\" content=\"1 minute\" \/>\n<script type=\"application\/ld+json\" class=\"yoast-schema-graph\">{\"@context\":\"https:\/\/schema.org\",\"@graph\":[{\"@type\":\"WebPage\",\"@id\":\"https:\/\/www.istegroup.com\/produit\/faire-sens-faire-science\/\",\"url\":\"https:\/\/www.istegroup.com\/produit\/faire-sens-faire-science\/\",\"name\":\"Faire sens, faire science - ISTE Group\",\"isPartOf\":{\"@id\":\"https:\/\/www.istegroup.com\/#website\"},\"primaryImageOfPage\":{\"@id\":\"https:\/\/www.istegroup.com\/produit\/faire-sens-faire-science\/#primaryimage\"},\"image\":{\"@id\":\"https:\/\/www.istegroup.com\/produit\/faire-sens-faire-science\/#primaryimage\"},\"thumbnailUrl\":\"https:\/\/www.istegroup.com\/wp-content\/uploads\/2019\/12\/Faire-sens-faire-science.jpg\",\"datePublished\":\"2020-05-09T08:30:51+00:00\",\"dateModified\":\"2026-02-18T10:05:52+00:00\",\"description\":\"Faire sens, faire science d\u00e9montre la pertinence f\u00e9d\u00e9rative de la m\u00e9thodologie des sciences de la culture et de la s\u00e9miotique des cultures, en exploitant les principes critiques, historicistes ou comparatistes pour aborder aussi bien les objets culturels que les disciplines qui en rendent compte.\",\"breadcrumb\":{\"@id\":\"https:\/\/www.istegroup.com\/produit\/faire-sens-faire-science\/#breadcrumb\"},\"inLanguage\":\"fr-FR\",\"potentialAction\":[{\"@type\":\"ReadAction\",\"target\":[\"https:\/\/www.istegroup.com\/produit\/faire-sens-faire-science\/\"]}]},{\"@type\":\"ImageObject\",\"inLanguage\":\"fr-FR\",\"@id\":\"https:\/\/www.istegroup.com\/produit\/faire-sens-faire-science\/#primaryimage\",\"url\":\"https:\/\/www.istegroup.com\/wp-content\/uploads\/2019\/12\/Faire-sens-faire-science.jpg\",\"contentUrl\":\"https:\/\/www.istegroup.com\/wp-content\/uploads\/2019\/12\/Faire-sens-faire-science.jpg\",\"width\":300,\"height\":452,\"caption\":\"Livre Faire sens, faire science - Astrid Guillaume et Lia Kurts-W\u00f6ste\"},{\"@type\":\"BreadcrumbList\",\"@id\":\"https:\/\/www.istegroup.com\/produit\/faire-sens-faire-science\/#breadcrumb\",\"itemListElement\":[{\"@type\":\"ListItem\",\"position\":1,\"name\":\"Home\",\"item\":\"https:\/\/www.istegroup.com\/\"},{\"@type\":\"ListItem\",\"position\":2,\"name\":\"Shop\",\"item\":\"https:\/\/www.istegroup.com\/fr\/nouveautes\/\"},{\"@type\":\"ListItem\",\"position\":3,\"name\":\"Faire sens, faire science\"}]},{\"@type\":\"WebSite\",\"@id\":\"https:\/\/www.istegroup.com\/#website\",\"url\":\"https:\/\/www.istegroup.com\/\",\"name\":\"ISTE Group\",\"description\":\"\u00c9diteur des Sciences\",\"potentialAction\":[{\"@type\":\"SearchAction\",\"target\":{\"@type\":\"EntryPoint\",\"urlTemplate\":\"https:\/\/www.istegroup.com\/?s={search_term_string}\"},\"query-input\":{\"@type\":\"PropertyValueSpecification\",\"valueRequired\":true,\"valueName\":\"search_term_string\"}}],\"inLanguage\":\"fr-FR\"}]}<\/script>\n<!-- \/ Yoast SEO plugin. -->","yoast_head_json":{"title":"Faire sens, faire science - ISTE Group","description":"Faire sens, faire science d\u00e9montre la pertinence f\u00e9d\u00e9rative de la m\u00e9thodologie des sciences de la culture et de la s\u00e9miotique des cultures, en exploitant les principes critiques, historicistes ou comparatistes pour aborder aussi bien les objets culturels que les disciplines qui en rendent compte.","robots":{"index":"index","follow":"follow","max-snippet":"max-snippet:-1","max-image-preview":"max-image-preview:large","max-video-preview":"max-video-preview:-1"},"canonical":"https:\/\/www.istegroup.com\/produit\/faire-sens-faire-science\/","og_locale":"fr_FR","og_type":"article","og_title":"Faire sens, faire science - ISTE Group","og_description":"Faire sens, faire science d\u00e9montre la pertinence f\u00e9d\u00e9rative de la m\u00e9thodologie des sciences de la culture et de la s\u00e9miotique des cultures, en exploitant les principes critiques, historicistes ou comparatistes pour aborder aussi bien les objets culturels que les disciplines qui en rendent compte.","og_url":"https:\/\/www.istegroup.com\/produit\/faire-sens-faire-science\/","og_site_name":"ISTE Group","article_modified_time":"2026-02-18T10:05:52+00:00","og_image":[{"width":300,"height":452,"url":"https:\/\/www.istegroup.com\/wp-content\/uploads\/2019\/12\/Faire-sens-faire-science.jpg","type":"image\/jpeg"}],"twitter_card":"summary_large_image","twitter_misc":{"Est. reading time":"1 minute"},"schema":{"@context":"https:\/\/schema.org","@graph":[{"@type":"WebPage","@id":"https:\/\/www.istegroup.com\/produit\/faire-sens-faire-science\/","url":"https:\/\/www.istegroup.com\/produit\/faire-sens-faire-science\/","name":"Faire sens, faire science - ISTE Group","isPartOf":{"@id":"https:\/\/www.istegroup.com\/#website"},"primaryImageOfPage":{"@id":"https:\/\/www.istegroup.com\/produit\/faire-sens-faire-science\/#primaryimage"},"image":{"@id":"https:\/\/www.istegroup.com\/produit\/faire-sens-faire-science\/#primaryimage"},"thumbnailUrl":"https:\/\/www.istegroup.com\/wp-content\/uploads\/2019\/12\/Faire-sens-faire-science.jpg","datePublished":"2020-05-09T08:30:51+00:00","dateModified":"2026-02-18T10:05:52+00:00","description":"Faire sens, faire science d\u00e9montre la pertinence f\u00e9d\u00e9rative de la m\u00e9thodologie des sciences de la culture et de la s\u00e9miotique des cultures, en exploitant les principes critiques, historicistes ou comparatistes pour aborder aussi bien les objets culturels que les disciplines qui en rendent compte.","breadcrumb":{"@id":"https:\/\/www.istegroup.com\/produit\/faire-sens-faire-science\/#breadcrumb"},"inLanguage":"fr-FR","potentialAction":[{"@type":"ReadAction","target":["https:\/\/www.istegroup.com\/produit\/faire-sens-faire-science\/"]}]},{"@type":"ImageObject","inLanguage":"fr-FR","@id":"https:\/\/www.istegroup.com\/produit\/faire-sens-faire-science\/#primaryimage","url":"https:\/\/www.istegroup.com\/wp-content\/uploads\/2019\/12\/Faire-sens-faire-science.jpg","contentUrl":"https:\/\/www.istegroup.com\/wp-content\/uploads\/2019\/12\/Faire-sens-faire-science.jpg","width":300,"height":452,"caption":"Livre Faire sens, faire science - Astrid Guillaume et Lia Kurts-W\u00f6ste"},{"@type":"BreadcrumbList","@id":"https:\/\/www.istegroup.com\/produit\/faire-sens-faire-science\/#breadcrumb","itemListElement":[{"@type":"ListItem","position":1,"name":"Home","item":"https:\/\/www.istegroup.com\/"},{"@type":"ListItem","position":2,"name":"Shop","item":"https:\/\/www.istegroup.com\/fr\/nouveautes\/"},{"@type":"ListItem","position":3,"name":"Faire sens, faire science"}]},{"@type":"WebSite","@id":"https:\/\/www.istegroup.com\/#website","url":"https:\/\/www.istegroup.com\/","name":"ISTE Group","description":"\u00c9diteur des Sciences","potentialAction":[{"@type":"SearchAction","target":{"@type":"EntryPoint","urlTemplate":"https:\/\/www.istegroup.com\/?s={search_term_string}"},"query-input":{"@type":"PropertyValueSpecification","valueRequired":true,"valueName":"search_term_string"}}],"inLanguage":"fr-FR"}]}},"_links":{"self":[{"href":"https:\/\/www.istegroup.com\/fr\/wp-json\/wp\/v2\/product\/24404","targetHints":{"allow":["GET"]}}],"collection":[{"href":"https:\/\/www.istegroup.com\/fr\/wp-json\/wp\/v2\/product"}],"about":[{"href":"https:\/\/www.istegroup.com\/fr\/wp-json\/wp\/v2\/types\/product"}],"wp:featuredmedia":[{"embeddable":true,"href":"https:\/\/www.istegroup.com\/fr\/wp-json\/wp\/v2\/media\/24413"}],"wp:attachment":[{"href":"https:\/\/www.istegroup.com\/fr\/wp-json\/wp\/v2\/media?parent=24404"}],"wp:term":[{"taxonomy":"product_brand","embeddable":true,"href":"https:\/\/www.istegroup.com\/fr\/wp-json\/wp\/v2\/product_brand?post=24404"},{"taxonomy":"product_cat","embeddable":true,"href":"https:\/\/www.istegroup.com\/fr\/wp-json\/wp\/v2\/product_cat?post=24404"},{"taxonomy":"product_tag","embeddable":true,"href":"https:\/\/www.istegroup.com\/fr\/wp-json\/wp\/v2\/product_tag?post=24404"}],"curies":[{"name":"wp","href":"https:\/\/api.w.org\/{rel}","templated":true}]}}