{"id":24383,"date":"2020-05-09T09:16:27","date_gmt":"2020-05-09T08:16:27","guid":{"rendered":"https:\/\/www.istegroup.com\/?post_type=product&#038;p=24383"},"modified":"2024-01-03T14:41:08","modified_gmt":"2024-01-03T14:41:08","slug":"energie-et-motorisation-automobile-et-aeronautique","status":"publish","type":"product","link":"https:\/\/www.istegroup.com\/fr\/produit\/energie-et-motorisation-automobile-et-aeronautique\/","title":{"rendered":"\u00c9nergie et motorisation automobile et a\u00e9ronautique"},"content":{"rendered":"<p>Les technologies employ\u00e9es dans le secteur du transport ont un impact sur l\u2019\u00e9puisement des ressources non renouvelables et sur l\u2019environnement. Au-del\u00e0 des solutions organisationnelles et comportementales, l\u2019am\u00e9lioration des technologies existantes ou le d\u00e9veloppement de nouvelles technologies repr\u00e9sentent aujourd\u2019hui un enjeu majeur. Apr\u00e8s des d\u00e9cennies d\u2019utilisation d\u2019\u00e9nergies fossiles, la transition \u00e9nerg\u00e9tique est d\u00e9sormais une n\u00e9cessit\u00e9.<\/p>\n<p>Cet ouvrage propose une comparaison d\u00e9taill\u00e9e des d\u00e9fis \u00e9nerg\u00e9tiques et techniques dans le secteur des transports automobile et a\u00e9ronautique, en mettant notamment l\u2019accent sur la question du stockage de l\u2019\u00e9nergie. Il pr\u00e9sente plusieurs solutions, d\u00e9velopp\u00e9es ou envisag\u00e9es, \u00e0 cette probl\u00e9matique \u00e9nerg\u00e9tique, telles que l\u2019am\u00e9lioration des moteurs thermiques turbines ou \u00e0 pistons, l\u2019hybridation par combinaisons de diff\u00e9rentes sources d\u2019\u00e9nergie stock\u00e9es sous forme de batteries, de supercondensateurs, de volants d\u2019inertie ou de gaz comprim\u00e9s, ainsi que l\u2019utilisation exclusive de moteurs \u00e9lectriques avec batteries ou piles \u00e0 combustible \u00e0 hydrog\u00e8ne.<\/p>\n","protected":false},"excerpt":{"rendered":"<p>Les technologies employ\u00e9es dans le secteur du transport ont un impact sur l\u2019\u00e9puisement des ressources non renouvelables et sur l\u2019environnement. Au-del\u00e0 des solutions organisationnelles et comportementales, l\u2019am\u00e9lioration des technologies existantes ou le d\u00e9veloppement de nouvelles technologies repr\u00e9sentent aujourd\u2019hui un enjeu majeur. Apr\u00e8s des d\u00e9cennies d\u2019utilisation d\u2019\u00e9nergies fossiles, la transition \u00e9nerg\u00e9tique est d\u00e9sormais une n\u00e9cessit\u00e9. Cet [&hellip;]<\/p>\n","protected":false},"featured_media":24392,"template":"","meta":{"_acf_changed":false,"_links_to":"","_links_to_target":""},"product_brand":[],"product_cat":[708],"product_tag":[],"class_list":{"0":"post-24383","1":"product","2":"type-product","3":"status-publish","4":"has-post-thumbnail","6":"product_cat-systmes-et-gnie-industriel-11476925","8":"first","9":"instock","10":"shipping-taxable","11":"purchasable","12":"product-type-variable"},"acf":[],"yoast_head":"<!-- This site is optimized with the Yoast SEO plugin v27.2 - https:\/\/yoast.com\/product\/yoast-seo-wordpress\/ -->\n<title>\u00c9nergie et motorisation automobile et a\u00e9ronautique - ISTE Group<\/title>\n<meta name=\"description\" content=\"Cet ouvrage propose une comparaison d\u00e9taill\u00e9e des d\u00e9fis \u00e9nerg\u00e9tiques et techniques dans le secteur des transports automobile et a\u00e9ronautique, en mettant notamment l\u2019accent sur la question du stockage de l\u2019\u00e9nergie.\" \/>\n<meta name=\"robots\" content=\"index, follow, max-snippet:-1, max-image-preview:large, max-video-preview:-1\" \/>\n<link rel=\"canonical\" href=\"https:\/\/www.istegroup.com\/fr\/produit\/energie-et-motorisation-automobile-et-aeronautique\/\" \/>\n<meta property=\"og:locale\" content=\"fr_FR\" \/>\n<meta property=\"og:type\" content=\"article\" \/>\n<meta property=\"og:title\" content=\"\u00c9nergie et motorisation automobile et a\u00e9ronautique - ISTE Group\" \/>\n<meta property=\"og:description\" content=\"Cet ouvrage propose une comparaison d\u00e9taill\u00e9e des d\u00e9fis \u00e9nerg\u00e9tiques et techniques dans le secteur des transports automobile et a\u00e9ronautique, en mettant notamment l\u2019accent sur la question du stockage de l\u2019\u00e9nergie.\" \/>\n<meta property=\"og:url\" content=\"https:\/\/www.istegroup.com\/fr\/produit\/energie-et-motorisation-automobile-et-aeronautique\/\" \/>\n<meta property=\"og:site_name\" content=\"ISTE Group\" \/>\n<meta property=\"article:modified_time\" content=\"2024-01-03T14:41:08+00:00\" \/>\n<meta property=\"og:image\" content=\"https:\/\/www.istegroup.com\/wp-content\/uploads\/2019\/12\/\u00c9nergie-et-motorisation-automobile-et-a\u00e9ronautique.jpg\" \/>\n\t<meta property=\"og:image:width\" content=\"300\" \/>\n\t<meta property=\"og:image:height\" content=\"453\" \/>\n\t<meta property=\"og:image:type\" content=\"image\/jpeg\" \/>\n<meta name=\"twitter:card\" content=\"summary_large_image\" \/>\n<meta name=\"twitter:label1\" content=\"Est. reading time\" \/>\n\t<meta name=\"twitter:data1\" content=\"1 minute\" \/>\n<script type=\"application\/ld+json\" class=\"yoast-schema-graph\">{\"@context\":\"https:\/\/schema.org\",\"@graph\":[{\"@type\":\"WebPage\",\"@id\":\"https:\/\/www.istegroup.com\/fr\/produit\/energie-et-motorisation-automobile-et-aeronautique\/\",\"url\":\"https:\/\/www.istegroup.com\/fr\/produit\/energie-et-motorisation-automobile-et-aeronautique\/\",\"name\":\"\u00c9nergie et motorisation automobile et a\u00e9ronautique - ISTE Group\",\"isPartOf\":{\"@id\":\"https:\/\/www.istegroup.com\/#website\"},\"primaryImageOfPage\":{\"@id\":\"https:\/\/www.istegroup.com\/fr\/produit\/energie-et-motorisation-automobile-et-aeronautique\/#primaryimage\"},\"image\":{\"@id\":\"https:\/\/www.istegroup.com\/fr\/produit\/energie-et-motorisation-automobile-et-aeronautique\/#primaryimage\"},\"thumbnailUrl\":\"https:\/\/www.istegroup.com\/wp-content\/uploads\/2019\/12\/\u00c9nergie-et-motorisation-automobile-et-a\u00e9ronautique.jpg\",\"datePublished\":\"2020-05-09T08:16:27+00:00\",\"dateModified\":\"2024-01-03T14:41:08+00:00\",\"description\":\"Cet ouvrage propose une comparaison d\u00e9taill\u00e9e des d\u00e9fis \u00e9nerg\u00e9tiques et techniques dans le secteur des transports automobile et a\u00e9ronautique, en mettant notamment l\u2019accent sur la question du stockage de l\u2019\u00e9nergie.\",\"breadcrumb\":{\"@id\":\"https:\/\/www.istegroup.com\/fr\/produit\/energie-et-motorisation-automobile-et-aeronautique\/#breadcrumb\"},\"inLanguage\":\"fr-FR\",\"potentialAction\":[{\"@type\":\"ReadAction\",\"target\":[\"https:\/\/www.istegroup.com\/fr\/produit\/energie-et-motorisation-automobile-et-aeronautique\/\"]}]},{\"@type\":\"ImageObject\",\"inLanguage\":\"fr-FR\",\"@id\":\"https:\/\/www.istegroup.com\/fr\/produit\/energie-et-motorisation-automobile-et-aeronautique\/#primaryimage\",\"url\":\"https:\/\/www.istegroup.com\/wp-content\/uploads\/2019\/12\/\u00c9nergie-et-motorisation-automobile-et-a\u00e9ronautique.jpg\",\"contentUrl\":\"https:\/\/www.istegroup.com\/wp-content\/uploads\/2019\/12\/\u00c9nergie-et-motorisation-automobile-et-a\u00e9ronautique.jpg\",\"width\":300,\"height\":453,\"caption\":\"Livre Energie et motorisation automobile et a\u00e9ronautique - Tomasz Krysinski et Fran\u00e7ois Malburet\"},{\"@type\":\"BreadcrumbList\",\"@id\":\"https:\/\/www.istegroup.com\/fr\/produit\/energie-et-motorisation-automobile-et-aeronautique\/#breadcrumb\",\"itemListElement\":[{\"@type\":\"ListItem\",\"position\":1,\"name\":\"Home\",\"item\":\"https:\/\/www.istegroup.com\/\"},{\"@type\":\"ListItem\",\"position\":2,\"name\":\"Shop\",\"item\":\"https:\/\/www.istegroup.com\/fr\/nouveautes\/\"},{\"@type\":\"ListItem\",\"position\":3,\"name\":\"\u00c9nergie et motorisation automobile et a\u00e9ronautique\"}]},{\"@type\":\"WebSite\",\"@id\":\"https:\/\/www.istegroup.com\/#website\",\"url\":\"https:\/\/www.istegroup.com\/\",\"name\":\"ISTE Group\",\"description\":\"\u00c9diteur des Sciences\",\"potentialAction\":[{\"@type\":\"SearchAction\",\"target\":{\"@type\":\"EntryPoint\",\"urlTemplate\":\"https:\/\/www.istegroup.com\/?s={search_term_string}\"},\"query-input\":{\"@type\":\"PropertyValueSpecification\",\"valueRequired\":true,\"valueName\":\"search_term_string\"}}],\"inLanguage\":\"fr-FR\"}]}<\/script>\n<!-- \/ Yoast SEO plugin. -->","yoast_head_json":{"title":"\u00c9nergie et motorisation automobile et a\u00e9ronautique - ISTE Group","description":"Cet ouvrage propose une comparaison d\u00e9taill\u00e9e des d\u00e9fis \u00e9nerg\u00e9tiques et techniques dans le secteur des transports automobile et a\u00e9ronautique, en mettant notamment l\u2019accent sur la question du stockage de l\u2019\u00e9nergie.","robots":{"index":"index","follow":"follow","max-snippet":"max-snippet:-1","max-image-preview":"max-image-preview:large","max-video-preview":"max-video-preview:-1"},"canonical":"https:\/\/www.istegroup.com\/fr\/produit\/energie-et-motorisation-automobile-et-aeronautique\/","og_locale":"fr_FR","og_type":"article","og_title":"\u00c9nergie et motorisation automobile et a\u00e9ronautique - ISTE Group","og_description":"Cet ouvrage propose une comparaison d\u00e9taill\u00e9e des d\u00e9fis \u00e9nerg\u00e9tiques et techniques dans le secteur des transports automobile et a\u00e9ronautique, en mettant notamment l\u2019accent sur la question du stockage de l\u2019\u00e9nergie.","og_url":"https:\/\/www.istegroup.com\/fr\/produit\/energie-et-motorisation-automobile-et-aeronautique\/","og_site_name":"ISTE Group","article_modified_time":"2024-01-03T14:41:08+00:00","og_image":[{"width":300,"height":453,"url":"https:\/\/www.istegroup.com\/wp-content\/uploads\/2019\/12\/\u00c9nergie-et-motorisation-automobile-et-a\u00e9ronautique.jpg","type":"image\/jpeg"}],"twitter_card":"summary_large_image","twitter_misc":{"Est. reading time":"1 minute"},"schema":{"@context":"https:\/\/schema.org","@graph":[{"@type":"WebPage","@id":"https:\/\/www.istegroup.com\/fr\/produit\/energie-et-motorisation-automobile-et-aeronautique\/","url":"https:\/\/www.istegroup.com\/fr\/produit\/energie-et-motorisation-automobile-et-aeronautique\/","name":"\u00c9nergie et motorisation automobile et a\u00e9ronautique - ISTE Group","isPartOf":{"@id":"https:\/\/www.istegroup.com\/#website"},"primaryImageOfPage":{"@id":"https:\/\/www.istegroup.com\/fr\/produit\/energie-et-motorisation-automobile-et-aeronautique\/#primaryimage"},"image":{"@id":"https:\/\/www.istegroup.com\/fr\/produit\/energie-et-motorisation-automobile-et-aeronautique\/#primaryimage"},"thumbnailUrl":"https:\/\/www.istegroup.com\/wp-content\/uploads\/2019\/12\/\u00c9nergie-et-motorisation-automobile-et-a\u00e9ronautique.jpg","datePublished":"2020-05-09T08:16:27+00:00","dateModified":"2024-01-03T14:41:08+00:00","description":"Cet ouvrage propose une comparaison d\u00e9taill\u00e9e des d\u00e9fis \u00e9nerg\u00e9tiques et techniques dans le secteur des transports automobile et a\u00e9ronautique, en mettant notamment l\u2019accent sur la question du stockage de l\u2019\u00e9nergie.","breadcrumb":{"@id":"https:\/\/www.istegroup.com\/fr\/produit\/energie-et-motorisation-automobile-et-aeronautique\/#breadcrumb"},"inLanguage":"fr-FR","potentialAction":[{"@type":"ReadAction","target":["https:\/\/www.istegroup.com\/fr\/produit\/energie-et-motorisation-automobile-et-aeronautique\/"]}]},{"@type":"ImageObject","inLanguage":"fr-FR","@id":"https:\/\/www.istegroup.com\/fr\/produit\/energie-et-motorisation-automobile-et-aeronautique\/#primaryimage","url":"https:\/\/www.istegroup.com\/wp-content\/uploads\/2019\/12\/\u00c9nergie-et-motorisation-automobile-et-a\u00e9ronautique.jpg","contentUrl":"https:\/\/www.istegroup.com\/wp-content\/uploads\/2019\/12\/\u00c9nergie-et-motorisation-automobile-et-a\u00e9ronautique.jpg","width":300,"height":453,"caption":"Livre Energie et motorisation automobile et a\u00e9ronautique - Tomasz Krysinski et Fran\u00e7ois Malburet"},{"@type":"BreadcrumbList","@id":"https:\/\/www.istegroup.com\/fr\/produit\/energie-et-motorisation-automobile-et-aeronautique\/#breadcrumb","itemListElement":[{"@type":"ListItem","position":1,"name":"Home","item":"https:\/\/www.istegroup.com\/"},{"@type":"ListItem","position":2,"name":"Shop","item":"https:\/\/www.istegroup.com\/fr\/nouveautes\/"},{"@type":"ListItem","position":3,"name":"\u00c9nergie et motorisation automobile et a\u00e9ronautique"}]},{"@type":"WebSite","@id":"https:\/\/www.istegroup.com\/#website","url":"https:\/\/www.istegroup.com\/","name":"ISTE Group","description":"\u00c9diteur des Sciences","potentialAction":[{"@type":"SearchAction","target":{"@type":"EntryPoint","urlTemplate":"https:\/\/www.istegroup.com\/?s={search_term_string}"},"query-input":{"@type":"PropertyValueSpecification","valueRequired":true,"valueName":"search_term_string"}}],"inLanguage":"fr-FR"}]}},"_links":{"self":[{"href":"https:\/\/www.istegroup.com\/fr\/wp-json\/wp\/v2\/product\/24383","targetHints":{"allow":["GET"]}}],"collection":[{"href":"https:\/\/www.istegroup.com\/fr\/wp-json\/wp\/v2\/product"}],"about":[{"href":"https:\/\/www.istegroup.com\/fr\/wp-json\/wp\/v2\/types\/product"}],"wp:featuredmedia":[{"embeddable":true,"href":"https:\/\/www.istegroup.com\/fr\/wp-json\/wp\/v2\/media\/24392"}],"wp:attachment":[{"href":"https:\/\/www.istegroup.com\/fr\/wp-json\/wp\/v2\/media?parent=24383"}],"wp:term":[{"taxonomy":"product_brand","embeddable":true,"href":"https:\/\/www.istegroup.com\/fr\/wp-json\/wp\/v2\/product_brand?post=24383"},{"taxonomy":"product_cat","embeddable":true,"href":"https:\/\/www.istegroup.com\/fr\/wp-json\/wp\/v2\/product_cat?post=24383"},{"taxonomy":"product_tag","embeddable":true,"href":"https:\/\/www.istegroup.com\/fr\/wp-json\/wp\/v2\/product_tag?post=24383"}],"curies":[{"name":"wp","href":"https:\/\/api.w.org\/{rel}","templated":true}]}}