{"id":24373,"date":"2020-05-09T09:50:57","date_gmt":"2020-05-09T08:50:57","guid":{"rendered":"https:\/\/www.istegroup.com\/?post_type=product&#038;p=24373"},"modified":"2024-01-03T13:43:35","modified_gmt":"2024-01-03T13:43:35","slug":"evaluation-des-risques-et-adaptation-climatique-douvrages-en-genie-civil-et-batiments","status":"publish","type":"product","link":"https:\/\/www.istegroup.com\/fr\/produit\/evaluation-des-risques-et-adaptation-climatique-douvrages-en-genie-civil-et-batiments\/","title":{"rendered":"\u00c9valuation des risques et adaptation climatique d\u2019ouvrages en g\u00e9nie civil et b\u00e2timents"},"content":{"rendered":"<p><em>\u00c9valuation des risques et adaptation climatique d\u2019ouvrages en g\u00e9nie civil et b\u00e2timents<\/em> examine l\u2019effet des changements climatiques sur le sol, le b\u00e2ti et les infrastructures.<\/p>\n<p>Pour r\u00e9pondre \u00e0 ces enjeux technologiques et soci\u00e9taux majeurs, les \u00e9quipes de recherche regroup\u00e9es au sein du GIS LiRGeC Institut lig\u00e9rien de recherche en g\u00e9nie civil et construction (Centrale Nantes, UN, IFSTTAR, CSTB) et plusieurs partenaires internationaux ont mis en oeuvre leurs comp\u00e9tences ainsi que leurs moyens exp\u00e9rimentaux et num\u00e9riques. Cet ouvrage regroupe une s\u00e9lection de r\u00e9sultats scientifiques issus du projet RI-ADAPTCLIM*.<\/p>\n<p>Suivant une approche int\u00e9gr\u00e9e, interdisciplinaire et multi-physique, les auteurs proposent des outils d\u2019aide \u00e0 la d\u00e9cision qui permettent d\u2019augmenter la r\u00e9silience des structures et des b\u00e2timents face aux changements climatiques.<\/p>\n<p style=\"font-size: 13px\">*<em>Le projet ADAPTCLIM a \u00e9t\u00e9 financ\u00e9 par la r\u00e9gion Pays de la Loire en France dans le cadre de l\u2019appel \u00e0 projet 2014 Strat\u00e9gie Internationale.<\/em><\/p>\n","protected":false},"excerpt":{"rendered":"<p>\u00c9valuation des risques et adaptation climatique d\u2019ouvrages en g\u00e9nie civil et b\u00e2timents examine l\u2019effet des changements climatiques sur le sol, le b\u00e2ti et les infrastructures. Pour r\u00e9pondre \u00e0 ces enjeux technologiques et soci\u00e9taux majeurs, les \u00e9quipes de recherche regroup\u00e9es au sein du GIS LiRGeC Institut lig\u00e9rien de recherche en g\u00e9nie civil et construction (Centrale Nantes, [&hellip;]<\/p>\n","protected":false},"featured_media":24382,"template":"","meta":{"_acf_changed":false,"_links_to":"","_links_to_target":""},"product_brand":[],"product_cat":[662,3262],"product_tag":[],"class_list":{"0":"post-24373","1":"product","2":"type-product","3":"status-publish","4":"has-post-thumbnail","6":"product_cat-gnie-civil-et-gomcanique-12506424","7":"product_cat-non-classe","9":"first","10":"instock","11":"shipping-taxable","12":"purchasable","13":"product-type-variable"},"acf":[],"yoast_head":"<!-- This site is optimized with the Yoast SEO plugin v27.2 - https:\/\/yoast.com\/product\/yoast-seo-wordpress\/ -->\n<title>\u00c9valuation des risques et adaptation climatique d\u2019ouvrages en g\u00e9nie civil et b\u00e2timents - ISTE Group<\/title>\n<meta name=\"description\" content=\"\u00c9valuation des risques et adaptation climatique d\u2019ouvrages en g\u00e9nie civil et b\u00e2timents examine l\u2019effet des changements climatiques sur le sol, le b\u00e2ti et les infrastructures.\" \/>\n<meta name=\"robots\" content=\"index, follow, max-snippet:-1, max-image-preview:large, max-video-preview:-1\" \/>\n<link rel=\"canonical\" href=\"https:\/\/www.istegroup.com\/fr\/produit\/evaluation-des-risques-et-adaptation-climatique-douvrages-en-genie-civil-et-batiments\/\" \/>\n<meta property=\"og:locale\" content=\"fr_FR\" \/>\n<meta property=\"og:type\" content=\"article\" \/>\n<meta property=\"og:title\" content=\"\u00c9valuation des risques et adaptation climatique d\u2019ouvrages en g\u00e9nie civil et b\u00e2timents - ISTE Group\" \/>\n<meta property=\"og:description\" content=\"\u00c9valuation des risques et adaptation climatique d\u2019ouvrages en g\u00e9nie civil et b\u00e2timents examine l\u2019effet des changements climatiques sur le sol, le b\u00e2ti et les infrastructures.\" \/>\n<meta property=\"og:url\" content=\"https:\/\/www.istegroup.com\/fr\/produit\/evaluation-des-risques-et-adaptation-climatique-douvrages-en-genie-civil-et-batiments\/\" \/>\n<meta property=\"og:site_name\" content=\"ISTE Group\" \/>\n<meta property=\"article:modified_time\" content=\"2024-01-03T13:43:35+00:00\" \/>\n<meta property=\"og:image\" content=\"https:\/\/www.istegroup.com\/wp-content\/uploads\/2019\/12\/\u00c9valuation-des-risques-et-adaptation-climatique-d\u2019ouvrages-en-g\u00e9nie-civil-et-b\u00e2timents.jpg\" \/>\n\t<meta property=\"og:image:width\" content=\"300\" \/>\n\t<meta property=\"og:image:height\" content=\"451\" \/>\n\t<meta property=\"og:image:type\" content=\"image\/jpeg\" \/>\n<meta name=\"twitter:card\" content=\"summary_large_image\" \/>\n<meta name=\"twitter:label1\" content=\"Est. reading time\" \/>\n\t<meta name=\"twitter:data1\" content=\"1 minute\" \/>\n<script type=\"application\/ld+json\" class=\"yoast-schema-graph\">{\"@context\":\"https:\/\/schema.org\",\"@graph\":[{\"@type\":\"WebPage\",\"@id\":\"https:\/\/www.istegroup.com\/fr\/produit\/evaluation-des-risques-et-adaptation-climatique-douvrages-en-genie-civil-et-batiments\/\",\"url\":\"https:\/\/www.istegroup.com\/fr\/produit\/evaluation-des-risques-et-adaptation-climatique-douvrages-en-genie-civil-et-batiments\/\",\"name\":\"\u00c9valuation des risques et adaptation climatique d\u2019ouvrages en g\u00e9nie civil et b\u00e2timents - ISTE Group\",\"isPartOf\":{\"@id\":\"https:\/\/www.istegroup.com\/#website\"},\"primaryImageOfPage\":{\"@id\":\"https:\/\/www.istegroup.com\/fr\/produit\/evaluation-des-risques-et-adaptation-climatique-douvrages-en-genie-civil-et-batiments\/#primaryimage\"},\"image\":{\"@id\":\"https:\/\/www.istegroup.com\/fr\/produit\/evaluation-des-risques-et-adaptation-climatique-douvrages-en-genie-civil-et-batiments\/#primaryimage\"},\"thumbnailUrl\":\"https:\/\/www.istegroup.com\/wp-content\/uploads\/2019\/12\/\u00c9valuation-des-risques-et-adaptation-climatique-d\u2019ouvrages-en-g\u00e9nie-civil-et-b\u00e2timents.jpg\",\"datePublished\":\"2020-05-09T08:50:57+00:00\",\"dateModified\":\"2024-01-03T13:43:35+00:00\",\"description\":\"\u00c9valuation des risques et adaptation climatique d\u2019ouvrages en g\u00e9nie civil et b\u00e2timents examine l\u2019effet des changements climatiques sur le sol, le b\u00e2ti et les infrastructures.\",\"breadcrumb\":{\"@id\":\"https:\/\/www.istegroup.com\/fr\/produit\/evaluation-des-risques-et-adaptation-climatique-douvrages-en-genie-civil-et-batiments\/#breadcrumb\"},\"inLanguage\":\"fr-FR\",\"potentialAction\":[{\"@type\":\"ReadAction\",\"target\":[\"https:\/\/www.istegroup.com\/fr\/produit\/evaluation-des-risques-et-adaptation-climatique-douvrages-en-genie-civil-et-batiments\/\"]}]},{\"@type\":\"ImageObject\",\"inLanguage\":\"fr-FR\",\"@id\":\"https:\/\/www.istegroup.com\/fr\/produit\/evaluation-des-risques-et-adaptation-climatique-douvrages-en-genie-civil-et-batiments\/#primaryimage\",\"url\":\"https:\/\/www.istegroup.com\/wp-content\/uploads\/2019\/12\/\u00c9valuation-des-risques-et-adaptation-climatique-d\u2019ouvrages-en-g\u00e9nie-civil-et-b\u00e2timents.jpg\",\"contentUrl\":\"https:\/\/www.istegroup.com\/wp-content\/uploads\/2019\/12\/\u00c9valuation-des-risques-et-adaptation-climatique-d\u2019ouvrages-en-g\u00e9nie-civil-et-b\u00e2timents.jpg\",\"width\":300,\"height\":451,\"caption\":\"Projet RI-ADAPTCLIM\"},{\"@type\":\"BreadcrumbList\",\"@id\":\"https:\/\/www.istegroup.com\/fr\/produit\/evaluation-des-risques-et-adaptation-climatique-douvrages-en-genie-civil-et-batiments\/#breadcrumb\",\"itemListElement\":[{\"@type\":\"ListItem\",\"position\":1,\"name\":\"Home\",\"item\":\"https:\/\/www.istegroup.com\/\"},{\"@type\":\"ListItem\",\"position\":2,\"name\":\"Shop\",\"item\":\"https:\/\/www.istegroup.com\/fr\/nouveautes\/\"},{\"@type\":\"ListItem\",\"position\":3,\"name\":\"\u00c9valuation des risques et adaptation climatique d\u2019ouvrages en g\u00e9nie civil et b\u00e2timents\"}]},{\"@type\":\"WebSite\",\"@id\":\"https:\/\/www.istegroup.com\/#website\",\"url\":\"https:\/\/www.istegroup.com\/\",\"name\":\"ISTE Group\",\"description\":\"\u00c9diteur des Sciences\",\"potentialAction\":[{\"@type\":\"SearchAction\",\"target\":{\"@type\":\"EntryPoint\",\"urlTemplate\":\"https:\/\/www.istegroup.com\/?s={search_term_string}\"},\"query-input\":{\"@type\":\"PropertyValueSpecification\",\"valueRequired\":true,\"valueName\":\"search_term_string\"}}],\"inLanguage\":\"fr-FR\"}]}<\/script>\n<!-- \/ Yoast SEO plugin. -->","yoast_head_json":{"title":"\u00c9valuation des risques et adaptation climatique d\u2019ouvrages en g\u00e9nie civil et b\u00e2timents - ISTE Group","description":"\u00c9valuation des risques et adaptation climatique d\u2019ouvrages en g\u00e9nie civil et b\u00e2timents examine l\u2019effet des changements climatiques sur le sol, le b\u00e2ti et les infrastructures.","robots":{"index":"index","follow":"follow","max-snippet":"max-snippet:-1","max-image-preview":"max-image-preview:large","max-video-preview":"max-video-preview:-1"},"canonical":"https:\/\/www.istegroup.com\/fr\/produit\/evaluation-des-risques-et-adaptation-climatique-douvrages-en-genie-civil-et-batiments\/","og_locale":"fr_FR","og_type":"article","og_title":"\u00c9valuation des risques et adaptation climatique d\u2019ouvrages en g\u00e9nie civil et b\u00e2timents - ISTE Group","og_description":"\u00c9valuation des risques et adaptation climatique d\u2019ouvrages en g\u00e9nie civil et b\u00e2timents examine l\u2019effet des changements climatiques sur le sol, le b\u00e2ti et les infrastructures.","og_url":"https:\/\/www.istegroup.com\/fr\/produit\/evaluation-des-risques-et-adaptation-climatique-douvrages-en-genie-civil-et-batiments\/","og_site_name":"ISTE Group","article_modified_time":"2024-01-03T13:43:35+00:00","og_image":[{"width":300,"height":451,"url":"https:\/\/www.istegroup.com\/wp-content\/uploads\/2019\/12\/\u00c9valuation-des-risques-et-adaptation-climatique-d\u2019ouvrages-en-g\u00e9nie-civil-et-b\u00e2timents.jpg","type":"image\/jpeg"}],"twitter_card":"summary_large_image","twitter_misc":{"Est. reading time":"1 minute"},"schema":{"@context":"https:\/\/schema.org","@graph":[{"@type":"WebPage","@id":"https:\/\/www.istegroup.com\/fr\/produit\/evaluation-des-risques-et-adaptation-climatique-douvrages-en-genie-civil-et-batiments\/","url":"https:\/\/www.istegroup.com\/fr\/produit\/evaluation-des-risques-et-adaptation-climatique-douvrages-en-genie-civil-et-batiments\/","name":"\u00c9valuation des risques et adaptation climatique d\u2019ouvrages en g\u00e9nie civil et b\u00e2timents - ISTE Group","isPartOf":{"@id":"https:\/\/www.istegroup.com\/#website"},"primaryImageOfPage":{"@id":"https:\/\/www.istegroup.com\/fr\/produit\/evaluation-des-risques-et-adaptation-climatique-douvrages-en-genie-civil-et-batiments\/#primaryimage"},"image":{"@id":"https:\/\/www.istegroup.com\/fr\/produit\/evaluation-des-risques-et-adaptation-climatique-douvrages-en-genie-civil-et-batiments\/#primaryimage"},"thumbnailUrl":"https:\/\/www.istegroup.com\/wp-content\/uploads\/2019\/12\/\u00c9valuation-des-risques-et-adaptation-climatique-d\u2019ouvrages-en-g\u00e9nie-civil-et-b\u00e2timents.jpg","datePublished":"2020-05-09T08:50:57+00:00","dateModified":"2024-01-03T13:43:35+00:00","description":"\u00c9valuation des risques et adaptation climatique d\u2019ouvrages en g\u00e9nie civil et b\u00e2timents examine l\u2019effet des changements climatiques sur le sol, le b\u00e2ti et les infrastructures.","breadcrumb":{"@id":"https:\/\/www.istegroup.com\/fr\/produit\/evaluation-des-risques-et-adaptation-climatique-douvrages-en-genie-civil-et-batiments\/#breadcrumb"},"inLanguage":"fr-FR","potentialAction":[{"@type":"ReadAction","target":["https:\/\/www.istegroup.com\/fr\/produit\/evaluation-des-risques-et-adaptation-climatique-douvrages-en-genie-civil-et-batiments\/"]}]},{"@type":"ImageObject","inLanguage":"fr-FR","@id":"https:\/\/www.istegroup.com\/fr\/produit\/evaluation-des-risques-et-adaptation-climatique-douvrages-en-genie-civil-et-batiments\/#primaryimage","url":"https:\/\/www.istegroup.com\/wp-content\/uploads\/2019\/12\/\u00c9valuation-des-risques-et-adaptation-climatique-d\u2019ouvrages-en-g\u00e9nie-civil-et-b\u00e2timents.jpg","contentUrl":"https:\/\/www.istegroup.com\/wp-content\/uploads\/2019\/12\/\u00c9valuation-des-risques-et-adaptation-climatique-d\u2019ouvrages-en-g\u00e9nie-civil-et-b\u00e2timents.jpg","width":300,"height":451,"caption":"Projet RI-ADAPTCLIM"},{"@type":"BreadcrumbList","@id":"https:\/\/www.istegroup.com\/fr\/produit\/evaluation-des-risques-et-adaptation-climatique-douvrages-en-genie-civil-et-batiments\/#breadcrumb","itemListElement":[{"@type":"ListItem","position":1,"name":"Home","item":"https:\/\/www.istegroup.com\/"},{"@type":"ListItem","position":2,"name":"Shop","item":"https:\/\/www.istegroup.com\/fr\/nouveautes\/"},{"@type":"ListItem","position":3,"name":"\u00c9valuation des risques et adaptation climatique d\u2019ouvrages en g\u00e9nie civil et b\u00e2timents"}]},{"@type":"WebSite","@id":"https:\/\/www.istegroup.com\/#website","url":"https:\/\/www.istegroup.com\/","name":"ISTE Group","description":"\u00c9diteur des Sciences","potentialAction":[{"@type":"SearchAction","target":{"@type":"EntryPoint","urlTemplate":"https:\/\/www.istegroup.com\/?s={search_term_string}"},"query-input":{"@type":"PropertyValueSpecification","valueRequired":true,"valueName":"search_term_string"}}],"inLanguage":"fr-FR"}]}},"_links":{"self":[{"href":"https:\/\/www.istegroup.com\/fr\/wp-json\/wp\/v2\/product\/24373","targetHints":{"allow":["GET"]}}],"collection":[{"href":"https:\/\/www.istegroup.com\/fr\/wp-json\/wp\/v2\/product"}],"about":[{"href":"https:\/\/www.istegroup.com\/fr\/wp-json\/wp\/v2\/types\/product"}],"wp:featuredmedia":[{"embeddable":true,"href":"https:\/\/www.istegroup.com\/fr\/wp-json\/wp\/v2\/media\/24382"}],"wp:attachment":[{"href":"https:\/\/www.istegroup.com\/fr\/wp-json\/wp\/v2\/media?parent=24373"}],"wp:term":[{"taxonomy":"product_brand","embeddable":true,"href":"https:\/\/www.istegroup.com\/fr\/wp-json\/wp\/v2\/product_brand?post=24373"},{"taxonomy":"product_cat","embeddable":true,"href":"https:\/\/www.istegroup.com\/fr\/wp-json\/wp\/v2\/product_cat?post=24373"},{"taxonomy":"product_tag","embeddable":true,"href":"https:\/\/www.istegroup.com\/fr\/wp-json\/wp\/v2\/product_tag?post=24373"}],"curies":[{"name":"wp","href":"https:\/\/api.w.org\/{rel}","templated":true}]}}