{"id":24327,"date":"2020-05-09T09:43:22","date_gmt":"2020-05-09T08:43:22","guid":{"rendered":"https:\/\/www.istegroup.com\/?post_type=product&#038;p=24327"},"modified":"2024-01-03T13:43:34","modified_gmt":"2024-01-03T13:43:34","slug":"incertitude-et-risque-en-amenagement-et-urbanisme","status":"publish","type":"product","link":"https:\/\/www.istegroup.com\/fr\/produit\/incertitude-et-risque-en-amenagement-et-urbanisme\/","title":{"rendered":"Incertitude et risque en am\u00e9nagement et urbanisme"},"content":{"rendered":"<p>Les associations, \u00e9lus, experts, habitants ou ma\u00eetres d\u2019ouvrages concern\u00e9s par les op\u00e9rations d\u2019am\u00e9nagement et d\u2019urbanisme et les projets de transport font face \u00e0 un contexte incertain, dans lequel ils doivent appr\u00e9hender, traiter ou tirer avantage du risque. Les risques sont multiples, ils peuvent \u00eatre sociaux, politiques, institutionnels, financiers, environnementaux ou arch\u00e9ologiques.<\/p>\n<p>Cet ouvrage examine l\u2019origine et la nature des incertitudes et des risques ainsi que les pratiques mises en oeuvre pour les att\u00e9nuer ou en tirer parti. Paradoxalement, ces pratiques g\u00e9n\u00e8rent de nouveaux risques et des relations de pouvoir entre acteurs diff\u00e9rentes du mod\u00e8le de planification collaborative de r\u00e9f\u00e9rence.<\/p>\n<p>Ces paradoxes n\u00e9cessitent de repenser les pratiques telles que la territorialisation des projets, la prise de risque dans la planification et la r\u00e9alisation des op\u00e9rations, ou encore les choix soci\u00e9taux et politiques qui doivent \u00eatre faits entre la r\u00e9alisation des projets et la protection de l\u2019environnement naturel et humain.<\/p>\n","protected":false},"excerpt":{"rendered":"<p>Les associations, \u00e9lus, experts, habitants ou ma\u00eetres d\u2019ouvrages concern\u00e9s par les op\u00e9rations d\u2019am\u00e9nagement et d\u2019urbanisme et les projets de transport font face \u00e0 un contexte incertain, dans lequel ils doivent appr\u00e9hender, traiter ou tirer avantage du risque. Les risques sont multiples, ils peuvent \u00eatre sociaux, politiques, institutionnels, financiers, environnementaux ou arch\u00e9ologiques. Cet ouvrage examine l\u2019origine [&hellip;]<\/p>\n","protected":false},"featured_media":24340,"template":"","meta":{"_acf_changed":false,"_links_to":"","_links_to_target":""},"product_brand":[],"product_cat":[662],"product_tag":[],"class_list":{"0":"post-24327","1":"product","2":"type-product","3":"status-publish","4":"has-post-thumbnail","6":"product_cat-gnie-civil-et-gomcanique-12506424","8":"first","9":"instock","10":"shipping-taxable","11":"purchasable","12":"product-type-variable"},"acf":[],"yoast_head":"<!-- This site is optimized with the Yoast SEO plugin v27.2 - https:\/\/yoast.com\/product\/yoast-seo-wordpress\/ -->\n<title>Incertitude et risque en am\u00e9nagement et urbanisme - ISTE Group<\/title>\n<meta name=\"description\" content=\"Cet ouvrage examine l\u2019origine et la nature des incertitudes et des risques ainsi que les pratiques mises en oeuvre pour les att\u00e9nuer ou en tirer parti.\" \/>\n<meta name=\"robots\" content=\"index, follow, max-snippet:-1, max-image-preview:large, max-video-preview:-1\" \/>\n<link rel=\"canonical\" href=\"https:\/\/www.istegroup.com\/en\/produit\/incertitude-et-risque-en-amenagement-et-urbanisme\/\" \/>\n<meta property=\"og:locale\" content=\"fr_FR\" \/>\n<meta property=\"og:type\" content=\"article\" \/>\n<meta property=\"og:title\" content=\"Incertitude et risque en am\u00e9nagement et urbanisme - ISTE Group\" \/>\n<meta property=\"og:description\" content=\"Cet ouvrage examine l\u2019origine et la nature des incertitudes et des risques ainsi que les pratiques mises en oeuvre pour les att\u00e9nuer ou en tirer parti.\" \/>\n<meta property=\"og:url\" content=\"https:\/\/www.istegroup.com\/en\/produit\/incertitude-et-risque-en-amenagement-et-urbanisme\/\" \/>\n<meta property=\"og:site_name\" content=\"ISTE Group\" \/>\n<meta property=\"article:modified_time\" content=\"2024-01-03T13:43:34+00:00\" \/>\n<meta property=\"og:image\" content=\"https:\/\/www.istegroup.com\/wp-content\/uploads\/2019\/12\/Incertitude-et-risque-en-am\u00e9nagement-et-urbanisme.jpg\" \/>\n\t<meta property=\"og:image:width\" content=\"300\" \/>\n\t<meta property=\"og:image:height\" content=\"453\" \/>\n\t<meta property=\"og:image:type\" content=\"image\/jpeg\" \/>\n<meta name=\"twitter:card\" content=\"summary_large_image\" \/>\n<meta name=\"twitter:label1\" content=\"Est. reading time\" \/>\n\t<meta name=\"twitter:data1\" content=\"1 minute\" \/>\n<script type=\"application\/ld+json\" class=\"yoast-schema-graph\">{\"@context\":\"https:\/\/schema.org\",\"@graph\":[{\"@type\":\"WebPage\",\"@id\":\"https:\/\/www.istegroup.com\/en\/produit\/incertitude-et-risque-en-amenagement-et-urbanisme\/\",\"url\":\"https:\/\/www.istegroup.com\/en\/produit\/incertitude-et-risque-en-amenagement-et-urbanisme\/\",\"name\":\"Incertitude et risque en am\u00e9nagement et urbanisme - ISTE Group\",\"isPartOf\":{\"@id\":\"https:\/\/www.istegroup.com\/#website\"},\"primaryImageOfPage\":{\"@id\":\"https:\/\/www.istegroup.com\/en\/produit\/incertitude-et-risque-en-amenagement-et-urbanisme\/#primaryimage\"},\"image\":{\"@id\":\"https:\/\/www.istegroup.com\/en\/produit\/incertitude-et-risque-en-amenagement-et-urbanisme\/#primaryimage\"},\"thumbnailUrl\":\"https:\/\/www.istegroup.com\/wp-content\/uploads\/2019\/12\/Incertitude-et-risque-en-am\u00e9nagement-et-urbanisme.jpg\",\"datePublished\":\"2020-05-09T08:43:22+00:00\",\"dateModified\":\"2024-01-03T13:43:34+00:00\",\"description\":\"Cet ouvrage examine l\u2019origine et la nature des incertitudes et des risques ainsi que les pratiques mises en oeuvre pour les att\u00e9nuer ou en tirer parti.\",\"breadcrumb\":{\"@id\":\"https:\/\/www.istegroup.com\/en\/produit\/incertitude-et-risque-en-amenagement-et-urbanisme\/#breadcrumb\"},\"inLanguage\":\"fr-FR\",\"potentialAction\":[{\"@type\":\"ReadAction\",\"target\":[\"https:\/\/www.istegroup.com\/en\/produit\/incertitude-et-risque-en-amenagement-et-urbanisme\/\"]}]},{\"@type\":\"ImageObject\",\"inLanguage\":\"fr-FR\",\"@id\":\"https:\/\/www.istegroup.com\/en\/produit\/incertitude-et-risque-en-amenagement-et-urbanisme\/#primaryimage\",\"url\":\"https:\/\/www.istegroup.com\/wp-content\/uploads\/2019\/12\/Incertitude-et-risque-en-am\u00e9nagement-et-urbanisme.jpg\",\"contentUrl\":\"https:\/\/www.istegroup.com\/wp-content\/uploads\/2019\/12\/Incertitude-et-risque-en-am\u00e9nagement-et-urbanisme.jpg\",\"width\":300,\"height\":453,\"caption\":\"Entre ma\u00eetrise et instrumentalisation des risques projets\"},{\"@type\":\"BreadcrumbList\",\"@id\":\"https:\/\/www.istegroup.com\/en\/produit\/incertitude-et-risque-en-amenagement-et-urbanisme\/#breadcrumb\",\"itemListElement\":[{\"@type\":\"ListItem\",\"position\":1,\"name\":\"Home\",\"item\":\"https:\/\/www.istegroup.com\/\"},{\"@type\":\"ListItem\",\"position\":2,\"name\":\"Shop\",\"item\":\"https:\/\/www.istegroup.com\/fr\/nouveautes\/\"},{\"@type\":\"ListItem\",\"position\":3,\"name\":\"Incertitude et risque en am\u00e9nagement et urbanisme\"}]},{\"@type\":\"WebSite\",\"@id\":\"https:\/\/www.istegroup.com\/#website\",\"url\":\"https:\/\/www.istegroup.com\/\",\"name\":\"ISTE Group\",\"description\":\"\u00c9diteur des Sciences\",\"potentialAction\":[{\"@type\":\"SearchAction\",\"target\":{\"@type\":\"EntryPoint\",\"urlTemplate\":\"https:\/\/www.istegroup.com\/?s={search_term_string}\"},\"query-input\":{\"@type\":\"PropertyValueSpecification\",\"valueRequired\":true,\"valueName\":\"search_term_string\"}}],\"inLanguage\":\"fr-FR\"}]}<\/script>\n<!-- \/ Yoast SEO plugin. -->","yoast_head_json":{"title":"Incertitude et risque en am\u00e9nagement et urbanisme - ISTE Group","description":"Cet ouvrage examine l\u2019origine et la nature des incertitudes et des risques ainsi que les pratiques mises en oeuvre pour les att\u00e9nuer ou en tirer parti.","robots":{"index":"index","follow":"follow","max-snippet":"max-snippet:-1","max-image-preview":"max-image-preview:large","max-video-preview":"max-video-preview:-1"},"canonical":"https:\/\/www.istegroup.com\/en\/produit\/incertitude-et-risque-en-amenagement-et-urbanisme\/","og_locale":"fr_FR","og_type":"article","og_title":"Incertitude et risque en am\u00e9nagement et urbanisme - ISTE Group","og_description":"Cet ouvrage examine l\u2019origine et la nature des incertitudes et des risques ainsi que les pratiques mises en oeuvre pour les att\u00e9nuer ou en tirer parti.","og_url":"https:\/\/www.istegroup.com\/en\/produit\/incertitude-et-risque-en-amenagement-et-urbanisme\/","og_site_name":"ISTE Group","article_modified_time":"2024-01-03T13:43:34+00:00","og_image":[{"width":300,"height":453,"url":"https:\/\/www.istegroup.com\/wp-content\/uploads\/2019\/12\/Incertitude-et-risque-en-am\u00e9nagement-et-urbanisme.jpg","type":"image\/jpeg"}],"twitter_card":"summary_large_image","twitter_misc":{"Est. reading time":"1 minute"},"schema":{"@context":"https:\/\/schema.org","@graph":[{"@type":"WebPage","@id":"https:\/\/www.istegroup.com\/en\/produit\/incertitude-et-risque-en-amenagement-et-urbanisme\/","url":"https:\/\/www.istegroup.com\/en\/produit\/incertitude-et-risque-en-amenagement-et-urbanisme\/","name":"Incertitude et risque en am\u00e9nagement et urbanisme - ISTE Group","isPartOf":{"@id":"https:\/\/www.istegroup.com\/#website"},"primaryImageOfPage":{"@id":"https:\/\/www.istegroup.com\/en\/produit\/incertitude-et-risque-en-amenagement-et-urbanisme\/#primaryimage"},"image":{"@id":"https:\/\/www.istegroup.com\/en\/produit\/incertitude-et-risque-en-amenagement-et-urbanisme\/#primaryimage"},"thumbnailUrl":"https:\/\/www.istegroup.com\/wp-content\/uploads\/2019\/12\/Incertitude-et-risque-en-am\u00e9nagement-et-urbanisme.jpg","datePublished":"2020-05-09T08:43:22+00:00","dateModified":"2024-01-03T13:43:34+00:00","description":"Cet ouvrage examine l\u2019origine et la nature des incertitudes et des risques ainsi que les pratiques mises en oeuvre pour les att\u00e9nuer ou en tirer parti.","breadcrumb":{"@id":"https:\/\/www.istegroup.com\/en\/produit\/incertitude-et-risque-en-amenagement-et-urbanisme\/#breadcrumb"},"inLanguage":"fr-FR","potentialAction":[{"@type":"ReadAction","target":["https:\/\/www.istegroup.com\/en\/produit\/incertitude-et-risque-en-amenagement-et-urbanisme\/"]}]},{"@type":"ImageObject","inLanguage":"fr-FR","@id":"https:\/\/www.istegroup.com\/en\/produit\/incertitude-et-risque-en-amenagement-et-urbanisme\/#primaryimage","url":"https:\/\/www.istegroup.com\/wp-content\/uploads\/2019\/12\/Incertitude-et-risque-en-am\u00e9nagement-et-urbanisme.jpg","contentUrl":"https:\/\/www.istegroup.com\/wp-content\/uploads\/2019\/12\/Incertitude-et-risque-en-am\u00e9nagement-et-urbanisme.jpg","width":300,"height":453,"caption":"Entre ma\u00eetrise et instrumentalisation des risques projets"},{"@type":"BreadcrumbList","@id":"https:\/\/www.istegroup.com\/en\/produit\/incertitude-et-risque-en-amenagement-et-urbanisme\/#breadcrumb","itemListElement":[{"@type":"ListItem","position":1,"name":"Home","item":"https:\/\/www.istegroup.com\/"},{"@type":"ListItem","position":2,"name":"Shop","item":"https:\/\/www.istegroup.com\/fr\/nouveautes\/"},{"@type":"ListItem","position":3,"name":"Incertitude et risque en am\u00e9nagement et urbanisme"}]},{"@type":"WebSite","@id":"https:\/\/www.istegroup.com\/#website","url":"https:\/\/www.istegroup.com\/","name":"ISTE Group","description":"\u00c9diteur des Sciences","potentialAction":[{"@type":"SearchAction","target":{"@type":"EntryPoint","urlTemplate":"https:\/\/www.istegroup.com\/?s={search_term_string}"},"query-input":{"@type":"PropertyValueSpecification","valueRequired":true,"valueName":"search_term_string"}}],"inLanguage":"fr-FR"}]}},"_links":{"self":[{"href":"https:\/\/www.istegroup.com\/fr\/wp-json\/wp\/v2\/product\/24327","targetHints":{"allow":["GET"]}}],"collection":[{"href":"https:\/\/www.istegroup.com\/fr\/wp-json\/wp\/v2\/product"}],"about":[{"href":"https:\/\/www.istegroup.com\/fr\/wp-json\/wp\/v2\/types\/product"}],"wp:featuredmedia":[{"embeddable":true,"href":"https:\/\/www.istegroup.com\/fr\/wp-json\/wp\/v2\/media\/24340"}],"wp:attachment":[{"href":"https:\/\/www.istegroup.com\/fr\/wp-json\/wp\/v2\/media?parent=24327"}],"wp:term":[{"taxonomy":"product_brand","embeddable":true,"href":"https:\/\/www.istegroup.com\/fr\/wp-json\/wp\/v2\/product_brand?post=24327"},{"taxonomy":"product_cat","embeddable":true,"href":"https:\/\/www.istegroup.com\/fr\/wp-json\/wp\/v2\/product_cat?post=24327"},{"taxonomy":"product_tag","embeddable":true,"href":"https:\/\/www.istegroup.com\/fr\/wp-json\/wp\/v2\/product_tag?post=24327"}],"curies":[{"name":"wp","href":"https:\/\/api.w.org\/{rel}","templated":true}]}}