{"id":243,"date":"2016-04-05T11:16:15","date_gmt":"2016-04-05T09:16:15","guid":{"rendered":"https:\/\/iste.yhello.co\/product\/ethique-de-la-recherche-et-innovation-responsable\/"},"modified":"2024-01-03T13:39:02","modified_gmt":"2024-01-03T13:39:02","slug":"ethique-de-la-recherche-et-innovation-responsable","status":"publish","type":"product","link":"https:\/\/www.istegroup.com\/fr\/produit\/ethique-de-la-recherche-et-innovation-responsable\/","title":{"rendered":"Ethique de la recherche et innovation responsable"},"content":{"rendered":"<p>Pratique et conceptuelle, la s\u00e9rie\u00a0<em>Innovation et recherche responsables<\/em>\u00a0contribue \u00e0 la clarification de cette nouvelle exigence pour toutes les sciences et l\u2019innovation technologique. Elle aborde la responsabilit\u00e9 de fa\u00e7on pluraliste et internationale, en exploitant diverses ressources philosophiques. Elle traite notamment des th\u00e8mes suivants : \u00e9thique, contingence, \u00e9conomie normative, libert\u00e9, responsabilit\u00e9 soci\u00e9tale des entreprises (RSE), \u00e9valuation technologique participative, d\u00e9veloppement durable, g\u00e9oengineering, principe de pr\u00e9caution, normes, interdisciplinarit\u00e9 et gouvernance climatique.<\/p>\n<p>Les bouleversements scientifiques et technologiques du XXe si\u00e8cle et les questions et difficult\u00e9s qui les ont accompagn\u00e9s (changement climatique, \u00e9nergie nucl\u00e9aire, OGM\u2026) ont accru la n\u00e9cessit\u00e9 de penser et d\u2019encadrer le progr\u00e8s technoscientifique et ses cons\u00e9quences. Les \u00e9valuations d\u2019experts et les comit\u00e9s d\u2019\u00e9thique ne peuvent cependant plus \u00eatre aujourd\u2019hui les seules sources de l\u00e9gitimit\u00e9 pour appr\u00e9hender l\u2019acceptabilit\u00e9 sociale et la d\u00e9sirabilit\u00e9 \u00e9thique de ces progr\u00e8s. La responsabilit\u00e9 doit \u00eatre plus largement partag\u00e9e, tant au sein de la soci\u00e9t\u00e9 que dans la conduite des projets de recherche et d\u2019innovation.<\/p>\n<p>Cet ouvrage pr\u00e9sente les principaux travaux sur l\u2019Innovation et la recherche responsables (IRR) envisag\u00e9es sous l\u2019angle de la responsabilit\u00e9 morale, dont il mobilise pas moins de dix conceptions pour d\u00e9gager celles qui sont positives et d\u00e9fendre un pluralisme interpr\u00e9tatif et combinatoire. En ce sens, il fait preuve d\u2019innovation morale. Il analyse de nombreux cas et propose des perspectives rarement abord\u00e9es dans ce domaine \u00e9mergent (pratiques actuelles d\u2019\u00e9valuation \u00e9thique, souci de l\u2019int\u00e9grit\u00e9 dans la recherche, dispositifs d\u2019\u00e9valuation technologique participative\u2026). Il contribue aux promesses de l\u2019IRR, qui reste largement sous-d\u00e9termin\u00e9e th\u00e9oriquement alors m\u00eame qu\u2019elle reconfigure les relations entre sciences, innovation et soci\u00e9t\u00e9.<\/p>\n","protected":false},"excerpt":{"rendered":"<p>Pratique et conceptuelle, la s\u00e9rie\u00a0Innovation et recherche responsables\u00a0contribue \u00e0 la clarification de cette nouvelle exigence pour toutes les sciences et l\u2019innovation technologique. Elle aborde la responsabilit\u00e9 de fa\u00e7on pluraliste et internationale, en exploitant diverses ressources philosophiques. Elle traite notamment des th\u00e8mes suivants : \u00e9thique, contingence, \u00e9conomie normative, libert\u00e9, responsabilit\u00e9 soci\u00e9tale des entreprises (RSE), \u00e9valuation technologique [&hellip;]<\/p>\n","protected":false},"featured_media":244,"template":"","meta":{"_acf_changed":false,"_links_to":"","_links_to_target":""},"product_brand":[],"product_cat":[675,684,698],"product_tag":[175,1248,31,196,1256,1249,289,1250,197,198,199,21,200,22,201,203,204,63,25,172,209,212,38,192,145,28,1251,1252,1253,1254,1255],"class_list":{"0":"post-243","1":"product","2":"type-product","3":"status-publish","4":"has-post-thumbnail","6":"product_cat-nouveauts-12519446","7":"product_cat-sciences-socit-et-nouvelles-technologies-188422468","8":"product_cat-srie-innovation-et-recherche-responsables-76965636","9":"product_tag-bernard-reber","10":"product_tag-comite-dehique","11":"product_tag-ebook","12":"product_tag-ebooks","13":"product_tag-ethique","14":"product_tag-ethique-de-la-recherche-et-innovation-responsable","15":"product_tag-innovation","16":"product_tag-innovation-responsable","17":"product_tag-iste","18":"product_tag-iste-edition","19":"product_tag-iste-editions","20":"product_tag-iste-group","21":"product_tag-isteedition","22":"product_tag-istegroup","23":"product_tag-kindle","24":"product_tag-liseuse","25":"product_tag-livre","26":"product_tag-livre-electronique","27":"product_tag-livre-numerique","28":"product_tag-livre-scientifique","29":"product_tag-livres-scientifiques","30":"product_tag-ouvrage","31":"product_tag-ouvrage-numerique","32":"product_tag-ouvrage-science","33":"product_tag-ouvrage-scientifique","34":"product_tag-ouvrage-scientifique-francais","35":"product_tag-progres","36":"product_tag-recherche","37":"product_tag-sciences","38":"product_tag-societe","39":"product_tag-sophie-pelle","41":"first","42":"instock","43":"shipping-taxable","44":"purchasable","45":"product-type-variable"},"acf":[],"yoast_head":"<!-- This site is optimized with the Yoast SEO plugin v27.2 - https:\/\/yoast.com\/product\/yoast-seo-wordpress\/ -->\n<title>Ethique de la recherche et innovation responsable - ISTE Group<\/title>\n<meta name=\"description\" content=\"Ethique de la recherche et innovation responsable pr\u00e9sente les principaux travaux sur l&#039;IRR envisag\u00e9es sous l\u2019angle de la responsabilit\u00e9 morale.\" \/>\n<meta name=\"robots\" content=\"index, follow, max-snippet:-1, max-image-preview:large, max-video-preview:-1\" \/>\n<link rel=\"canonical\" href=\"https:\/\/www.istegroup.com\/fr\/produit\/ethique-de-la-recherche-et-innovation-responsable\/\" \/>\n<meta property=\"og:locale\" content=\"fr_FR\" \/>\n<meta property=\"og:type\" content=\"article\" \/>\n<meta property=\"og:title\" content=\"Ethique de la recherche et innovation responsable - ISTE Group\" \/>\n<meta property=\"og:description\" content=\"Ethique de la recherche et innovation responsable pr\u00e9sente les principaux travaux sur l&#039;IRR envisag\u00e9es sous l\u2019angle de la responsabilit\u00e9 morale.\" \/>\n<meta property=\"og:url\" content=\"https:\/\/www.istegroup.com\/fr\/produit\/ethique-de-la-recherche-et-innovation-responsable\/\" \/>\n<meta property=\"og:site_name\" content=\"ISTE Group\" \/>\n<meta property=\"article:modified_time\" content=\"2024-01-03T13:39:02+00:00\" \/>\n<meta property=\"og:image\" content=\"https:\/\/www.istegroup.com\/wp-content\/uploads\/2017\/07\/11694374532_4756676228-1.jpg\" \/>\n\t<meta property=\"og:image:width\" content=\"1357\" \/>\n\t<meta property=\"og:image:height\" content=\"2048\" \/>\n\t<meta property=\"og:image:type\" content=\"image\/jpeg\" \/>\n<meta name=\"twitter:card\" content=\"summary_large_image\" \/>\n<meta name=\"twitter:label1\" content=\"Est. reading time\" \/>\n\t<meta name=\"twitter:data1\" content=\"2 minutes\" \/>\n<script type=\"application\/ld+json\" class=\"yoast-schema-graph\">{\"@context\":\"https:\/\/schema.org\",\"@graph\":[{\"@type\":\"WebPage\",\"@id\":\"https:\/\/www.istegroup.com\/fr\/produit\/ethique-de-la-recherche-et-innovation-responsable\/\",\"url\":\"https:\/\/www.istegroup.com\/fr\/produit\/ethique-de-la-recherche-et-innovation-responsable\/\",\"name\":\"Ethique de la recherche et innovation responsable - ISTE Group\",\"isPartOf\":{\"@id\":\"https:\/\/www.istegroup.com\/#website\"},\"primaryImageOfPage\":{\"@id\":\"https:\/\/www.istegroup.com\/fr\/produit\/ethique-de-la-recherche-et-innovation-responsable\/#primaryimage\"},\"image\":{\"@id\":\"https:\/\/www.istegroup.com\/fr\/produit\/ethique-de-la-recherche-et-innovation-responsable\/#primaryimage\"},\"thumbnailUrl\":\"https:\/\/www.istegroup.com\/wp-content\/uploads\/2017\/07\/11694374532_4756676228-1.jpg\",\"datePublished\":\"2016-04-05T09:16:15+00:00\",\"dateModified\":\"2024-01-03T13:39:02+00:00\",\"description\":\"Ethique de la recherche et innovation responsable pr\u00e9sente les principaux travaux sur l'IRR envisag\u00e9es sous l\u2019angle de la responsabilit\u00e9 morale.\",\"breadcrumb\":{\"@id\":\"https:\/\/www.istegroup.com\/fr\/produit\/ethique-de-la-recherche-et-innovation-responsable\/#breadcrumb\"},\"inLanguage\":\"fr-FR\",\"potentialAction\":[{\"@type\":\"ReadAction\",\"target\":[\"https:\/\/www.istegroup.com\/fr\/produit\/ethique-de-la-recherche-et-innovation-responsable\/\"]}]},{\"@type\":\"ImageObject\",\"inLanguage\":\"fr-FR\",\"@id\":\"https:\/\/www.istegroup.com\/fr\/produit\/ethique-de-la-recherche-et-innovation-responsable\/#primaryimage\",\"url\":\"https:\/\/www.istegroup.com\/wp-content\/uploads\/2017\/07\/11694374532_4756676228-1.jpg\",\"contentUrl\":\"https:\/\/www.istegroup.com\/wp-content\/uploads\/2017\/07\/11694374532_4756676228-1.jpg\",\"width\":1357,\"height\":2048,\"caption\":\"Ethique de la recherche et innovation responsable\"},{\"@type\":\"BreadcrumbList\",\"@id\":\"https:\/\/www.istegroup.com\/fr\/produit\/ethique-de-la-recherche-et-innovation-responsable\/#breadcrumb\",\"itemListElement\":[{\"@type\":\"ListItem\",\"position\":1,\"name\":\"Home\",\"item\":\"https:\/\/www.istegroup.com\/\"},{\"@type\":\"ListItem\",\"position\":2,\"name\":\"Shop\",\"item\":\"https:\/\/www.istegroup.com\/fr\/nouveautes\/\"},{\"@type\":\"ListItem\",\"position\":3,\"name\":\"Ethique de la recherche et innovation responsable\"}]},{\"@type\":\"WebSite\",\"@id\":\"https:\/\/www.istegroup.com\/#website\",\"url\":\"https:\/\/www.istegroup.com\/\",\"name\":\"ISTE Group\",\"description\":\"\u00c9diteur des Sciences\",\"potentialAction\":[{\"@type\":\"SearchAction\",\"target\":{\"@type\":\"EntryPoint\",\"urlTemplate\":\"https:\/\/www.istegroup.com\/?s={search_term_string}\"},\"query-input\":{\"@type\":\"PropertyValueSpecification\",\"valueRequired\":true,\"valueName\":\"search_term_string\"}}],\"inLanguage\":\"fr-FR\"}]}<\/script>\n<!-- \/ Yoast SEO plugin. -->","yoast_head_json":{"title":"Ethique de la recherche et innovation responsable - ISTE Group","description":"Ethique de la recherche et innovation responsable pr\u00e9sente les principaux travaux sur l'IRR envisag\u00e9es sous l\u2019angle de la responsabilit\u00e9 morale.","robots":{"index":"index","follow":"follow","max-snippet":"max-snippet:-1","max-image-preview":"max-image-preview:large","max-video-preview":"max-video-preview:-1"},"canonical":"https:\/\/www.istegroup.com\/fr\/produit\/ethique-de-la-recherche-et-innovation-responsable\/","og_locale":"fr_FR","og_type":"article","og_title":"Ethique de la recherche et innovation responsable - ISTE Group","og_description":"Ethique de la recherche et innovation responsable pr\u00e9sente les principaux travaux sur l'IRR envisag\u00e9es sous l\u2019angle de la responsabilit\u00e9 morale.","og_url":"https:\/\/www.istegroup.com\/fr\/produit\/ethique-de-la-recherche-et-innovation-responsable\/","og_site_name":"ISTE Group","article_modified_time":"2024-01-03T13:39:02+00:00","og_image":[{"width":1357,"height":2048,"url":"https:\/\/www.istegroup.com\/wp-content\/uploads\/2017\/07\/11694374532_4756676228-1.jpg","type":"image\/jpeg"}],"twitter_card":"summary_large_image","twitter_misc":{"Est. reading time":"2 minutes"},"schema":{"@context":"https:\/\/schema.org","@graph":[{"@type":"WebPage","@id":"https:\/\/www.istegroup.com\/fr\/produit\/ethique-de-la-recherche-et-innovation-responsable\/","url":"https:\/\/www.istegroup.com\/fr\/produit\/ethique-de-la-recherche-et-innovation-responsable\/","name":"Ethique de la recherche et innovation responsable - ISTE Group","isPartOf":{"@id":"https:\/\/www.istegroup.com\/#website"},"primaryImageOfPage":{"@id":"https:\/\/www.istegroup.com\/fr\/produit\/ethique-de-la-recherche-et-innovation-responsable\/#primaryimage"},"image":{"@id":"https:\/\/www.istegroup.com\/fr\/produit\/ethique-de-la-recherche-et-innovation-responsable\/#primaryimage"},"thumbnailUrl":"https:\/\/www.istegroup.com\/wp-content\/uploads\/2017\/07\/11694374532_4756676228-1.jpg","datePublished":"2016-04-05T09:16:15+00:00","dateModified":"2024-01-03T13:39:02+00:00","description":"Ethique de la recherche et innovation responsable pr\u00e9sente les principaux travaux sur l'IRR envisag\u00e9es sous l\u2019angle de la responsabilit\u00e9 morale.","breadcrumb":{"@id":"https:\/\/www.istegroup.com\/fr\/produit\/ethique-de-la-recherche-et-innovation-responsable\/#breadcrumb"},"inLanguage":"fr-FR","potentialAction":[{"@type":"ReadAction","target":["https:\/\/www.istegroup.com\/fr\/produit\/ethique-de-la-recherche-et-innovation-responsable\/"]}]},{"@type":"ImageObject","inLanguage":"fr-FR","@id":"https:\/\/www.istegroup.com\/fr\/produit\/ethique-de-la-recherche-et-innovation-responsable\/#primaryimage","url":"https:\/\/www.istegroup.com\/wp-content\/uploads\/2017\/07\/11694374532_4756676228-1.jpg","contentUrl":"https:\/\/www.istegroup.com\/wp-content\/uploads\/2017\/07\/11694374532_4756676228-1.jpg","width":1357,"height":2048,"caption":"Ethique de la recherche et innovation responsable"},{"@type":"BreadcrumbList","@id":"https:\/\/www.istegroup.com\/fr\/produit\/ethique-de-la-recherche-et-innovation-responsable\/#breadcrumb","itemListElement":[{"@type":"ListItem","position":1,"name":"Home","item":"https:\/\/www.istegroup.com\/"},{"@type":"ListItem","position":2,"name":"Shop","item":"https:\/\/www.istegroup.com\/fr\/nouveautes\/"},{"@type":"ListItem","position":3,"name":"Ethique de la recherche et innovation responsable"}]},{"@type":"WebSite","@id":"https:\/\/www.istegroup.com\/#website","url":"https:\/\/www.istegroup.com\/","name":"ISTE Group","description":"\u00c9diteur des Sciences","potentialAction":[{"@type":"SearchAction","target":{"@type":"EntryPoint","urlTemplate":"https:\/\/www.istegroup.com\/?s={search_term_string}"},"query-input":{"@type":"PropertyValueSpecification","valueRequired":true,"valueName":"search_term_string"}}],"inLanguage":"fr-FR"}]}},"_links":{"self":[{"href":"https:\/\/www.istegroup.com\/fr\/wp-json\/wp\/v2\/product\/243","targetHints":{"allow":["GET"]}}],"collection":[{"href":"https:\/\/www.istegroup.com\/fr\/wp-json\/wp\/v2\/product"}],"about":[{"href":"https:\/\/www.istegroup.com\/fr\/wp-json\/wp\/v2\/types\/product"}],"wp:featuredmedia":[{"embeddable":true,"href":"https:\/\/www.istegroup.com\/fr\/wp-json\/wp\/v2\/media\/244"}],"wp:attachment":[{"href":"https:\/\/www.istegroup.com\/fr\/wp-json\/wp\/v2\/media?parent=243"}],"wp:term":[{"taxonomy":"product_brand","embeddable":true,"href":"https:\/\/www.istegroup.com\/fr\/wp-json\/wp\/v2\/product_brand?post=243"},{"taxonomy":"product_cat","embeddable":true,"href":"https:\/\/www.istegroup.com\/fr\/wp-json\/wp\/v2\/product_cat?post=243"},{"taxonomy":"product_tag","embeddable":true,"href":"https:\/\/www.istegroup.com\/fr\/wp-json\/wp\/v2\/product_tag?post=243"}],"curies":[{"name":"wp","href":"https:\/\/api.w.org\/{rel}","templated":true}]}}