{"id":24170,"date":"2021-06-22T17:35:58","date_gmt":"2021-06-22T16:35:58","guid":{"rendered":"https:\/\/www.istegroup.com\/?post_type=product&#038;p=24170"},"modified":"2025-01-03T12:13:27","modified_gmt":"2025-01-03T12:13:27","slug":"le-systeme-solaire-2","status":"publish","type":"product","link":"https:\/\/www.istegroup.com\/fr\/produit\/le-systeme-solaire-2\/","title":{"rendered":"Le Syst\u00e8me solaire 2"},"content":{"rendered":"<p>Cet ouvrage pr\u00e9sente une vision globale et synth\u00e9tique de la plan\u00e9tologie, c\u2019est-\u00e0-dire de l\u2019\u00e9tude des objets du Syst\u00e8me solaire. Au cours des derni\u00e8res d\u00e9cennies, la plan\u00e9tologie a connu une v\u00e9ritable r\u00e9volution, marqu\u00e9e en particulier par la d\u00e9couverte de la ceinture de Kuiper au-del\u00e0 de Neptune, puis par celle des plan\u00e8tes extrasolaires, ainsi que par l\u2019exploration spatiale d\u2019objets toujours plus lointains. Elle est aujourd\u2019hui \u00e0 la crois\u00e9e de nombreuses disciplines : astronomie, g\u00e9ophysique, g\u00e9ochimie, biologie.<\/p>\n<p>Cet ouvrage \u00e9tudie, dans un premier temps, le Syst\u00e8me solaire ext\u00e9rieur : satellites et anneaux des plan\u00e8tes g\u00e9antes, petits corps et plan\u00e8tes naines. Il traite \u00e9galement des m\u00e9t\u00e9orites et de la cosmochimie, ainsi que de la formation et de la dynamique du Syst\u00e8me solaire. Il s\u2019int\u00e9resse \u00e0 la question de l\u2019origine de la vie et de la vie extraterrestre et pr\u00e9sente enfin l\u2019ensemble des m\u00e9thodes d\u2019\u00e9tude de la plan\u00e9tologie.<\/p>\n<p><a class=\"button\" style=\"margin-right: 10%;\" href=\"https:\/\/www.istegroup.com\/wp-content\/uploads\/2019\/11\/034_Le-Systeme-solaire-2_Encrenaz_TOC.pdf\" target=\"_blank\" rel=\"noopener noreferrer\">Table des mati\u00e8res<\/a><a class=\"button\" style=\"margin-left: 10%;\" href=\"https:\/\/www.istegroup.com\/wp-content\/uploads\/2019\/11\/034_Le-Systeme-solaire-2_Encrenaz_Premiere-partie.pdf\" target=\"_blank\" rel=\"noopener noreferrer\">Avant-propos<\/a><\/p>","protected":false},"excerpt":{"rendered":"<p>Cet ouvrage pr\u00e9sente une vision globale et synth\u00e9tique de la plan\u00e9tologie, c\u2019est-\u00e0-dire de l\u2019\u00e9tude des objets du Syst\u00e8me solaire. Au cours des derni\u00e8res d\u00e9cennies, la plan\u00e9tologie a connu une v\u00e9ritable r\u00e9volution, marqu\u00e9e en particulier par la d\u00e9couverte de la ceinture de Kuiper au-del\u00e0 de Neptune, puis par celle des plan\u00e8tes extrasolaires, ainsi que par l\u2019exploration [&hellip;]<\/p>\n","protected":false},"featured_media":39164,"template":"","meta":{"_acf_changed":false,"_links_to":"","_links_to_target":""},"product_brand":[],"product_cat":[4289],"product_tag":[],"class_list":{"0":"post-24170","1":"product","2":"type-product","3":"status-publish","4":"has-post-thumbnail","6":"product_cat-sciences","8":"first","9":"instock","10":"shipping-taxable","11":"purchasable","12":"product-type-variable"},"acf":[],"yoast_head":"<!-- This site is optimized with the Yoast SEO plugin v27.2 - https:\/\/yoast.com\/product\/yoast-seo-wordpress\/ -->\n<title>Le Syst\u00e8me solaire 2 - ISTE Group<\/title>\n<meta name=\"description\" content=\"Cet ouvrage pr\u00e9sente une vision globale et synth\u00e9tique de la plan\u00e9tologie, c\u2019est-\u00e0-dire de l\u2019\u00e9tude des objets du Syst\u00e8me solaire.\" \/>\n<meta name=\"robots\" content=\"index, follow, max-snippet:-1, max-image-preview:large, max-video-preview:-1\" \/>\n<link rel=\"canonical\" href=\"https:\/\/www.istegroup.com\/produit\/le-systeme-solaire-2\/\" \/>\n<meta property=\"og:locale\" content=\"fr_FR\" \/>\n<meta property=\"og:type\" content=\"article\" \/>\n<meta property=\"og:title\" content=\"[:fr]Le Syst\u00e8me solaire 2[:en]Le systeme solaire 2[:] - ISTE Group\" \/>\n<meta property=\"og:description\" content=\"Cet ouvrage pr\u00e9sente une vision globale et synth\u00e9tique de la plan\u00e9tologie, c\u2019est-\u00e0-dire de l\u2019\u00e9tude des objets du Syst\u00e8me solaire.\" \/>\n<meta property=\"og:url\" content=\"https:\/\/www.istegroup.com\/produit\/le-systeme-solaire-2\/\" \/>\n<meta property=\"og:site_name\" content=\"ISTE Group\" \/>\n<meta property=\"article:modified_time\" content=\"2025-01-03T12:13:27+00:00\" \/>\n<meta property=\"og:image\" content=\"https:\/\/www.istegroup.com\/wp-content\/uploads\/2021\/02\/Le_systeme_solaire_2.jpg\" \/>\n\t<meta property=\"og:image:width\" content=\"300\" \/>\n\t<meta property=\"og:image:height\" content=\"455\" \/>\n\t<meta property=\"og:image:type\" content=\"image\/jpeg\" \/>\n<meta name=\"twitter:card\" content=\"summary_large_image\" \/>\n<meta name=\"twitter:label1\" content=\"Est. reading time\" \/>\n\t<meta name=\"twitter:data1\" content=\"1 minute\" \/>\n<script type=\"application\/ld+json\" class=\"yoast-schema-graph\">{\"@context\":\"https:\/\/schema.org\",\"@graph\":[{\"@type\":\"WebPage\",\"@id\":\"https:\/\/www.istegroup.com\/produit\/le-systeme-solaire-2\/\",\"url\":\"https:\/\/www.istegroup.com\/produit\/le-systeme-solaire-2\/\",\"name\":\"[:fr]Le Syst\u00e8me solaire 2[:en]Le systeme solaire 2[:] - ISTE Group\",\"isPartOf\":{\"@id\":\"https:\/\/www.istegroup.com\/#website\"},\"primaryImageOfPage\":{\"@id\":\"https:\/\/www.istegroup.com\/produit\/le-systeme-solaire-2\/#primaryimage\"},\"image\":{\"@id\":\"https:\/\/www.istegroup.com\/produit\/le-systeme-solaire-2\/#primaryimage\"},\"thumbnailUrl\":\"https:\/\/www.istegroup.com\/wp-content\/uploads\/2021\/02\/Le_systeme_solaire_2.jpg\",\"datePublished\":\"2021-06-22T16:35:58+00:00\",\"dateModified\":\"2025-01-03T12:13:27+00:00\",\"description\":\"Cet ouvrage pr\u00e9sente une vision globale et synth\u00e9tique de la plan\u00e9tologie, c\u2019est-\u00e0-dire de l\u2019\u00e9tude des objets du Syst\u00e8me solaire.\",\"breadcrumb\":{\"@id\":\"https:\/\/www.istegroup.com\/produit\/le-systeme-solaire-2\/#breadcrumb\"},\"inLanguage\":\"fr-FR\",\"potentialAction\":[{\"@type\":\"ReadAction\",\"target\":[\"https:\/\/www.istegroup.com\/produit\/le-systeme-solaire-2\/\"]}]},{\"@type\":\"ImageObject\",\"inLanguage\":\"fr-FR\",\"@id\":\"https:\/\/www.istegroup.com\/produit\/le-systeme-solaire-2\/#primaryimage\",\"url\":\"https:\/\/www.istegroup.com\/wp-content\/uploads\/2021\/02\/Le_systeme_solaire_2.jpg\",\"contentUrl\":\"https:\/\/www.istegroup.com\/wp-content\/uploads\/2021\/02\/Le_systeme_solaire_2.jpg\",\"width\":300,\"height\":455,\"caption\":\"Encyclop\u00e9die SCIENCES\"},{\"@type\":\"BreadcrumbList\",\"@id\":\"https:\/\/www.istegroup.com\/produit\/le-systeme-solaire-2\/#breadcrumb\",\"itemListElement\":[{\"@type\":\"ListItem\",\"position\":1,\"name\":\"Home\",\"item\":\"https:\/\/www.istegroup.com\/\"},{\"@type\":\"ListItem\",\"position\":2,\"name\":\"Shop\",\"item\":\"https:\/\/www.istegroup.com\/fr\/nouveautes\/\"},{\"@type\":\"ListItem\",\"position\":3,\"name\":\"Le Syst\u00e8me solaire 2\"}]},{\"@type\":\"WebSite\",\"@id\":\"https:\/\/www.istegroup.com\/#website\",\"url\":\"https:\/\/www.istegroup.com\/\",\"name\":\"ISTE Group\",\"description\":\"\u00c9diteur des Sciences\",\"potentialAction\":[{\"@type\":\"SearchAction\",\"target\":{\"@type\":\"EntryPoint\",\"urlTemplate\":\"https:\/\/www.istegroup.com\/?s={search_term_string}\"},\"query-input\":{\"@type\":\"PropertyValueSpecification\",\"valueRequired\":true,\"valueName\":\"search_term_string\"}}],\"inLanguage\":\"fr-FR\"}]}<\/script>\n<!-- \/ Yoast SEO plugin. -->","yoast_head_json":{"title":"[:fr]Le Syst\u00e8me solaire 2[:en]Le systeme solaire 2[:] - ISTE Group","description":"Cet ouvrage pr\u00e9sente une vision globale et synth\u00e9tique de la plan\u00e9tologie, c\u2019est-\u00e0-dire de l\u2019\u00e9tude des objets du Syst\u00e8me solaire.","robots":{"index":"index","follow":"follow","max-snippet":"max-snippet:-1","max-image-preview":"max-image-preview:large","max-video-preview":"max-video-preview:-1"},"canonical":"https:\/\/www.istegroup.com\/produit\/le-systeme-solaire-2\/","og_locale":"fr_FR","og_type":"article","og_title":"[:fr]Le Syst\u00e8me solaire 2[:en]Le systeme solaire 2[:] - ISTE Group","og_description":"Cet ouvrage pr\u00e9sente une vision globale et synth\u00e9tique de la plan\u00e9tologie, c\u2019est-\u00e0-dire de l\u2019\u00e9tude des objets du Syst\u00e8me solaire.","og_url":"https:\/\/www.istegroup.com\/produit\/le-systeme-solaire-2\/","og_site_name":"ISTE Group","article_modified_time":"2025-01-03T12:13:27+00:00","og_image":[{"width":300,"height":455,"url":"https:\/\/www.istegroup.com\/wp-content\/uploads\/2021\/02\/Le_systeme_solaire_2.jpg","type":"image\/jpeg"}],"twitter_card":"summary_large_image","twitter_misc":{"Est. reading time":"1 minute"},"schema":{"@context":"https:\/\/schema.org","@graph":[{"@type":"WebPage","@id":"https:\/\/www.istegroup.com\/produit\/le-systeme-solaire-2\/","url":"https:\/\/www.istegroup.com\/produit\/le-systeme-solaire-2\/","name":"[:fr]Le Syst\u00e8me solaire 2[:en]Le systeme solaire 2[:] - ISTE Group","isPartOf":{"@id":"https:\/\/www.istegroup.com\/#website"},"primaryImageOfPage":{"@id":"https:\/\/www.istegroup.com\/produit\/le-systeme-solaire-2\/#primaryimage"},"image":{"@id":"https:\/\/www.istegroup.com\/produit\/le-systeme-solaire-2\/#primaryimage"},"thumbnailUrl":"https:\/\/www.istegroup.com\/wp-content\/uploads\/2021\/02\/Le_systeme_solaire_2.jpg","datePublished":"2021-06-22T16:35:58+00:00","dateModified":"2025-01-03T12:13:27+00:00","description":"Cet ouvrage pr\u00e9sente une vision globale et synth\u00e9tique de la plan\u00e9tologie, c\u2019est-\u00e0-dire de l\u2019\u00e9tude des objets du Syst\u00e8me solaire.","breadcrumb":{"@id":"https:\/\/www.istegroup.com\/produit\/le-systeme-solaire-2\/#breadcrumb"},"inLanguage":"fr-FR","potentialAction":[{"@type":"ReadAction","target":["https:\/\/www.istegroup.com\/produit\/le-systeme-solaire-2\/"]}]},{"@type":"ImageObject","inLanguage":"fr-FR","@id":"https:\/\/www.istegroup.com\/produit\/le-systeme-solaire-2\/#primaryimage","url":"https:\/\/www.istegroup.com\/wp-content\/uploads\/2021\/02\/Le_systeme_solaire_2.jpg","contentUrl":"https:\/\/www.istegroup.com\/wp-content\/uploads\/2021\/02\/Le_systeme_solaire_2.jpg","width":300,"height":455,"caption":"Encyclop\u00e9die SCIENCES"},{"@type":"BreadcrumbList","@id":"https:\/\/www.istegroup.com\/produit\/le-systeme-solaire-2\/#breadcrumb","itemListElement":[{"@type":"ListItem","position":1,"name":"Home","item":"https:\/\/www.istegroup.com\/"},{"@type":"ListItem","position":2,"name":"Shop","item":"https:\/\/www.istegroup.com\/fr\/nouveautes\/"},{"@type":"ListItem","position":3,"name":"Le Syst\u00e8me solaire 2"}]},{"@type":"WebSite","@id":"https:\/\/www.istegroup.com\/#website","url":"https:\/\/www.istegroup.com\/","name":"ISTE Group","description":"\u00c9diteur des Sciences","potentialAction":[{"@type":"SearchAction","target":{"@type":"EntryPoint","urlTemplate":"https:\/\/www.istegroup.com\/?s={search_term_string}"},"query-input":{"@type":"PropertyValueSpecification","valueRequired":true,"valueName":"search_term_string"}}],"inLanguage":"fr-FR"}]}},"_links":{"self":[{"href":"https:\/\/www.istegroup.com\/fr\/wp-json\/wp\/v2\/product\/24170","targetHints":{"allow":["GET"]}}],"collection":[{"href":"https:\/\/www.istegroup.com\/fr\/wp-json\/wp\/v2\/product"}],"about":[{"href":"https:\/\/www.istegroup.com\/fr\/wp-json\/wp\/v2\/types\/product"}],"wp:featuredmedia":[{"embeddable":true,"href":"https:\/\/www.istegroup.com\/fr\/wp-json\/wp\/v2\/media\/39164"}],"wp:attachment":[{"href":"https:\/\/www.istegroup.com\/fr\/wp-json\/wp\/v2\/media?parent=24170"}],"wp:term":[{"taxonomy":"product_brand","embeddable":true,"href":"https:\/\/www.istegroup.com\/fr\/wp-json\/wp\/v2\/product_brand?post=24170"},{"taxonomy":"product_cat","embeddable":true,"href":"https:\/\/www.istegroup.com\/fr\/wp-json\/wp\/v2\/product_cat?post=24170"},{"taxonomy":"product_tag","embeddable":true,"href":"https:\/\/www.istegroup.com\/fr\/wp-json\/wp\/v2\/product_tag?post=24170"}],"curies":[{"name":"wp","href":"https:\/\/api.w.org\/{rel}","templated":true}]}}