{"id":24166,"date":"2021-07-08T13:27:43","date_gmt":"2021-07-08T12:27:43","guid":{"rendered":"https:\/\/www.istegroup.com\/?post_type=product&#038;p=24166"},"modified":"2025-01-03T12:12:24","modified_gmt":"2025-01-03T12:12:24","slug":"galaxies","status":"publish","type":"product","link":"https:\/\/www.istegroup.com\/fr\/produit\/galaxies\/","title":{"rendered":"Galaxies"},"content":{"rendered":"<p>Les galaxies, vastes ensembles d\u2019\u00e9toiles, de gaz et de poussi\u00e8res, vivant au sein des halos de mati\u00e8re noire, n\u2019ont \u00e9t\u00e9 identifi\u00e9es comme des mondes \u00e0 part que dans les ann\u00e9es 1920. Depuis, les techniques d\u2019observation modernes ont permis de faire des d\u00e9couvertes essentielles.<\/p>\n<p><em>Galaxies<\/em> d\u00e9crit tout d\u2019abord les diverses morphologies et les cat\u00e9gories de galaxies existantes, permettant de mieux comprendre leur formation et leur \u00e9volution (\u00e0 travers la s\u00e9quence de Hubble ou le diagramme couleur-magnitude). Il \u00e9tudie par la suite les principales propri\u00e9t\u00e9s de notre galaxie, la Voie lact\u00e9e, ainsi que celles des galaxies de type pr\u00e9coce (sph\u00e9ro\u00efdales) ou tardif (spirales). Il analyse \u00e9galement les processus de fusion et les interactions entre galaxies, primordiaux dans la formation et l\u2019\u00e9volution des galaxies, la formation des \u00e9toiles et la constitution des trous noirs, avant de finalement traiter de l\u2019histoire cosmique de la formation des galaxies.<\/p>\n<p><a class=\"button\" style=\"margin-right: 10%;\" href=\"https:\/\/www.istegroup.com\/wp-content\/uploads\/2019\/11\/012_Galaxies_TDM.pdf\" target=\"_blank\" rel=\"noopener noreferrer\">Table des mati\u00e8res<\/a><a class=\"button\" style=\"margin-left: 10%;\" href=\"https:\/\/www.istegroup.com\/wp-content\/uploads\/2019\/11\/012_Galaxies_premiere-partie.pdf\" target=\"_blank\" rel=\"noopener noreferrer\">Introduction<\/a><\/p>","protected":false},"excerpt":{"rendered":"<h2><\/h2>\n","protected":false},"featured_media":42917,"template":"","meta":{"_acf_changed":false,"_links_to":"","_links_to_target":""},"product_brand":[],"product_cat":[4289],"product_tag":[],"class_list":{"0":"post-24166","1":"product","2":"type-product","3":"status-publish","4":"has-post-thumbnail","6":"product_cat-sciences","8":"first","9":"instock","10":"shipping-taxable","11":"purchasable","12":"product-type-variable"},"acf":[],"yoast_head":"<!-- This site is optimized with the Yoast SEO plugin v27.2 - https:\/\/yoast.com\/product\/yoast-seo-wordpress\/ -->\n<title>Galaxies - ISTE Group<\/title>\n<meta name=\"description\" content=\"Galaxies d\u00e9crit tout d\u2019abord les diverses morphologies et les cat\u00e9gories de galaxies existantes, permettant de mieux comprendre leur formation et leur \u00e9volution (\u00e0 travers la s\u00e9quence de Hubble ou le diagramme couleur-magnitude)\" \/>\n<meta name=\"robots\" content=\"index, follow, max-snippet:-1, max-image-preview:large, max-video-preview:-1\" \/>\n<link rel=\"canonical\" href=\"https:\/\/www.istegroup.com\/produit\/galaxies\/\" \/>\n<meta property=\"og:locale\" content=\"fr_FR\" \/>\n<meta property=\"og:type\" content=\"article\" \/>\n<meta property=\"og:title\" content=\"Galaxies - ISTE Group\" \/>\n<meta property=\"og:description\" content=\"Galaxies d\u00e9crit tout d\u2019abord les diverses morphologies et les cat\u00e9gories de galaxies existantes, permettant de mieux comprendre leur formation et leur \u00e9volution (\u00e0 travers la s\u00e9quence de Hubble ou le diagramme couleur-magnitude)\" \/>\n<meta property=\"og:url\" content=\"https:\/\/www.istegroup.com\/produit\/galaxies\/\" \/>\n<meta property=\"og:site_name\" content=\"ISTE Group\" \/>\n<meta property=\"article:modified_time\" content=\"2025-01-03T12:12:24+00:00\" \/>\n<meta property=\"og:image\" content=\"https:\/\/www.istegroup.com\/wp-content\/uploads\/2021\/07\/Galaxies_couv.jpeg\" \/>\n\t<meta property=\"og:image:width\" content=\"300\" \/>\n\t<meta property=\"og:image:height\" content=\"450\" \/>\n\t<meta property=\"og:image:type\" content=\"image\/jpeg\" \/>\n<meta name=\"twitter:card\" content=\"summary_large_image\" \/>\n<meta name=\"twitter:label1\" content=\"Est. reading time\" \/>\n\t<meta name=\"twitter:data1\" content=\"1 minute\" \/>\n<script type=\"application\/ld+json\" class=\"yoast-schema-graph\">{\"@context\":\"https:\/\/schema.org\",\"@graph\":[{\"@type\":\"WebPage\",\"@id\":\"https:\/\/www.istegroup.com\/produit\/galaxies\/\",\"url\":\"https:\/\/www.istegroup.com\/produit\/galaxies\/\",\"name\":\"Galaxies - ISTE Group\",\"isPartOf\":{\"@id\":\"https:\/\/www.istegroup.com\/#website\"},\"primaryImageOfPage\":{\"@id\":\"https:\/\/www.istegroup.com\/produit\/galaxies\/#primaryimage\"},\"image\":{\"@id\":\"https:\/\/www.istegroup.com\/produit\/galaxies\/#primaryimage\"},\"thumbnailUrl\":\"https:\/\/www.istegroup.com\/wp-content\/uploads\/2021\/07\/Galaxies_couv.jpeg\",\"datePublished\":\"2021-07-08T12:27:43+00:00\",\"dateModified\":\"2025-01-03T12:12:24+00:00\",\"description\":\"Galaxies d\u00e9crit tout d\u2019abord les diverses morphologies et les cat\u00e9gories de galaxies existantes, permettant de mieux comprendre leur formation et leur \u00e9volution (\u00e0 travers la s\u00e9quence de Hubble ou le diagramme couleur-magnitude)\",\"breadcrumb\":{\"@id\":\"https:\/\/www.istegroup.com\/produit\/galaxies\/#breadcrumb\"},\"inLanguage\":\"fr-FR\",\"potentialAction\":[{\"@type\":\"ReadAction\",\"target\":[\"https:\/\/www.istegroup.com\/produit\/galaxies\/\"]}]},{\"@type\":\"ImageObject\",\"inLanguage\":\"fr-FR\",\"@id\":\"https:\/\/www.istegroup.com\/produit\/galaxies\/#primaryimage\",\"url\":\"https:\/\/www.istegroup.com\/wp-content\/uploads\/2021\/07\/Galaxies_couv.jpeg\",\"contentUrl\":\"https:\/\/www.istegroup.com\/wp-content\/uploads\/2021\/07\/Galaxies_couv.jpeg\",\"width\":300,\"height\":450,\"caption\":\"Livre scientifique - Galaxies - Fran\u00e7oise Combes\"},{\"@type\":\"BreadcrumbList\",\"@id\":\"https:\/\/www.istegroup.com\/produit\/galaxies\/#breadcrumb\",\"itemListElement\":[{\"@type\":\"ListItem\",\"position\":1,\"name\":\"Home\",\"item\":\"https:\/\/www.istegroup.com\/\"},{\"@type\":\"ListItem\",\"position\":2,\"name\":\"Shop\",\"item\":\"https:\/\/www.istegroup.com\/fr\/nouveautes\/\"},{\"@type\":\"ListItem\",\"position\":3,\"name\":\"Galaxies\"}]},{\"@type\":\"WebSite\",\"@id\":\"https:\/\/www.istegroup.com\/#website\",\"url\":\"https:\/\/www.istegroup.com\/\",\"name\":\"ISTE Group\",\"description\":\"\u00c9diteur des Sciences\",\"potentialAction\":[{\"@type\":\"SearchAction\",\"target\":{\"@type\":\"EntryPoint\",\"urlTemplate\":\"https:\/\/www.istegroup.com\/?s={search_term_string}\"},\"query-input\":{\"@type\":\"PropertyValueSpecification\",\"valueRequired\":true,\"valueName\":\"search_term_string\"}}],\"inLanguage\":\"fr-FR\"}]}<\/script>\n<!-- \/ Yoast SEO plugin. -->","yoast_head_json":{"title":"Galaxies - ISTE Group","description":"Galaxies d\u00e9crit tout d\u2019abord les diverses morphologies et les cat\u00e9gories de galaxies existantes, permettant de mieux comprendre leur formation et leur \u00e9volution (\u00e0 travers la s\u00e9quence de Hubble ou le diagramme couleur-magnitude)","robots":{"index":"index","follow":"follow","max-snippet":"max-snippet:-1","max-image-preview":"max-image-preview:large","max-video-preview":"max-video-preview:-1"},"canonical":"https:\/\/www.istegroup.com\/produit\/galaxies\/","og_locale":"fr_FR","og_type":"article","og_title":"Galaxies - ISTE Group","og_description":"Galaxies d\u00e9crit tout d\u2019abord les diverses morphologies et les cat\u00e9gories de galaxies existantes, permettant de mieux comprendre leur formation et leur \u00e9volution (\u00e0 travers la s\u00e9quence de Hubble ou le diagramme couleur-magnitude)","og_url":"https:\/\/www.istegroup.com\/produit\/galaxies\/","og_site_name":"ISTE Group","article_modified_time":"2025-01-03T12:12:24+00:00","og_image":[{"width":300,"height":450,"url":"https:\/\/www.istegroup.com\/wp-content\/uploads\/2021\/07\/Galaxies_couv.jpeg","type":"image\/jpeg"}],"twitter_card":"summary_large_image","twitter_misc":{"Est. reading time":"1 minute"},"schema":{"@context":"https:\/\/schema.org","@graph":[{"@type":"WebPage","@id":"https:\/\/www.istegroup.com\/produit\/galaxies\/","url":"https:\/\/www.istegroup.com\/produit\/galaxies\/","name":"Galaxies - ISTE Group","isPartOf":{"@id":"https:\/\/www.istegroup.com\/#website"},"primaryImageOfPage":{"@id":"https:\/\/www.istegroup.com\/produit\/galaxies\/#primaryimage"},"image":{"@id":"https:\/\/www.istegroup.com\/produit\/galaxies\/#primaryimage"},"thumbnailUrl":"https:\/\/www.istegroup.com\/wp-content\/uploads\/2021\/07\/Galaxies_couv.jpeg","datePublished":"2021-07-08T12:27:43+00:00","dateModified":"2025-01-03T12:12:24+00:00","description":"Galaxies d\u00e9crit tout d\u2019abord les diverses morphologies et les cat\u00e9gories de galaxies existantes, permettant de mieux comprendre leur formation et leur \u00e9volution (\u00e0 travers la s\u00e9quence de Hubble ou le diagramme couleur-magnitude)","breadcrumb":{"@id":"https:\/\/www.istegroup.com\/produit\/galaxies\/#breadcrumb"},"inLanguage":"fr-FR","potentialAction":[{"@type":"ReadAction","target":["https:\/\/www.istegroup.com\/produit\/galaxies\/"]}]},{"@type":"ImageObject","inLanguage":"fr-FR","@id":"https:\/\/www.istegroup.com\/produit\/galaxies\/#primaryimage","url":"https:\/\/www.istegroup.com\/wp-content\/uploads\/2021\/07\/Galaxies_couv.jpeg","contentUrl":"https:\/\/www.istegroup.com\/wp-content\/uploads\/2021\/07\/Galaxies_couv.jpeg","width":300,"height":450,"caption":"Livre scientifique - Galaxies - Fran\u00e7oise Combes"},{"@type":"BreadcrumbList","@id":"https:\/\/www.istegroup.com\/produit\/galaxies\/#breadcrumb","itemListElement":[{"@type":"ListItem","position":1,"name":"Home","item":"https:\/\/www.istegroup.com\/"},{"@type":"ListItem","position":2,"name":"Shop","item":"https:\/\/www.istegroup.com\/fr\/nouveautes\/"},{"@type":"ListItem","position":3,"name":"Galaxies"}]},{"@type":"WebSite","@id":"https:\/\/www.istegroup.com\/#website","url":"https:\/\/www.istegroup.com\/","name":"ISTE Group","description":"\u00c9diteur des Sciences","potentialAction":[{"@type":"SearchAction","target":{"@type":"EntryPoint","urlTemplate":"https:\/\/www.istegroup.com\/?s={search_term_string}"},"query-input":{"@type":"PropertyValueSpecification","valueRequired":true,"valueName":"search_term_string"}}],"inLanguage":"fr-FR"}]}},"_links":{"self":[{"href":"https:\/\/www.istegroup.com\/fr\/wp-json\/wp\/v2\/product\/24166","targetHints":{"allow":["GET"]}}],"collection":[{"href":"https:\/\/www.istegroup.com\/fr\/wp-json\/wp\/v2\/product"}],"about":[{"href":"https:\/\/www.istegroup.com\/fr\/wp-json\/wp\/v2\/types\/product"}],"wp:featuredmedia":[{"embeddable":true,"href":"https:\/\/www.istegroup.com\/fr\/wp-json\/wp\/v2\/media\/42917"}],"wp:attachment":[{"href":"https:\/\/www.istegroup.com\/fr\/wp-json\/wp\/v2\/media?parent=24166"}],"wp:term":[{"taxonomy":"product_brand","embeddable":true,"href":"https:\/\/www.istegroup.com\/fr\/wp-json\/wp\/v2\/product_brand?post=24166"},{"taxonomy":"product_cat","embeddable":true,"href":"https:\/\/www.istegroup.com\/fr\/wp-json\/wp\/v2\/product_cat?post=24166"},{"taxonomy":"product_tag","embeddable":true,"href":"https:\/\/www.istegroup.com\/fr\/wp-json\/wp\/v2\/product_tag?post=24166"}],"curies":[{"name":"wp","href":"https:\/\/api.w.org\/{rel}","templated":true}]}}