{"id":24162,"date":"2021-08-23T13:22:57","date_gmt":"2021-08-23T12:22:57","guid":{"rendered":"https:\/\/www.istegroup.com\/?post_type=product&#038;p=24162"},"modified":"2025-01-03T12:11:37","modified_gmt":"2025-01-03T12:11:37","slug":"lunivers-jeune","status":"publish","type":"product","link":"https:\/\/www.istegroup.com\/fr\/produit\/lunivers-jeune\/","title":{"rendered":"L\u2019Univers jeune"},"content":{"rendered":"<p>Notre univers a connu des p\u00e9riodes durant lesquelles il \u00e9tait beaucoup plus chaud et plus dense qu\u2019aujourd\u2019hui : c\u2019est ce qu\u2019on appelle le mod\u00e8le du Big Bang.<\/p>\n<p><em>L\u2019univers jeune<\/em> pr\u00e9sente quatre grandes th\u00e9matiques, physiques et astrophysiques, reli\u00e9es \u00e0 ces phases extr\u00eames de l\u2019univers primordial. Il expose notamment la physique du plasma primordial et les notions de physique quantique et de physique des particules n\u00e9cessaires \u00e0 la description de cet \u00e9tat extr\u00eame. Il traite du rayonnement de fond cosmologique et pr\u00e9sente l\u2019inflation, une phase d\u2019expansion extr\u00eamement rapide qui aurait eu lieu tr\u00e8s t\u00f4t dans l\u2019histoire cosmologique et qui aurait fa\u00e7onn\u00e9 notre univers actuel. Cet ouvrage propose \u00e9galement une synth\u00e8se du probl\u00e8me de la mati\u00e8re noire.<\/p>","protected":false},"excerpt":{"rendered":"<p>Notre univers a connu des p\u00e9riodes durant lesquelles il \u00e9tait beaucoup plus chaud et plus dense qu\u2019aujourd\u2019hui : c\u2019est ce qu\u2019on appelle le mod\u00e8le du Big Bang. L\u2019univers jeune pr\u00e9sente quatre grandes th\u00e9matiques, physiques et astrophysiques, reli\u00e9es \u00e0 ces phases extr\u00eames de l\u2019univers primordial. Il expose notamment la physique du plasma primordial et les notions [&hellip;]<\/p>\n","protected":false},"featured_media":42938,"template":"","meta":{"_acf_changed":false,"_links_to":"","_links_to_target":""},"product_brand":[],"product_cat":[4289],"product_tag":[],"class_list":{"0":"post-24162","1":"product","2":"type-product","3":"status-publish","4":"has-post-thumbnail","6":"product_cat-sciences","8":"first","9":"instock","10":"shipping-taxable","11":"purchasable","12":"product-type-variable"},"acf":[],"yoast_head":"<!-- This site is optimized with the Yoast SEO plugin v27.2 - https:\/\/yoast.com\/product\/yoast-seo-wordpress\/ -->\n<title>L\u2019Univers jeune - ISTE Group<\/title>\n<meta name=\"description\" content=\"L\u2019univers jeune pr\u00e9sente quatre grandes th\u00e9matiques, physiques et astrophysiques, reli\u00e9es \u00e0 ces phases extr\u00eames de l\u2019univers primordial.\" \/>\n<meta name=\"robots\" content=\"index, follow, max-snippet:-1, max-image-preview:large, max-video-preview:-1\" \/>\n<link rel=\"canonical\" href=\"https:\/\/www.istegroup.com\/produit\/lunivers-jeune\/\" \/>\n<meta property=\"og:locale\" content=\"fr_FR\" \/>\n<meta property=\"og:type\" content=\"article\" \/>\n<meta property=\"og:title\" content=\"L\u2019Univers jeune - ISTE Group\" \/>\n<meta property=\"og:description\" content=\"L\u2019univers jeune pr\u00e9sente quatre grandes th\u00e9matiques, physiques et astrophysiques, reli\u00e9es \u00e0 ces phases extr\u00eames de l\u2019univers primordial.\" \/>\n<meta property=\"og:url\" content=\"https:\/\/www.istegroup.com\/produit\/lunivers-jeune\/\" \/>\n<meta property=\"og:site_name\" content=\"ISTE Group\" \/>\n<meta property=\"article:modified_time\" content=\"2025-01-03T12:11:37+00:00\" \/>\n<meta property=\"og:image\" content=\"https:\/\/www.istegroup.com\/wp-content\/uploads\/2021\/07\/032_Lunivers-jeune.jpeg\" \/>\n\t<meta property=\"og:image:width\" content=\"300\" \/>\n\t<meta property=\"og:image:height\" content=\"451\" \/>\n\t<meta property=\"og:image:type\" content=\"image\/jpeg\" \/>\n<meta name=\"twitter:card\" content=\"summary_large_image\" \/>\n<meta name=\"twitter:label1\" content=\"Est. reading time\" \/>\n\t<meta name=\"twitter:data1\" content=\"1 minute\" \/>\n<script type=\"application\/ld+json\" class=\"yoast-schema-graph\">{\"@context\":\"https:\/\/schema.org\",\"@graph\":[{\"@type\":\"WebPage\",\"@id\":\"https:\/\/www.istegroup.com\/produit\/lunivers-jeune\/\",\"url\":\"https:\/\/www.istegroup.com\/produit\/lunivers-jeune\/\",\"name\":\"L\u2019Univers jeune - ISTE Group\",\"isPartOf\":{\"@id\":\"https:\/\/www.istegroup.com\/#website\"},\"primaryImageOfPage\":{\"@id\":\"https:\/\/www.istegroup.com\/produit\/lunivers-jeune\/#primaryimage\"},\"image\":{\"@id\":\"https:\/\/www.istegroup.com\/produit\/lunivers-jeune\/#primaryimage\"},\"thumbnailUrl\":\"https:\/\/www.istegroup.com\/wp-content\/uploads\/2021\/07\/032_Lunivers-jeune.jpeg\",\"datePublished\":\"2021-08-23T12:22:57+00:00\",\"dateModified\":\"2025-01-03T12:11:37+00:00\",\"description\":\"L\u2019univers jeune pr\u00e9sente quatre grandes th\u00e9matiques, physiques et astrophysiques, reli\u00e9es \u00e0 ces phases extr\u00eames de l\u2019univers primordial.\",\"breadcrumb\":{\"@id\":\"https:\/\/www.istegroup.com\/produit\/lunivers-jeune\/#breadcrumb\"},\"inLanguage\":\"fr-FR\",\"potentialAction\":[{\"@type\":\"ReadAction\",\"target\":[\"https:\/\/www.istegroup.com\/produit\/lunivers-jeune\/\"]}]},{\"@type\":\"ImageObject\",\"inLanguage\":\"fr-FR\",\"@id\":\"https:\/\/www.istegroup.com\/produit\/lunivers-jeune\/#primaryimage\",\"url\":\"https:\/\/www.istegroup.com\/wp-content\/uploads\/2021\/07\/032_Lunivers-jeune.jpeg\",\"contentUrl\":\"https:\/\/www.istegroup.com\/wp-content\/uploads\/2021\/07\/032_Lunivers-jeune.jpeg\",\"width\":300,\"height\":451,\"caption\":\"Livre scientifique - L\u2019Univers jeune - Richard Taillet\"},{\"@type\":\"BreadcrumbList\",\"@id\":\"https:\/\/www.istegroup.com\/produit\/lunivers-jeune\/#breadcrumb\",\"itemListElement\":[{\"@type\":\"ListItem\",\"position\":1,\"name\":\"Home\",\"item\":\"https:\/\/www.istegroup.com\/\"},{\"@type\":\"ListItem\",\"position\":2,\"name\":\"Shop\",\"item\":\"https:\/\/www.istegroup.com\/fr\/nouveautes\/\"},{\"@type\":\"ListItem\",\"position\":3,\"name\":\"L\u2019Univers jeune\"}]},{\"@type\":\"WebSite\",\"@id\":\"https:\/\/www.istegroup.com\/#website\",\"url\":\"https:\/\/www.istegroup.com\/\",\"name\":\"ISTE Group\",\"description\":\"\u00c9diteur des Sciences\",\"potentialAction\":[{\"@type\":\"SearchAction\",\"target\":{\"@type\":\"EntryPoint\",\"urlTemplate\":\"https:\/\/www.istegroup.com\/?s={search_term_string}\"},\"query-input\":{\"@type\":\"PropertyValueSpecification\",\"valueRequired\":true,\"valueName\":\"search_term_string\"}}],\"inLanguage\":\"fr-FR\"}]}<\/script>\n<!-- \/ Yoast SEO plugin. -->","yoast_head_json":{"title":"L\u2019Univers jeune - ISTE Group","description":"L\u2019univers jeune pr\u00e9sente quatre grandes th\u00e9matiques, physiques et astrophysiques, reli\u00e9es \u00e0 ces phases extr\u00eames de l\u2019univers primordial.","robots":{"index":"index","follow":"follow","max-snippet":"max-snippet:-1","max-image-preview":"max-image-preview:large","max-video-preview":"max-video-preview:-1"},"canonical":"https:\/\/www.istegroup.com\/produit\/lunivers-jeune\/","og_locale":"fr_FR","og_type":"article","og_title":"L\u2019Univers jeune - ISTE Group","og_description":"L\u2019univers jeune pr\u00e9sente quatre grandes th\u00e9matiques, physiques et astrophysiques, reli\u00e9es \u00e0 ces phases extr\u00eames de l\u2019univers primordial.","og_url":"https:\/\/www.istegroup.com\/produit\/lunivers-jeune\/","og_site_name":"ISTE Group","article_modified_time":"2025-01-03T12:11:37+00:00","og_image":[{"width":300,"height":451,"url":"https:\/\/www.istegroup.com\/wp-content\/uploads\/2021\/07\/032_Lunivers-jeune.jpeg","type":"image\/jpeg"}],"twitter_card":"summary_large_image","twitter_misc":{"Est. reading time":"1 minute"},"schema":{"@context":"https:\/\/schema.org","@graph":[{"@type":"WebPage","@id":"https:\/\/www.istegroup.com\/produit\/lunivers-jeune\/","url":"https:\/\/www.istegroup.com\/produit\/lunivers-jeune\/","name":"L\u2019Univers jeune - ISTE Group","isPartOf":{"@id":"https:\/\/www.istegroup.com\/#website"},"primaryImageOfPage":{"@id":"https:\/\/www.istegroup.com\/produit\/lunivers-jeune\/#primaryimage"},"image":{"@id":"https:\/\/www.istegroup.com\/produit\/lunivers-jeune\/#primaryimage"},"thumbnailUrl":"https:\/\/www.istegroup.com\/wp-content\/uploads\/2021\/07\/032_Lunivers-jeune.jpeg","datePublished":"2021-08-23T12:22:57+00:00","dateModified":"2025-01-03T12:11:37+00:00","description":"L\u2019univers jeune pr\u00e9sente quatre grandes th\u00e9matiques, physiques et astrophysiques, reli\u00e9es \u00e0 ces phases extr\u00eames de l\u2019univers primordial.","breadcrumb":{"@id":"https:\/\/www.istegroup.com\/produit\/lunivers-jeune\/#breadcrumb"},"inLanguage":"fr-FR","potentialAction":[{"@type":"ReadAction","target":["https:\/\/www.istegroup.com\/produit\/lunivers-jeune\/"]}]},{"@type":"ImageObject","inLanguage":"fr-FR","@id":"https:\/\/www.istegroup.com\/produit\/lunivers-jeune\/#primaryimage","url":"https:\/\/www.istegroup.com\/wp-content\/uploads\/2021\/07\/032_Lunivers-jeune.jpeg","contentUrl":"https:\/\/www.istegroup.com\/wp-content\/uploads\/2021\/07\/032_Lunivers-jeune.jpeg","width":300,"height":451,"caption":"Livre scientifique - L\u2019Univers jeune - Richard Taillet"},{"@type":"BreadcrumbList","@id":"https:\/\/www.istegroup.com\/produit\/lunivers-jeune\/#breadcrumb","itemListElement":[{"@type":"ListItem","position":1,"name":"Home","item":"https:\/\/www.istegroup.com\/"},{"@type":"ListItem","position":2,"name":"Shop","item":"https:\/\/www.istegroup.com\/fr\/nouveautes\/"},{"@type":"ListItem","position":3,"name":"L\u2019Univers jeune"}]},{"@type":"WebSite","@id":"https:\/\/www.istegroup.com\/#website","url":"https:\/\/www.istegroup.com\/","name":"ISTE Group","description":"\u00c9diteur des Sciences","potentialAction":[{"@type":"SearchAction","target":{"@type":"EntryPoint","urlTemplate":"https:\/\/www.istegroup.com\/?s={search_term_string}"},"query-input":{"@type":"PropertyValueSpecification","valueRequired":true,"valueName":"search_term_string"}}],"inLanguage":"fr-FR"}]}},"_links":{"self":[{"href":"https:\/\/www.istegroup.com\/fr\/wp-json\/wp\/v2\/product\/24162","targetHints":{"allow":["GET"]}}],"collection":[{"href":"https:\/\/www.istegroup.com\/fr\/wp-json\/wp\/v2\/product"}],"about":[{"href":"https:\/\/www.istegroup.com\/fr\/wp-json\/wp\/v2\/types\/product"}],"wp:featuredmedia":[{"embeddable":true,"href":"https:\/\/www.istegroup.com\/fr\/wp-json\/wp\/v2\/media\/42938"}],"wp:attachment":[{"href":"https:\/\/www.istegroup.com\/fr\/wp-json\/wp\/v2\/media?parent=24162"}],"wp:term":[{"taxonomy":"product_brand","embeddable":true,"href":"https:\/\/www.istegroup.com\/fr\/wp-json\/wp\/v2\/product_brand?post=24162"},{"taxonomy":"product_cat","embeddable":true,"href":"https:\/\/www.istegroup.com\/fr\/wp-json\/wp\/v2\/product_cat?post=24162"},{"taxonomy":"product_tag","embeddable":true,"href":"https:\/\/www.istegroup.com\/fr\/wp-json\/wp\/v2\/product_tag?post=24162"}],"curies":[{"name":"wp","href":"https:\/\/api.w.org\/{rel}","templated":true}]}}