{"id":24154,"date":"2023-11-14T13:16:23","date_gmt":"2023-11-14T13:16:23","guid":{"rendered":"https:\/\/www.istegroup.com\/?post_type=product&#038;p=24154"},"modified":"2025-01-03T11:05:59","modified_gmt":"2025-01-03T11:05:59","slug":"ingenierie-des-systemes","status":"publish","type":"product","link":"https:\/\/www.istegroup.com\/fr\/produit\/ingenierie-des-systemes\/","title":{"rendered":"Ing\u00e9nierie des syst\u00e8mes"},"content":{"rendered":"<p><em>Ing\u00e9nierie des syst\u00e8mes<\/em> propose une introduction \u00e0 la th\u00e9orie des syst\u00e8mes qui clarifie ce que l\u2019on appelle un syst\u00e8me complexe. Il pr\u00e9sente l\u2019ing\u00e9nierie syst\u00e8me et une de ses composantes, l\u2019ing\u00e9nierie des exigences. Il expose une pr\u00e9sentation d\u00e9taill\u00e9e des activit\u00e9s de descente du cycle de d\u00e9veloppement, \u00e0 savoir la d\u00e9finition des exigences et la conception du syst\u00e8me. Enfin, cet ouvrage explique les activit\u00e9s de remont\u00e9e du cycle de d\u00e9veloppement avec l\u2019int\u00e9gration virtuelle et concr\u00e8te du syst\u00e8me.<\/p>\n<p>Cet ouvrage s\u2019adresse aux \u00e9tudiants, enseignants chercheurs, ing\u00e9nieurs et chefs de projet souhaitant comprendre et mettre en oeuvre l\u2019ing\u00e9nierie syst\u00e8me dans leurs travaux. Il s\u2019appuie sur de nombreuses sources bibliographiques dont il fait une synth\u00e8se coh\u00e9rente et accessible gr\u00e2ce \u00e0 de nombreuses illustrations. Il permettra au lecteur de comprendre et de maitriser le cycle de d\u00e9veloppement d\u2019un syst\u00e8me avec la terminologie associ\u00e9e.<\/p>","protected":false},"excerpt":{"rendered":"<p>Ing\u00e9nierie des syst\u00e8mes propose une introduction \u00e0 la th\u00e9orie des syst\u00e8mes qui clarifie ce que l\u2019on appelle un syst\u00e8me complexe. Il pr\u00e9sente l\u2019ing\u00e9nierie syst\u00e8me et une de ses composantes, l\u2019ing\u00e9nierie des exigences. Il expose une pr\u00e9sentation d\u00e9taill\u00e9e des activit\u00e9s de descente du cycle de d\u00e9veloppement, \u00e0 savoir la d\u00e9finition des exigences et la conception du [&hellip;]<\/p>\n","protected":false},"featured_media":54301,"template":"","meta":{"_acf_changed":false,"_links_to":"","_links_to_target":""},"product_brand":[],"product_cat":[4289],"product_tag":[],"class_list":{"0":"post-24154","1":"product","2":"type-product","3":"status-publish","4":"has-post-thumbnail","6":"product_cat-sciences","8":"first","9":"instock","10":"shipping-taxable","11":"purchasable","12":"product-type-variable"},"acf":[],"yoast_head":"<!-- This site is optimized with the Yoast SEO plugin v27.2 - https:\/\/yoast.com\/product\/yoast-seo-wordpress\/ -->\n<title>Ing\u00e9nierie des syst\u00e8mes - ISTE Group<\/title>\n<meta name=\"description\" content=\"Ing\u00e9nierie des syst\u00e8mes propose une introduction \u00e0 la th\u00e9orie des syst\u00e8mes qui clarifie ce que l\u2019on appelle un syst\u00e8me complexe.\" \/>\n<meta name=\"robots\" content=\"index, follow, max-snippet:-1, max-image-preview:large, max-video-preview:-1\" \/>\n<link rel=\"canonical\" href=\"https:\/\/www.istegroup.com\/en\/produit\/ingenierie-des-systemes\/\" \/>\n<meta property=\"og:locale\" content=\"fr_FR\" \/>\n<meta property=\"og:type\" content=\"article\" \/>\n<meta property=\"og:title\" content=\"Ing\u00e9nierie des syst\u00e8mes - ISTE Group\" \/>\n<meta property=\"og:description\" content=\"Ing\u00e9nierie des syst\u00e8mes propose une introduction \u00e0 la th\u00e9orie des syst\u00e8mes qui clarifie ce que l\u2019on appelle un syst\u00e8me complexe.\" \/>\n<meta property=\"og:url\" content=\"https:\/\/www.istegroup.com\/en\/produit\/ingenierie-des-systemes\/\" \/>\n<meta property=\"og:site_name\" content=\"ISTE Group\" \/>\n<meta property=\"article:modified_time\" content=\"2025-01-03T11:05:59+00:00\" \/>\n<meta property=\"og:image\" content=\"https:\/\/www.istegroup.com\/wp-content\/uploads\/2023\/11\/Ingenierie-des-systemes.jpeg\" \/>\n\t<meta property=\"og:image:width\" content=\"300\" \/>\n\t<meta property=\"og:image:height\" content=\"450\" \/>\n\t<meta property=\"og:image:type\" content=\"image\/jpeg\" \/>\n<meta name=\"twitter:card\" content=\"summary_large_image\" \/>\n<meta name=\"twitter:label1\" content=\"Est. reading time\" \/>\n\t<meta name=\"twitter:data1\" content=\"1 minute\" \/>\n<script type=\"application\/ld+json\" class=\"yoast-schema-graph\">{\"@context\":\"https:\/\/schema.org\",\"@graph\":[{\"@type\":\"WebPage\",\"@id\":\"https:\/\/www.istegroup.com\/en\/produit\/ingenierie-des-systemes\/\",\"url\":\"https:\/\/www.istegroup.com\/en\/produit\/ingenierie-des-systemes\/\",\"name\":\"Ing\u00e9nierie des syst\u00e8mes - ISTE Group\",\"isPartOf\":{\"@id\":\"https:\/\/www.istegroup.com\/#website\"},\"primaryImageOfPage\":{\"@id\":\"https:\/\/www.istegroup.com\/en\/produit\/ingenierie-des-systemes\/#primaryimage\"},\"image\":{\"@id\":\"https:\/\/www.istegroup.com\/en\/produit\/ingenierie-des-systemes\/#primaryimage\"},\"thumbnailUrl\":\"https:\/\/www.istegroup.com\/wp-content\/uploads\/2023\/11\/Ingenierie-des-systemes.jpeg\",\"datePublished\":\"2023-11-14T13:16:23+00:00\",\"dateModified\":\"2025-01-03T11:05:59+00:00\",\"description\":\"Ing\u00e9nierie des syst\u00e8mes propose une introduction \u00e0 la th\u00e9orie des syst\u00e8mes qui clarifie ce que l\u2019on appelle un syst\u00e8me complexe.\",\"breadcrumb\":{\"@id\":\"https:\/\/www.istegroup.com\/en\/produit\/ingenierie-des-systemes\/#breadcrumb\"},\"inLanguage\":\"fr-FR\",\"potentialAction\":[{\"@type\":\"ReadAction\",\"target\":[\"https:\/\/www.istegroup.com\/en\/produit\/ingenierie-des-systemes\/\"]}]},{\"@type\":\"ImageObject\",\"inLanguage\":\"fr-FR\",\"@id\":\"https:\/\/www.istegroup.com\/en\/produit\/ingenierie-des-systemes\/#primaryimage\",\"url\":\"https:\/\/www.istegroup.com\/wp-content\/uploads\/2023\/11\/Ingenierie-des-systemes.jpeg\",\"contentUrl\":\"https:\/\/www.istegroup.com\/wp-content\/uploads\/2023\/11\/Ingenierie-des-systemes.jpeg\",\"width\":300,\"height\":450},{\"@type\":\"BreadcrumbList\",\"@id\":\"https:\/\/www.istegroup.com\/en\/produit\/ingenierie-des-systemes\/#breadcrumb\",\"itemListElement\":[{\"@type\":\"ListItem\",\"position\":1,\"name\":\"Home\",\"item\":\"https:\/\/www.istegroup.com\/\"},{\"@type\":\"ListItem\",\"position\":2,\"name\":\"Shop\",\"item\":\"https:\/\/www.istegroup.com\/fr\/nouveautes\/\"},{\"@type\":\"ListItem\",\"position\":3,\"name\":\"Ing\u00e9nierie des syst\u00e8mes\"}]},{\"@type\":\"WebSite\",\"@id\":\"https:\/\/www.istegroup.com\/#website\",\"url\":\"https:\/\/www.istegroup.com\/\",\"name\":\"ISTE Group\",\"description\":\"\u00c9diteur des Sciences\",\"potentialAction\":[{\"@type\":\"SearchAction\",\"target\":{\"@type\":\"EntryPoint\",\"urlTemplate\":\"https:\/\/www.istegroup.com\/?s={search_term_string}\"},\"query-input\":{\"@type\":\"PropertyValueSpecification\",\"valueRequired\":true,\"valueName\":\"search_term_string\"}}],\"inLanguage\":\"fr-FR\"}]}<\/script>\n<!-- \/ Yoast SEO plugin. -->","yoast_head_json":{"title":"Ing\u00e9nierie des syst\u00e8mes - ISTE Group","description":"Ing\u00e9nierie des syst\u00e8mes propose une introduction \u00e0 la th\u00e9orie des syst\u00e8mes qui clarifie ce que l\u2019on appelle un syst\u00e8me complexe.","robots":{"index":"index","follow":"follow","max-snippet":"max-snippet:-1","max-image-preview":"max-image-preview:large","max-video-preview":"max-video-preview:-1"},"canonical":"https:\/\/www.istegroup.com\/en\/produit\/ingenierie-des-systemes\/","og_locale":"fr_FR","og_type":"article","og_title":"Ing\u00e9nierie des syst\u00e8mes - ISTE Group","og_description":"Ing\u00e9nierie des syst\u00e8mes propose une introduction \u00e0 la th\u00e9orie des syst\u00e8mes qui clarifie ce que l\u2019on appelle un syst\u00e8me complexe.","og_url":"https:\/\/www.istegroup.com\/en\/produit\/ingenierie-des-systemes\/","og_site_name":"ISTE Group","article_modified_time":"2025-01-03T11:05:59+00:00","og_image":[{"width":300,"height":450,"url":"https:\/\/www.istegroup.com\/wp-content\/uploads\/2023\/11\/Ingenierie-des-systemes.jpeg","type":"image\/jpeg"}],"twitter_card":"summary_large_image","twitter_misc":{"Est. reading time":"1 minute"},"schema":{"@context":"https:\/\/schema.org","@graph":[{"@type":"WebPage","@id":"https:\/\/www.istegroup.com\/en\/produit\/ingenierie-des-systemes\/","url":"https:\/\/www.istegroup.com\/en\/produit\/ingenierie-des-systemes\/","name":"Ing\u00e9nierie des syst\u00e8mes - ISTE Group","isPartOf":{"@id":"https:\/\/www.istegroup.com\/#website"},"primaryImageOfPage":{"@id":"https:\/\/www.istegroup.com\/en\/produit\/ingenierie-des-systemes\/#primaryimage"},"image":{"@id":"https:\/\/www.istegroup.com\/en\/produit\/ingenierie-des-systemes\/#primaryimage"},"thumbnailUrl":"https:\/\/www.istegroup.com\/wp-content\/uploads\/2023\/11\/Ingenierie-des-systemes.jpeg","datePublished":"2023-11-14T13:16:23+00:00","dateModified":"2025-01-03T11:05:59+00:00","description":"Ing\u00e9nierie des syst\u00e8mes propose une introduction \u00e0 la th\u00e9orie des syst\u00e8mes qui clarifie ce que l\u2019on appelle un syst\u00e8me complexe.","breadcrumb":{"@id":"https:\/\/www.istegroup.com\/en\/produit\/ingenierie-des-systemes\/#breadcrumb"},"inLanguage":"fr-FR","potentialAction":[{"@type":"ReadAction","target":["https:\/\/www.istegroup.com\/en\/produit\/ingenierie-des-systemes\/"]}]},{"@type":"ImageObject","inLanguage":"fr-FR","@id":"https:\/\/www.istegroup.com\/en\/produit\/ingenierie-des-systemes\/#primaryimage","url":"https:\/\/www.istegroup.com\/wp-content\/uploads\/2023\/11\/Ingenierie-des-systemes.jpeg","contentUrl":"https:\/\/www.istegroup.com\/wp-content\/uploads\/2023\/11\/Ingenierie-des-systemes.jpeg","width":300,"height":450},{"@type":"BreadcrumbList","@id":"https:\/\/www.istegroup.com\/en\/produit\/ingenierie-des-systemes\/#breadcrumb","itemListElement":[{"@type":"ListItem","position":1,"name":"Home","item":"https:\/\/www.istegroup.com\/"},{"@type":"ListItem","position":2,"name":"Shop","item":"https:\/\/www.istegroup.com\/fr\/nouveautes\/"},{"@type":"ListItem","position":3,"name":"Ing\u00e9nierie des syst\u00e8mes"}]},{"@type":"WebSite","@id":"https:\/\/www.istegroup.com\/#website","url":"https:\/\/www.istegroup.com\/","name":"ISTE Group","description":"\u00c9diteur des Sciences","potentialAction":[{"@type":"SearchAction","target":{"@type":"EntryPoint","urlTemplate":"https:\/\/www.istegroup.com\/?s={search_term_string}"},"query-input":{"@type":"PropertyValueSpecification","valueRequired":true,"valueName":"search_term_string"}}],"inLanguage":"fr-FR"}]}},"_links":{"self":[{"href":"https:\/\/www.istegroup.com\/fr\/wp-json\/wp\/v2\/product\/24154","targetHints":{"allow":["GET"]}}],"collection":[{"href":"https:\/\/www.istegroup.com\/fr\/wp-json\/wp\/v2\/product"}],"about":[{"href":"https:\/\/www.istegroup.com\/fr\/wp-json\/wp\/v2\/types\/product"}],"wp:featuredmedia":[{"embeddable":true,"href":"https:\/\/www.istegroup.com\/fr\/wp-json\/wp\/v2\/media\/54301"}],"wp:attachment":[{"href":"https:\/\/www.istegroup.com\/fr\/wp-json\/wp\/v2\/media?parent=24154"}],"wp:term":[{"taxonomy":"product_brand","embeddable":true,"href":"https:\/\/www.istegroup.com\/fr\/wp-json\/wp\/v2\/product_brand?post=24154"},{"taxonomy":"product_cat","embeddable":true,"href":"https:\/\/www.istegroup.com\/fr\/wp-json\/wp\/v2\/product_cat?post=24154"},{"taxonomy":"product_tag","embeddable":true,"href":"https:\/\/www.istegroup.com\/fr\/wp-json\/wp\/v2\/product_tag?post=24154"}],"curies":[{"name":"wp","href":"https:\/\/api.w.org\/{rel}","templated":true}]}}